{"id":58444,"date":"2025-04-06T19:13:17","date_gmt":"2025-04-06T17:13:17","guid":{"rendered":"https:\/\/grippygripz.com\/uncategorized\/gel-pistol\/"},"modified":"2026-04-03T20:44:19","modified_gmt":"2026-04-03T18:44:19","slug":"gel-pistol","status":"publish","type":"product","link":"https:\/\/grippygripz.com\/sv\/gel-pistol\/","title":{"rendered":"GEL &#8211; Pistol"},"content":{"rendered":"<p class=\"\" data-start=\"81\" data-end=\"163\"><strong data-start=\"81\" data-end=\"163\">L\u00e5s upp \u00f6verl\u00e4gsen precision p\u00e5 skjutbanan med GrippyGripz Flytande Magnesium!<\/strong><\/p>\n<p class=\"\" data-start=\"165\" data-end=\"482\"><strong data-start=\"165\" data-end=\"205\">B\u00e4ttre grepp, exceptionell kontroll:<\/strong> Upplev en ny niv\u00e5 av precision i ditt skytte med GrippyGripz Flytande Magnesium. Vi f\u00f6rst\u00e5r det avg\u00f6rande sambandet mellan ett s\u00e4kert grepp och konsekventa, tr\u00e4ffs\u00e4kra skott. V\u00e5r avancerade formula ger ett \u00f6verl\u00e4gset grepp som \u00f6vertr\u00e4ffar b\u00e5de traditionell krita och handskar.<\/p>\n<p class=\"\" data-start=\"484\" data-end=\"763\"><strong data-start=\"484\" data-end=\"516\">Smidig och kladdfri l\u00f6sning:<\/strong> S\u00e4g hejd\u00e5 till dammig krita som smutsar ner din utrustning och ditt vapen. GrippyGripz \u00e4r en innovativ l\u00f6sning med flytande magnesium som h\u00e5ller h\u00e4nderna torra och utrustningen ren. Njut av ett kraftfullt grepp utan rester \u2013 varje g\u00e5ng du siktar.<\/p>\n<p class=\"\" data-start=\"765\" data-end=\"1107\"><strong data-start=\"765\" data-end=\"802\">Bevisad kvalitet genom samarbete:<\/strong> Utvecklad i samarbete med SportScience i Sverige och testad tillsammans med erfarna skyttar p\u00e5 skjutbanan. GrippyGripz \u00e4r en unik produkt inom flytande magnesium. Beh\u00e5ll full kontroll och stabilitet skott efter skott. K\u00e4nn skillnaden med GrippyGripz \u2013 mer grepp, b\u00e4ttre precision, o\u00f6vertr\u00e4ffad prestanda.<\/p>\n","protected":false},"excerpt":{"rendered":"<p><strong>Limited Edition \u2013 GrippyGripz Greppf\u00f6rb\u00e4ttrare f\u00f6r Skytte f\u00f6rb\u00e4ttrar din kontroll och maximerar din prestation.<\/strong><br \/>\nS\u00e4g hejd\u00e5 till kladdig krita och halkiga h\u00e4nder p\u00e5 grund av svett \u2013 de dagarna \u00e4r f\u00f6rbi. V\u00e5rt flytande magnesium har en unik formula med precis r\u00e4tt m\u00e4ngd klibbighet, samtidigt som du beh\u00e5ller flexibiliteten att justera ditt grepp fritt.<\/p>\n<p>Den \u00e4r <strong>PERFEKT<\/strong> f\u00f6r pistolskytte, gev\u00e4rshantering, taktiska \u00f6vningar och alla situationer d\u00e4r maximalt grepp och stadiga h\u00e4nder \u00e4r avg\u00f6rande.<br \/>\nFokusera p\u00e5 precision och kontroll \u2013 utan att oroa dig f\u00f6r att tappa greppet n\u00e4r det verkligen g\u00e4ller.<\/p>\n<h4>Utvecklad i<br \/>\n<img loading=\"lazy\" decoding=\"async\" class=\"size-full wp-image-40877 alignleft\" src=\"https:\/\/grippygripz.com\/wp-content\/uploads\/2020\/10\/1200px-Sweden_flag_orb_icon.svg-e1603291360560.png\" alt=\"\" width=\"100\" height=\"100\" \/><\/h4>\n","protected":false},"featured_media":58932,"comment_status":"open","ping_status":"closed","template":"","meta":{"_acf_changed":false},"product_brand":[],"product_cat":[6056],"product_tag":[6308,6306,6307,6147],"class_list":{"0":"post-58444","1":"product","2":"type-product","3":"status-publish","4":"has-post-thumbnail","6":"product_cat-grepp-gel","7":"product_tag-grip-gel","8":"product_tag-grip-improver","9":"product_tag-grip-liquid","10":"product_tag-gripgel-sv","11":"product_shipping_class-standard","13":"first","14":"instock","15":"taxable","16":"shipping-taxable","17":"purchasable","18":"product-type-simple"},"acf":[],"yoast_head":"<!-- This site is optimized with the Yoast SEO plugin v27.4 - https:\/\/yoast.com\/product\/yoast-seo-wordpress\/ -->\n<title>Pistol GripGEL - Pistol - GrippyGripz<\/title>\n<meta name=\"description\" content=\"Better Grip on the Pistol? Unique Liquid Chalk for Shooting! GEL - Pistol will give you a superb pistolgrip and leave no stains. Developed in Sweden \u2013 Used Worldwide.\" \/>\n<meta name=\"robots\" content=\"index, follow, max-snippet:-1, max-image-preview:large, max-video-preview:-1\" \/>\n<link rel=\"canonical\" href=\"https:\/\/grippygripz.com\/sv\/gel-pistol\/\" \/>\n<meta property=\"og:locale\" content=\"sv_SE\" \/>\n<meta property=\"og:type\" content=\"article\" \/>\n<meta property=\"og:title\" content=\"Pistol GripGEL - Pistol - GrippyGripz\" \/>\n<meta property=\"og:description\" content=\"Better Grip on the Pistol? Unique Liquid Chalk for Shooting! GEL - Pistol will give you a superb pistolgrip and leave no stains. Developed in Sweden \u2013 Used Worldwide.\" \/>\n<meta property=\"og:url\" content=\"https:\/\/grippygripz.com\/sv\/gel-pistol\/\" \/>\n<meta property=\"og:site_name\" content=\"GrippyGripz\" \/>\n<meta property=\"article:publisher\" content=\"https:\/\/www.facebook.com\/pages\/category\/Product-Service\/Vespadelarse-1915274088539804\/\" \/>\n<meta property=\"article:modified_time\" content=\"2026-04-03T18:44:19+00:00\" \/>\n<meta property=\"og:image\" content=\"https:\/\/grippygripz.com\/wp-content\/uploads\/2025\/04\/Pistol-Front-scaled.jpg\" \/>\n\t<meta property=\"og:image:width\" content=\"2560\" \/>\n\t<meta property=\"og:image:height\" content=\"2560\" \/>\n\t<meta property=\"og:image:type\" content=\"image\/jpeg\" \/>\n<meta name=\"twitter:card\" content=\"summary_large_image\" \/>\n<meta name=\"twitter:label1\" content=\"Est. reading time\" \/>\n\t<meta name=\"twitter:data1\" content=\"1 minute\" \/>\n<script type=\"application\/ld+json\" class=\"yoast-schema-graph\">{\"@context\":\"https:\\\/\\\/schema.org\",\"@graph\":[{\"@type\":\"WebPage\",\"@id\":\"https:\\\/\\\/grippygripz.com\\\/sv\\\/gel-pistol\\\/\",\"url\":\"https:\\\/\\\/grippygripz.com\\\/sv\\\/gel-pistol\\\/\",\"name\":\"Pistol GripGEL - Pistol - GrippyGripz\",\"isPartOf\":{\"@id\":\"https:\\\/\\\/grippygripz.com\\\/sv\\\/#website\"},\"primaryImageOfPage\":{\"@id\":\"https:\\\/\\\/grippygripz.com\\\/sv\\\/gel-pistol\\\/#primaryimage\"},\"image\":{\"@id\":\"https:\\\/\\\/grippygripz.com\\\/sv\\\/gel-pistol\\\/#primaryimage\"},\"thumbnailUrl\":\"https:\\\/\\\/grippygripz.com\\\/wp-content\\\/uploads\\\/2025\\\/11\\\/GrippyGripz-100-ml-PISTOL-Front-800x-new-kopiera.png\",\"datePublished\":\"2025-04-06T17:13:17+00:00\",\"dateModified\":\"2026-04-03T18:44:19+00:00\",\"description\":\"Better Grip on the Pistol? Unique Liquid Chalk for Shooting! GEL - Pistol will give you a superb pistolgrip and leave no stains. Developed in Sweden \u2013 Used Worldwide.\",\"breadcrumb\":{\"@id\":\"https:\\\/\\\/grippygripz.com\\\/sv\\\/gel-pistol\\\/#breadcrumb\"},\"inLanguage\":\"sv-SE\",\"potentialAction\":[{\"@type\":\"ReadAction\",\"target\":[\"https:\\\/\\\/grippygripz.com\\\/sv\\\/gel-pistol\\\/\"]}]},{\"@type\":\"ImageObject\",\"inLanguage\":\"sv-SE\",\"@id\":\"https:\\\/\\\/grippygripz.com\\\/sv\\\/gel-pistol\\\/#primaryimage\",\"url\":\"https:\\\/\\\/grippygripz.com\\\/wp-content\\\/uploads\\\/2025\\\/11\\\/GrippyGripz-100-ml-PISTOL-Front-800x-new-kopiera.png\",\"contentUrl\":\"https:\\\/\\\/grippygripz.com\\\/wp-content\\\/uploads\\\/2025\\\/11\\\/GrippyGripz-100-ml-PISTOL-Front-800x-new-kopiera.png\",\"width\":2560,\"height\":2560},{\"@type\":\"BreadcrumbList\",\"@id\":\"https:\\\/\\\/grippygripz.com\\\/sv\\\/gel-pistol\\\/#breadcrumb\",\"itemListElement\":[{\"@type\":\"ListItem\",\"position\":1,\"name\":\"Home\",\"item\":\"https:\\\/\\\/grippygripz.com\\\/sv\\\/\"},{\"@type\":\"ListItem\",\"position\":2,\"name\":\"Butik\",\"item\":\"https:\\\/\\\/grippygripz.com\\\/sv\\\/butik\\\/\"},{\"@type\":\"ListItem\",\"position\":3,\"name\":\"GEL &#8211; Pistol\"}]},{\"@type\":\"WebSite\",\"@id\":\"https:\\\/\\\/grippygripz.com\\\/sv\\\/#website\",\"url\":\"https:\\\/\\\/grippygripz.com\\\/sv\\\/\",\"name\":\"GrippyGripz\",\"description\":\"The winning GRIP\",\"publisher\":{\"@id\":\"https:\\\/\\\/grippygripz.com\\\/sv\\\/#organization\"},\"potentialAction\":[{\"@type\":\"SearchAction\",\"target\":{\"@type\":\"EntryPoint\",\"urlTemplate\":\"https:\\\/\\\/grippygripz.com\\\/sv\\\/?s={search_term_string}\"},\"query-input\":{\"@type\":\"PropertyValueSpecification\",\"valueRequired\":true,\"valueName\":\"search_term_string\"}}],\"inLanguage\":\"sv-SE\"},{\"@type\":\"Organization\",\"@id\":\"https:\\\/\\\/grippygripz.com\\\/sv\\\/#organization\",\"name\":\"GrippyGripz\",\"url\":\"https:\\\/\\\/grippygripz.com\\\/sv\\\/\",\"logo\":{\"@type\":\"ImageObject\",\"inLanguage\":\"sv-SE\",\"@id\":\"https:\\\/\\\/grippygripz.com\\\/sv\\\/#\\\/schema\\\/logo\\\/image\\\/\",\"url\":\"https:\\\/\\\/grippygripz.com\\\/wp-content\\\/uploads\\\/2020\\\/10\\\/grippygripz-final-01.jpg\",\"contentUrl\":\"https:\\\/\\\/grippygripz.com\\\/wp-content\\\/uploads\\\/2020\\\/10\\\/grippygripz-final-01.jpg\",\"width\":1485,\"height\":865,\"caption\":\"GrippyGripz\"},\"image\":{\"@id\":\"https:\\\/\\\/grippygripz.com\\\/sv\\\/#\\\/schema\\\/logo\\\/image\\\/\"},\"sameAs\":[\"https:\\\/\\\/www.facebook.com\\\/pages\\\/category\\\/Product-Service\\\/Vespadelarse-1915274088539804\\\/\",\"https:\\\/\\\/www.instagram.com\\\/grippygripz.se\\\/\"]}]}<\/script>\n<!-- \/ Yoast SEO plugin. -->","yoast_head_json":{"title":"Pistol GripGEL - Pistol - GrippyGripz","description":"Better Grip on the Pistol? Unique Liquid Chalk for Shooting! GEL - Pistol will give you a superb pistolgrip and leave no stains. Developed in Sweden \u2013 Used Worldwide.","robots":{"index":"index","follow":"follow","max-snippet":"max-snippet:-1","max-image-preview":"max-image-preview:large","max-video-preview":"max-video-preview:-1"},"canonical":"https:\/\/grippygripz.com\/sv\/gel-pistol\/","og_locale":"sv_SE","og_type":"article","og_title":"Pistol GripGEL - Pistol - GrippyGripz","og_description":"Better Grip on the Pistol? Unique Liquid Chalk for Shooting! GEL - Pistol will give you a superb pistolgrip and leave no stains. Developed in Sweden \u2013 Used Worldwide.","og_url":"https:\/\/grippygripz.com\/sv\/gel-pistol\/","og_site_name":"GrippyGripz","article_publisher":"https:\/\/www.facebook.com\/pages\/category\/Product-Service\/Vespadelarse-1915274088539804\/","article_modified_time":"2026-04-03T18:44:19+00:00","og_image":[{"width":2560,"height":2560,"url":"https:\/\/grippygripz.com\/wp-content\/uploads\/2025\/04\/Pistol-Front-scaled.jpg","type":"image\/jpeg"}],"twitter_card":"summary_large_image","twitter_misc":{"Est. reading time":"1 minute"},"schema":{"@context":"https:\/\/schema.org","@graph":[{"@type":"WebPage","@id":"https:\/\/grippygripz.com\/sv\/gel-pistol\/","url":"https:\/\/grippygripz.com\/sv\/gel-pistol\/","name":"Pistol GripGEL - Pistol - GrippyGripz","isPartOf":{"@id":"https:\/\/grippygripz.com\/sv\/#website"},"primaryImageOfPage":{"@id":"https:\/\/grippygripz.com\/sv\/gel-pistol\/#primaryimage"},"image":{"@id":"https:\/\/grippygripz.com\/sv\/gel-pistol\/#primaryimage"},"thumbnailUrl":"https:\/\/grippygripz.com\/wp-content\/uploads\/2025\/11\/GrippyGripz-100-ml-PISTOL-Front-800x-new-kopiera.png","datePublished":"2025-04-06T17:13:17+00:00","dateModified":"2026-04-03T18:44:19+00:00","description":"Better Grip on the Pistol? Unique Liquid Chalk for Shooting! GEL - Pistol will give you a superb pistolgrip and leave no stains. Developed in Sweden \u2013 Used Worldwide.","breadcrumb":{"@id":"https:\/\/grippygripz.com\/sv\/gel-pistol\/#breadcrumb"},"inLanguage":"sv-SE","potentialAction":[{"@type":"ReadAction","target":["https:\/\/grippygripz.com\/sv\/gel-pistol\/"]}]},{"@type":"ImageObject","inLanguage":"sv-SE","@id":"https:\/\/grippygripz.com\/sv\/gel-pistol\/#primaryimage","url":"https:\/\/grippygripz.com\/wp-content\/uploads\/2025\/11\/GrippyGripz-100-ml-PISTOL-Front-800x-new-kopiera.png","contentUrl":"https:\/\/grippygripz.com\/wp-content\/uploads\/2025\/11\/GrippyGripz-100-ml-PISTOL-Front-800x-new-kopiera.png","width":2560,"height":2560},{"@type":"BreadcrumbList","@id":"https:\/\/grippygripz.com\/sv\/gel-pistol\/#breadcrumb","itemListElement":[{"@type":"ListItem","position":1,"name":"Home","item":"https:\/\/grippygripz.com\/sv\/"},{"@type":"ListItem","position":2,"name":"Butik","item":"https:\/\/grippygripz.com\/sv\/butik\/"},{"@type":"ListItem","position":3,"name":"GEL &#8211; Pistol"}]},{"@type":"WebSite","@id":"https:\/\/grippygripz.com\/sv\/#website","url":"https:\/\/grippygripz.com\/sv\/","name":"GrippyGripz","description":"The winning GRIP","publisher":{"@id":"https:\/\/grippygripz.com\/sv\/#organization"},"potentialAction":[{"@type":"SearchAction","target":{"@type":"EntryPoint","urlTemplate":"https:\/\/grippygripz.com\/sv\/?s={search_term_string}"},"query-input":{"@type":"PropertyValueSpecification","valueRequired":true,"valueName":"search_term_string"}}],"inLanguage":"sv-SE"},{"@type":"Organization","@id":"https:\/\/grippygripz.com\/sv\/#organization","name":"GrippyGripz","url":"https:\/\/grippygripz.com\/sv\/","logo":{"@type":"ImageObject","inLanguage":"sv-SE","@id":"https:\/\/grippygripz.com\/sv\/#\/schema\/logo\/image\/","url":"https:\/\/grippygripz.com\/wp-content\/uploads\/2020\/10\/grippygripz-final-01.jpg","contentUrl":"https:\/\/grippygripz.com\/wp-content\/uploads\/2020\/10\/grippygripz-final-01.jpg","width":1485,"height":865,"caption":"GrippyGripz"},"image":{"@id":"https:\/\/grippygripz.com\/sv\/#\/schema\/logo\/image\/"},"sameAs":["https:\/\/www.facebook.com\/pages\/category\/Product-Service\/Vespadelarse-1915274088539804\/","https:\/\/www.instagram.com\/grippygripz.se\/"]}]}},"_links":{"self":[{"href":"https:\/\/grippygripz.com\/sv\/wp-json\/wp\/v2\/product\/58444","targetHints":{"allow":["GET"]}}],"collection":[{"href":"https:\/\/grippygripz.com\/sv\/wp-json\/wp\/v2\/product"}],"about":[{"href":"https:\/\/grippygripz.com\/sv\/wp-json\/wp\/v2\/types\/product"}],"replies":[{"embeddable":true,"href":"https:\/\/grippygripz.com\/sv\/wp-json\/wp\/v2\/comments?post=58444"}],"wp:featuredmedia":[{"embeddable":true,"href":"https:\/\/grippygripz.com\/sv\/wp-json\/wp\/v2\/media\/58932"}],"wp:attachment":[{"href":"https:\/\/grippygripz.com\/sv\/wp-json\/wp\/v2\/media?parent=58444"}],"wp:term":[{"taxonomy":"product_brand","embeddable":true,"href":"https:\/\/grippygripz.com\/sv\/wp-json\/wp\/v2\/product_brand?post=58444"},{"taxonomy":"product_cat","embeddable":true,"href":"https:\/\/grippygripz.com\/sv\/wp-json\/wp\/v2\/product_cat?post=58444"},{"taxonomy":"product_tag","embeddable":true,"href":"https:\/\/grippygripz.com\/sv\/wp-json\/wp\/v2\/product_tag?post=58444"}],"curies":[{"name":"wp","href":"https:\/\/api.w.org\/{rel}","templated":true}]}}