{"id":57117,"date":"2023-04-11T21:21:34","date_gmt":"2023-04-11T19:21:34","guid":{"rendered":"https:\/\/grippygripz.com\/?post_type=product&#038;p=57117"},"modified":"2026-04-02T04:13:50","modified_gmt":"2026-04-02T02:13:50","slug":"greppgel-gym-maxi","status":"publish","type":"product","link":"https:\/\/grippygripz.com\/sv\/greppgel-gym-maxi\/","title":{"rendered":"GREPPGEL &#8211; GYM MAXI"},"content":{"rendered":"<p>F\u00f6rb\u00e4ttrad Grepp ger B\u00e4ttre Resultat p\u00e5 gymmet med GrippyGripz Flytande Magnesium!<\/p>\n<ol>\n<li><strong>F\u00f6rst\u00e4rkt Grepp, Exceptionella Resultat:<\/strong> Upplev en ny niv\u00e5 av prestation med GrippyGripz Flytande Magnesium. Vi f\u00f6rst\u00e5r den avg\u00f6rande kopplingen mellan ett b\u00e4ttre grepp och f\u00f6rb\u00e4ttrade gymresultat. V\u00e5r avancerade formula garanterar ett \u00f6verl\u00e4gset grepp som \u00f6vertr\u00e4ffar traditionella alternativ med kalk.<\/li>\n<li><strong>Smutsfri L\u00f6sning:<\/strong> S\u00e4g adj\u00f6 till dammig kalk som f\u00f6rst\u00f6r utrustning och kl\u00e4der. GrippyGripz \u00e4r en flytande magnesiuminnovation som s\u00e4kerst\u00e4ller en ren och prydlig tr\u00e4ningsmilj\u00f6. Njut av f\u00f6rdelarna med ett kraftfullt grepp utan besv\u00e4ret med kalkrester.<\/li>\n<li><strong>Bepr\u00f6vad och bevisat resultat:<\/strong> Utvecklad i samarbete med SportScience i Sverige och testad noggrant med insats fr\u00e5n engagerade idrottare p\u00e5 gymmet, sticker GrippyGripz ut som en unik flytande magnesiumprodukt. H\u00e5ll h\u00e4nderna torra och uppn\u00e5 det perfekta greppet, \u00f6vertr\u00e4ffande f\u00f6rm\u00e5gorna hos andra konkurrerande flytande kalkprodukter. M\u00e4rk skillnaden med GrippyGripz &#8211; l\u00f6ftet om mer grepp f\u00f6r enast\u00e5ende prestanda.<\/li>\n<\/ol>\n","protected":false},"excerpt":{"rendered":"<p>GrippyGripz <strong>greppf\u00f6rb\u00e4ttrare<\/strong> f\u00f6r <strong>GYM<\/strong> kommer att f\u00f6rb\u00e4ttra ditt grepp p\u00e5 riktigt och <strong>\u00f6ka dina resultat<\/strong>. V\u00e5r produkt ger ut\u00f6ver ett b\u00e4ttre grepp p\u00e5 gymmet \u00e4ven en <strong>anti-svett<\/strong> effekt som verkar l\u00e4nge. Den \u00e4r \u00e4ven <strong>anti-bakteriell<\/strong>. Tiderna med dammigt kalk, jobbiga dragremmar och handdukar f\u00f6r att motverka d\u00e5ligt grepp p\u00e5 grund av svett \u00e4r \u00f6ver. Vi har gett v\u00e5r greppf\u00f6rb\u00e4ttrande gel precis r\u00e4tt klibbighet, utan att tumma p\u00e5 m\u00f6jligheten att vrida runt. <strong>B\u00e4ttre grepp &#8211; B\u00e4ttre resultat.<\/strong><\/p>\n<h4>Developed in<br \/>\n<img loading=\"lazy\" decoding=\"async\" class=\"size-full wp-image-40877 alignleft\" src=\"https:\/\/grippygripz.com\/wp-content\/uploads\/2020\/10\/1200px-Sweden_flag_orb_icon.svg-e1603291360560.png\" alt=\"\" width=\"100\" height=\"100\" \/><\/h4>\n","protected":false},"featured_media":57129,"comment_status":"open","ping_status":"closed","template":"","meta":{"_acf_changed":false},"product_brand":[],"product_cat":[6056],"product_tag":[6308,6306,6307,6147],"class_list":{"0":"post-57117","1":"product","2":"type-product","3":"status-publish","4":"has-post-thumbnail","6":"product_cat-grepp-gel","7":"product_tag-grip-gel","8":"product_tag-grip-improver","9":"product_tag-grip-liquid","10":"product_tag-gripgel-sv","11":"product_shipping_class-standard","13":"first","14":"instock","15":"taxable","16":"shipping-taxable","17":"purchasable","18":"product-type-simple"},"acf":[],"yoast_head":"<!-- This site is optimized with the Yoast SEO plugin v27.4 - https:\/\/yoast.com\/product\/yoast-seo-wordpress\/ -->\n<title>GREPPGEL - GYM MAXI - GrippyGripz - Your Grip. Just Better<\/title>\n<meta name=\"description\" content=\"GREPPGEL - GYM MAXI fr\u00e5n GrippyGripz. F\u00e5 b\u00e4ttre grepp p\u00e5 gymmet. Unik flytande magnesium f\u00f6r b\u00e4ttre grepp och anti-svett. Utvecklat i Sverige - Anv\u00e4nds v\u00e4rlden \u00f6ver - Snabba leveranser\" \/>\n<meta name=\"robots\" content=\"index, follow, max-snippet:-1, max-image-preview:large, max-video-preview:-1\" \/>\n<link rel=\"canonical\" href=\"https:\/\/grippygripz.com\/sv\/greppgel-gym-maxi\/\" \/>\n<meta property=\"og:locale\" content=\"sv_SE\" \/>\n<meta property=\"og:type\" content=\"article\" \/>\n<meta property=\"og:title\" content=\"GREPPGEL - GYM MAXI - GrippyGripz - Your Grip. Just Better\" \/>\n<meta property=\"og:description\" content=\"GREPPGEL - GYM MAXI fr\u00e5n GrippyGripz. F\u00e5 b\u00e4ttre grepp p\u00e5 gymmet. Unik flytande magnesium f\u00f6r b\u00e4ttre grepp och anti-svett. Utvecklat i Sverige - Anv\u00e4nds v\u00e4rlden \u00f6ver - Snabba leveranser\" \/>\n<meta property=\"og:url\" content=\"https:\/\/grippygripz.com\/sv\/greppgel-gym-maxi\/\" \/>\n<meta property=\"og:site_name\" content=\"GrippyGripz\" \/>\n<meta property=\"article:publisher\" content=\"https:\/\/www.facebook.com\/pages\/category\/Product-Service\/Vespadelarse-1915274088539804\/\" \/>\n<meta property=\"article:modified_time\" content=\"2026-04-02T02:13:50+00:00\" \/>\n<meta property=\"og:image\" content=\"https:\/\/grippygripz.com\/wp-content\/uploads\/2023\/04\/GrippyGripz-100-ml-GYM-Front.png\" \/>\n\t<meta property=\"og:image:width\" content=\"300\" \/>\n\t<meta property=\"og:image:height\" content=\"300\" \/>\n\t<meta property=\"og:image:type\" content=\"image\/png\" \/>\n<meta name=\"twitter:card\" content=\"summary_large_image\" \/>\n<meta name=\"twitter:label1\" content=\"Est. reading time\" \/>\n\t<meta name=\"twitter:data1\" content=\"1 minute\" \/>\n<script type=\"application\/ld+json\" class=\"yoast-schema-graph\">{\"@context\":\"https:\\\/\\\/schema.org\",\"@graph\":[{\"@type\":\"WebPage\",\"@id\":\"https:\\\/\\\/grippygripz.com\\\/sv\\\/greppgel-gym-maxi\\\/\",\"url\":\"https:\\\/\\\/grippygripz.com\\\/sv\\\/greppgel-gym-maxi\\\/\",\"name\":\"GREPPGEL - GYM MAXI - GrippyGripz - Your Grip. Just Better\",\"isPartOf\":{\"@id\":\"https:\\\/\\\/grippygripz.com\\\/sv\\\/#website\"},\"primaryImageOfPage\":{\"@id\":\"https:\\\/\\\/grippygripz.com\\\/sv\\\/greppgel-gym-maxi\\\/#primaryimage\"},\"image\":{\"@id\":\"https:\\\/\\\/grippygripz.com\\\/sv\\\/greppgel-gym-maxi\\\/#primaryimage\"},\"thumbnailUrl\":\"https:\\\/\\\/grippygripz.com\\\/wp-content\\\/uploads\\\/2023\\\/04\\\/GrippyGripz-100-ml-GYM-Front.png\",\"datePublished\":\"2023-04-11T19:21:34+00:00\",\"dateModified\":\"2026-04-02T02:13:50+00:00\",\"description\":\"GREPPGEL - GYM MAXI fr\u00e5n GrippyGripz. F\u00e5 b\u00e4ttre grepp p\u00e5 gymmet. Unik flytande magnesium f\u00f6r b\u00e4ttre grepp och anti-svett. Utvecklat i Sverige - Anv\u00e4nds v\u00e4rlden \u00f6ver - Snabba leveranser\",\"breadcrumb\":{\"@id\":\"https:\\\/\\\/grippygripz.com\\\/sv\\\/greppgel-gym-maxi\\\/#breadcrumb\"},\"inLanguage\":\"sv-SE\",\"potentialAction\":[{\"@type\":\"ReadAction\",\"target\":[\"https:\\\/\\\/grippygripz.com\\\/sv\\\/greppgel-gym-maxi\\\/\"]}]},{\"@type\":\"ImageObject\",\"inLanguage\":\"sv-SE\",\"@id\":\"https:\\\/\\\/grippygripz.com\\\/sv\\\/greppgel-gym-maxi\\\/#primaryimage\",\"url\":\"https:\\\/\\\/grippygripz.com\\\/wp-content\\\/uploads\\\/2023\\\/04\\\/GrippyGripz-100-ml-GYM-Front.png\",\"contentUrl\":\"https:\\\/\\\/grippygripz.com\\\/wp-content\\\/uploads\\\/2023\\\/04\\\/GrippyGripz-100-ml-GYM-Front.png\",\"width\":300,\"height\":300,\"caption\":\"Flytande magnesium utvecklat i Sverige\"},{\"@type\":\"BreadcrumbList\",\"@id\":\"https:\\\/\\\/grippygripz.com\\\/sv\\\/greppgel-gym-maxi\\\/#breadcrumb\",\"itemListElement\":[{\"@type\":\"ListItem\",\"position\":1,\"name\":\"Home\",\"item\":\"https:\\\/\\\/grippygripz.com\\\/sv\\\/\"},{\"@type\":\"ListItem\",\"position\":2,\"name\":\"Butik\",\"item\":\"https:\\\/\\\/grippygripz.com\\\/sv\\\/butik\\\/\"},{\"@type\":\"ListItem\",\"position\":3,\"name\":\"GREPPGEL &#8211; GYM MAXI\"}]},{\"@type\":\"WebSite\",\"@id\":\"https:\\\/\\\/grippygripz.com\\\/sv\\\/#website\",\"url\":\"https:\\\/\\\/grippygripz.com\\\/sv\\\/\",\"name\":\"GrippyGripz\",\"description\":\"The winning GRIP\",\"publisher\":{\"@id\":\"https:\\\/\\\/grippygripz.com\\\/sv\\\/#organization\"},\"potentialAction\":[{\"@type\":\"SearchAction\",\"target\":{\"@type\":\"EntryPoint\",\"urlTemplate\":\"https:\\\/\\\/grippygripz.com\\\/sv\\\/?s={search_term_string}\"},\"query-input\":{\"@type\":\"PropertyValueSpecification\",\"valueRequired\":true,\"valueName\":\"search_term_string\"}}],\"inLanguage\":\"sv-SE\"},{\"@type\":\"Organization\",\"@id\":\"https:\\\/\\\/grippygripz.com\\\/sv\\\/#organization\",\"name\":\"GrippyGripz\",\"url\":\"https:\\\/\\\/grippygripz.com\\\/sv\\\/\",\"logo\":{\"@type\":\"ImageObject\",\"inLanguage\":\"sv-SE\",\"@id\":\"https:\\\/\\\/grippygripz.com\\\/sv\\\/#\\\/schema\\\/logo\\\/image\\\/\",\"url\":\"https:\\\/\\\/grippygripz.com\\\/wp-content\\\/uploads\\\/2020\\\/10\\\/grippygripz-final-01.jpg\",\"contentUrl\":\"https:\\\/\\\/grippygripz.com\\\/wp-content\\\/uploads\\\/2020\\\/10\\\/grippygripz-final-01.jpg\",\"width\":1485,\"height\":865,\"caption\":\"GrippyGripz\"},\"image\":{\"@id\":\"https:\\\/\\\/grippygripz.com\\\/sv\\\/#\\\/schema\\\/logo\\\/image\\\/\"},\"sameAs\":[\"https:\\\/\\\/www.facebook.com\\\/pages\\\/category\\\/Product-Service\\\/Vespadelarse-1915274088539804\\\/\",\"https:\\\/\\\/www.instagram.com\\\/grippygripz.se\\\/\"]}]}<\/script>\n<!-- \/ Yoast SEO plugin. -->","yoast_head_json":{"title":"GREPPGEL - GYM MAXI - GrippyGripz - Your Grip. Just Better","description":"GREPPGEL - GYM MAXI fr\u00e5n GrippyGripz. F\u00e5 b\u00e4ttre grepp p\u00e5 gymmet. Unik flytande magnesium f\u00f6r b\u00e4ttre grepp och anti-svett. Utvecklat i Sverige - Anv\u00e4nds v\u00e4rlden \u00f6ver - Snabba leveranser","robots":{"index":"index","follow":"follow","max-snippet":"max-snippet:-1","max-image-preview":"max-image-preview:large","max-video-preview":"max-video-preview:-1"},"canonical":"https:\/\/grippygripz.com\/sv\/greppgel-gym-maxi\/","og_locale":"sv_SE","og_type":"article","og_title":"GREPPGEL - GYM MAXI - GrippyGripz - Your Grip. Just Better","og_description":"GREPPGEL - GYM MAXI fr\u00e5n GrippyGripz. F\u00e5 b\u00e4ttre grepp p\u00e5 gymmet. Unik flytande magnesium f\u00f6r b\u00e4ttre grepp och anti-svett. Utvecklat i Sverige - Anv\u00e4nds v\u00e4rlden \u00f6ver - Snabba leveranser","og_url":"https:\/\/grippygripz.com\/sv\/greppgel-gym-maxi\/","og_site_name":"GrippyGripz","article_publisher":"https:\/\/www.facebook.com\/pages\/category\/Product-Service\/Vespadelarse-1915274088539804\/","article_modified_time":"2026-04-02T02:13:50+00:00","og_image":[{"width":300,"height":300,"url":"https:\/\/grippygripz.com\/wp-content\/uploads\/2023\/04\/GrippyGripz-100-ml-GYM-Front.png","type":"image\/png"}],"twitter_card":"summary_large_image","twitter_misc":{"Est. reading time":"1 minute"},"schema":{"@context":"https:\/\/schema.org","@graph":[{"@type":"WebPage","@id":"https:\/\/grippygripz.com\/sv\/greppgel-gym-maxi\/","url":"https:\/\/grippygripz.com\/sv\/greppgel-gym-maxi\/","name":"GREPPGEL - GYM MAXI - GrippyGripz - Your Grip. Just Better","isPartOf":{"@id":"https:\/\/grippygripz.com\/sv\/#website"},"primaryImageOfPage":{"@id":"https:\/\/grippygripz.com\/sv\/greppgel-gym-maxi\/#primaryimage"},"image":{"@id":"https:\/\/grippygripz.com\/sv\/greppgel-gym-maxi\/#primaryimage"},"thumbnailUrl":"https:\/\/grippygripz.com\/wp-content\/uploads\/2023\/04\/GrippyGripz-100-ml-GYM-Front.png","datePublished":"2023-04-11T19:21:34+00:00","dateModified":"2026-04-02T02:13:50+00:00","description":"GREPPGEL - GYM MAXI fr\u00e5n GrippyGripz. F\u00e5 b\u00e4ttre grepp p\u00e5 gymmet. Unik flytande magnesium f\u00f6r b\u00e4ttre grepp och anti-svett. Utvecklat i Sverige - Anv\u00e4nds v\u00e4rlden \u00f6ver - Snabba leveranser","breadcrumb":{"@id":"https:\/\/grippygripz.com\/sv\/greppgel-gym-maxi\/#breadcrumb"},"inLanguage":"sv-SE","potentialAction":[{"@type":"ReadAction","target":["https:\/\/grippygripz.com\/sv\/greppgel-gym-maxi\/"]}]},{"@type":"ImageObject","inLanguage":"sv-SE","@id":"https:\/\/grippygripz.com\/sv\/greppgel-gym-maxi\/#primaryimage","url":"https:\/\/grippygripz.com\/wp-content\/uploads\/2023\/04\/GrippyGripz-100-ml-GYM-Front.png","contentUrl":"https:\/\/grippygripz.com\/wp-content\/uploads\/2023\/04\/GrippyGripz-100-ml-GYM-Front.png","width":300,"height":300,"caption":"Flytande magnesium utvecklat i Sverige"},{"@type":"BreadcrumbList","@id":"https:\/\/grippygripz.com\/sv\/greppgel-gym-maxi\/#breadcrumb","itemListElement":[{"@type":"ListItem","position":1,"name":"Home","item":"https:\/\/grippygripz.com\/sv\/"},{"@type":"ListItem","position":2,"name":"Butik","item":"https:\/\/grippygripz.com\/sv\/butik\/"},{"@type":"ListItem","position":3,"name":"GREPPGEL &#8211; GYM MAXI"}]},{"@type":"WebSite","@id":"https:\/\/grippygripz.com\/sv\/#website","url":"https:\/\/grippygripz.com\/sv\/","name":"GrippyGripz","description":"The winning GRIP","publisher":{"@id":"https:\/\/grippygripz.com\/sv\/#organization"},"potentialAction":[{"@type":"SearchAction","target":{"@type":"EntryPoint","urlTemplate":"https:\/\/grippygripz.com\/sv\/?s={search_term_string}"},"query-input":{"@type":"PropertyValueSpecification","valueRequired":true,"valueName":"search_term_string"}}],"inLanguage":"sv-SE"},{"@type":"Organization","@id":"https:\/\/grippygripz.com\/sv\/#organization","name":"GrippyGripz","url":"https:\/\/grippygripz.com\/sv\/","logo":{"@type":"ImageObject","inLanguage":"sv-SE","@id":"https:\/\/grippygripz.com\/sv\/#\/schema\/logo\/image\/","url":"https:\/\/grippygripz.com\/wp-content\/uploads\/2020\/10\/grippygripz-final-01.jpg","contentUrl":"https:\/\/grippygripz.com\/wp-content\/uploads\/2020\/10\/grippygripz-final-01.jpg","width":1485,"height":865,"caption":"GrippyGripz"},"image":{"@id":"https:\/\/grippygripz.com\/sv\/#\/schema\/logo\/image\/"},"sameAs":["https:\/\/www.facebook.com\/pages\/category\/Product-Service\/Vespadelarse-1915274088539804\/","https:\/\/www.instagram.com\/grippygripz.se\/"]}]}},"_links":{"self":[{"href":"https:\/\/grippygripz.com\/sv\/wp-json\/wp\/v2\/product\/57117","targetHints":{"allow":["GET"]}}],"collection":[{"href":"https:\/\/grippygripz.com\/sv\/wp-json\/wp\/v2\/product"}],"about":[{"href":"https:\/\/grippygripz.com\/sv\/wp-json\/wp\/v2\/types\/product"}],"replies":[{"embeddable":true,"href":"https:\/\/grippygripz.com\/sv\/wp-json\/wp\/v2\/comments?post=57117"}],"wp:featuredmedia":[{"embeddable":true,"href":"https:\/\/grippygripz.com\/sv\/wp-json\/wp\/v2\/media\/57129"}],"wp:attachment":[{"href":"https:\/\/grippygripz.com\/sv\/wp-json\/wp\/v2\/media?parent=57117"}],"wp:term":[{"taxonomy":"product_brand","embeddable":true,"href":"https:\/\/grippygripz.com\/sv\/wp-json\/wp\/v2\/product_brand?post=57117"},{"taxonomy":"product_cat","embeddable":true,"href":"https:\/\/grippygripz.com\/sv\/wp-json\/wp\/v2\/product_cat?post=57117"},{"taxonomy":"product_tag","embeddable":true,"href":"https:\/\/grippygripz.com\/sv\/wp-json\/wp\/v2\/product_tag?post=57117"}],"curies":[{"name":"wp","href":"https:\/\/api.w.org\/{rel}","templated":true}]}}