{"id":47736,"date":"2021-06-23T21:18:28","date_gmt":"2021-06-23T19:18:28","guid":{"rendered":"https:\/\/grippygripz.com\/?post_type=product&#038;p=47736"},"modified":"2026-04-02T00:00:40","modified_gmt":"2026-04-01T22:00:40","slug":"greppgel-padel-grande","status":"publish","type":"product","link":"https:\/\/grippygripz.com\/sv\/greppgel-padel-grande\/","title":{"rendered":"GREPPGEL &#8211; PADEL GRANDE"},"content":{"rendered":"<p>Uppt\u00e4ck den Nya <strong>ST\u00d6RRE<\/strong> storleken f\u00f6r ett \u00f6verl\u00e4gset grepp!<\/p>\n<ol>\n<li><strong>B\u00e4ttre Grepp, B\u00e4ttre Resultat p\u00e5 Padelbanan:<\/strong> K\u00e4nn skillnaden med v\u00e5r GreppGel f\u00f6r Padel \u2013 d\u00e4r b\u00e4ttre grepp \u00f6vers\u00e4tts till f\u00f6rb\u00e4ttrade resultat. Vi spelar sj\u00e4lva dagligen och f\u00f6rst\u00e5r vikten av ett p\u00e5litligt grepp. Sluta bekymra dig f\u00f6r att byta linda hela tiden och investera i en produkt som \u00f6kar greppstyrkan och h\u00e5ller svetten borta.<\/li>\n<li><strong>Unik Produktutveckling med Expertis fr\u00e5n SportScience:<\/strong> I samarbete med SportScience i Sverige har vi utvecklat GreppGel f\u00f6r Padel genom omfattande tester och med v\u00e4rdefull input fr\u00e5n erfarna padelspelare. Denna unika produkt h\u00e5ller inte bara dina h\u00e4nder torra och ger dig ett perfekt grepp, den inneh\u00e5ller \u00e4ven alkohol som ger skydd mot bakterier och \u00e4r motverkande mot corona. Upplev skillnaden och uppn\u00e5 b\u00e4ttre resultat med v\u00e5r innovativa GreppGel!<\/li>\n<\/ol>\n","protected":false},"excerpt":{"rendered":"<p><strong>ST\u00d6RRE STORLEK<\/strong><\/p>\n<ol>\n<li><strong>Optimal Ekonomi och Bekv\u00e4mlighet:<\/strong> Upplev \u00f6verl\u00e4gsen valuta f\u00f6r pengarna med v\u00e5r <strong>GRANDE<\/strong> storlek av Padel GreppGel! Perfekt f\u00f6r dig som v\u00e4rdes\u00e4tter mer f\u00f6r dina pengar, f\u00f6redrar denna smarta f\u00f6rpackning eller har tr\u00f6ttnat p\u00e5 att l\u00e5na fr\u00e5n andra. Sluta oroa dig f\u00f6r att din egen flaska tar slut snabbt \u2013 v\u00e4lj l\u00e5ngvarig och kostnadseffektiv bekv\u00e4mlighet nu!<\/li>\n<li><strong>Revolutionerande Greppf\u00f6rb\u00e4ttring f\u00f6r Padel:<\/strong> GrippyGripz GreppGel tar greppet i PADEL till en ny niv\u00e5! Den speciellt utvecklade gelen garanterar ett perfekt grepp varje g\u00e5ng du tar racket i handen. S\u00e4g adj\u00f6 till kletiga dukar och \u00f6verfl\u00f6digt bytande av lindor \u2013 nu f\u00e5r du exceptionellt grepp utan kr\u00e5ngel. Upplev en ny era d\u00e4r du har total kontroll \u00f6ver ditt racket. Och f\u00f6r de svettiga stunderna? Inga problem! V\u00e5r produkt inte bara motverkar svett utan \u00e4r ocks\u00e5 anti-bakteriell, fl\u00e4ckfri, dammfri och enkel att tv\u00e4tta bort. En enda flaska r\u00e4cker otroligt l\u00e4nge och \u00e4r dessutom tillverkad helt i \u00e5tervunnen plast. Best\u00e4ll nu och f\u00e5 den direkt i brevl\u00e5dan \u2013 en bekv\u00e4m revolution f\u00f6r din padelupplevelse!<\/li>\n<\/ol>\n","protected":false},"featured_media":55181,"comment_status":"open","ping_status":"closed","template":"","meta":{"_acf_changed":false},"product_brand":[],"product_cat":[3239,6056],"product_tag":[6306,6307,6147],"class_list":{"0":"post-47736","1":"product","2":"type-product","3":"status-publish","4":"has-post-thumbnail","6":"product_cat-favoriter","7":"product_cat-grepp-gel","8":"product_tag-grip-improver","9":"product_tag-grip-liquid","10":"product_tag-gripgel-sv","12":"first","13":"instock","14":"taxable","15":"shipping-taxable","16":"purchasable","17":"product-type-simple"},"acf":[],"yoast_head":"<!-- This site is optimized with the Yoast SEO plugin v27.4 - https:\/\/yoast.com\/product\/yoast-seo-wordpress\/ -->\n<title>GREPPGEL - PADEL GRANDE - GrippyGripz - B\u00e4ttre Padelgrepp<\/title>\n<meta name=\"description\" content=\"GREPPGEL - PADEL GRANDE fr\u00e5n GrippyGripz. B\u00e4ttre Padelgrepp i 100ml tubform. Ger garanterat b\u00e4ttre grepp i padel. B\u00e4sta greppf\u00f6rb\u00e4ttraren, anti-svett och fl\u00e4ckfri. Utvecklad i Sverige -Snabba leveranser\" \/>\n<meta name=\"robots\" content=\"index, follow, max-snippet:-1, max-image-preview:large, max-video-preview:-1\" \/>\n<link rel=\"canonical\" href=\"https:\/\/grippygripz.com\/sv\/greppgel-padel-grande\/\" \/>\n<meta property=\"og:locale\" content=\"sv_SE\" \/>\n<meta property=\"og:type\" content=\"article\" \/>\n<meta property=\"og:title\" content=\"GREPPGEL - PADEL GRANDE - GrippyGripz - B\u00e4ttre Padelgrepp\" \/>\n<meta property=\"og:description\" content=\"GREPPGEL - PADEL GRANDE fr\u00e5n GrippyGripz. B\u00e4ttre Padelgrepp i 100ml tubform. Ger garanterat b\u00e4ttre grepp i padel. B\u00e4sta greppf\u00f6rb\u00e4ttraren, anti-svett och fl\u00e4ckfri. Utvecklad i Sverige -Snabba leveranser\" \/>\n<meta property=\"og:url\" content=\"https:\/\/grippygripz.com\/sv\/greppgel-padel-grande\/\" \/>\n<meta property=\"og:site_name\" content=\"GrippyGripz\" \/>\n<meta property=\"article:publisher\" content=\"https:\/\/www.facebook.com\/pages\/category\/Product-Service\/Vespadelarse-1915274088539804\/\" \/>\n<meta property=\"article:modified_time\" content=\"2026-04-01T22:00:40+00:00\" \/>\n<meta property=\"og:image\" content=\"https:\/\/grippygripz.com\/wp-content\/uploads\/2022\/09\/c12420-scaled.jpg\" \/>\n\t<meta property=\"og:image:width\" content=\"2560\" \/>\n\t<meta property=\"og:image:height\" content=\"2560\" \/>\n\t<meta property=\"og:image:type\" content=\"image\/jpeg\" \/>\n<meta name=\"twitter:card\" content=\"summary_large_image\" \/>\n<meta name=\"twitter:label1\" content=\"Est. reading time\" \/>\n\t<meta name=\"twitter:data1\" content=\"1 minute\" \/>\n<script type=\"application\/ld+json\" class=\"yoast-schema-graph\">{\"@context\":\"https:\\\/\\\/schema.org\",\"@graph\":[{\"@type\":\"WebPage\",\"@id\":\"https:\\\/\\\/grippygripz.com\\\/sv\\\/greppgel-padel-grande\\\/\",\"url\":\"https:\\\/\\\/grippygripz.com\\\/sv\\\/greppgel-padel-grande\\\/\",\"name\":\"GREPPGEL - PADEL GRANDE - GrippyGripz - B\u00e4ttre Padelgrepp\",\"isPartOf\":{\"@id\":\"https:\\\/\\\/grippygripz.com\\\/sv\\\/#website\"},\"primaryImageOfPage\":{\"@id\":\"https:\\\/\\\/grippygripz.com\\\/sv\\\/greppgel-padel-grande\\\/#primaryimage\"},\"image\":{\"@id\":\"https:\\\/\\\/grippygripz.com\\\/sv\\\/greppgel-padel-grande\\\/#primaryimage\"},\"thumbnailUrl\":\"https:\\\/\\\/grippygripz.com\\\/wp-content\\\/uploads\\\/2022\\\/09\\\/c12420-scaled.jpg\",\"datePublished\":\"2021-06-23T19:18:28+00:00\",\"dateModified\":\"2026-04-01T22:00:40+00:00\",\"description\":\"GREPPGEL - PADEL GRANDE fr\u00e5n GrippyGripz. B\u00e4ttre Padelgrepp i 100ml tubform. Ger garanterat b\u00e4ttre grepp i padel. B\u00e4sta greppf\u00f6rb\u00e4ttraren, anti-svett och fl\u00e4ckfri. Utvecklad i Sverige -Snabba leveranser\",\"breadcrumb\":{\"@id\":\"https:\\\/\\\/grippygripz.com\\\/sv\\\/greppgel-padel-grande\\\/#breadcrumb\"},\"inLanguage\":\"sv-SE\",\"potentialAction\":[{\"@type\":\"ReadAction\",\"target\":[\"https:\\\/\\\/grippygripz.com\\\/sv\\\/greppgel-padel-grande\\\/\"]}]},{\"@type\":\"ImageObject\",\"inLanguage\":\"sv-SE\",\"@id\":\"https:\\\/\\\/grippygripz.com\\\/sv\\\/greppgel-padel-grande\\\/#primaryimage\",\"url\":\"https:\\\/\\\/grippygripz.com\\\/wp-content\\\/uploads\\\/2022\\\/09\\\/c12420-scaled.jpg\",\"contentUrl\":\"https:\\\/\\\/grippygripz.com\\\/wp-content\\\/uploads\\\/2022\\\/09\\\/c12420-scaled.jpg\",\"width\":2560,\"height\":2560,\"caption\":\"GRippyGripz GreppGel Padel B\u00e4ttre Grepp\"},{\"@type\":\"BreadcrumbList\",\"@id\":\"https:\\\/\\\/grippygripz.com\\\/sv\\\/greppgel-padel-grande\\\/#breadcrumb\",\"itemListElement\":[{\"@type\":\"ListItem\",\"position\":1,\"name\":\"Home\",\"item\":\"https:\\\/\\\/grippygripz.com\\\/sv\\\/\"},{\"@type\":\"ListItem\",\"position\":2,\"name\":\"Butik\",\"item\":\"https:\\\/\\\/grippygripz.com\\\/sv\\\/butik\\\/\"},{\"@type\":\"ListItem\",\"position\":3,\"name\":\"GREPPGEL &#8211; PADEL GRANDE\"}]},{\"@type\":\"WebSite\",\"@id\":\"https:\\\/\\\/grippygripz.com\\\/sv\\\/#website\",\"url\":\"https:\\\/\\\/grippygripz.com\\\/sv\\\/\",\"name\":\"GrippyGripz\",\"description\":\"The winning GRIP\",\"publisher\":{\"@id\":\"https:\\\/\\\/grippygripz.com\\\/sv\\\/#organization\"},\"potentialAction\":[{\"@type\":\"SearchAction\",\"target\":{\"@type\":\"EntryPoint\",\"urlTemplate\":\"https:\\\/\\\/grippygripz.com\\\/sv\\\/?s={search_term_string}\"},\"query-input\":{\"@type\":\"PropertyValueSpecification\",\"valueRequired\":true,\"valueName\":\"search_term_string\"}}],\"inLanguage\":\"sv-SE\"},{\"@type\":\"Organization\",\"@id\":\"https:\\\/\\\/grippygripz.com\\\/sv\\\/#organization\",\"name\":\"GrippyGripz\",\"url\":\"https:\\\/\\\/grippygripz.com\\\/sv\\\/\",\"logo\":{\"@type\":\"ImageObject\",\"inLanguage\":\"sv-SE\",\"@id\":\"https:\\\/\\\/grippygripz.com\\\/sv\\\/#\\\/schema\\\/logo\\\/image\\\/\",\"url\":\"https:\\\/\\\/grippygripz.com\\\/wp-content\\\/uploads\\\/2020\\\/10\\\/grippygripz-final-01.jpg\",\"contentUrl\":\"https:\\\/\\\/grippygripz.com\\\/wp-content\\\/uploads\\\/2020\\\/10\\\/grippygripz-final-01.jpg\",\"width\":1485,\"height\":865,\"caption\":\"GrippyGripz\"},\"image\":{\"@id\":\"https:\\\/\\\/grippygripz.com\\\/sv\\\/#\\\/schema\\\/logo\\\/image\\\/\"},\"sameAs\":[\"https:\\\/\\\/www.facebook.com\\\/pages\\\/category\\\/Product-Service\\\/Vespadelarse-1915274088539804\\\/\",\"https:\\\/\\\/www.instagram.com\\\/grippygripz.se\\\/\"]}]}<\/script>\n<!-- \/ Yoast SEO plugin. -->","yoast_head_json":{"title":"GREPPGEL - PADEL GRANDE - GrippyGripz - B\u00e4ttre Padelgrepp","description":"GREPPGEL - PADEL GRANDE fr\u00e5n GrippyGripz. B\u00e4ttre Padelgrepp i 100ml tubform. Ger garanterat b\u00e4ttre grepp i padel. B\u00e4sta greppf\u00f6rb\u00e4ttraren, anti-svett och fl\u00e4ckfri. Utvecklad i Sverige -Snabba leveranser","robots":{"index":"index","follow":"follow","max-snippet":"max-snippet:-1","max-image-preview":"max-image-preview:large","max-video-preview":"max-video-preview:-1"},"canonical":"https:\/\/grippygripz.com\/sv\/greppgel-padel-grande\/","og_locale":"sv_SE","og_type":"article","og_title":"GREPPGEL - PADEL GRANDE - GrippyGripz - B\u00e4ttre Padelgrepp","og_description":"GREPPGEL - PADEL GRANDE fr\u00e5n GrippyGripz. B\u00e4ttre Padelgrepp i 100ml tubform. Ger garanterat b\u00e4ttre grepp i padel. B\u00e4sta greppf\u00f6rb\u00e4ttraren, anti-svett och fl\u00e4ckfri. Utvecklad i Sverige -Snabba leveranser","og_url":"https:\/\/grippygripz.com\/sv\/greppgel-padel-grande\/","og_site_name":"GrippyGripz","article_publisher":"https:\/\/www.facebook.com\/pages\/category\/Product-Service\/Vespadelarse-1915274088539804\/","article_modified_time":"2026-04-01T22:00:40+00:00","og_image":[{"width":2560,"height":2560,"url":"https:\/\/grippygripz.com\/wp-content\/uploads\/2022\/09\/c12420-scaled.jpg","type":"image\/jpeg"}],"twitter_card":"summary_large_image","twitter_misc":{"Est. reading time":"1 minute"},"schema":{"@context":"https:\/\/schema.org","@graph":[{"@type":"WebPage","@id":"https:\/\/grippygripz.com\/sv\/greppgel-padel-grande\/","url":"https:\/\/grippygripz.com\/sv\/greppgel-padel-grande\/","name":"GREPPGEL - PADEL GRANDE - GrippyGripz - B\u00e4ttre Padelgrepp","isPartOf":{"@id":"https:\/\/grippygripz.com\/sv\/#website"},"primaryImageOfPage":{"@id":"https:\/\/grippygripz.com\/sv\/greppgel-padel-grande\/#primaryimage"},"image":{"@id":"https:\/\/grippygripz.com\/sv\/greppgel-padel-grande\/#primaryimage"},"thumbnailUrl":"https:\/\/grippygripz.com\/wp-content\/uploads\/2022\/09\/c12420-scaled.jpg","datePublished":"2021-06-23T19:18:28+00:00","dateModified":"2026-04-01T22:00:40+00:00","description":"GREPPGEL - PADEL GRANDE fr\u00e5n GrippyGripz. B\u00e4ttre Padelgrepp i 100ml tubform. Ger garanterat b\u00e4ttre grepp i padel. B\u00e4sta greppf\u00f6rb\u00e4ttraren, anti-svett och fl\u00e4ckfri. Utvecklad i Sverige -Snabba leveranser","breadcrumb":{"@id":"https:\/\/grippygripz.com\/sv\/greppgel-padel-grande\/#breadcrumb"},"inLanguage":"sv-SE","potentialAction":[{"@type":"ReadAction","target":["https:\/\/grippygripz.com\/sv\/greppgel-padel-grande\/"]}]},{"@type":"ImageObject","inLanguage":"sv-SE","@id":"https:\/\/grippygripz.com\/sv\/greppgel-padel-grande\/#primaryimage","url":"https:\/\/grippygripz.com\/wp-content\/uploads\/2022\/09\/c12420-scaled.jpg","contentUrl":"https:\/\/grippygripz.com\/wp-content\/uploads\/2022\/09\/c12420-scaled.jpg","width":2560,"height":2560,"caption":"GRippyGripz GreppGel Padel B\u00e4ttre Grepp"},{"@type":"BreadcrumbList","@id":"https:\/\/grippygripz.com\/sv\/greppgel-padel-grande\/#breadcrumb","itemListElement":[{"@type":"ListItem","position":1,"name":"Home","item":"https:\/\/grippygripz.com\/sv\/"},{"@type":"ListItem","position":2,"name":"Butik","item":"https:\/\/grippygripz.com\/sv\/butik\/"},{"@type":"ListItem","position":3,"name":"GREPPGEL &#8211; PADEL GRANDE"}]},{"@type":"WebSite","@id":"https:\/\/grippygripz.com\/sv\/#website","url":"https:\/\/grippygripz.com\/sv\/","name":"GrippyGripz","description":"The winning GRIP","publisher":{"@id":"https:\/\/grippygripz.com\/sv\/#organization"},"potentialAction":[{"@type":"SearchAction","target":{"@type":"EntryPoint","urlTemplate":"https:\/\/grippygripz.com\/sv\/?s={search_term_string}"},"query-input":{"@type":"PropertyValueSpecification","valueRequired":true,"valueName":"search_term_string"}}],"inLanguage":"sv-SE"},{"@type":"Organization","@id":"https:\/\/grippygripz.com\/sv\/#organization","name":"GrippyGripz","url":"https:\/\/grippygripz.com\/sv\/","logo":{"@type":"ImageObject","inLanguage":"sv-SE","@id":"https:\/\/grippygripz.com\/sv\/#\/schema\/logo\/image\/","url":"https:\/\/grippygripz.com\/wp-content\/uploads\/2020\/10\/grippygripz-final-01.jpg","contentUrl":"https:\/\/grippygripz.com\/wp-content\/uploads\/2020\/10\/grippygripz-final-01.jpg","width":1485,"height":865,"caption":"GrippyGripz"},"image":{"@id":"https:\/\/grippygripz.com\/sv\/#\/schema\/logo\/image\/"},"sameAs":["https:\/\/www.facebook.com\/pages\/category\/Product-Service\/Vespadelarse-1915274088539804\/","https:\/\/www.instagram.com\/grippygripz.se\/"]}]}},"_links":{"self":[{"href":"https:\/\/grippygripz.com\/sv\/wp-json\/wp\/v2\/product\/47736","targetHints":{"allow":["GET"]}}],"collection":[{"href":"https:\/\/grippygripz.com\/sv\/wp-json\/wp\/v2\/product"}],"about":[{"href":"https:\/\/grippygripz.com\/sv\/wp-json\/wp\/v2\/types\/product"}],"replies":[{"embeddable":true,"href":"https:\/\/grippygripz.com\/sv\/wp-json\/wp\/v2\/comments?post=47736"}],"wp:featuredmedia":[{"embeddable":true,"href":"https:\/\/grippygripz.com\/sv\/wp-json\/wp\/v2\/media\/55181"}],"wp:attachment":[{"href":"https:\/\/grippygripz.com\/sv\/wp-json\/wp\/v2\/media?parent=47736"}],"wp:term":[{"taxonomy":"product_brand","embeddable":true,"href":"https:\/\/grippygripz.com\/sv\/wp-json\/wp\/v2\/product_brand?post=47736"},{"taxonomy":"product_cat","embeddable":true,"href":"https:\/\/grippygripz.com\/sv\/wp-json\/wp\/v2\/product_cat?post=47736"},{"taxonomy":"product_tag","embeddable":true,"href":"https:\/\/grippygripz.com\/sv\/wp-json\/wp\/v2\/product_tag?post=47736"}],"curies":[{"name":"wp","href":"https:\/\/api.w.org\/{rel}","templated":true}]}}