{"id":43841,"date":"2021-02-05T09:57:39","date_gmt":"2021-02-05T08:57:39","guid":{"rendered":"https:\/\/grippygripz.com\/?post_type=product&#038;p=43841"},"modified":"2023-09-12T20:21:10","modified_gmt":"2023-09-12T18:21:10","slug":"grippzy-combo","status":"publish","type":"product","link":"https:\/\/grippygripz.com\/sv\/grippzy-combo\/","title":{"rendered":"Grippzy Combo"},"content":{"rendered":"<p>V\u00e5r\u00a0<strong>greppf\u00f6rb\u00e4ttrare<\/strong>\u00a0till\u00a0<strong>PADEL<\/strong> g\u00f6r att du slipper kletiga dukar eller byta linda s\u00e5 ofta som du g\u00f6r. F\u00e5\u00a0 <strong>riktigt bra<\/strong>\u00a0grepp p\u00e5 racket\u00a0<strong>varje g\u00e5ng<\/strong> du vill ha det. V\u00e5r produkt b\u00e5de motverkar och f\u00f6rebygger svett. Ut\u00f6ver\u00a0<strong>b\u00e4ttre grepp<\/strong>\u00a0\u00e4r den \u00e4ven\u00a0<strong>anti-bakteriell<\/strong>,\u00a0<strong>fl\u00e4ckar ej, dammar ej\u00a0<\/strong>samt\u00a0<strong>enkel att tv\u00e4tta bort<\/strong>.<\/p>\n<p>V\u00e5rt <strong>ramskydd till padelrack<\/strong> med 0,30 mm <strong>nobbad skyddstejp<\/strong> skyddar ditt padelracket fr\u00e5n repor och sprickor.<\/p>\n<p>V\u00e4lj sj\u00e4lv vilken av v\u00e5ra ramskydd du vill ha. Valet \u00e4r sv\u00e5rt, vi vet.<\/p>\n<p>Se v\u00e5ra instruktioner om hur du enkelt applicerar ramskyddet.<\/p>\n","protected":false},"excerpt":{"rendered":"<p>Med v\u00e5r\u00a0<strong>GreppGel<\/strong>\u00a0f\u00f6r\u00a0<strong>Padel<\/strong>\u00a0s\u00e5 \u00f6kar du greppstyrkan och h\u00e5ller svetten borta. I samarbete med\u00a0<a href=\"https:\/\/www.sportscience.se\/\">SportScience<\/a>\u00a0i Sverige, m\u00e5nga test och hj\u00e4lp av\u00a0<strong>en m\u00e4ngd padelspelare<\/strong>\u00a0har vi skapat en unik produkt som h\u00e5ller dina h\u00e4nder torra och ger dig perfekt grepp.<\/p>\n<p>V\u00e5rt r<strong>amskydd<\/strong> <strong>till padelracket<\/strong>\u00a0kommer att skydda ditt rack fr\u00e5n repor och sprickor. Ett padelracket \u00e4r inte billigt, s\u00e5 se till att skydda den precis som du g\u00f6r med andra dyra varor med v\u00e5r speciellt nobbade ramskydd.<\/p>\n<h4>Designad i<br \/>\n<img loading=\"lazy\" decoding=\"async\" class=\"size-full wp-image-40877 alignleft\" src=\"https:\/\/grippygripz.com\/wp-content\/uploads\/2020\/10\/1200px-Sweden_flag_orb_icon.svg-e1603291360560.png\" alt=\"\" width=\"100\" height=\"100\" \/><\/h4>\n","protected":false},"featured_media":55959,"comment_status":"open","ping_status":"closed","template":"","meta":{"_acf_changed":false},"product_brand":[],"product_cat":[3239,6056,6127],"product_tag":[6158,6129,6157],"class_list":{"0":"post-43841","1":"product","2":"type-product","3":"status-publish","4":"has-post-thumbnail","6":"product_cat-favoriter","7":"product_cat-grepp-gel","8":"product_cat-ramskydd-padelracket","9":"product_tag-ramskydd-sv","10":"product_tag-ramskydd-racketskydd","11":"product_tag-skyddstejp","12":"product_shipping_class-standard","14":"first","15":"instock","16":"taxable","17":"shipping-taxable","18":"purchasable","19":"product-type-variable"},"acf":[],"yoast_head":"<!-- This site is optimized with the Yoast SEO plugin v27.4 - https:\/\/yoast.com\/product\/yoast-seo-wordpress\/ -->\n<title>Grippzy Combo - GreppGel och Ramskydd till Padel<\/title>\n<meta name=\"description\" content=\"Grippzy Combo fr\u00e5n GrippyGripz. B\u00e4ttre pris n\u00e4r du k\u00f6per ramskydd och greppgel fr\u00e5n oss. Designad i Sverige - Anv\u00e4nds v\u00e4rlden \u00f6ver - Snabba leveranser\" \/>\n<meta name=\"robots\" content=\"index, follow, max-snippet:-1, max-image-preview:large, max-video-preview:-1\" \/>\n<link rel=\"canonical\" href=\"https:\/\/grippygripz.com\/sv\/grippzy-combo\/\" \/>\n<meta property=\"og:locale\" content=\"sv_SE\" \/>\n<meta property=\"og:type\" content=\"article\" \/>\n<meta property=\"og:title\" content=\"Grippzy Combo - GreppGel och Ramskydd till Padel\" \/>\n<meta property=\"og:description\" content=\"Grippzy Combo fr\u00e5n GrippyGripz. B\u00e4ttre pris n\u00e4r du k\u00f6per ramskydd och greppgel fr\u00e5n oss. Designad i Sverige - Anv\u00e4nds v\u00e4rlden \u00f6ver - Snabba leveranser\" \/>\n<meta property=\"og:url\" content=\"https:\/\/grippygripz.com\/sv\/grippzy-combo\/\" \/>\n<meta property=\"og:site_name\" content=\"GrippyGripz\" \/>\n<meta property=\"article:publisher\" content=\"https:\/\/www.facebook.com\/pages\/category\/Product-Service\/Vespadelarse-1915274088539804\/\" \/>\n<meta property=\"article:modified_time\" content=\"2023-09-12T18:21:10+00:00\" \/>\n<meta property=\"og:image\" content=\"https:\/\/grippygripz.com\/wp-content\/uploads\/2021\/02\/grippygripz-gripgelprot-combo.png\" \/>\n\t<meta property=\"og:image:width\" content=\"800\" \/>\n\t<meta property=\"og:image:height\" content=\"800\" \/>\n\t<meta property=\"og:image:type\" content=\"image\/png\" \/>\n<meta name=\"twitter:card\" content=\"summary_large_image\" \/>\n<meta name=\"twitter:label1\" content=\"Est. reading time\" \/>\n\t<meta name=\"twitter:data1\" content=\"1 minute\" \/>\n<script type=\"application\/ld+json\" class=\"yoast-schema-graph\">{\"@context\":\"https:\\\/\\\/schema.org\",\"@graph\":[{\"@type\":\"WebPage\",\"@id\":\"https:\\\/\\\/grippygripz.com\\\/sv\\\/grippzy-combo\\\/\",\"url\":\"https:\\\/\\\/grippygripz.com\\\/sv\\\/grippzy-combo\\\/\",\"name\":\"Grippzy Combo - GreppGel och Ramskydd till Padel\",\"isPartOf\":{\"@id\":\"https:\\\/\\\/grippygripz.com\\\/sv\\\/#website\"},\"primaryImageOfPage\":{\"@id\":\"https:\\\/\\\/grippygripz.com\\\/sv\\\/grippzy-combo\\\/#primaryimage\"},\"image\":{\"@id\":\"https:\\\/\\\/grippygripz.com\\\/sv\\\/grippzy-combo\\\/#primaryimage\"},\"thumbnailUrl\":\"https:\\\/\\\/grippygripz.com\\\/wp-content\\\/uploads\\\/2021\\\/02\\\/grippygripz-gripgelprot-combo.png\",\"datePublished\":\"2021-02-05T08:57:39+00:00\",\"dateModified\":\"2023-09-12T18:21:10+00:00\",\"description\":\"Grippzy Combo fr\u00e5n GrippyGripz. B\u00e4ttre pris n\u00e4r du k\u00f6per ramskydd och greppgel fr\u00e5n oss. Designad i Sverige - Anv\u00e4nds v\u00e4rlden \u00f6ver - Snabba leveranser\",\"breadcrumb\":{\"@id\":\"https:\\\/\\\/grippygripz.com\\\/sv\\\/grippzy-combo\\\/#breadcrumb\"},\"inLanguage\":\"sv-SE\",\"potentialAction\":[{\"@type\":\"ReadAction\",\"target\":[\"https:\\\/\\\/grippygripz.com\\\/sv\\\/grippzy-combo\\\/\"]}]},{\"@type\":\"ImageObject\",\"inLanguage\":\"sv-SE\",\"@id\":\"https:\\\/\\\/grippygripz.com\\\/sv\\\/grippzy-combo\\\/#primaryimage\",\"url\":\"https:\\\/\\\/grippygripz.com\\\/wp-content\\\/uploads\\\/2021\\\/02\\\/grippygripz-gripgelprot-combo.png\",\"contentUrl\":\"https:\\\/\\\/grippygripz.com\\\/wp-content\\\/uploads\\\/2021\\\/02\\\/grippygripz-gripgelprot-combo.png\",\"width\":800,\"height\":800},{\"@type\":\"BreadcrumbList\",\"@id\":\"https:\\\/\\\/grippygripz.com\\\/sv\\\/grippzy-combo\\\/#breadcrumb\",\"itemListElement\":[{\"@type\":\"ListItem\",\"position\":1,\"name\":\"Home\",\"item\":\"https:\\\/\\\/grippygripz.com\\\/sv\\\/\"},{\"@type\":\"ListItem\",\"position\":2,\"name\":\"Butik\",\"item\":\"https:\\\/\\\/grippygripz.com\\\/sv\\\/butik\\\/\"},{\"@type\":\"ListItem\",\"position\":3,\"name\":\"Grippzy Combo\"}]},{\"@type\":\"WebSite\",\"@id\":\"https:\\\/\\\/grippygripz.com\\\/sv\\\/#website\",\"url\":\"https:\\\/\\\/grippygripz.com\\\/sv\\\/\",\"name\":\"GrippyGripz\",\"description\":\"The winning GRIP\",\"publisher\":{\"@id\":\"https:\\\/\\\/grippygripz.com\\\/sv\\\/#organization\"},\"potentialAction\":[{\"@type\":\"SearchAction\",\"target\":{\"@type\":\"EntryPoint\",\"urlTemplate\":\"https:\\\/\\\/grippygripz.com\\\/sv\\\/?s={search_term_string}\"},\"query-input\":{\"@type\":\"PropertyValueSpecification\",\"valueRequired\":true,\"valueName\":\"search_term_string\"}}],\"inLanguage\":\"sv-SE\"},{\"@type\":\"Organization\",\"@id\":\"https:\\\/\\\/grippygripz.com\\\/sv\\\/#organization\",\"name\":\"GrippyGripz\",\"url\":\"https:\\\/\\\/grippygripz.com\\\/sv\\\/\",\"logo\":{\"@type\":\"ImageObject\",\"inLanguage\":\"sv-SE\",\"@id\":\"https:\\\/\\\/grippygripz.com\\\/sv\\\/#\\\/schema\\\/logo\\\/image\\\/\",\"url\":\"https:\\\/\\\/grippygripz.com\\\/wp-content\\\/uploads\\\/2020\\\/10\\\/grippygripz-final-01.jpg\",\"contentUrl\":\"https:\\\/\\\/grippygripz.com\\\/wp-content\\\/uploads\\\/2020\\\/10\\\/grippygripz-final-01.jpg\",\"width\":1485,\"height\":865,\"caption\":\"GrippyGripz\"},\"image\":{\"@id\":\"https:\\\/\\\/grippygripz.com\\\/sv\\\/#\\\/schema\\\/logo\\\/image\\\/\"},\"sameAs\":[\"https:\\\/\\\/www.facebook.com\\\/pages\\\/category\\\/Product-Service\\\/Vespadelarse-1915274088539804\\\/\",\"https:\\\/\\\/www.instagram.com\\\/grippygripz.se\\\/\"]}]}<\/script>\n<!-- \/ Yoast SEO plugin. -->","yoast_head_json":{"title":"Grippzy Combo - GreppGel och Ramskydd till Padel","description":"Grippzy Combo fr\u00e5n GrippyGripz. B\u00e4ttre pris n\u00e4r du k\u00f6per ramskydd och greppgel fr\u00e5n oss. Designad i Sverige - Anv\u00e4nds v\u00e4rlden \u00f6ver - Snabba leveranser","robots":{"index":"index","follow":"follow","max-snippet":"max-snippet:-1","max-image-preview":"max-image-preview:large","max-video-preview":"max-video-preview:-1"},"canonical":"https:\/\/grippygripz.com\/sv\/grippzy-combo\/","og_locale":"sv_SE","og_type":"article","og_title":"Grippzy Combo - GreppGel och Ramskydd till Padel","og_description":"Grippzy Combo fr\u00e5n GrippyGripz. B\u00e4ttre pris n\u00e4r du k\u00f6per ramskydd och greppgel fr\u00e5n oss. Designad i Sverige - Anv\u00e4nds v\u00e4rlden \u00f6ver - Snabba leveranser","og_url":"https:\/\/grippygripz.com\/sv\/grippzy-combo\/","og_site_name":"GrippyGripz","article_publisher":"https:\/\/www.facebook.com\/pages\/category\/Product-Service\/Vespadelarse-1915274088539804\/","article_modified_time":"2023-09-12T18:21:10+00:00","og_image":[{"width":800,"height":800,"url":"https:\/\/grippygripz.com\/wp-content\/uploads\/2021\/02\/grippygripz-gripgelprot-combo.png","type":"image\/png"}],"twitter_card":"summary_large_image","twitter_misc":{"Est. reading time":"1 minute"},"schema":{"@context":"https:\/\/schema.org","@graph":[{"@type":"WebPage","@id":"https:\/\/grippygripz.com\/sv\/grippzy-combo\/","url":"https:\/\/grippygripz.com\/sv\/grippzy-combo\/","name":"Grippzy Combo - GreppGel och Ramskydd till Padel","isPartOf":{"@id":"https:\/\/grippygripz.com\/sv\/#website"},"primaryImageOfPage":{"@id":"https:\/\/grippygripz.com\/sv\/grippzy-combo\/#primaryimage"},"image":{"@id":"https:\/\/grippygripz.com\/sv\/grippzy-combo\/#primaryimage"},"thumbnailUrl":"https:\/\/grippygripz.com\/wp-content\/uploads\/2021\/02\/grippygripz-gripgelprot-combo.png","datePublished":"2021-02-05T08:57:39+00:00","dateModified":"2023-09-12T18:21:10+00:00","description":"Grippzy Combo fr\u00e5n GrippyGripz. B\u00e4ttre pris n\u00e4r du k\u00f6per ramskydd och greppgel fr\u00e5n oss. Designad i Sverige - Anv\u00e4nds v\u00e4rlden \u00f6ver - Snabba leveranser","breadcrumb":{"@id":"https:\/\/grippygripz.com\/sv\/grippzy-combo\/#breadcrumb"},"inLanguage":"sv-SE","potentialAction":[{"@type":"ReadAction","target":["https:\/\/grippygripz.com\/sv\/grippzy-combo\/"]}]},{"@type":"ImageObject","inLanguage":"sv-SE","@id":"https:\/\/grippygripz.com\/sv\/grippzy-combo\/#primaryimage","url":"https:\/\/grippygripz.com\/wp-content\/uploads\/2021\/02\/grippygripz-gripgelprot-combo.png","contentUrl":"https:\/\/grippygripz.com\/wp-content\/uploads\/2021\/02\/grippygripz-gripgelprot-combo.png","width":800,"height":800},{"@type":"BreadcrumbList","@id":"https:\/\/grippygripz.com\/sv\/grippzy-combo\/#breadcrumb","itemListElement":[{"@type":"ListItem","position":1,"name":"Home","item":"https:\/\/grippygripz.com\/sv\/"},{"@type":"ListItem","position":2,"name":"Butik","item":"https:\/\/grippygripz.com\/sv\/butik\/"},{"@type":"ListItem","position":3,"name":"Grippzy Combo"}]},{"@type":"WebSite","@id":"https:\/\/grippygripz.com\/sv\/#website","url":"https:\/\/grippygripz.com\/sv\/","name":"GrippyGripz","description":"The winning GRIP","publisher":{"@id":"https:\/\/grippygripz.com\/sv\/#organization"},"potentialAction":[{"@type":"SearchAction","target":{"@type":"EntryPoint","urlTemplate":"https:\/\/grippygripz.com\/sv\/?s={search_term_string}"},"query-input":{"@type":"PropertyValueSpecification","valueRequired":true,"valueName":"search_term_string"}}],"inLanguage":"sv-SE"},{"@type":"Organization","@id":"https:\/\/grippygripz.com\/sv\/#organization","name":"GrippyGripz","url":"https:\/\/grippygripz.com\/sv\/","logo":{"@type":"ImageObject","inLanguage":"sv-SE","@id":"https:\/\/grippygripz.com\/sv\/#\/schema\/logo\/image\/","url":"https:\/\/grippygripz.com\/wp-content\/uploads\/2020\/10\/grippygripz-final-01.jpg","contentUrl":"https:\/\/grippygripz.com\/wp-content\/uploads\/2020\/10\/grippygripz-final-01.jpg","width":1485,"height":865,"caption":"GrippyGripz"},"image":{"@id":"https:\/\/grippygripz.com\/sv\/#\/schema\/logo\/image\/"},"sameAs":["https:\/\/www.facebook.com\/pages\/category\/Product-Service\/Vespadelarse-1915274088539804\/","https:\/\/www.instagram.com\/grippygripz.se\/"]}]}},"_links":{"self":[{"href":"https:\/\/grippygripz.com\/sv\/wp-json\/wp\/v2\/product\/43841","targetHints":{"allow":["GET"]}}],"collection":[{"href":"https:\/\/grippygripz.com\/sv\/wp-json\/wp\/v2\/product"}],"about":[{"href":"https:\/\/grippygripz.com\/sv\/wp-json\/wp\/v2\/types\/product"}],"replies":[{"embeddable":true,"href":"https:\/\/grippygripz.com\/sv\/wp-json\/wp\/v2\/comments?post=43841"}],"wp:featuredmedia":[{"embeddable":true,"href":"https:\/\/grippygripz.com\/sv\/wp-json\/wp\/v2\/media\/55959"}],"wp:attachment":[{"href":"https:\/\/grippygripz.com\/sv\/wp-json\/wp\/v2\/media?parent=43841"}],"wp:term":[{"taxonomy":"product_brand","embeddable":true,"href":"https:\/\/grippygripz.com\/sv\/wp-json\/wp\/v2\/product_brand?post=43841"},{"taxonomy":"product_cat","embeddable":true,"href":"https:\/\/grippygripz.com\/sv\/wp-json\/wp\/v2\/product_cat?post=43841"},{"taxonomy":"product_tag","embeddable":true,"href":"https:\/\/grippygripz.com\/sv\/wp-json\/wp\/v2\/product_tag?post=43841"}],"curies":[{"name":"wp","href":"https:\/\/api.w.org\/{rel}","templated":true}]}}