{"id":41750,"date":"2020-11-27T11:29:50","date_gmt":"2020-11-27T10:29:50","guid":{"rendered":"https:\/\/grippygripz.com\/?post_type=product&#038;p=41750"},"modified":"2026-03-31T15:07:30","modified_gmt":"2026-03-31T13:07:30","slug":"greppgel-tennis","status":"publish","type":"product","link":"https:\/\/grippygripz.com\/sv\/greppgel-tennis\/","title":{"rendered":"GREPPGEL &#8211; Tennis"},"content":{"rendered":"<p><strong>B\u00e4ttre grepp <\/strong>inneb\u00e4r<strong> b\u00e4ttre resultat<\/strong> n\u00e4r du spelar <strong>TENNIS<\/strong>. Vi vet att det \u00e4r s\u00e5 och vi har tagit hj\u00e4lp av <a href=\"https:\/\/www.sportscience.se\">SportScience.se<\/a> och tennisspelare fr\u00e5n KLTK f\u00f6r att g\u00f6ra tester samt ta fram en <strong>unik produkt<\/strong> f\u00f6r greppet n\u00e4r du spelar tennis. Med <strong>GrippyGripz GreppGel f\u00f6r Tennis<\/strong> s\u00e5 <strong>\u00f6kar du greppstyrkan<\/strong> samt <strong>f\u00f6rebygger svett. <\/strong>Dessutom \u00e4r v\u00e5r gel <strong>Anti-bakteriell<\/strong>, <strong>Fl\u00e4ckar ej<\/strong> samt <strong>Dammar ej<\/strong>. Vi lovar dig ett b\u00e4ttre grepp. Leverans sker genom brevl\u00e5dan (vid standardm\u00e5tt).<\/p>\n","protected":false},"excerpt":{"rendered":"<p>GrippyGripz GreppGel f\u00f6r <strong>TENNIS<\/strong> ger<b> b\u00e4ttre grepp <\/b>i <strong>Tennis.<\/strong> Du kommer att f\u00f6rb\u00e4ttra ditt grepp p\u00e5 riktigt och det ger i sin tur <strong>b\u00e4ttre resultat<\/strong>. Tiderna av att byta linda ofta och ha d\u00e5ligt grepp p\u00e5 grund av svett \u00e4r \u00f6ver. Vi har gett v\u00e5r greppf\u00f6rb\u00e4ttrande GreppGel precis r\u00e4tt klibbighet, utan att tumma p\u00e5 m\u00f6jligheten att vrida runt. <strong>Framtagen med eliten<\/strong> inom Tennis samt Sportscience.se. B\u00e4ttre grepp &#8211; B\u00e4ttre resultat.<\/p>\n<h4>Developed in<br \/>\n<img loading=\"lazy\" decoding=\"async\" class=\"size-full wp-image-40877 alignleft\" src=\"https:\/\/grippygripz.com\/wp-content\/uploads\/2020\/10\/1200px-Sweden_flag_orb_icon.svg-e1603291360560.png\" alt=\"\" width=\"100\" height=\"100\" \/><\/h4>\n","protected":false},"featured_media":41905,"comment_status":"open","ping_status":"closed","template":"","meta":{"_acf_changed":false},"product_brand":[],"product_cat":[6056],"product_tag":[6146,6149,6308,6306,6307,6307,6148,6147,6161],"class_list":{"0":"post-41750","1":"product","2":"type-product","3":"status-publish","4":"has-post-thumbnail","6":"product_cat-grepp-gel","7":"product_tag-greppforbattrare","8":"product_tag-greppkram","9":"product_tag-grip-gel","10":"product_tag-grip-improver","11":"product_tag-grip-liquid","13":"product_tag-gripgel-sv-2","14":"product_tag-gripgel-sv","15":"product_tag-tennis-sv","16":"product_shipping_class-standard","18":"first","19":"instock","20":"taxable","21":"shipping-taxable","22":"purchasable","23":"product-type-simple"},"acf":[],"yoast_head":"<!-- This site is optimized with the Yoast SEO plugin v27.4 - https:\/\/yoast.com\/product\/yoast-seo-wordpress\/ -->\n<title>GREPPGEL - Tennis - GrippyGripz - Your Grip. Just Better<\/title>\n<meta name=\"description\" content=\"GREPPGEL - Tennis fr\u00e5n GrippyGripz. F\u00e5 b\u00e4ttre grepp p\u00e5 tennisracket. Spela b\u00e4ttre. Unik produkt. Utvecklat i Sverige - Anv\u00e4nds v\u00e4rlden \u00f6ver - Snabba leveranser\" \/>\n<meta name=\"robots\" content=\"index, follow, max-snippet:-1, max-image-preview:large, max-video-preview:-1\" \/>\n<link rel=\"canonical\" href=\"https:\/\/grippygripz.com\/sv\/greppgel-tennis\/\" \/>\n<meta property=\"og:locale\" content=\"sv_SE\" \/>\n<meta property=\"og:type\" content=\"article\" \/>\n<meta property=\"og:title\" content=\"GREPPGEL - Tennis - GrippyGripz - Your Grip. Just Better\" \/>\n<meta property=\"og:description\" content=\"GREPPGEL - Tennis fr\u00e5n GrippyGripz. F\u00e5 b\u00e4ttre grepp p\u00e5 tennisracket. Spela b\u00e4ttre. Unik produkt. Utvecklat i Sverige - Anv\u00e4nds v\u00e4rlden \u00f6ver - Snabba leveranser\" \/>\n<meta property=\"og:url\" content=\"https:\/\/grippygripz.com\/sv\/greppgel-tennis\/\" \/>\n<meta property=\"og:site_name\" content=\"GrippyGripz\" \/>\n<meta property=\"article:publisher\" content=\"https:\/\/www.facebook.com\/pages\/category\/Product-Service\/Vespadelarse-1915274088539804\/\" \/>\n<meta property=\"article:modified_time\" content=\"2026-03-31T13:07:30+00:00\" \/>\n<meta property=\"og:image\" content=\"https:\/\/grippygripz.com\/wp-content\/uploads\/2020\/12\/tennis-gripgel-e1606986804210.png\" \/>\n\t<meta property=\"og:image:width\" content=\"800\" \/>\n\t<meta property=\"og:image:height\" content=\"784\" \/>\n\t<meta property=\"og:image:type\" content=\"image\/png\" \/>\n<meta name=\"twitter:card\" content=\"summary_large_image\" \/>\n<script type=\"application\/ld+json\" class=\"yoast-schema-graph\">{\"@context\":\"https:\\\/\\\/schema.org\",\"@graph\":[{\"@type\":\"WebPage\",\"@id\":\"https:\\\/\\\/grippygripz.com\\\/sv\\\/greppgel-tennis\\\/\",\"url\":\"https:\\\/\\\/grippygripz.com\\\/sv\\\/greppgel-tennis\\\/\",\"name\":\"GREPPGEL - Tennis - GrippyGripz - Your Grip. Just Better\",\"isPartOf\":{\"@id\":\"https:\\\/\\\/grippygripz.com\\\/sv\\\/#website\"},\"primaryImageOfPage\":{\"@id\":\"https:\\\/\\\/grippygripz.com\\\/sv\\\/greppgel-tennis\\\/#primaryimage\"},\"image\":{\"@id\":\"https:\\\/\\\/grippygripz.com\\\/sv\\\/greppgel-tennis\\\/#primaryimage\"},\"thumbnailUrl\":\"https:\\\/\\\/grippygripz.com\\\/wp-content\\\/uploads\\\/2020\\\/12\\\/tennis-gripgel-e1606986804210.png\",\"datePublished\":\"2020-11-27T10:29:50+00:00\",\"dateModified\":\"2026-03-31T13:07:30+00:00\",\"description\":\"GREPPGEL - Tennis fr\u00e5n GrippyGripz. F\u00e5 b\u00e4ttre grepp p\u00e5 tennisracket. Spela b\u00e4ttre. Unik produkt. Utvecklat i Sverige - Anv\u00e4nds v\u00e4rlden \u00f6ver - Snabba leveranser\",\"breadcrumb\":{\"@id\":\"https:\\\/\\\/grippygripz.com\\\/sv\\\/greppgel-tennis\\\/#breadcrumb\"},\"inLanguage\":\"sv-SE\",\"potentialAction\":[{\"@type\":\"ReadAction\",\"target\":[\"https:\\\/\\\/grippygripz.com\\\/sv\\\/greppgel-tennis\\\/\"]}]},{\"@type\":\"ImageObject\",\"inLanguage\":\"sv-SE\",\"@id\":\"https:\\\/\\\/grippygripz.com\\\/sv\\\/greppgel-tennis\\\/#primaryimage\",\"url\":\"https:\\\/\\\/grippygripz.com\\\/wp-content\\\/uploads\\\/2020\\\/12\\\/tennis-gripgel-e1606986804210.png\",\"contentUrl\":\"https:\\\/\\\/grippygripz.com\\\/wp-content\\\/uploads\\\/2020\\\/12\\\/tennis-gripgel-e1606986804210.png\",\"width\":800,\"height\":784,\"caption\":\"B\u00e4ttre grepp tennis\"},{\"@type\":\"BreadcrumbList\",\"@id\":\"https:\\\/\\\/grippygripz.com\\\/sv\\\/greppgel-tennis\\\/#breadcrumb\",\"itemListElement\":[{\"@type\":\"ListItem\",\"position\":1,\"name\":\"Home\",\"item\":\"https:\\\/\\\/grippygripz.com\\\/sv\\\/\"},{\"@type\":\"ListItem\",\"position\":2,\"name\":\"Butik\",\"item\":\"https:\\\/\\\/grippygripz.com\\\/sv\\\/butik\\\/\"},{\"@type\":\"ListItem\",\"position\":3,\"name\":\"GREPPGEL &#8211; Tennis\"}]},{\"@type\":\"WebSite\",\"@id\":\"https:\\\/\\\/grippygripz.com\\\/sv\\\/#website\",\"url\":\"https:\\\/\\\/grippygripz.com\\\/sv\\\/\",\"name\":\"GrippyGripz\",\"description\":\"The winning GRIP\",\"publisher\":{\"@id\":\"https:\\\/\\\/grippygripz.com\\\/sv\\\/#organization\"},\"potentialAction\":[{\"@type\":\"SearchAction\",\"target\":{\"@type\":\"EntryPoint\",\"urlTemplate\":\"https:\\\/\\\/grippygripz.com\\\/sv\\\/?s={search_term_string}\"},\"query-input\":{\"@type\":\"PropertyValueSpecification\",\"valueRequired\":true,\"valueName\":\"search_term_string\"}}],\"inLanguage\":\"sv-SE\"},{\"@type\":\"Organization\",\"@id\":\"https:\\\/\\\/grippygripz.com\\\/sv\\\/#organization\",\"name\":\"GrippyGripz\",\"url\":\"https:\\\/\\\/grippygripz.com\\\/sv\\\/\",\"logo\":{\"@type\":\"ImageObject\",\"inLanguage\":\"sv-SE\",\"@id\":\"https:\\\/\\\/grippygripz.com\\\/sv\\\/#\\\/schema\\\/logo\\\/image\\\/\",\"url\":\"https:\\\/\\\/grippygripz.com\\\/wp-content\\\/uploads\\\/2020\\\/10\\\/grippygripz-final-01.jpg\",\"contentUrl\":\"https:\\\/\\\/grippygripz.com\\\/wp-content\\\/uploads\\\/2020\\\/10\\\/grippygripz-final-01.jpg\",\"width\":1485,\"height\":865,\"caption\":\"GrippyGripz\"},\"image\":{\"@id\":\"https:\\\/\\\/grippygripz.com\\\/sv\\\/#\\\/schema\\\/logo\\\/image\\\/\"},\"sameAs\":[\"https:\\\/\\\/www.facebook.com\\\/pages\\\/category\\\/Product-Service\\\/Vespadelarse-1915274088539804\\\/\",\"https:\\\/\\\/www.instagram.com\\\/grippygripz.se\\\/\"]}]}<\/script>\n<!-- \/ Yoast SEO plugin. -->","yoast_head_json":{"title":"GREPPGEL - Tennis - GrippyGripz - Your Grip. Just Better","description":"GREPPGEL - Tennis fr\u00e5n GrippyGripz. F\u00e5 b\u00e4ttre grepp p\u00e5 tennisracket. Spela b\u00e4ttre. Unik produkt. Utvecklat i Sverige - Anv\u00e4nds v\u00e4rlden \u00f6ver - Snabba leveranser","robots":{"index":"index","follow":"follow","max-snippet":"max-snippet:-1","max-image-preview":"max-image-preview:large","max-video-preview":"max-video-preview:-1"},"canonical":"https:\/\/grippygripz.com\/sv\/greppgel-tennis\/","og_locale":"sv_SE","og_type":"article","og_title":"GREPPGEL - Tennis - GrippyGripz - Your Grip. Just Better","og_description":"GREPPGEL - Tennis fr\u00e5n GrippyGripz. F\u00e5 b\u00e4ttre grepp p\u00e5 tennisracket. Spela b\u00e4ttre. Unik produkt. Utvecklat i Sverige - Anv\u00e4nds v\u00e4rlden \u00f6ver - Snabba leveranser","og_url":"https:\/\/grippygripz.com\/sv\/greppgel-tennis\/","og_site_name":"GrippyGripz","article_publisher":"https:\/\/www.facebook.com\/pages\/category\/Product-Service\/Vespadelarse-1915274088539804\/","article_modified_time":"2026-03-31T13:07:30+00:00","og_image":[{"width":800,"height":784,"url":"https:\/\/grippygripz.com\/wp-content\/uploads\/2020\/12\/tennis-gripgel-e1606986804210.png","type":"image\/png"}],"twitter_card":"summary_large_image","schema":{"@context":"https:\/\/schema.org","@graph":[{"@type":"WebPage","@id":"https:\/\/grippygripz.com\/sv\/greppgel-tennis\/","url":"https:\/\/grippygripz.com\/sv\/greppgel-tennis\/","name":"GREPPGEL - Tennis - GrippyGripz - Your Grip. Just Better","isPartOf":{"@id":"https:\/\/grippygripz.com\/sv\/#website"},"primaryImageOfPage":{"@id":"https:\/\/grippygripz.com\/sv\/greppgel-tennis\/#primaryimage"},"image":{"@id":"https:\/\/grippygripz.com\/sv\/greppgel-tennis\/#primaryimage"},"thumbnailUrl":"https:\/\/grippygripz.com\/wp-content\/uploads\/2020\/12\/tennis-gripgel-e1606986804210.png","datePublished":"2020-11-27T10:29:50+00:00","dateModified":"2026-03-31T13:07:30+00:00","description":"GREPPGEL - Tennis fr\u00e5n GrippyGripz. F\u00e5 b\u00e4ttre grepp p\u00e5 tennisracket. Spela b\u00e4ttre. Unik produkt. Utvecklat i Sverige - Anv\u00e4nds v\u00e4rlden \u00f6ver - Snabba leveranser","breadcrumb":{"@id":"https:\/\/grippygripz.com\/sv\/greppgel-tennis\/#breadcrumb"},"inLanguage":"sv-SE","potentialAction":[{"@type":"ReadAction","target":["https:\/\/grippygripz.com\/sv\/greppgel-tennis\/"]}]},{"@type":"ImageObject","inLanguage":"sv-SE","@id":"https:\/\/grippygripz.com\/sv\/greppgel-tennis\/#primaryimage","url":"https:\/\/grippygripz.com\/wp-content\/uploads\/2020\/12\/tennis-gripgel-e1606986804210.png","contentUrl":"https:\/\/grippygripz.com\/wp-content\/uploads\/2020\/12\/tennis-gripgel-e1606986804210.png","width":800,"height":784,"caption":"B\u00e4ttre grepp tennis"},{"@type":"BreadcrumbList","@id":"https:\/\/grippygripz.com\/sv\/greppgel-tennis\/#breadcrumb","itemListElement":[{"@type":"ListItem","position":1,"name":"Home","item":"https:\/\/grippygripz.com\/sv\/"},{"@type":"ListItem","position":2,"name":"Butik","item":"https:\/\/grippygripz.com\/sv\/butik\/"},{"@type":"ListItem","position":3,"name":"GREPPGEL &#8211; Tennis"}]},{"@type":"WebSite","@id":"https:\/\/grippygripz.com\/sv\/#website","url":"https:\/\/grippygripz.com\/sv\/","name":"GrippyGripz","description":"The winning GRIP","publisher":{"@id":"https:\/\/grippygripz.com\/sv\/#organization"},"potentialAction":[{"@type":"SearchAction","target":{"@type":"EntryPoint","urlTemplate":"https:\/\/grippygripz.com\/sv\/?s={search_term_string}"},"query-input":{"@type":"PropertyValueSpecification","valueRequired":true,"valueName":"search_term_string"}}],"inLanguage":"sv-SE"},{"@type":"Organization","@id":"https:\/\/grippygripz.com\/sv\/#organization","name":"GrippyGripz","url":"https:\/\/grippygripz.com\/sv\/","logo":{"@type":"ImageObject","inLanguage":"sv-SE","@id":"https:\/\/grippygripz.com\/sv\/#\/schema\/logo\/image\/","url":"https:\/\/grippygripz.com\/wp-content\/uploads\/2020\/10\/grippygripz-final-01.jpg","contentUrl":"https:\/\/grippygripz.com\/wp-content\/uploads\/2020\/10\/grippygripz-final-01.jpg","width":1485,"height":865,"caption":"GrippyGripz"},"image":{"@id":"https:\/\/grippygripz.com\/sv\/#\/schema\/logo\/image\/"},"sameAs":["https:\/\/www.facebook.com\/pages\/category\/Product-Service\/Vespadelarse-1915274088539804\/","https:\/\/www.instagram.com\/grippygripz.se\/"]}]}},"_links":{"self":[{"href":"https:\/\/grippygripz.com\/sv\/wp-json\/wp\/v2\/product\/41750","targetHints":{"allow":["GET"]}}],"collection":[{"href":"https:\/\/grippygripz.com\/sv\/wp-json\/wp\/v2\/product"}],"about":[{"href":"https:\/\/grippygripz.com\/sv\/wp-json\/wp\/v2\/types\/product"}],"replies":[{"embeddable":true,"href":"https:\/\/grippygripz.com\/sv\/wp-json\/wp\/v2\/comments?post=41750"}],"wp:featuredmedia":[{"embeddable":true,"href":"https:\/\/grippygripz.com\/sv\/wp-json\/wp\/v2\/media\/41905"}],"wp:attachment":[{"href":"https:\/\/grippygripz.com\/sv\/wp-json\/wp\/v2\/media?parent=41750"}],"wp:term":[{"taxonomy":"product_brand","embeddable":true,"href":"https:\/\/grippygripz.com\/sv\/wp-json\/wp\/v2\/product_brand?post=41750"},{"taxonomy":"product_cat","embeddable":true,"href":"https:\/\/grippygripz.com\/sv\/wp-json\/wp\/v2\/product_cat?post=41750"},{"taxonomy":"product_tag","embeddable":true,"href":"https:\/\/grippygripz.com\/sv\/wp-json\/wp\/v2\/product_tag?post=41750"}],"curies":[{"name":"wp","href":"https:\/\/api.w.org\/{rel}","templated":true}]}}