{"id":41693,"date":"2020-11-25T20:44:57","date_gmt":"2020-11-25T19:44:58","guid":{"rendered":"https:\/\/grippygripz.com\/?post_type=product&#038;p=41693"},"modified":"2026-03-08T15:06:28","modified_gmt":"2026-03-08T14:06:28","slug":"ramskydd-padel-grl-pwr","status":"publish","type":"product","link":"https:\/\/grippygripz.com\/sv\/ramskydd-padel-grl-pwr\/","title":{"rendered":"Ramskydd Padel &#8211; GRL PWR"},"content":{"rendered":"<p>V\u00e5rt <strong>ramskydd<\/strong> till padelracket med <strong>0,30 mm nobbad<\/strong> tejp skyddar ditt padelrack fr\u00e5n repor och sprickor. Nobbad yta \u00e4r b\u00e4ttre \u00e4n vanlig plan yta och ger \u00f6kad skyddande egenskaper utan att p\u00e5verka vikten lika mycket.\u00a0 \u00c4ven en liten spricka kan ha stor inverkan p\u00e5 ditt rackets prestanda. Ett skydd \u00e4r en billig investering f\u00f6r att bibeh\u00e5lla ditt racks egenskaper och skick.<\/p>\n<p>Tv\u00e5 GrippyGripz logotyper med texten GRL PWR i silver i mitten. Se v\u00e5ra instruktioner om hur du enkelt applicerar tejpen.<\/p>\n","protected":false},"excerpt":{"rendered":"<p>GrippyGripz <strong>ramskydd till padelracket<\/strong>, tillverkat speciellt f\u00f6r PADEL-racketar kommer att skydda ditt rack. Ett padelracket \u00e4r inte billigt, s\u00e5 se till att skydda den precis som du g\u00f6r med andra dyra varor med v\u00e5r nobbade tejp. Och varf\u00f6r inte g\u00f6ra det med stil och budskap? <strong>GRL PWR!<\/strong><\/p>\n<h4>Designad i<br \/>\n<img loading=\"lazy\" decoding=\"async\" class=\"size-full wp-image-40877 alignleft\" src=\"https:\/\/grippygripz.com\/wp-content\/uploads\/2020\/10\/1200px-Sweden_flag_orb_icon.svg-e1603291360560.png\" alt=\"\" width=\"100\" height=\"100\" \/><\/h4>\n","protected":false},"featured_media":41697,"comment_status":"open","ping_status":"closed","template":"","meta":{"_acf_changed":false},"product_brand":[],"product_cat":[6126],"product_tag":[6156,6155,6128,6154],"class_list":{"0":"post-41693","1":"product","2":"type-product","3":"status-publish","4":"has-post-thumbnail","6":"product_cat-padel-racket-protection","7":"product_tag-grl-pwr","8":"product_tag-racket-protection","9":"product_tag-protection","10":"product_tag-protection-tape","11":"product_shipping_class-standard-en","13":"first","14":"instock","15":"taxable","16":"shipping-taxable","17":"purchasable","18":"product-type-simple"},"acf":[],"yoast_head":"<!-- This site is optimized with the Yoast SEO plugin v27.4 - https:\/\/yoast.com\/product\/yoast-seo-wordpress\/ -->\n<title>Padel Ramskydd Padel - GRL PWR - Grippygripz Padel<\/title>\n<meta name=\"description\" content=\"Ramskydd Padel - GRL PWR fr\u00e5n GrippyGripz. L\u00e4ckert Ramskydd med GRL PWR f\u00f6r ditt padelrack! Designad i Sverige - Anv\u00e4nds v\u00e4rlden \u00f6ver - Snabba leveranser\" \/>\n<meta name=\"robots\" content=\"index, follow, max-snippet:-1, max-image-preview:large, max-video-preview:-1\" \/>\n<link rel=\"canonical\" href=\"https:\/\/grippygripz.com\/sv\/ramskydd-padel-grl-pwr\/\" \/>\n<meta property=\"og:locale\" content=\"sv_SE\" \/>\n<meta property=\"og:type\" content=\"article\" \/>\n<meta property=\"og:title\" content=\"Padel Ramskydd Padel - GRL PWR - Grippygripz Padel\" \/>\n<meta property=\"og:description\" content=\"Ramskydd Padel - GRL PWR fr\u00e5n GrippyGripz. L\u00e4ckert Ramskydd med GRL PWR f\u00f6r ditt padelrack! Designad i Sverige - Anv\u00e4nds v\u00e4rlden \u00f6ver - Snabba leveranser\" \/>\n<meta property=\"og:url\" content=\"https:\/\/grippygripz.com\/sv\/ramskydd-padel-grl-pwr\/\" \/>\n<meta property=\"og:site_name\" content=\"GrippyGripz\" \/>\n<meta property=\"article:publisher\" content=\"https:\/\/www.facebook.com\/pages\/category\/Product-Service\/Vespadelarse-1915274088539804\/\" \/>\n<meta property=\"article:modified_time\" content=\"2026-03-08T14:06:28+00:00\" \/>\n<meta property=\"og:image\" content=\"https:\/\/grippygripz.com\/wp-content\/uploads\/2020\/11\/grl-pwr-600x600-1.png\" \/>\n\t<meta property=\"og:image:width\" content=\"600\" \/>\n\t<meta property=\"og:image:height\" content=\"600\" \/>\n\t<meta property=\"og:image:type\" content=\"image\/png\" \/>\n<meta name=\"twitter:card\" content=\"summary_large_image\" \/>\n<script type=\"application\/ld+json\" class=\"yoast-schema-graph\">{\"@context\":\"https:\\\/\\\/schema.org\",\"@graph\":[{\"@type\":\"WebPage\",\"@id\":\"https:\\\/\\\/grippygripz.com\\\/sv\\\/ramskydd-padel-grl-pwr\\\/\",\"url\":\"https:\\\/\\\/grippygripz.com\\\/sv\\\/ramskydd-padel-grl-pwr\\\/\",\"name\":\"Padel Ramskydd Padel - GRL PWR - Grippygripz Padel\",\"isPartOf\":{\"@id\":\"https:\\\/\\\/grippygripz.com\\\/sv\\\/#website\"},\"primaryImageOfPage\":{\"@id\":\"https:\\\/\\\/grippygripz.com\\\/sv\\\/ramskydd-padel-grl-pwr\\\/#primaryimage\"},\"image\":{\"@id\":\"https:\\\/\\\/grippygripz.com\\\/sv\\\/ramskydd-padel-grl-pwr\\\/#primaryimage\"},\"thumbnailUrl\":\"https:\\\/\\\/grippygripz.com\\\/wp-content\\\/uploads\\\/2020\\\/11\\\/grl-pwr-600x600-1.png\",\"datePublished\":\"2020-11-25T19:44:58+00:00\",\"dateModified\":\"2026-03-08T14:06:28+00:00\",\"description\":\"Ramskydd Padel - GRL PWR fr\u00e5n GrippyGripz. L\u00e4ckert Ramskydd med GRL PWR f\u00f6r ditt padelrack! Designad i Sverige - Anv\u00e4nds v\u00e4rlden \u00f6ver - Snabba leveranser\",\"breadcrumb\":{\"@id\":\"https:\\\/\\\/grippygripz.com\\\/sv\\\/ramskydd-padel-grl-pwr\\\/#breadcrumb\"},\"inLanguage\":\"sv-SE\",\"potentialAction\":[{\"@type\":\"ReadAction\",\"target\":[\"https:\\\/\\\/grippygripz.com\\\/sv\\\/ramskydd-padel-grl-pwr\\\/\"]}]},{\"@type\":\"ImageObject\",\"inLanguage\":\"sv-SE\",\"@id\":\"https:\\\/\\\/grippygripz.com\\\/sv\\\/ramskydd-padel-grl-pwr\\\/#primaryimage\",\"url\":\"https:\\\/\\\/grippygripz.com\\\/wp-content\\\/uploads\\\/2020\\\/11\\\/grl-pwr-600x600-1.png\",\"contentUrl\":\"https:\\\/\\\/grippygripz.com\\\/wp-content\\\/uploads\\\/2020\\\/11\\\/grl-pwr-600x600-1.png\",\"width\":600,\"height\":600,\"caption\":\"padel-girl-power\"},{\"@type\":\"BreadcrumbList\",\"@id\":\"https:\\\/\\\/grippygripz.com\\\/sv\\\/ramskydd-padel-grl-pwr\\\/#breadcrumb\",\"itemListElement\":[{\"@type\":\"ListItem\",\"position\":1,\"name\":\"Home\",\"item\":\"https:\\\/\\\/grippygripz.com\\\/sv\\\/\"},{\"@type\":\"ListItem\",\"position\":2,\"name\":\"Butik\",\"item\":\"https:\\\/\\\/grippygripz.com\\\/sv\\\/butik\\\/\"},{\"@type\":\"ListItem\",\"position\":3,\"name\":\"Ramskydd Padel &#8211; GRL PWR\"}]},{\"@type\":\"WebSite\",\"@id\":\"https:\\\/\\\/grippygripz.com\\\/sv\\\/#website\",\"url\":\"https:\\\/\\\/grippygripz.com\\\/sv\\\/\",\"name\":\"GrippyGripz\",\"description\":\"The winning GRIP\",\"publisher\":{\"@id\":\"https:\\\/\\\/grippygripz.com\\\/sv\\\/#organization\"},\"potentialAction\":[{\"@type\":\"SearchAction\",\"target\":{\"@type\":\"EntryPoint\",\"urlTemplate\":\"https:\\\/\\\/grippygripz.com\\\/sv\\\/?s={search_term_string}\"},\"query-input\":{\"@type\":\"PropertyValueSpecification\",\"valueRequired\":true,\"valueName\":\"search_term_string\"}}],\"inLanguage\":\"sv-SE\"},{\"@type\":\"Organization\",\"@id\":\"https:\\\/\\\/grippygripz.com\\\/sv\\\/#organization\",\"name\":\"GrippyGripz\",\"url\":\"https:\\\/\\\/grippygripz.com\\\/sv\\\/\",\"logo\":{\"@type\":\"ImageObject\",\"inLanguage\":\"sv-SE\",\"@id\":\"https:\\\/\\\/grippygripz.com\\\/sv\\\/#\\\/schema\\\/logo\\\/image\\\/\",\"url\":\"https:\\\/\\\/grippygripz.com\\\/wp-content\\\/uploads\\\/2020\\\/10\\\/grippygripz-final-01.jpg\",\"contentUrl\":\"https:\\\/\\\/grippygripz.com\\\/wp-content\\\/uploads\\\/2020\\\/10\\\/grippygripz-final-01.jpg\",\"width\":1485,\"height\":865,\"caption\":\"GrippyGripz\"},\"image\":{\"@id\":\"https:\\\/\\\/grippygripz.com\\\/sv\\\/#\\\/schema\\\/logo\\\/image\\\/\"},\"sameAs\":[\"https:\\\/\\\/www.facebook.com\\\/pages\\\/category\\\/Product-Service\\\/Vespadelarse-1915274088539804\\\/\",\"https:\\\/\\\/www.instagram.com\\\/grippygripz.se\\\/\"]}]}<\/script>\n<!-- \/ Yoast SEO plugin. -->","yoast_head_json":{"title":"Padel Ramskydd Padel - GRL PWR - Grippygripz Padel","description":"Ramskydd Padel - GRL PWR fr\u00e5n GrippyGripz. L\u00e4ckert Ramskydd med GRL PWR f\u00f6r ditt padelrack! Designad i Sverige - Anv\u00e4nds v\u00e4rlden \u00f6ver - Snabba leveranser","robots":{"index":"index","follow":"follow","max-snippet":"max-snippet:-1","max-image-preview":"max-image-preview:large","max-video-preview":"max-video-preview:-1"},"canonical":"https:\/\/grippygripz.com\/sv\/ramskydd-padel-grl-pwr\/","og_locale":"sv_SE","og_type":"article","og_title":"Padel Ramskydd Padel - GRL PWR - Grippygripz Padel","og_description":"Ramskydd Padel - GRL PWR fr\u00e5n GrippyGripz. L\u00e4ckert Ramskydd med GRL PWR f\u00f6r ditt padelrack! Designad i Sverige - Anv\u00e4nds v\u00e4rlden \u00f6ver - Snabba leveranser","og_url":"https:\/\/grippygripz.com\/sv\/ramskydd-padel-grl-pwr\/","og_site_name":"GrippyGripz","article_publisher":"https:\/\/www.facebook.com\/pages\/category\/Product-Service\/Vespadelarse-1915274088539804\/","article_modified_time":"2026-03-08T14:06:28+00:00","og_image":[{"width":600,"height":600,"url":"https:\/\/grippygripz.com\/wp-content\/uploads\/2020\/11\/grl-pwr-600x600-1.png","type":"image\/png"}],"twitter_card":"summary_large_image","schema":{"@context":"https:\/\/schema.org","@graph":[{"@type":"WebPage","@id":"https:\/\/grippygripz.com\/sv\/ramskydd-padel-grl-pwr\/","url":"https:\/\/grippygripz.com\/sv\/ramskydd-padel-grl-pwr\/","name":"Padel Ramskydd Padel - GRL PWR - Grippygripz Padel","isPartOf":{"@id":"https:\/\/grippygripz.com\/sv\/#website"},"primaryImageOfPage":{"@id":"https:\/\/grippygripz.com\/sv\/ramskydd-padel-grl-pwr\/#primaryimage"},"image":{"@id":"https:\/\/grippygripz.com\/sv\/ramskydd-padel-grl-pwr\/#primaryimage"},"thumbnailUrl":"https:\/\/grippygripz.com\/wp-content\/uploads\/2020\/11\/grl-pwr-600x600-1.png","datePublished":"2020-11-25T19:44:58+00:00","dateModified":"2026-03-08T14:06:28+00:00","description":"Ramskydd Padel - GRL PWR fr\u00e5n GrippyGripz. L\u00e4ckert Ramskydd med GRL PWR f\u00f6r ditt padelrack! Designad i Sverige - Anv\u00e4nds v\u00e4rlden \u00f6ver - Snabba leveranser","breadcrumb":{"@id":"https:\/\/grippygripz.com\/sv\/ramskydd-padel-grl-pwr\/#breadcrumb"},"inLanguage":"sv-SE","potentialAction":[{"@type":"ReadAction","target":["https:\/\/grippygripz.com\/sv\/ramskydd-padel-grl-pwr\/"]}]},{"@type":"ImageObject","inLanguage":"sv-SE","@id":"https:\/\/grippygripz.com\/sv\/ramskydd-padel-grl-pwr\/#primaryimage","url":"https:\/\/grippygripz.com\/wp-content\/uploads\/2020\/11\/grl-pwr-600x600-1.png","contentUrl":"https:\/\/grippygripz.com\/wp-content\/uploads\/2020\/11\/grl-pwr-600x600-1.png","width":600,"height":600,"caption":"padel-girl-power"},{"@type":"BreadcrumbList","@id":"https:\/\/grippygripz.com\/sv\/ramskydd-padel-grl-pwr\/#breadcrumb","itemListElement":[{"@type":"ListItem","position":1,"name":"Home","item":"https:\/\/grippygripz.com\/sv\/"},{"@type":"ListItem","position":2,"name":"Butik","item":"https:\/\/grippygripz.com\/sv\/butik\/"},{"@type":"ListItem","position":3,"name":"Ramskydd Padel &#8211; GRL PWR"}]},{"@type":"WebSite","@id":"https:\/\/grippygripz.com\/sv\/#website","url":"https:\/\/grippygripz.com\/sv\/","name":"GrippyGripz","description":"The winning GRIP","publisher":{"@id":"https:\/\/grippygripz.com\/sv\/#organization"},"potentialAction":[{"@type":"SearchAction","target":{"@type":"EntryPoint","urlTemplate":"https:\/\/grippygripz.com\/sv\/?s={search_term_string}"},"query-input":{"@type":"PropertyValueSpecification","valueRequired":true,"valueName":"search_term_string"}}],"inLanguage":"sv-SE"},{"@type":"Organization","@id":"https:\/\/grippygripz.com\/sv\/#organization","name":"GrippyGripz","url":"https:\/\/grippygripz.com\/sv\/","logo":{"@type":"ImageObject","inLanguage":"sv-SE","@id":"https:\/\/grippygripz.com\/sv\/#\/schema\/logo\/image\/","url":"https:\/\/grippygripz.com\/wp-content\/uploads\/2020\/10\/grippygripz-final-01.jpg","contentUrl":"https:\/\/grippygripz.com\/wp-content\/uploads\/2020\/10\/grippygripz-final-01.jpg","width":1485,"height":865,"caption":"GrippyGripz"},"image":{"@id":"https:\/\/grippygripz.com\/sv\/#\/schema\/logo\/image\/"},"sameAs":["https:\/\/www.facebook.com\/pages\/category\/Product-Service\/Vespadelarse-1915274088539804\/","https:\/\/www.instagram.com\/grippygripz.se\/"]}]}},"_links":{"self":[{"href":"https:\/\/grippygripz.com\/sv\/wp-json\/wp\/v2\/product\/41693","targetHints":{"allow":["GET"]}}],"collection":[{"href":"https:\/\/grippygripz.com\/sv\/wp-json\/wp\/v2\/product"}],"about":[{"href":"https:\/\/grippygripz.com\/sv\/wp-json\/wp\/v2\/types\/product"}],"replies":[{"embeddable":true,"href":"https:\/\/grippygripz.com\/sv\/wp-json\/wp\/v2\/comments?post=41693"}],"wp:featuredmedia":[{"embeddable":true,"href":"https:\/\/grippygripz.com\/sv\/wp-json\/wp\/v2\/media\/41697"}],"wp:attachment":[{"href":"https:\/\/grippygripz.com\/sv\/wp-json\/wp\/v2\/media?parent=41693"}],"wp:term":[{"taxonomy":"product_brand","embeddable":true,"href":"https:\/\/grippygripz.com\/sv\/wp-json\/wp\/v2\/product_brand?post=41693"},{"taxonomy":"product_cat","embeddable":true,"href":"https:\/\/grippygripz.com\/sv\/wp-json\/wp\/v2\/product_cat?post=41693"},{"taxonomy":"product_tag","embeddable":true,"href":"https:\/\/grippygripz.com\/sv\/wp-json\/wp\/v2\/product_tag?post=41693"}],"curies":[{"name":"wp","href":"https:\/\/api.w.org\/{rel}","templated":true}]}}