{"id":41166,"date":"2020-10-30T16:44:26","date_gmt":"2020-10-30T15:44:27","guid":{"rendered":"https:\/\/grippygripz.com\/?post_type=product&#038;p=41166"},"modified":"2025-12-13T08:35:38","modified_gmt":"2025-12-13T07:35:38","slug":"ramskydd-padel","status":"publish","type":"product","link":"https:\/\/grippygripz.com\/sv\/ramskydd-padel\/","title":{"rendered":"Ramskydd &#8211; Padel"},"content":{"rendered":"<p>V\u00e5rt <strong>ramskydd till padelrack<\/strong> med 0,30 mm <strong>nobbad skyddstejp<\/strong> skyddar ditt padelracket fr\u00e5n repor och sprickor. Nobbad yta \u00e4r b\u00e4ttre \u00e4n vanlig plan yta och ger <strong>\u00f6kad<\/strong> skyddande egenskaper utan att p\u00e5verka vikten lika mycket.\u00a0 \u00c4ven en liten spricka kan ha stor inverkan p\u00e5 ditt rackets prestanda. Ett skydd \u00e4r en billig investering f\u00f6r att bibeh\u00e5lla ditt racks egenskaper och skick.<\/p>\n<p>Tv\u00e5 GrippyGripz logotyper med texten <strong>GrippyGripz<\/strong> i vitt i mitten. Se v\u00e5ra instruktioner om hur du enkelt applicerar ramskyddet.<\/p>\n","protected":false},"excerpt":{"rendered":"<p>GrippyGripz <strong>ramskydd<\/strong> <strong>till padelracket<\/strong>, tillverkat speciellt f\u00f6r PADEL-racketar kommer att skydda ditt rack fr\u00e5n repor och sprickor. Ett padelracket \u00e4r inte billigt, s\u00e5 se till att skydda den precis som du g\u00f6r med andra dyra varor med v\u00e5r speciellt nobbade ramskydd.<\/p>\n<h4>Designad i<br \/>\n<img loading=\"lazy\" decoding=\"async\" class=\"size-full wp-image-40877 alignleft\" src=\"https:\/\/grippygripz.com\/wp-content\/uploads\/2020\/10\/1200px-Sweden_flag_orb_icon.svg-e1603291360560.png\" alt=\"\" width=\"100\" height=\"100\" \/><\/h4>\n","protected":false},"featured_media":41615,"comment_status":"open","ping_status":"closed","template":"","meta":{"_acf_changed":false},"product_brand":[],"product_cat":[3239,6127],"product_tag":[6158,6129,6157],"class_list":{"0":"post-41166","1":"product","2":"type-product","3":"status-publish","4":"has-post-thumbnail","6":"product_cat-favoriter","7":"product_cat-ramskydd-padelracket","8":"product_tag-ramskydd-sv","9":"product_tag-ramskydd-racketskydd","10":"product_tag-skyddstejp","11":"product_shipping_class-standard","13":"first","14":"instock","15":"taxable","16":"shipping-taxable","17":"purchasable","18":"product-type-simple"},"acf":[],"yoast_head":"<!-- This site is optimized with the Yoast SEO plugin v27.4 - https:\/\/yoast.com\/product\/yoast-seo-wordpress\/ -->\n<title>Padel Ramskydd - Padel - Ramskydd med unik design<\/title>\n<meta name=\"description\" content=\"Ramskydd - Padel fr\u00e5n GrippyGripz. Ramskydd f\u00f6r padelrack. Ett ramskydd f\u00f6r padel med nobbar! Designad i Sverige - Anv\u00e4nds v\u00e4rlden \u00f6ver - Snabba leveranser\" \/>\n<meta name=\"robots\" content=\"index, follow, max-snippet:-1, max-image-preview:large, max-video-preview:-1\" \/>\n<link rel=\"canonical\" href=\"https:\/\/grippygripz.com\/sv\/ramskydd-padel\/\" \/>\n<meta property=\"og:locale\" content=\"sv_SE\" \/>\n<meta property=\"og:type\" content=\"article\" \/>\n<meta property=\"og:title\" content=\"Padel Ramskydd - Padel - Ramskydd med unik design\" \/>\n<meta property=\"og:description\" content=\"Ramskydd - Padel fr\u00e5n GrippyGripz. Ramskydd f\u00f6r padelrack. Ett ramskydd f\u00f6r padel med nobbar! Designad i Sverige - Anv\u00e4nds v\u00e4rlden \u00f6ver - Snabba leveranser\" \/>\n<meta property=\"og:url\" content=\"https:\/\/grippygripz.com\/sv\/ramskydd-padel\/\" \/>\n<meta property=\"og:site_name\" content=\"GrippyGripz\" \/>\n<meta property=\"article:publisher\" content=\"https:\/\/www.facebook.com\/pages\/category\/Product-Service\/Vespadelarse-1915274088539804\/\" \/>\n<meta property=\"article:modified_time\" content=\"2025-12-13T07:35:38+00:00\" \/>\n<meta property=\"og:image\" content=\"https:\/\/grippygripz.com\/wp-content\/uploads\/2020\/10\/grippygripz600x600.png\" \/>\n\t<meta property=\"og:image:width\" content=\"600\" \/>\n\t<meta property=\"og:image:height\" content=\"600\" \/>\n\t<meta property=\"og:image:type\" content=\"image\/png\" \/>\n<meta name=\"twitter:card\" content=\"summary_large_image\" \/>\n<script type=\"application\/ld+json\" class=\"yoast-schema-graph\">{\"@context\":\"https:\\\/\\\/schema.org\",\"@graph\":[{\"@type\":\"WebPage\",\"@id\":\"https:\\\/\\\/grippygripz.com\\\/sv\\\/ramskydd-padel\\\/\",\"url\":\"https:\\\/\\\/grippygripz.com\\\/sv\\\/ramskydd-padel\\\/\",\"name\":\"Padel Ramskydd - Padel - Ramskydd med unik design\",\"isPartOf\":{\"@id\":\"https:\\\/\\\/grippygripz.com\\\/sv\\\/#website\"},\"primaryImageOfPage\":{\"@id\":\"https:\\\/\\\/grippygripz.com\\\/sv\\\/ramskydd-padel\\\/#primaryimage\"},\"image\":{\"@id\":\"https:\\\/\\\/grippygripz.com\\\/sv\\\/ramskydd-padel\\\/#primaryimage\"},\"thumbnailUrl\":\"https:\\\/\\\/grippygripz.com\\\/wp-content\\\/uploads\\\/2020\\\/10\\\/grippygripz600x600.png\",\"datePublished\":\"2020-10-30T15:44:27+00:00\",\"dateModified\":\"2025-12-13T07:35:38+00:00\",\"description\":\"Ramskydd - Padel fr\u00e5n GrippyGripz. Ramskydd f\u00f6r padelrack. Ett ramskydd f\u00f6r padel med nobbar! Designad i Sverige - Anv\u00e4nds v\u00e4rlden \u00f6ver - Snabba leveranser\",\"breadcrumb\":{\"@id\":\"https:\\\/\\\/grippygripz.com\\\/sv\\\/ramskydd-padel\\\/#breadcrumb\"},\"inLanguage\":\"sv-SE\",\"potentialAction\":[{\"@type\":\"ReadAction\",\"target\":[\"https:\\\/\\\/grippygripz.com\\\/sv\\\/ramskydd-padel\\\/\"]}]},{\"@type\":\"ImageObject\",\"inLanguage\":\"sv-SE\",\"@id\":\"https:\\\/\\\/grippygripz.com\\\/sv\\\/ramskydd-padel\\\/#primaryimage\",\"url\":\"https:\\\/\\\/grippygripz.com\\\/wp-content\\\/uploads\\\/2020\\\/10\\\/grippygripz600x600.png\",\"contentUrl\":\"https:\\\/\\\/grippygripz.com\\\/wp-content\\\/uploads\\\/2020\\\/10\\\/grippygripz600x600.png\",\"width\":600,\"height\":600,\"caption\":\"Ramskydd padel\"},{\"@type\":\"BreadcrumbList\",\"@id\":\"https:\\\/\\\/grippygripz.com\\\/sv\\\/ramskydd-padel\\\/#breadcrumb\",\"itemListElement\":[{\"@type\":\"ListItem\",\"position\":1,\"name\":\"Home\",\"item\":\"https:\\\/\\\/grippygripz.com\\\/sv\\\/\"},{\"@type\":\"ListItem\",\"position\":2,\"name\":\"Butik\",\"item\":\"https:\\\/\\\/grippygripz.com\\\/sv\\\/butik\\\/\"},{\"@type\":\"ListItem\",\"position\":3,\"name\":\"Ramskydd &#8211; Padel\"}]},{\"@type\":\"WebSite\",\"@id\":\"https:\\\/\\\/grippygripz.com\\\/sv\\\/#website\",\"url\":\"https:\\\/\\\/grippygripz.com\\\/sv\\\/\",\"name\":\"GrippyGripz\",\"description\":\"The winning GRIP\",\"publisher\":{\"@id\":\"https:\\\/\\\/grippygripz.com\\\/sv\\\/#organization\"},\"potentialAction\":[{\"@type\":\"SearchAction\",\"target\":{\"@type\":\"EntryPoint\",\"urlTemplate\":\"https:\\\/\\\/grippygripz.com\\\/sv\\\/?s={search_term_string}\"},\"query-input\":{\"@type\":\"PropertyValueSpecification\",\"valueRequired\":true,\"valueName\":\"search_term_string\"}}],\"inLanguage\":\"sv-SE\"},{\"@type\":\"Organization\",\"@id\":\"https:\\\/\\\/grippygripz.com\\\/sv\\\/#organization\",\"name\":\"GrippyGripz\",\"url\":\"https:\\\/\\\/grippygripz.com\\\/sv\\\/\",\"logo\":{\"@type\":\"ImageObject\",\"inLanguage\":\"sv-SE\",\"@id\":\"https:\\\/\\\/grippygripz.com\\\/sv\\\/#\\\/schema\\\/logo\\\/image\\\/\",\"url\":\"https:\\\/\\\/grippygripz.com\\\/wp-content\\\/uploads\\\/2020\\\/10\\\/grippygripz-final-01.jpg\",\"contentUrl\":\"https:\\\/\\\/grippygripz.com\\\/wp-content\\\/uploads\\\/2020\\\/10\\\/grippygripz-final-01.jpg\",\"width\":1485,\"height\":865,\"caption\":\"GrippyGripz\"},\"image\":{\"@id\":\"https:\\\/\\\/grippygripz.com\\\/sv\\\/#\\\/schema\\\/logo\\\/image\\\/\"},\"sameAs\":[\"https:\\\/\\\/www.facebook.com\\\/pages\\\/category\\\/Product-Service\\\/Vespadelarse-1915274088539804\\\/\",\"https:\\\/\\\/www.instagram.com\\\/grippygripz.se\\\/\"]}]}<\/script>\n<!-- \/ Yoast SEO plugin. -->","yoast_head_json":{"title":"Padel Ramskydd - Padel - Ramskydd med unik design","description":"Ramskydd - Padel fr\u00e5n GrippyGripz. Ramskydd f\u00f6r padelrack. Ett ramskydd f\u00f6r padel med nobbar! Designad i Sverige - Anv\u00e4nds v\u00e4rlden \u00f6ver - Snabba leveranser","robots":{"index":"index","follow":"follow","max-snippet":"max-snippet:-1","max-image-preview":"max-image-preview:large","max-video-preview":"max-video-preview:-1"},"canonical":"https:\/\/grippygripz.com\/sv\/ramskydd-padel\/","og_locale":"sv_SE","og_type":"article","og_title":"Padel Ramskydd - Padel - Ramskydd med unik design","og_description":"Ramskydd - Padel fr\u00e5n GrippyGripz. Ramskydd f\u00f6r padelrack. Ett ramskydd f\u00f6r padel med nobbar! Designad i Sverige - Anv\u00e4nds v\u00e4rlden \u00f6ver - Snabba leveranser","og_url":"https:\/\/grippygripz.com\/sv\/ramskydd-padel\/","og_site_name":"GrippyGripz","article_publisher":"https:\/\/www.facebook.com\/pages\/category\/Product-Service\/Vespadelarse-1915274088539804\/","article_modified_time":"2025-12-13T07:35:38+00:00","og_image":[{"width":600,"height":600,"url":"https:\/\/grippygripz.com\/wp-content\/uploads\/2020\/10\/grippygripz600x600.png","type":"image\/png"}],"twitter_card":"summary_large_image","schema":{"@context":"https:\/\/schema.org","@graph":[{"@type":"WebPage","@id":"https:\/\/grippygripz.com\/sv\/ramskydd-padel\/","url":"https:\/\/grippygripz.com\/sv\/ramskydd-padel\/","name":"Padel Ramskydd - Padel - Ramskydd med unik design","isPartOf":{"@id":"https:\/\/grippygripz.com\/sv\/#website"},"primaryImageOfPage":{"@id":"https:\/\/grippygripz.com\/sv\/ramskydd-padel\/#primaryimage"},"image":{"@id":"https:\/\/grippygripz.com\/sv\/ramskydd-padel\/#primaryimage"},"thumbnailUrl":"https:\/\/grippygripz.com\/wp-content\/uploads\/2020\/10\/grippygripz600x600.png","datePublished":"2020-10-30T15:44:27+00:00","dateModified":"2025-12-13T07:35:38+00:00","description":"Ramskydd - Padel fr\u00e5n GrippyGripz. Ramskydd f\u00f6r padelrack. Ett ramskydd f\u00f6r padel med nobbar! Designad i Sverige - Anv\u00e4nds v\u00e4rlden \u00f6ver - Snabba leveranser","breadcrumb":{"@id":"https:\/\/grippygripz.com\/sv\/ramskydd-padel\/#breadcrumb"},"inLanguage":"sv-SE","potentialAction":[{"@type":"ReadAction","target":["https:\/\/grippygripz.com\/sv\/ramskydd-padel\/"]}]},{"@type":"ImageObject","inLanguage":"sv-SE","@id":"https:\/\/grippygripz.com\/sv\/ramskydd-padel\/#primaryimage","url":"https:\/\/grippygripz.com\/wp-content\/uploads\/2020\/10\/grippygripz600x600.png","contentUrl":"https:\/\/grippygripz.com\/wp-content\/uploads\/2020\/10\/grippygripz600x600.png","width":600,"height":600,"caption":"Ramskydd padel"},{"@type":"BreadcrumbList","@id":"https:\/\/grippygripz.com\/sv\/ramskydd-padel\/#breadcrumb","itemListElement":[{"@type":"ListItem","position":1,"name":"Home","item":"https:\/\/grippygripz.com\/sv\/"},{"@type":"ListItem","position":2,"name":"Butik","item":"https:\/\/grippygripz.com\/sv\/butik\/"},{"@type":"ListItem","position":3,"name":"Ramskydd &#8211; Padel"}]},{"@type":"WebSite","@id":"https:\/\/grippygripz.com\/sv\/#website","url":"https:\/\/grippygripz.com\/sv\/","name":"GrippyGripz","description":"The winning GRIP","publisher":{"@id":"https:\/\/grippygripz.com\/sv\/#organization"},"potentialAction":[{"@type":"SearchAction","target":{"@type":"EntryPoint","urlTemplate":"https:\/\/grippygripz.com\/sv\/?s={search_term_string}"},"query-input":{"@type":"PropertyValueSpecification","valueRequired":true,"valueName":"search_term_string"}}],"inLanguage":"sv-SE"},{"@type":"Organization","@id":"https:\/\/grippygripz.com\/sv\/#organization","name":"GrippyGripz","url":"https:\/\/grippygripz.com\/sv\/","logo":{"@type":"ImageObject","inLanguage":"sv-SE","@id":"https:\/\/grippygripz.com\/sv\/#\/schema\/logo\/image\/","url":"https:\/\/grippygripz.com\/wp-content\/uploads\/2020\/10\/grippygripz-final-01.jpg","contentUrl":"https:\/\/grippygripz.com\/wp-content\/uploads\/2020\/10\/grippygripz-final-01.jpg","width":1485,"height":865,"caption":"GrippyGripz"},"image":{"@id":"https:\/\/grippygripz.com\/sv\/#\/schema\/logo\/image\/"},"sameAs":["https:\/\/www.facebook.com\/pages\/category\/Product-Service\/Vespadelarse-1915274088539804\/","https:\/\/www.instagram.com\/grippygripz.se\/"]}]}},"_links":{"self":[{"href":"https:\/\/grippygripz.com\/sv\/wp-json\/wp\/v2\/product\/41166","targetHints":{"allow":["GET"]}}],"collection":[{"href":"https:\/\/grippygripz.com\/sv\/wp-json\/wp\/v2\/product"}],"about":[{"href":"https:\/\/grippygripz.com\/sv\/wp-json\/wp\/v2\/types\/product"}],"replies":[{"embeddable":true,"href":"https:\/\/grippygripz.com\/sv\/wp-json\/wp\/v2\/comments?post=41166"}],"wp:featuredmedia":[{"embeddable":true,"href":"https:\/\/grippygripz.com\/sv\/wp-json\/wp\/v2\/media\/41615"}],"wp:attachment":[{"href":"https:\/\/grippygripz.com\/sv\/wp-json\/wp\/v2\/media?parent=41166"}],"wp:term":[{"taxonomy":"product_brand","embeddable":true,"href":"https:\/\/grippygripz.com\/sv\/wp-json\/wp\/v2\/product_brand?post=41166"},{"taxonomy":"product_cat","embeddable":true,"href":"https:\/\/grippygripz.com\/sv\/wp-json\/wp\/v2\/product_cat?post=41166"},{"taxonomy":"product_tag","embeddable":true,"href":"https:\/\/grippygripz.com\/sv\/wp-json\/wp\/v2\/product_tag?post=41166"}],"curies":[{"name":"wp","href":"https:\/\/api.w.org\/{rel}","templated":true}]}}