{"id":41924,"date":"2020-12-02T18:06:46","date_gmt":"2020-12-02T17:06:46","guid":{"rendered":"https:\/\/grippygripz.com\/frakt-och-retur\/"},"modified":"2026-03-06T09:58:36","modified_gmt":"2026-03-06T08:58:36","slug":"frakt-och-retur","status":"publish","type":"page","link":"https:\/\/grippygripz.com\/sv\/frakt-och-retur\/","title":{"rendered":"Frakt och retur"},"content":{"rendered":"\t\t<div data-elementor-type=\"wp-page\" data-elementor-id=\"41924\" class=\"elementor elementor-41924 elementor-41922\">\n\t\t\t\t\t\t<section class=\"elementor-section elementor-top-section elementor-element elementor-element-9b9c4fb elementor-section-boxed elementor-section-height-default elementor-section-height-default\" data-id=\"9b9c4fb\" data-element_type=\"section\" data-e-type=\"section\">\r\n\t\t\r\n\t\t\t\t\t\t\t<div class=\"elementor-container elementor-column-gap-default\">\r\n\t\t\t\t\t\t\t\t\t\t\t<div class=\"elementor-column elementor-col-100 elementor-top-column elementor-element elementor-element-7ab9745\" data-id=\"7ab9745\" data-element_type=\"column\" data-e-type=\"column\">\r\n\t\t\t\t\t<div class=\"elementor-widget-wrap elementor-element-populated\">\r\n\t\t\t\t\t\t\t\t<div class=\"elementor-element elementor-element-800634c elementor-widget elementor-widget-text-editor\" data-id=\"800634c\" data-element_type=\"widget\" data-e-type=\"widget\" data-widget_type=\"text-editor.default\">\n\t\t\t\t<div class=\"elementor-widget-container\">\n\t\t\t\t\t\t\t\t\t<h1>Frakt &amp; Returer<\/h1>\n<p><\/p>\n<h2>Frakt inom Sverige<\/h2>\n<p>GrippyGripz (Fox &amp; Owl AB) anv\u00e4nder Postnord f\u00f6r f\u00f6rs\u00e4ndelser inom Sverige.<\/p>\n<p><strong>Fri frakt i Sverige p\u00e5 alla ordrar \u00f6ver 500kr.\u00a0<\/strong>Ordinarie fraktpris inom Sverige \u00e4r 39kr med Postnord MyPack Collect eller Postnord Varubrev Hemleverans \u2013\u00a0<em>g\u00f6r ditt fraktval i kassan<\/em>.<\/p>\n<p><strong>Postnord MyPack Collect<\/strong>\u00a0\u2013 fyll i ditt postnummer och hitta det utl\u00e4mningsst\u00e4lle du vill h\u00e4mta ditt p\u00e5 paket p\u00e5. N\u00e4ra hemmet, gymmet eller jobbet spelar ingen roll.<\/p>\n<p><strong>Postnord Varubrev med hemleverans<\/strong>\u00a0\u2013 Skickas till din adress och din postl\u00e5da. I h\u00e4ndelse av att f\u00f6rs\u00e4ndelsen ej f\u00e5r plats i din postl\u00e5da h\u00e4mtas paketet p\u00e5 n\u00e4rmsta utl\u00e4mningsst\u00e4llet.<\/p>\n<p>Vi behandlar alla ordrar s\u00e5 snabbt s\u00e5 snart det g\u00e5r.<\/p>\n<h2>Frakt internationellt<\/h2>\n<p>F\u00f6r internationell frakt anv\u00e4nder GrippyGripz Postnord som leveranspartner. Priset f\u00f6r frakter internationellt varierar fr\u00e5n land till land. Ditt aktuella fraktpris framg\u00e5r i kassan n\u00e4r du anger adress och land. Hittar du inte ditt land i listan? Kontakta\u00a0<a href=\"mailto:info@grippygripz.com\">info@grippygripz.com<\/a>\u00a0s\u00e5 f\u00f6rs\u00f6ker vi hj\u00e4lpa dig manuellt.<\/p>\n<h2>Retur- &amp; byteshantering<\/h2>\n<p><\/p>\n<ul>\n<li>Som kund har du r\u00e4tt att returnera hela eller delar av din best\u00e4llning inom 14 dagar fr\u00e5n mottagandet av best\u00e4llningen. Denna r\u00e4tt g\u00e4ller endast om produkten och originalf\u00f6rpackning kan returneras i samma skick som vid mottagandet.<\/li>\n<li>G\u00f6ra en retur: maila\u00a0<a href=\"mailto:info@grippygripz.com\">info@grippygripz.com<\/a>\u00a0med information (ordernummer, varor som skall bytas eller ruternas) om din retur s\u00e5 erh\u00e5ller du en returetikett f\u00f6r utskrift per e-post. F\u00f6lj sedan anvisningarna p\u00e5 returetiketten beroende p\u00e5 ditt valda frakts\u00e4tt.<\/li>\n<li>Returkostnaden betalas av dig som konsument och kan komma att variera. Vid returer dras den faktiska fraktkostnaden av innan \u00e5terbetalning sker.<\/li>\n<li>Normalt handl\u00e4ggs alla returer inom 10 dagar fr\u00e5n det att vi erh\u00e5llet returf\u00f6rs\u00e4ndelsen.<\/li>\n<li>S\u00e5 snart \u00e5terbetalning sker erh\u00e5ller du ett e-postmeddelande fr\u00e5n Kustom.<\/li>\n<\/ul>\n<p><\/p>\n<h2>\u00c5terbetalning av returnerad vara<\/h2>\n<p>Vid godk\u00e4nd retur anv\u00e4nder vi Kustom&#8217;s betalsystem f\u00f6r att \u00e5terbetala den del av din order som skickats i retur. Tillsammans med Kustom skickar vi \u00e4ven ut elektronisk bekr\u00e4ftelse p\u00e5 din \u00e5terbetalning via e-post.<\/p>\n<h2>Kostnadsfri returhantering vid byten<\/h2>\n<p>Vid byten ing\u00e5r returfrakten och eventuella fraktkostnader betalas av GrippyGripz. Fri frakt vid byten g\u00e4ller endast inom Sverige.<\/p>\n\t\t\t\t\t\t\t\t<\/div>\n\t\t\t\t<\/div>\n\t\t\t\t\t<\/div>\r\n\t\t\t\t<\/div>\r\n\t\t\t\t\t<\/div>\r\n\t\t\t\t<\/section>\r\n\t\t\t\t<\/div>\n\t\t","protected":false},"excerpt":{"rendered":"<p>Frakt &amp; Returer Frakt inom Sverige GrippyGripz (Fox &amp; Owl AB) anv\u00e4nder Postnord f\u00f6r f\u00f6rs\u00e4ndelser inom Sverige. Fri frakt i Sverige p\u00e5 alla ordrar \u00f6ver 500kr.\u00a0Ordinarie fraktpris inom Sverige \u00e4r 39kr med Postnord MyPack Collect eller Postnord Varubrev Hemleverans \u2013\u00a0g\u00f6r ditt fraktval i kassan. Postnord MyPack Collect\u00a0\u2013 fyll i ditt postnummer och hitta det utl\u00e4mningsst\u00e4lle [&hellip;]<\/p>\n","protected":false},"author":1,"featured_media":0,"parent":0,"menu_order":0,"comment_status":"closed","ping_status":"closed","template":"","meta":{"_acf_changed":false,"footnotes":""},"class_list":["post-41924","page","type-page","status-publish","hentry"],"acf":[],"yoast_head":"<!-- This site is optimized with the Yoast SEO plugin v27.4 - https:\/\/yoast.com\/product\/yoast-seo-wordpress\/ -->\n<title>Frakt och retur - GrippyGripz<\/title>\n<meta name=\"description\" content=\"Frakt och retur policy hos GrippyGripz. B\u00e4sta greppf\u00f6rb\u00e4ttraren till padel, tennis, badminton, gym, squash m.m.\" \/>\n<meta name=\"robots\" content=\"index, follow, max-snippet:-1, max-image-preview:large, max-video-preview:-1\" \/>\n<link rel=\"canonical\" href=\"https:\/\/grippygripz.com\/sv\/frakt-och-retur\/\" \/>\n<meta property=\"og:locale\" content=\"sv_SE\" \/>\n<meta property=\"og:type\" content=\"article\" \/>\n<meta property=\"og:title\" content=\"Frakt och retur - GrippyGripz\" \/>\n<meta property=\"og:description\" content=\"Frakt och retur policy hos GrippyGripz. B\u00e4sta greppf\u00f6rb\u00e4ttraren till padel, tennis, badminton, gym, squash m.m.\" \/>\n<meta property=\"og:url\" content=\"https:\/\/grippygripz.com\/sv\/frakt-och-retur\/\" \/>\n<meta property=\"og:site_name\" content=\"GrippyGripz\" \/>\n<meta property=\"article:publisher\" content=\"https:\/\/www.facebook.com\/pages\/category\/Product-Service\/Vespadelarse-1915274088539804\/\" \/>\n<meta property=\"article:modified_time\" content=\"2026-03-06T08:58:36+00:00\" \/>\n<meta name=\"twitter:card\" content=\"summary_large_image\" \/>\n<meta name=\"twitter:label1\" content=\"Est. reading time\" \/>\n\t<meta name=\"twitter:data1\" content=\"2 minutes\" \/>\n<script type=\"application\/ld+json\" class=\"yoast-schema-graph\">{\"@context\":\"https:\\\/\\\/schema.org\",\"@graph\":[{\"@type\":\"WebPage\",\"@id\":\"https:\\\/\\\/grippygripz.com\\\/sv\\\/frakt-och-retur\\\/\",\"url\":\"https:\\\/\\\/grippygripz.com\\\/sv\\\/frakt-och-retur\\\/\",\"name\":\"Frakt och retur - GrippyGripz\",\"isPartOf\":{\"@id\":\"https:\\\/\\\/grippygripz.com\\\/sv\\\/#website\"},\"datePublished\":\"2020-12-02T17:06:46+00:00\",\"dateModified\":\"2026-03-06T08:58:36+00:00\",\"description\":\"Frakt och retur policy hos GrippyGripz. B\u00e4sta greppf\u00f6rb\u00e4ttraren till padel, tennis, badminton, gym, squash m.m.\",\"breadcrumb\":{\"@id\":\"https:\\\/\\\/grippygripz.com\\\/sv\\\/frakt-och-retur\\\/#breadcrumb\"},\"inLanguage\":\"sv-SE\",\"potentialAction\":[{\"@type\":\"ReadAction\",\"target\":[\"https:\\\/\\\/grippygripz.com\\\/sv\\\/frakt-och-retur\\\/\"]}]},{\"@type\":\"BreadcrumbList\",\"@id\":\"https:\\\/\\\/grippygripz.com\\\/sv\\\/frakt-och-retur\\\/#breadcrumb\",\"itemListElement\":[{\"@type\":\"ListItem\",\"position\":1,\"name\":\"Home\",\"item\":\"https:\\\/\\\/grippygripz.com\\\/sv\\\/\"},{\"@type\":\"ListItem\",\"position\":2,\"name\":\"Frakt och retur\"}]},{\"@type\":\"WebSite\",\"@id\":\"https:\\\/\\\/grippygripz.com\\\/sv\\\/#website\",\"url\":\"https:\\\/\\\/grippygripz.com\\\/sv\\\/\",\"name\":\"GrippyGripz\",\"description\":\"The winning GRIP\",\"publisher\":{\"@id\":\"https:\\\/\\\/grippygripz.com\\\/sv\\\/#organization\"},\"potentialAction\":[{\"@type\":\"SearchAction\",\"target\":{\"@type\":\"EntryPoint\",\"urlTemplate\":\"https:\\\/\\\/grippygripz.com\\\/sv\\\/?s={search_term_string}\"},\"query-input\":{\"@type\":\"PropertyValueSpecification\",\"valueRequired\":true,\"valueName\":\"search_term_string\"}}],\"inLanguage\":\"sv-SE\"},{\"@type\":\"Organization\",\"@id\":\"https:\\\/\\\/grippygripz.com\\\/sv\\\/#organization\",\"name\":\"GrippyGripz\",\"url\":\"https:\\\/\\\/grippygripz.com\\\/sv\\\/\",\"logo\":{\"@type\":\"ImageObject\",\"inLanguage\":\"sv-SE\",\"@id\":\"https:\\\/\\\/grippygripz.com\\\/sv\\\/#\\\/schema\\\/logo\\\/image\\\/\",\"url\":\"https:\\\/\\\/grippygripz.com\\\/wp-content\\\/uploads\\\/2020\\\/10\\\/grippygripz-final-01.jpg\",\"contentUrl\":\"https:\\\/\\\/grippygripz.com\\\/wp-content\\\/uploads\\\/2020\\\/10\\\/grippygripz-final-01.jpg\",\"width\":1485,\"height\":865,\"caption\":\"GrippyGripz\"},\"image\":{\"@id\":\"https:\\\/\\\/grippygripz.com\\\/sv\\\/#\\\/schema\\\/logo\\\/image\\\/\"},\"sameAs\":[\"https:\\\/\\\/www.facebook.com\\\/pages\\\/category\\\/Product-Service\\\/Vespadelarse-1915274088539804\\\/\",\"https:\\\/\\\/www.instagram.com\\\/grippygripz.se\\\/\"]}]}<\/script>\n<!-- \/ Yoast SEO plugin. -->","yoast_head_json":{"title":"Frakt och retur - GrippyGripz","description":"Frakt och retur policy hos GrippyGripz. B\u00e4sta greppf\u00f6rb\u00e4ttraren till padel, tennis, badminton, gym, squash m.m.","robots":{"index":"index","follow":"follow","max-snippet":"max-snippet:-1","max-image-preview":"max-image-preview:large","max-video-preview":"max-video-preview:-1"},"canonical":"https:\/\/grippygripz.com\/sv\/frakt-och-retur\/","og_locale":"sv_SE","og_type":"article","og_title":"Frakt och retur - GrippyGripz","og_description":"Frakt och retur policy hos GrippyGripz. B\u00e4sta greppf\u00f6rb\u00e4ttraren till padel, tennis, badminton, gym, squash m.m.","og_url":"https:\/\/grippygripz.com\/sv\/frakt-och-retur\/","og_site_name":"GrippyGripz","article_publisher":"https:\/\/www.facebook.com\/pages\/category\/Product-Service\/Vespadelarse-1915274088539804\/","article_modified_time":"2026-03-06T08:58:36+00:00","twitter_card":"summary_large_image","twitter_misc":{"Est. reading time":"2 minutes"},"schema":{"@context":"https:\/\/schema.org","@graph":[{"@type":"WebPage","@id":"https:\/\/grippygripz.com\/sv\/frakt-och-retur\/","url":"https:\/\/grippygripz.com\/sv\/frakt-och-retur\/","name":"Frakt och retur - GrippyGripz","isPartOf":{"@id":"https:\/\/grippygripz.com\/sv\/#website"},"datePublished":"2020-12-02T17:06:46+00:00","dateModified":"2026-03-06T08:58:36+00:00","description":"Frakt och retur policy hos GrippyGripz. B\u00e4sta greppf\u00f6rb\u00e4ttraren till padel, tennis, badminton, gym, squash m.m.","breadcrumb":{"@id":"https:\/\/grippygripz.com\/sv\/frakt-och-retur\/#breadcrumb"},"inLanguage":"sv-SE","potentialAction":[{"@type":"ReadAction","target":["https:\/\/grippygripz.com\/sv\/frakt-och-retur\/"]}]},{"@type":"BreadcrumbList","@id":"https:\/\/grippygripz.com\/sv\/frakt-och-retur\/#breadcrumb","itemListElement":[{"@type":"ListItem","position":1,"name":"Home","item":"https:\/\/grippygripz.com\/sv\/"},{"@type":"ListItem","position":2,"name":"Frakt och retur"}]},{"@type":"WebSite","@id":"https:\/\/grippygripz.com\/sv\/#website","url":"https:\/\/grippygripz.com\/sv\/","name":"GrippyGripz","description":"The winning GRIP","publisher":{"@id":"https:\/\/grippygripz.com\/sv\/#organization"},"potentialAction":[{"@type":"SearchAction","target":{"@type":"EntryPoint","urlTemplate":"https:\/\/grippygripz.com\/sv\/?s={search_term_string}"},"query-input":{"@type":"PropertyValueSpecification","valueRequired":true,"valueName":"search_term_string"}}],"inLanguage":"sv-SE"},{"@type":"Organization","@id":"https:\/\/grippygripz.com\/sv\/#organization","name":"GrippyGripz","url":"https:\/\/grippygripz.com\/sv\/","logo":{"@type":"ImageObject","inLanguage":"sv-SE","@id":"https:\/\/grippygripz.com\/sv\/#\/schema\/logo\/image\/","url":"https:\/\/grippygripz.com\/wp-content\/uploads\/2020\/10\/grippygripz-final-01.jpg","contentUrl":"https:\/\/grippygripz.com\/wp-content\/uploads\/2020\/10\/grippygripz-final-01.jpg","width":1485,"height":865,"caption":"GrippyGripz"},"image":{"@id":"https:\/\/grippygripz.com\/sv\/#\/schema\/logo\/image\/"},"sameAs":["https:\/\/www.facebook.com\/pages\/category\/Product-Service\/Vespadelarse-1915274088539804\/","https:\/\/www.instagram.com\/grippygripz.se\/"]}]}},"_links":{"self":[{"href":"https:\/\/grippygripz.com\/sv\/wp-json\/wp\/v2\/pages\/41924","targetHints":{"allow":["GET"]}}],"collection":[{"href":"https:\/\/grippygripz.com\/sv\/wp-json\/wp\/v2\/pages"}],"about":[{"href":"https:\/\/grippygripz.com\/sv\/wp-json\/wp\/v2\/types\/page"}],"author":[{"embeddable":true,"href":"https:\/\/grippygripz.com\/sv\/wp-json\/wp\/v2\/users\/1"}],"replies":[{"embeddable":true,"href":"https:\/\/grippygripz.com\/sv\/wp-json\/wp\/v2\/comments?post=41924"}],"version-history":[{"count":3,"href":"https:\/\/grippygripz.com\/sv\/wp-json\/wp\/v2\/pages\/41924\/revisions"}],"predecessor-version":[{"id":59049,"href":"https:\/\/grippygripz.com\/sv\/wp-json\/wp\/v2\/pages\/41924\/revisions\/59049"}],"wp:attachment":[{"href":"https:\/\/grippygripz.com\/sv\/wp-json\/wp\/v2\/media?parent=41924"}],"curies":[{"name":"wp","href":"https:\/\/api.w.org\/{rel}","templated":true}]}}