{"id":41153,"date":"2020-10-30T10:10:34","date_gmt":"2020-10-30T09:10:34","guid":{"rendered":"https:\/\/grippygripz.com\/allmanna-villkor\/"},"modified":"2021-09-06T19:14:53","modified_gmt":"2021-09-06T17:14:53","slug":"allmanna-villkor","status":"publish","type":"page","link":"https:\/\/grippygripz.com\/sv\/allmanna-villkor\/","title":{"rendered":"Allm\u00e4nna villkor"},"content":{"rendered":"\t\t<div data-elementor-type=\"wp-page\" data-elementor-id=\"41153\" class=\"elementor elementor-41153 elementor-32212\">\n\t\t\t\t\t\t<section class=\"elementor-section elementor-top-section elementor-element elementor-element-716003f3 elementor-section-boxed elementor-section-height-default elementor-section-height-default\" data-id=\"716003f3\" data-element_type=\"section\" data-e-type=\"section\">\r\n\t\t\r\n\t\t\t\t\t\t\t<div class=\"elementor-container elementor-column-gap-default\">\r\n\t\t\t\t\t\t\t\t\t\t\t<div class=\"elementor-column elementor-col-100 elementor-top-column elementor-element elementor-element-55e2c655\" data-id=\"55e2c655\" data-element_type=\"column\" data-e-type=\"column\">\r\n\t\t\t\t\t<div class=\"elementor-widget-wrap elementor-element-populated\">\r\n\t\t\t\t\t\t\t\t<div class=\"elementor-element elementor-element-7e261706 elementor-widget elementor-widget-text-editor\" data-id=\"7e261706\" data-element_type=\"widget\" data-e-type=\"widget\" data-widget_type=\"text-editor.default\">\n\t\t\t\t<div class=\"elementor-widget-container\">\n\t\t\t\t\t\t\t\t\t<p><strong>Allm\u00e4nna villkor<\/strong><\/p>\n<ol>\n<li>Allm\u00e4nt<\/li>\n<\/ol>\n<p>1.1<br \/>\nDessa allm\u00e4nna villkor g\u00e4ller n\u00e4r du som konsument g\u00f6r en best\u00e4llning via n\u00e5gon av v\u00e5ra (Fox &amp; Owl AB) hemsidor \u2013 d\u00e4r Grippygripz.se \/ Grippygripz.com ing\u00e5r. Avtal ing\u00e5s mellan dig och Fox &amp; Owl AB, organisationsnummer (559242-4914). Vid best\u00e4llning tr\u00e4ffas avtal om k\u00f6p f\u00f6rst n\u00e4r vi bekr\u00e4ftat best\u00e4llningen genom en orderbekr\u00e4ftelse. Orderbekr\u00e4ftelsen genereras automatiskt utan manuell \u00f6versyn. Vid eventuella felaktigheter i till exempel angivande av pris, leveranstid etcetera f\u00f6rbeh\u00e5ller vi oss r\u00e4tten att korrigera detta i efterhand. Vi ing\u00e5r endast avtal med myndig person (18 \u00e5r). Fox &amp; Owl AB har \u00e4gande- och \u00e5tertagander\u00e4tt till samtliga varor tills dess att fullst\u00e4ndig betalning har erlagts fr\u00e5n kund. Eventuell ers\u00e4ttning f\u00f6r felaktiga eller fellevererade varor \u00e4r begr\u00e4nsad till varans ink\u00f6pspris.<\/p>\n<p>1.2<br \/>\nVi f\u00f6ljer Allm\u00e4nna reklamationsn\u00e4mnden (ARN).<\/p>\n<p>1.3<br \/>\nVi reserverar sig f\u00f6r slutf\u00f6rs\u00e4ljning samt eventuella bild- och skrivfel p\u00e5 n\u00e5gon av hemsidorna, exempelvis fel i produktbeskrivning eller teknisk specifikation, felaktiga priser samt prisjusteringar (s\u00e5som f\u00f6r\u00e4ndrade priser fr\u00e5n leverant\u00f6rer eller valutaf\u00f6r\u00e4ndringar) eller felaktig information ang\u00e5ende om en vara finns i lager. Vi har r\u00e4tt att korrigera s\u00e5dana eventuella fel och att \u00e4ndra eller uppdatera informationen n\u00e4r som helst.<\/p>\n<p>1.4<br \/>\nAll information p\u00e5 dessa hemsidor, samt allt inneh\u00e5ll p\u00e5 denna, \u00e4gs av Fox &amp; Owl AB eller dess licensgivare. Informationen \u00e4r skyddad genom bland annat immaterialr\u00e4ttsliga och marknadsr\u00e4ttsliga lagar. Detta inneb\u00e4r att varum\u00e4rken, firmanamn, produktnamn, bilder och grafik, design, layout samt information om varor, tj\u00e4nster och annat inneh\u00e5ll inte f\u00e5r kopieras eller anv\u00e4ndas utan skriftligt godk\u00e4nnande fr\u00e5n oss.<\/p>\n<p>&nbsp;<\/p>\n<ol>\n<li>Avtal och Best\u00e4llning<\/li>\n<\/ol>\n<p>2.1<br \/>\nF\u00f6r att kunna g\u00f6ra ett k\u00f6p p\u00e5 n\u00e5gon av hemsidorna m\u00e5ste Du acceptera Villkoren. Genom att acceptera Villkoren f\u00f6rbinder Du dig att f\u00f6lja Villkoren i sin helhet, samt godk\u00e4nner att Du tagit del av informationen om personuppgifter och samtyckt till anv\u00e4ndningen av personuppgifter och cookies.<\/p>\n<p>&nbsp;<\/p>\n<p>2.2<br \/>\nEtt avtal om k\u00f6p ing\u00e5s f\u00f6rst n\u00e4r vi bekr\u00e4ftat din best\u00e4llning och Du mottagit orderbekr\u00e4ftelse fr\u00e5n oss per e-post. Vi uppmanar dig att spara denna orderbekr\u00e4ftelse f\u00f6r eventuella kontakter med v\u00e5r kundtj\u00e4nst.<\/p>\n<p>&nbsp;<\/p>\n<ol>\n<li>Kunduppgifter mm.<\/li>\n<\/ol>\n<p>3.1<br \/>\nVi rekommenderar att Du skapar ett anv\u00e4ndarkonto innan Du handlar p\u00e5 n\u00e5gon av v\u00e5ra hemsidor. N\u00e4r Du registrerar ditt anv\u00e4ndarkonto och\/eller ska genomf\u00f6ra en best\u00e4llning kommer Du att bli ombedd att uppge vissa personuppgifter. Du bekr\u00e4ftar att de uppgifter som Du fyller i \u00e4r korrekta och fullst\u00e4ndiga samt ansvarar f\u00f6r felaktigt ifyllda uppgifter.<\/p>\n<p>&nbsp;<\/p>\n<p>3.2<br \/>\nDu \u00e5tar dig att se till att ingen annan kan anv\u00e4nda dina inloggningsuppgifter. Du f\u00e5r inte avsl\u00f6ja anv\u00e4ndarnamn och l\u00f6senord f\u00f6r n\u00e5gon obeh\u00f6rig och ska se till att handling med uppgift om anv\u00e4ndarnamn och l\u00f6senord f\u00f6rvaras p\u00e5 ett s\u00e5dant s\u00e4tt att obeh\u00f6rig inte kan f\u00e5 tillg\u00e5ng till informationen. Du ska omg\u00e5ende anm\u00e4la till oss om det kan misst\u00e4nkas att obeh\u00f6rig f\u00e5tt tillg\u00e5ng till ditt l\u00f6senord. Du ansvarar f\u00f6r alla k\u00f6p som gjorts med dina inloggningsuppgifter om s\u00e5dan anm\u00e4lan inte gjorts.<\/p>\n<p>&nbsp;<\/p>\n<p>3.3<br \/>\nOm vi misst\u00e4nker att Du missbrukar ditt anv\u00e4ndarkonto eller sina inloggningsuppgifter eller annars bryter mot Villkoren har vi r\u00e4tt att st\u00e4nga av dig. Vi har \u00e4ven r\u00e4tt att tilldela dig nya inloggningsuppgifter.<\/p>\n<p>&nbsp;<\/p>\n<ol>\n<li>Priser, avgifter och betalning<\/li>\n<\/ol>\n<p>4.1<br \/>\nVid best\u00e4llning p\u00e5 n\u00e5gon av v\u00e5ra hemsidor g\u00e4ller de priser som anges p\u00e5 hemsidan. Priser anges i svenska kronor och \u00e4r inklusive moms. Priserna inkluderar inte betalnings- och fraktavgifter, som anges separat.<\/p>\n<p>4.2<br \/>\nVi har r\u00e4tt att ta betalt redan i samband med best\u00e4llningen, om inte fakturabetalning eller annat liknande betals\u00e4tt valts av dig och godk\u00e4nts av oss. Vid fakturabetalning eller delbetalning kan v\u00e5r samarbetspartner komma att g\u00f6ra en kreditupplysning. Vi f\u00f6rbeh\u00e5ller oss r\u00e4tten att inte alltid erbjuda alla betals\u00e4tt, alternativt \u00e4ndra betals\u00e4tt om det som Du valt av n\u00e5gon anledning inte fungerar vid tillf\u00e4llet f\u00f6r k\u00f6pet..<\/p>\n<ol>\n<li>Kampanjer och erbjudanden<\/li>\n<\/ol>\n<p>Vi kan fr\u00e5n tid till annan erbjuda kampanjer p\u00e5 hemsidan som kan ha f\u00f6rm\u00e5nligare villkor \u00e4n vad som framg\u00e5r av dessa Villkor, t.ex. r\u00f6rande betalning eller f\u00f6rl\u00e4ngd \u00e5ngerr\u00e4tt. Dessa f\u00f6rm\u00e5nligare villkor g\u00e4ller s\u00e5 l\u00e4nge kampanjen \u00e4r aktiv och f\u00f6r de specifika varor som anges av oss i samband med kampanjen. Vi f\u00f6rbeh\u00e5ller sig r\u00e4tten att n\u00e4r som helst \u00e5terkalla s\u00e5dana kampanjer. Vid avslutande eller \u00e5terkallande av en kampanj g\u00e4ller dessa Villkor utan \u00e4ndringar. Erbjudanden p\u00e5 specifika varor p\u00e5 hemsidan g\u00e4ller under en begr\u00e4nsad tid och s\u00e5 l\u00e4nge lagret r\u00e4cker.<\/p>\n<p>5.1 B\u00e4sta-pris-garantin betyder att om du handlar en vara hos oss och hittar den till ett b\u00e4ttre pris inom en vecka hos n\u00e5gon annan akt\u00f6r i Sverige, s\u00e5 f\u00e5r du tillbaka mellanskillnaden mellan det pris du betalat hos oss samt att vi l\u00e4gger till 10% av denna mellanskillnad. Detta g\u00e4ller ej om det b\u00e4ttre priset hos en konkurrent finns hos denne under begr\u00e4nsad tid, sker under en kampanj, eller p\u00e5 annat s\u00e4tt \u00e4r villkorat f\u00f6r att uppn\u00e5.<\/p>\n<ol>\n<li>Leverans och transport<\/li>\n<\/ol>\n<p>6.1<br \/>\nDe varor vi har p\u00e5 eget lager kan vi normalt leverera inom (1-4 arbetsdagar inom SVERIGE) inom (3-10 dagar i EUROPA). F\u00f6r best\u00e4llningsvaror meddelas leveranstid eller tid n\u00e4r varan l\u00e4mnar oss p\u00e5 orderbekr\u00e4ftelse eller genom att vi kontaktar dig. Meddelande om eventuella avvikelser fr\u00e5n den normala leveranstiden eller den information som finns p\u00e5 v\u00e5r hemsida, f\u00e5r du ocks\u00e5 i samband med orderbekr\u00e4ftelsen eller att vi kontaktar dig i den m\u00e5n vi kan. Du har d\u00e5 givetvis r\u00e4tt att avst\u00e5 alternativt \u00e4ndra din best\u00e4llning om du exempelvis anser leveranstiden f\u00f6r l\u00e5ng.<\/p>\n<p>6.2 TRANSPORTRISK Vi st\u00e5r f\u00f6r transportrisken, det vill s\u00e4ga risken f\u00f6r att varan skadas eller kommer bort under transporten fr\u00e5n v\u00e5rt lager till dig. Du st\u00e5r f\u00f6r risken vid eventuell retur till oss.<\/p>\n<p>6.3 SKADAT GODS N\u00e4r du tar emot ditt gods \u00e4r det viktigt att du omedelbart besiktigar paketet. Skulle emballaget vara skadat s\u00e5 meddelar du detta direkt till ditt postcenter alternativt den lastbilschauff\u00f6r som levererat paketet. OBS! Det \u00e4r viktigt att du g\u00f6r en korrekt anm\u00e4lan. Se till att f\u00e5 en bekr\u00e4ftelse p\u00e5 att ditt gods \u00e4r skadat.<\/p>\n<p>6.4 Vi ansvarar enbart f\u00f6r f\u00f6rs\u00e4ndelsen inom Sveriges gr\u00e4nser. Du kan returnera din produkt om f\u00f6rpackningen \u00e4r obruten och varan ej har anv\u00e4nts enligt reglerna om hem och distansk\u00f6plagen.<\/p>\n<p>Vid retur s\u00e5 kommer vi stryka varan fr\u00e5n fakturan men beh\u00e5lla kostnaden f\u00f6r transporten.<\/p>\n<p>&nbsp;<\/p>\n<ol>\n<li>Garanti och reklamation<\/li>\n<\/ol>\n<p>8.1<br \/>\nGaranti f\u00f6r varor t\u00e4cker endast ursprungliga fabrikationsfel, och d\u00e4rmed inte fel som uppst\u00e5r vid eller efter en egen f\u00f6r\u00e4ndring av varans funktion och utseende. Din orderbekr\u00e4ftelse g\u00e4ller som garantibevis. Olika varor har olika garantitider.<\/p>\n<p>8.2<br \/>\nReklamationsr\u00e4tten t\u00e4cker varor som \u00e4r felaktiga enligt g\u00e4llande konsumentskyddslagstiftning. Kund som \u00f6nskar g\u00f6ra g\u00e4llande fel i best\u00e4lld vara ska kontakta oss s\u00e5 snart som m\u00f6jligt efter att felet uppt\u00e4ckts via de kontaktuppgifter som anges p\u00e5 hemsidan. Reklamationer som g\u00f6rs inom tv\u00e5 m\u00e5nader fr\u00e5n det att Du uppt\u00e4ckt felet anses alltid ha l\u00e4mnats i r\u00e4tt tid. Du har 3 \u00e5rs reklamationsr\u00e4tt dock \u00e4r det enligt konsumentverket 6 m\u00e5naders \u201cgaranti\u201d dvs n\u00e4r s\u00e4ljaren ska bevisa att felet fanns fr\u00e5n start och efter 6 m\u00e5nader ligger bevisb\u00f6rdan p\u00e5 kund f\u00f6r varor ink\u00f6pta p\u00e5 hemsidan. D\u00e4refter l\u00e4mnar vi b\u00e4ttre garantier \u00e4n s\u00e5 p\u00e5 m\u00e5nga av v\u00e5ra produkter se garantivillkor. Reklamera alltid s\u00e5 snart som m\u00f6jligt f\u00f6r att vara s\u00e4ker p\u00e5 att inte g\u00e5 miste om dina r\u00e4ttigheter.<\/p>\n<p>8.3<br \/>\nN\u00e4r reklamerad vara returnerats och reklamationen godk\u00e4nts kommer vi att kompensera dig i enlighet med g\u00e4llande konsumentskyddslagstiftning. Vi str\u00e4var efter att detta ska ske inom 30 dagar fr\u00e5n det att vi mottagit reklamationen, men det kan ta l\u00e4ngre tid beroende p\u00e5 varans art. Vi f\u00f6rbeh\u00e5ller sig r\u00e4tten att neka en reklamation om det visar sig att varan inte \u00e4r felaktig enligt g\u00e4llande konsumentskyddslagstiftning. Vid reklamationer f\u00f6ljer vi riktlinjer fr\u00e5n Allm\u00e4nna Reklamationsn\u00e4mnden, se\u00a0<a href=\"http:\/\/www.arn.se\/\">www.arn.se<\/a>. Mer information finns p\u00e5\u00a0<a href=\"http:\/\/www.kopenscooter.nu\/sv\/allmanna-villkor\/http\/\/www.konsumentverket.se\">www.konsumentverket.se<\/a>.<\/p>\n<ol>\n<li>Force Majeure<br \/>\nVi ansvarar inte f\u00f6r f\u00f6rseningar orsakade av omst\u00e4ndigheter som vi inte kunnat r\u00e5da \u00f6ver s\u00e5som exempelvis allm\u00e4n arbetskonflikt, krig, eldsv\u00e5da, blixtnedslag, terroristattack, \u00e4ndrad myndighetsbest\u00e4mmelse, tekniska problem, fel i el-\/tele-\/dataf\u00f6rbindelser eller annan kommunikation samt fel eller f\u00f6rsening i tj\u00e4nster fr\u00e5n underleverant\u00f6r p\u00e5 grund av omst\u00e4ndighet som h\u00e4r angivits. Dessa omst\u00e4ndigheter ska utg\u00f6ra befrielsegrund som medf\u00f6r befrielse fr\u00e5n skadest\u00e5nd och andra p\u00e5f\u00f6ljder. Om n\u00e5gon s\u00e5dan situation skulle uppst\u00e5 informerar vi dig dels i b\u00f6rjan och dels i slutet av tiden f\u00f6r den aktuella situationen. Har omst\u00e4ndigheten varat l\u00e4ngre \u00e4n tv\u00e5 m\u00e5nader har b\u00e5de Du och vi r\u00e4tt att h\u00e4va k\u00f6pet med omedelbar verkan.<\/li>\n<\/ol>\n<p>&nbsp;<\/p>\n<ol>\n<li>\u00c4ndringar av Villkoren<\/li>\n<\/ol>\n<p>Vi f\u00f6rbeh\u00e5ller sig r\u00e4tten att g\u00f6ra \u00e4ndringar i dessa Villkor n\u00e4r som helst i tiden. Alla \u00e4ndringar av dessa Villkor kommer att publiceras p\u00e5 hemsidan. \u00c4ndringar g\u00e4ller fr\u00e5n det att Du har accepterat Villkoren (i samband med ett nytt k\u00f6p eller vid bes\u00f6k p\u00e5 hemsidan), alternativt 30 dagar efter att vi har informerat dig om \u00e4ndringarna. Vi rekommenderar dock att Du h\u00e5ller dig uppdaterad p\u00e5 hemsidan regelbundet f\u00f6r att bli varse om eventuella \u00e4ndringar av Villkoren.<\/p>\n<ol>\n<li>Till\u00e4mplig lag och tvist<\/li>\n<\/ol>\n<p>11.1<br \/>\nTvister ska i f\u00f6rsta hand l\u00f6sas i samf\u00f6rst\u00e5nd efter diskussion med v\u00e5r kundtj\u00e4nst. Vid eventuell tvist f\u00f6ljer vi alltid beslut fr\u00e5n Allm\u00e4nna Reklamationsn\u00e4mnden.<\/p>\n<p>11.2<br \/>\nTvist r\u00f6rande tolkningen eller till\u00e4mpningen av dessa Villkor ska tolkas i enlighet med svensk lag och avg\u00f6ras av Allm\u00e4nna Reklamationsn\u00e4mnden eller i sista hand av allm\u00e4n domstol.<\/p>\n<p>12.1 Dataskydd samt integritetspolicy<\/p>\n<p>L\u00e4s den separat\u00a0<a href=\"https:\/\/grippygripz.com\/sv\/villkor-dataskydd-integritetspolicy\/\">h\u00e4r<\/a><\/p>\n<p>Allm\u00e4nna villkorens senaste uppdatering \u00e4r 5 September 2021<\/p>\n\t\t\t\t\t\t\t\t<\/div>\n\t\t\t\t<\/div>\n\t\t\t\t\t<\/div>\r\n\t\t\t\t<\/div>\r\n\t\t\t\t\t<\/div>\r\n\t\t\t\t<\/section>\r\n\t\t\t\t<\/div>\n\t\t","protected":false},"excerpt":{"rendered":"<p>Allm\u00e4nna villkor Allm\u00e4nt 1.1 Dessa allm\u00e4nna villkor g\u00e4ller n\u00e4r du som konsument g\u00f6r en best\u00e4llning via n\u00e5gon av v\u00e5ra (Fox &amp; Owl AB) hemsidor \u2013 d\u00e4r Grippygripz.se \/ Grippygripz.com ing\u00e5r. Avtal ing\u00e5s mellan dig och Fox &amp; Owl AB, organisationsnummer (559242-4914). Vid best\u00e4llning tr\u00e4ffas avtal om k\u00f6p f\u00f6rst n\u00e4r vi bekr\u00e4ftat best\u00e4llningen genom en orderbekr\u00e4ftelse. [&hellip;]<\/p>\n","protected":false},"author":1,"featured_media":0,"parent":0,"menu_order":0,"comment_status":"closed","ping_status":"closed","template":"","meta":{"_acf_changed":false,"footnotes":""},"class_list":["post-41153","page","type-page","status-publish","hentry"],"acf":[],"yoast_head":"<!-- This site is optimized with the Yoast SEO plugin v27.4 - https:\/\/yoast.com\/product\/yoast-seo-wordpress\/ -->\n<title>Allm\u00e4nna villkor - GrippyGripz<\/title>\n<meta name=\"description\" content=\"GrippyGripz - Allm\u00e4nna villkor. GrippyGripz produkter sl\u00e5r grepplindor och \u00f6vriga produkter. F\u00e5 b\u00e4ttre grepp i padel, tennis, gym med mera - Kundn\u00f6jdhet garanterat - Snabba leveranser - Utvecklad i Sverige.\" \/>\n<meta name=\"robots\" content=\"noindex, follow\" \/>\n<meta property=\"og:locale\" content=\"sv_SE\" \/>\n<meta property=\"og:type\" content=\"article\" \/>\n<meta property=\"og:title\" content=\"Allm\u00e4nna villkor - GrippyGripz\" \/>\n<meta property=\"og:description\" content=\"GrippyGripz - Allm\u00e4nna villkor. GrippyGripz produkter sl\u00e5r grepplindor och \u00f6vriga produkter. F\u00e5 b\u00e4ttre grepp i padel, tennis, gym med mera - Kundn\u00f6jdhet garanterat - Snabba leveranser - Utvecklad i Sverige.\" \/>\n<meta property=\"og:url\" content=\"https:\/\/grippygripz.com\/sv\/allmanna-villkor\/\" \/>\n<meta property=\"og:site_name\" content=\"GrippyGripz\" \/>\n<meta property=\"article:publisher\" content=\"https:\/\/www.facebook.com\/pages\/category\/Product-Service\/Vespadelarse-1915274088539804\/\" \/>\n<meta property=\"article:modified_time\" content=\"2021-09-06T17:14:53+00:00\" \/>\n<meta name=\"twitter:card\" content=\"summary_large_image\" \/>\n<meta name=\"twitter:label1\" content=\"Est. reading time\" \/>\n\t<meta name=\"twitter:data1\" content=\"9 minutes\" \/>\n<script type=\"application\/ld+json\" class=\"yoast-schema-graph\">{\"@context\":\"https:\\\/\\\/schema.org\",\"@graph\":[{\"@type\":\"WebPage\",\"@id\":\"https:\\\/\\\/grippygripz.com\\\/sv\\\/allmanna-villkor\\\/\",\"url\":\"https:\\\/\\\/grippygripz.com\\\/sv\\\/allmanna-villkor\\\/\",\"name\":\"Allm\u00e4nna villkor - GrippyGripz\",\"isPartOf\":{\"@id\":\"https:\\\/\\\/grippygripz.com\\\/sv\\\/#website\"},\"datePublished\":\"2020-10-30T09:10:34+00:00\",\"dateModified\":\"2021-09-06T17:14:53+00:00\",\"description\":\"GrippyGripz - Allm\u00e4nna villkor. GrippyGripz produkter sl\u00e5r grepplindor och \u00f6vriga produkter. F\u00e5 b\u00e4ttre grepp i padel, tennis, gym med mera - Kundn\u00f6jdhet garanterat - Snabba leveranser - Utvecklad i Sverige.\",\"breadcrumb\":{\"@id\":\"https:\\\/\\\/grippygripz.com\\\/sv\\\/allmanna-villkor\\\/#breadcrumb\"},\"inLanguage\":\"sv-SE\",\"potentialAction\":[{\"@type\":\"ReadAction\",\"target\":[\"https:\\\/\\\/grippygripz.com\\\/sv\\\/allmanna-villkor\\\/\"]}]},{\"@type\":\"BreadcrumbList\",\"@id\":\"https:\\\/\\\/grippygripz.com\\\/sv\\\/allmanna-villkor\\\/#breadcrumb\",\"itemListElement\":[{\"@type\":\"ListItem\",\"position\":1,\"name\":\"Home\",\"item\":\"https:\\\/\\\/grippygripz.com\\\/sv\\\/\"},{\"@type\":\"ListItem\",\"position\":2,\"name\":\"Allm\u00e4nna villkor\"}]},{\"@type\":\"WebSite\",\"@id\":\"https:\\\/\\\/grippygripz.com\\\/sv\\\/#website\",\"url\":\"https:\\\/\\\/grippygripz.com\\\/sv\\\/\",\"name\":\"GrippyGripz\",\"description\":\"The winning GRIP\",\"publisher\":{\"@id\":\"https:\\\/\\\/grippygripz.com\\\/sv\\\/#organization\"},\"potentialAction\":[{\"@type\":\"SearchAction\",\"target\":{\"@type\":\"EntryPoint\",\"urlTemplate\":\"https:\\\/\\\/grippygripz.com\\\/sv\\\/?s={search_term_string}\"},\"query-input\":{\"@type\":\"PropertyValueSpecification\",\"valueRequired\":true,\"valueName\":\"search_term_string\"}}],\"inLanguage\":\"sv-SE\"},{\"@type\":\"Organization\",\"@id\":\"https:\\\/\\\/grippygripz.com\\\/sv\\\/#organization\",\"name\":\"GrippyGripz\",\"url\":\"https:\\\/\\\/grippygripz.com\\\/sv\\\/\",\"logo\":{\"@type\":\"ImageObject\",\"inLanguage\":\"sv-SE\",\"@id\":\"https:\\\/\\\/grippygripz.com\\\/sv\\\/#\\\/schema\\\/logo\\\/image\\\/\",\"url\":\"https:\\\/\\\/grippygripz.com\\\/wp-content\\\/uploads\\\/2020\\\/10\\\/grippygripz-final-01.jpg\",\"contentUrl\":\"https:\\\/\\\/grippygripz.com\\\/wp-content\\\/uploads\\\/2020\\\/10\\\/grippygripz-final-01.jpg\",\"width\":1485,\"height\":865,\"caption\":\"GrippyGripz\"},\"image\":{\"@id\":\"https:\\\/\\\/grippygripz.com\\\/sv\\\/#\\\/schema\\\/logo\\\/image\\\/\"},\"sameAs\":[\"https:\\\/\\\/www.facebook.com\\\/pages\\\/category\\\/Product-Service\\\/Vespadelarse-1915274088539804\\\/\",\"https:\\\/\\\/www.instagram.com\\\/grippygripz.se\\\/\"]}]}<\/script>\n<!-- \/ Yoast SEO plugin. -->","yoast_head_json":{"title":"Allm\u00e4nna villkor - GrippyGripz","description":"GrippyGripz - Allm\u00e4nna villkor. GrippyGripz produkter sl\u00e5r grepplindor och \u00f6vriga produkter. F\u00e5 b\u00e4ttre grepp i padel, tennis, gym med mera - Kundn\u00f6jdhet garanterat - Snabba leveranser - Utvecklad i Sverige.","robots":{"index":"noindex","follow":"follow"},"og_locale":"sv_SE","og_type":"article","og_title":"Allm\u00e4nna villkor - GrippyGripz","og_description":"GrippyGripz - Allm\u00e4nna villkor. GrippyGripz produkter sl\u00e5r grepplindor och \u00f6vriga produkter. F\u00e5 b\u00e4ttre grepp i padel, tennis, gym med mera - Kundn\u00f6jdhet garanterat - Snabba leveranser - Utvecklad i Sverige.","og_url":"https:\/\/grippygripz.com\/sv\/allmanna-villkor\/","og_site_name":"GrippyGripz","article_publisher":"https:\/\/www.facebook.com\/pages\/category\/Product-Service\/Vespadelarse-1915274088539804\/","article_modified_time":"2021-09-06T17:14:53+00:00","twitter_card":"summary_large_image","twitter_misc":{"Est. reading time":"9 minutes"},"schema":{"@context":"https:\/\/schema.org","@graph":[{"@type":"WebPage","@id":"https:\/\/grippygripz.com\/sv\/allmanna-villkor\/","url":"https:\/\/grippygripz.com\/sv\/allmanna-villkor\/","name":"Allm\u00e4nna villkor - GrippyGripz","isPartOf":{"@id":"https:\/\/grippygripz.com\/sv\/#website"},"datePublished":"2020-10-30T09:10:34+00:00","dateModified":"2021-09-06T17:14:53+00:00","description":"GrippyGripz - Allm\u00e4nna villkor. GrippyGripz produkter sl\u00e5r grepplindor och \u00f6vriga produkter. F\u00e5 b\u00e4ttre grepp i padel, tennis, gym med mera - Kundn\u00f6jdhet garanterat - Snabba leveranser - Utvecklad i Sverige.","breadcrumb":{"@id":"https:\/\/grippygripz.com\/sv\/allmanna-villkor\/#breadcrumb"},"inLanguage":"sv-SE","potentialAction":[{"@type":"ReadAction","target":["https:\/\/grippygripz.com\/sv\/allmanna-villkor\/"]}]},{"@type":"BreadcrumbList","@id":"https:\/\/grippygripz.com\/sv\/allmanna-villkor\/#breadcrumb","itemListElement":[{"@type":"ListItem","position":1,"name":"Home","item":"https:\/\/grippygripz.com\/sv\/"},{"@type":"ListItem","position":2,"name":"Allm\u00e4nna villkor"}]},{"@type":"WebSite","@id":"https:\/\/grippygripz.com\/sv\/#website","url":"https:\/\/grippygripz.com\/sv\/","name":"GrippyGripz","description":"The winning GRIP","publisher":{"@id":"https:\/\/grippygripz.com\/sv\/#organization"},"potentialAction":[{"@type":"SearchAction","target":{"@type":"EntryPoint","urlTemplate":"https:\/\/grippygripz.com\/sv\/?s={search_term_string}"},"query-input":{"@type":"PropertyValueSpecification","valueRequired":true,"valueName":"search_term_string"}}],"inLanguage":"sv-SE"},{"@type":"Organization","@id":"https:\/\/grippygripz.com\/sv\/#organization","name":"GrippyGripz","url":"https:\/\/grippygripz.com\/sv\/","logo":{"@type":"ImageObject","inLanguage":"sv-SE","@id":"https:\/\/grippygripz.com\/sv\/#\/schema\/logo\/image\/","url":"https:\/\/grippygripz.com\/wp-content\/uploads\/2020\/10\/grippygripz-final-01.jpg","contentUrl":"https:\/\/grippygripz.com\/wp-content\/uploads\/2020\/10\/grippygripz-final-01.jpg","width":1485,"height":865,"caption":"GrippyGripz"},"image":{"@id":"https:\/\/grippygripz.com\/sv\/#\/schema\/logo\/image\/"},"sameAs":["https:\/\/www.facebook.com\/pages\/category\/Product-Service\/Vespadelarse-1915274088539804\/","https:\/\/www.instagram.com\/grippygripz.se\/"]}]}},"_links":{"self":[{"href":"https:\/\/grippygripz.com\/sv\/wp-json\/wp\/v2\/pages\/41153","targetHints":{"allow":["GET"]}}],"collection":[{"href":"https:\/\/grippygripz.com\/sv\/wp-json\/wp\/v2\/pages"}],"about":[{"href":"https:\/\/grippygripz.com\/sv\/wp-json\/wp\/v2\/types\/page"}],"author":[{"embeddable":true,"href":"https:\/\/grippygripz.com\/sv\/wp-json\/wp\/v2\/users\/1"}],"replies":[{"embeddable":true,"href":"https:\/\/grippygripz.com\/sv\/wp-json\/wp\/v2\/comments?post=41153"}],"version-history":[{"count":8,"href":"https:\/\/grippygripz.com\/sv\/wp-json\/wp\/v2\/pages\/41153\/revisions"}],"predecessor-version":[{"id":49420,"href":"https:\/\/grippygripz.com\/sv\/wp-json\/wp\/v2\/pages\/41153\/revisions\/49420"}],"wp:attachment":[{"href":"https:\/\/grippygripz.com\/sv\/wp-json\/wp\/v2\/media?parent=41153"}],"curies":[{"name":"wp","href":"https:\/\/api.w.org\/{rel}","templated":true}]}}