{"id":41147,"date":"2020-10-30T09:46:33","date_gmt":"2020-10-30T08:46:33","guid":{"rendered":"https:\/\/grippygripz.com\/villkor-dataskydd-integritetspolicy\/"},"modified":"2020-10-30T09:46:33","modified_gmt":"2020-10-30T08:46:33","slug":"villkor-dataskydd-integritetspolicy","status":"publish","type":"page","link":"https:\/\/grippygripz.com\/sv\/villkor-dataskydd-integritetspolicy\/","title":{"rendered":"villkor-dataskydd-integritetspolicy"},"content":{"rendered":"\t\t<div data-elementor-type=\"wp-page\" data-elementor-id=\"41147\" class=\"elementor elementor-41147 elementor-41129\">\n\t\t\t\t\t\t<section class=\"elementor-section elementor-top-section elementor-element elementor-element-716003f3 elementor-section-boxed elementor-section-height-default elementor-section-height-default\" data-id=\"716003f3\" data-element_type=\"section\" data-e-type=\"section\">\r\n\t\t\r\n\t\t\t\t\t\t\t<div class=\"elementor-container elementor-column-gap-default\">\r\n\t\t\t\t\t\t\t\t\t\t\t<div class=\"elementor-column elementor-col-100 elementor-top-column elementor-element elementor-element-55e2c655\" data-id=\"55e2c655\" data-element_type=\"column\" data-e-type=\"column\">\r\n\t\t\t\t\t<div class=\"elementor-widget-wrap elementor-element-populated\">\r\n\t\t\t\t\t\t\t\t<div class=\"elementor-element elementor-element-7e261706 elementor-widget elementor-widget-text-editor\" data-id=\"7e261706\" data-element_type=\"widget\" data-e-type=\"widget\" data-widget_type=\"text-editor.default\">\n\t\t\t\t<div class=\"elementor-widget-container\">\n\t\t\t\t\t\t\t\t\t<p><strong>Data and Privacy Policy<\/strong><\/p>\n<p>OBS: Ut\u00f6ver nedan n\u00e4mnda villkor g\u00e4ller \u00e4ven v\u00e5ra allm\u00e4nna villkor \u2013\u00a0dessa kan du l\u00e4sa h\u00e4r \u2013\u00a0<a href=\"https:\/\/vespadelar.se\/allmanna-villkor\/\">Allm\u00e4nna villkor<\/a><\/p>\n<p>Personuppgifter<\/p>\n<p>GrippyGripz.se (FOX &amp; OWL AB) v\u00e4rnar om din personliga integritet och str\u00e4var efter att alltid skydda dina personuppgifter p\u00e5 b\u00e4sta s\u00e4tt. Det \u00e4r GrippyGripz.se\u2019s m\u00e5ls\u00e4ttning att f\u00f6lja alla vid var tid g\u00e4llande lagar och regler f\u00f6r personuppgiftsskydd. Denna policy hj\u00e4lper dig bl.a. att f\u00f6rst\u00e5 vilken slags information GrippyGripz.se (FOX &amp; OWL AB) samlar in och hur denna anv\u00e4nds. Genom att godk\u00e4nna policyn p\u00e5 Sajten i samband med k\u00f6p eller l\u00e4mnande av uppgifter s\u00e5 samtycker du till behandling av dina personuppgifter i enlighet med nedan.<\/p>\n<p>FOX &amp; OWL AB \u00e4ger och driver GrippyGripz.se, organisationsnummer 559188-2039 (som vi nedan anger som FOX &amp; OWL AB, \u201dvi\u201d, \u201doss\u201d och \u201dv\u00e5r\u201d, med Adress: Skeppargatan 79, 115 30 Stockholm, \u00e4r personuppgiftsansvarig f\u00f6r behandlingen av dina personuppgifter.<\/p>\n<p>Vilka personuppgifter behandlar vi?<\/p>\n<p>Vi kommer att behandla de personuppgifter som du l\u00e4mnar eller har l\u00e4mnat till oss eller som vi samlat in p\u00e5 Sajten genom cookies. De personuppgifter som FOX &amp; OWL AB behandlar \u00e4r ditt personnummer, namn, e-postadress, k\u00f6p-, betal- och orderhistorik, betal-information, leveransadress, IP-adress och telefonnummer.<\/p>\n<p>Hur anv\u00e4nder vi dina personuppgifter?<\/p>\n<p>Uppgifterna kan anv\u00e4ndas f\u00f6r identifikation, direktmarknadsf\u00f6ring, kundunders\u00f6kningar, nyhetsbrev samt f\u00f6r statistik\u00e4ndam\u00e5l. Uppgifterna kan \u00e4ven anv\u00e4ndas f\u00f6r utskick per post, sms och e-post samt f\u00f6r marknadsf\u00f6ring och information, om du inte inv\u00e4nt mot detta. Du kan n\u00e4r som helst kontakta oss f\u00f6r att avbryta marknadsf\u00f6ring mot dig som kund.<\/p>\n<p>Uppgifterna kan vidare komma att anv\u00e4ndas f\u00f6r att analysera k\u00f6pvanor i syfte att f\u00f6rse dig med relevant information och marknadsf\u00f6ring samt f\u00f6r att f\u00f6rb\u00e4ttra Sajten, betalnings-l\u00f6sningar och betalningsprocesser. Behandling i syfte att f\u00f6rb\u00e4ttra betalningsl\u00f6sningar och betalningsprocesser kan inkludera behandling d\u00e4r dina personuppgifter, bl.a. ditt personnummer, \u00f6verf\u00f6rs till tredjepartsleverant\u00f6rer f\u00f6r att ing\u00e5 som analysunderlag. Personuppgifterna kan d\u00e5 \u00e4ven komma att samk\u00f6ras med uppgifter fr\u00e5n andra register, t.ex. kreditupplysningsregister.<\/p>\n<p>Ditt personnummer kommer ocks\u00e5 att behandlas i samband med k\u00f6p p\u00e5 uppdrag av (eller p\u00e5 grund av krav fr\u00e5n) betalnings- och kreditf\u00f6retag som beh\u00f6ver detta i kreditupplysningssyfte.<\/p>\n<p>Vi str\u00e4var alltid efter att dina personuppgifter ska behandlas inom EU\/EES och alla v\u00e5ra egna IT-system finns inom EU\/EES. Vid systemm\u00e4ssig support och underh\u00e5ll samt via vissa marknasf\u00f6ringskanaler s\u00e5som google och facebook mfl kan begr\u00e4nsade delar av dina uppgifter \u00f6verf\u00f6ras till ett land utanf\u00f6r EU\/EES, t ex om vi delar dina personuppgifter med ett personuppgiftsbitr\u00e4de som, antingen sj\u00e4lv eller genom en underleverant\u00f6r, \u00e4r etablerad eller lagrar information i ett land utanf\u00f6r EU\/EES. Bitr\u00e4det f\u00e5r i dessa fall endast ta del av den information som \u00e4r relevant f\u00f6r \u00e4ndam\u00e5let<\/p>\n<p>Genom att godk\u00e4nna policyn p\u00e5 Sajten i samband med k\u00f6p eller l\u00e4mnande av uppgifter s\u00e5 samtycker du till att dina personuppgifter \u00f6verf\u00f6rs till land utanf\u00f6r EES.<\/p>\n<p>Om hela eller delar av FOX &amp; OWL AB:s verksamhet s\u00e4ljs eller integreras med annan verksamhet kan dina personuppgifter l\u00e4mnas ut till v\u00e5ra r\u00e5dgivare, eventuell k\u00f6pare och dennes r\u00e5dgivare och l\u00e4mnas vidare till verksamhetens nya \u00e4gare.<\/p>\n<p>FOX &amp; OWL AB anv\u00e4nder sig av tredjepartsj\u00e4nster fr\u00e5n bl.a. Google, Facebook, Zendesk och Tre i syfte att ge v\u00e5ra kunder den b\u00e4sta upplevelsen. Du kan l\u00e4sa mer om insamling, delning och anv\u00e4ndning av data H\u00e4r: https:\/\/policies.google.com\/technologies\/partner-sites?hl=sv f\u00f6r Google och f\u00f6r Facebook h\u00e4r: https:\/\/www.facebook.com\/business\/gdpr<\/p>\n<p>Hur skyddar vi dina personuppgifter?<\/p>\n<p>F\u00f6r att h\u00e5lla de personuppgifter vi behandlar i s\u00e4kert f\u00f6rvar har vi vidtagit flera s\u00e4kerhets\u00e5tg\u00e4rder: Vi har implementerat s\u00e4kerhetsrutiner och tekniska och organisatoriska \u00e5tg\u00e4rder f\u00f6r att skydda dina personuppgifter s\u00e5som certifieringsteknik f\u00f6r webbl\u00e4sare. Vidare har vi vederb\u00f6rliga brandv\u00e4ggar och antivirusprogram f\u00f6r att skydda och f\u00f6rhindra obeh\u00f6rig tillg\u00e5ng till n\u00e4tverket. Tillg\u00e5ng till de utrymmen d\u00e4r personuppgifterna lagras \u00e4r begr\u00e4nsad och det kr\u00e4vs att de anst\u00e4llda identifieras f\u00f6r \u00e5tkomst.<\/p>\n<p>FOX &amp; OWL AB anv\u00e4nder sig \u00e4ven bl.a. av SSL (Secure Socket Layer) som \u00e4r ett protokoll f\u00f6r s\u00e4ker \u00f6verf\u00f6ring av data via Internet (eller andra n\u00e4tverk). Du som kund beh\u00f6ver kontrollera att SSL inte \u00e4r avst\u00e4ngt i inst\u00e4llningarna f\u00f6r webbl\u00e4saren. I syfte att f\u00f6rhindra obeh\u00f6rig \u00e5tkomst.<\/p>\n<p>Hur l\u00e4nge sparas mina personuppgifter?<\/p>\n<p>Om du samtyckt till att vara registrerad kund\/medlem hos GrippyGripz.se sparas dina uppgifter tills du avregistrerar dig. Du kan n\u00e4r som helst avregistrera dig som kund. Om du inte registrerar dig som kund\/medlem sparas dina uppgifter s\u00e5 l\u00e4nge det \u00e4r n\u00f6dv\u00e4ndigt utifr\u00e5n krav i lag eller f\u00f6r att fullg\u00f6ra FOX &amp; OWL AB:s \u00e5taganden gentemot dig, t.ex. f\u00f6r att uppfylla leverans och garanti\u00e5taganden.<\/p>\n<p>Dina uppgifter sparas oavsett aldrig l\u00e4ngre \u00e4n vad som \u00e4r till\u00e5tet enligt g\u00e4llande personuppgiftslagstiftning.<\/p>\n<p>Tillg\u00e5ng till, uppdatering och korrigering av dina personuppgifter<\/p>\n<p>Du har, enligt g\u00e4llande personuppgiftslagstiftning, r\u00e4tt att en g\u00e5ng per kalender\u00e5r gratis f\u00e5 besked om vilka personuppgifter som behandlas om dig, oavsett hur dessa samlats in. Om du vill ha s\u00e5dan information ska du l\u00e4mna in en skriftlig beg\u00e4ran till oss. Beg\u00e4ran ska enligt g\u00e4llande personuppgiftslagstiftning skickas in underskriven av dig per post till den adress som anges p\u00e5 Sajten. Den kan allts\u00e5 inte skickas per e-post.<\/p>\n<p>FOX &amp; OWL AB vill s\u00e4kerst\u00e4lla att dina personuppgifter \u00e4r korrekta och uppdaterade. Om n\u00e5gon av de uppgifter du l\u00e4mnat till oss f\u00f6r\u00e4ndras, t.ex. om du \u00e4ndrar din e-postadress, namn eller betalningsuppgifter eller om du vill s\u00e4ga upp ditt anv\u00e4ndarkonto, v\u00e4nligen l\u00e4mna FOX &amp; OWL AB korrekta uppgifter genom att skicka ett e-postmeddelande till: info@GrippyGripz.se. Du har r\u00e4tt att n\u00e4r som helst beg\u00e4ra att personuppgifterna r\u00e4ttas, blockeras eller raderas.<\/p>\n<p>Dina personuppgifter behandlas inte f\u00f6r \u00e4ndam\u00e5l som r\u00f6r direkt marknadsf\u00f6ring om du mots\u00e4tter dig s\u00e5dan behandling. Du har r\u00e4tt att n\u00e4r som helst \u00e5terkalla ett l\u00e4mnat samtycke om behandling av personuppgifter. S\u00e5dan \u00e5terkallelse kan begr\u00e4nsas till att endast avse del av behandlingen, exempelvis den som r\u00f6r direkt marknadsf\u00f6ring.<\/p>\n<p>L\u00e4nkar<\/p>\n<p>Sajten kan inneh\u00e5lla l\u00e4nkar till andra webbplatser. Denna Integritetspolicy g\u00e4ller enbart Sajten. N\u00e4r du l\u00e4nkas till annan webbplats b\u00f6r du l\u00e4sa den personuppgiftspolicy som g\u00e4ller f\u00f6r den sidan. Notera att FOX &amp; OWL AB inte tar ansvar f\u00f6r andra webbplatsers behandling av dina personuppgifter.<\/p>\n<p>\u00c4ndringar i Integritetspolicy<\/p>\n<p>FOX &amp; OWL AB f\u00f6rbeh\u00e5ller sig r\u00e4tten att g\u00f6ra \u00e4ndringar i denna Integritetspolicy n\u00e4r som helst i tiden, i den utstr\u00e4ckning \u00e4ndringarna \u00e4r n\u00f6dv\u00e4ndiga, f\u00f6r att \u00e5tg\u00e4rda st\u00f6rningar eller f\u00f6r att uppfylla nya legala eller tekniska krav. Alla \u00e4ndringar av denna Integritetspolicy kommer att publiceras p\u00e5 Sajten.<\/p>\n<p>Cookies<\/p>\n<p>Cookies \u00e4r sm\u00e5 textfiler som lagras p\u00e5 bes\u00f6karens dator och som \u00e4r m\u00f6jliga att anv\u00e4nda f\u00f6r att f\u00f6lja vad bes\u00f6karen g\u00f6r p\u00e5 Webbplatsen. P\u00e5 http:\/\/GrippyGripz.se\/ och http:\/\/GrippyGripz.se\/ anv\u00e4nder vi cookies f\u00f6r att f\u00f6rb\u00e4ttra de tj\u00e4nster vi erbjuder. N\u00e5gra av v\u00e5ra tj\u00e4nster beh\u00f6ver cookies f\u00f6r att webbplatsen ska fungera korrekt, medan andra cookies f\u00f6rb\u00e4ttrar tj\u00e4nsterna f\u00f6r dig. Vi anv\u00e4nder cookies f\u00f6r \u00f6vergripande analytisk information avseende din anv\u00e4ndning av v\u00e5ra tj\u00e4nster och f\u00f6r att spara funktionella inst\u00e4llningar s\u00e5 som plats och andra uppgifter. Vi anv\u00e4nder \u00e4ven cookies f\u00f6r att kunna rikta relevant marknadsf\u00f6ring till dig.<\/p>\n<p>&nbsp;<\/p>\n\t\t\t\t\t\t\t\t<\/div>\n\t\t\t\t<\/div>\n\t\t\t\t\t<\/div>\r\n\t\t\t\t<\/div>\r\n\t\t\t\t\t<\/div>\r\n\t\t\t\t<\/section>\r\n\t\t\t\t<\/div>\n\t\t","protected":false},"excerpt":{"rendered":"<p>Data and Privacy Policy OBS: Ut\u00f6ver nedan n\u00e4mnda villkor g\u00e4ller \u00e4ven v\u00e5ra allm\u00e4nna villkor \u2013\u00a0dessa kan du l\u00e4sa h\u00e4r \u2013\u00a0Allm\u00e4nna villkor Personuppgifter GrippyGripz.se (FOX &amp; OWL AB) v\u00e4rnar om din personliga integritet och str\u00e4var efter att alltid skydda dina personuppgifter p\u00e5 b\u00e4sta s\u00e4tt. Det \u00e4r GrippyGripz.se\u2019s m\u00e5ls\u00e4ttning att f\u00f6lja alla vid var tid g\u00e4llande lagar [&hellip;]<\/p>\n","protected":false},"author":1,"featured_media":0,"parent":0,"menu_order":0,"comment_status":"closed","ping_status":"closed","template":"","meta":{"_acf_changed":false,"footnotes":""},"class_list":["post-41147","page","type-page","status-publish","hentry"],"acf":[],"yoast_head":"<!-- This site is optimized with the Yoast SEO plugin v27.4 - https:\/\/yoast.com\/product\/yoast-seo-wordpress\/ -->\n<title>villkor-dataskydd-integritetspolicy - GrippyGripz<\/title>\n<meta name=\"description\" content=\"GrippyGripz - villkor-dataskydd-integritetspolicy. GrippyGripz produkter sl\u00e5r grepplindor och \u00f6vriga produkter. F\u00e5 b\u00e4ttre grepp i padel, tennis, gym med mera - Kundn\u00f6jdhet garanterat - Snabba leveranser - Utvecklad i Sverige.\" \/>\n<meta name=\"robots\" content=\"noindex, follow\" \/>\n<meta property=\"og:locale\" content=\"sv_SE\" \/>\n<meta property=\"og:type\" content=\"article\" \/>\n<meta property=\"og:title\" content=\"villkor-dataskydd-integritetspolicy - GrippyGripz\" \/>\n<meta property=\"og:description\" content=\"GrippyGripz - villkor-dataskydd-integritetspolicy. GrippyGripz produkter sl\u00e5r grepplindor och \u00f6vriga produkter. F\u00e5 b\u00e4ttre grepp i padel, tennis, gym med mera - Kundn\u00f6jdhet garanterat - Snabba leveranser - Utvecklad i Sverige.\" \/>\n<meta property=\"og:url\" content=\"https:\/\/grippygripz.com\/sv\/villkor-dataskydd-integritetspolicy\/\" \/>\n<meta property=\"og:site_name\" content=\"GrippyGripz\" \/>\n<meta property=\"article:publisher\" content=\"https:\/\/www.facebook.com\/pages\/category\/Product-Service\/Vespadelarse-1915274088539804\/\" \/>\n<meta name=\"twitter:card\" content=\"summary_large_image\" \/>\n<meta name=\"twitter:label1\" content=\"Est. reading time\" \/>\n\t<meta name=\"twitter:data1\" content=\"7 minutes\" \/>\n<script type=\"application\/ld+json\" class=\"yoast-schema-graph\">{\"@context\":\"https:\\\/\\\/schema.org\",\"@graph\":[{\"@type\":\"WebPage\",\"@id\":\"https:\\\/\\\/grippygripz.com\\\/sv\\\/villkor-dataskydd-integritetspolicy\\\/\",\"url\":\"https:\\\/\\\/grippygripz.com\\\/sv\\\/villkor-dataskydd-integritetspolicy\\\/\",\"name\":\"villkor-dataskydd-integritetspolicy - GrippyGripz\",\"isPartOf\":{\"@id\":\"https:\\\/\\\/grippygripz.com\\\/sv\\\/#website\"},\"datePublished\":\"2020-10-30T08:46:33+00:00\",\"description\":\"GrippyGripz - villkor-dataskydd-integritetspolicy. GrippyGripz produkter sl\u00e5r grepplindor och \u00f6vriga produkter. F\u00e5 b\u00e4ttre grepp i padel, tennis, gym med mera - Kundn\u00f6jdhet garanterat - Snabba leveranser - Utvecklad i Sverige.\",\"breadcrumb\":{\"@id\":\"https:\\\/\\\/grippygripz.com\\\/sv\\\/villkor-dataskydd-integritetspolicy\\\/#breadcrumb\"},\"inLanguage\":\"sv-SE\",\"potentialAction\":[{\"@type\":\"ReadAction\",\"target\":[\"https:\\\/\\\/grippygripz.com\\\/sv\\\/villkor-dataskydd-integritetspolicy\\\/\"]}]},{\"@type\":\"BreadcrumbList\",\"@id\":\"https:\\\/\\\/grippygripz.com\\\/sv\\\/villkor-dataskydd-integritetspolicy\\\/#breadcrumb\",\"itemListElement\":[{\"@type\":\"ListItem\",\"position\":1,\"name\":\"Home\",\"item\":\"https:\\\/\\\/grippygripz.com\\\/sv\\\/\"},{\"@type\":\"ListItem\",\"position\":2,\"name\":\"villkor-dataskydd-integritetspolicy\"}]},{\"@type\":\"WebSite\",\"@id\":\"https:\\\/\\\/grippygripz.com\\\/sv\\\/#website\",\"url\":\"https:\\\/\\\/grippygripz.com\\\/sv\\\/\",\"name\":\"GrippyGripz\",\"description\":\"The winning GRIP\",\"publisher\":{\"@id\":\"https:\\\/\\\/grippygripz.com\\\/sv\\\/#organization\"},\"potentialAction\":[{\"@type\":\"SearchAction\",\"target\":{\"@type\":\"EntryPoint\",\"urlTemplate\":\"https:\\\/\\\/grippygripz.com\\\/sv\\\/?s={search_term_string}\"},\"query-input\":{\"@type\":\"PropertyValueSpecification\",\"valueRequired\":true,\"valueName\":\"search_term_string\"}}],\"inLanguage\":\"sv-SE\"},{\"@type\":\"Organization\",\"@id\":\"https:\\\/\\\/grippygripz.com\\\/sv\\\/#organization\",\"name\":\"GrippyGripz\",\"url\":\"https:\\\/\\\/grippygripz.com\\\/sv\\\/\",\"logo\":{\"@type\":\"ImageObject\",\"inLanguage\":\"sv-SE\",\"@id\":\"https:\\\/\\\/grippygripz.com\\\/sv\\\/#\\\/schema\\\/logo\\\/image\\\/\",\"url\":\"https:\\\/\\\/grippygripz.com\\\/wp-content\\\/uploads\\\/2020\\\/10\\\/grippygripz-final-01.jpg\",\"contentUrl\":\"https:\\\/\\\/grippygripz.com\\\/wp-content\\\/uploads\\\/2020\\\/10\\\/grippygripz-final-01.jpg\",\"width\":1485,\"height\":865,\"caption\":\"GrippyGripz\"},\"image\":{\"@id\":\"https:\\\/\\\/grippygripz.com\\\/sv\\\/#\\\/schema\\\/logo\\\/image\\\/\"},\"sameAs\":[\"https:\\\/\\\/www.facebook.com\\\/pages\\\/category\\\/Product-Service\\\/Vespadelarse-1915274088539804\\\/\",\"https:\\\/\\\/www.instagram.com\\\/grippygripz.se\\\/\"]}]}<\/script>\n<!-- \/ Yoast SEO plugin. -->","yoast_head_json":{"title":"villkor-dataskydd-integritetspolicy - GrippyGripz","description":"GrippyGripz - villkor-dataskydd-integritetspolicy. GrippyGripz produkter sl\u00e5r grepplindor och \u00f6vriga produkter. F\u00e5 b\u00e4ttre grepp i padel, tennis, gym med mera - Kundn\u00f6jdhet garanterat - Snabba leveranser - Utvecklad i Sverige.","robots":{"index":"noindex","follow":"follow"},"og_locale":"sv_SE","og_type":"article","og_title":"villkor-dataskydd-integritetspolicy - GrippyGripz","og_description":"GrippyGripz - villkor-dataskydd-integritetspolicy. GrippyGripz produkter sl\u00e5r grepplindor och \u00f6vriga produkter. F\u00e5 b\u00e4ttre grepp i padel, tennis, gym med mera - Kundn\u00f6jdhet garanterat - Snabba leveranser - Utvecklad i Sverige.","og_url":"https:\/\/grippygripz.com\/sv\/villkor-dataskydd-integritetspolicy\/","og_site_name":"GrippyGripz","article_publisher":"https:\/\/www.facebook.com\/pages\/category\/Product-Service\/Vespadelarse-1915274088539804\/","twitter_card":"summary_large_image","twitter_misc":{"Est. reading time":"7 minutes"},"schema":{"@context":"https:\/\/schema.org","@graph":[{"@type":"WebPage","@id":"https:\/\/grippygripz.com\/sv\/villkor-dataskydd-integritetspolicy\/","url":"https:\/\/grippygripz.com\/sv\/villkor-dataskydd-integritetspolicy\/","name":"villkor-dataskydd-integritetspolicy - GrippyGripz","isPartOf":{"@id":"https:\/\/grippygripz.com\/sv\/#website"},"datePublished":"2020-10-30T08:46:33+00:00","description":"GrippyGripz - villkor-dataskydd-integritetspolicy. GrippyGripz produkter sl\u00e5r grepplindor och \u00f6vriga produkter. F\u00e5 b\u00e4ttre grepp i padel, tennis, gym med mera - Kundn\u00f6jdhet garanterat - Snabba leveranser - Utvecklad i Sverige.","breadcrumb":{"@id":"https:\/\/grippygripz.com\/sv\/villkor-dataskydd-integritetspolicy\/#breadcrumb"},"inLanguage":"sv-SE","potentialAction":[{"@type":"ReadAction","target":["https:\/\/grippygripz.com\/sv\/villkor-dataskydd-integritetspolicy\/"]}]},{"@type":"BreadcrumbList","@id":"https:\/\/grippygripz.com\/sv\/villkor-dataskydd-integritetspolicy\/#breadcrumb","itemListElement":[{"@type":"ListItem","position":1,"name":"Home","item":"https:\/\/grippygripz.com\/sv\/"},{"@type":"ListItem","position":2,"name":"villkor-dataskydd-integritetspolicy"}]},{"@type":"WebSite","@id":"https:\/\/grippygripz.com\/sv\/#website","url":"https:\/\/grippygripz.com\/sv\/","name":"GrippyGripz","description":"The winning GRIP","publisher":{"@id":"https:\/\/grippygripz.com\/sv\/#organization"},"potentialAction":[{"@type":"SearchAction","target":{"@type":"EntryPoint","urlTemplate":"https:\/\/grippygripz.com\/sv\/?s={search_term_string}"},"query-input":{"@type":"PropertyValueSpecification","valueRequired":true,"valueName":"search_term_string"}}],"inLanguage":"sv-SE"},{"@type":"Organization","@id":"https:\/\/grippygripz.com\/sv\/#organization","name":"GrippyGripz","url":"https:\/\/grippygripz.com\/sv\/","logo":{"@type":"ImageObject","inLanguage":"sv-SE","@id":"https:\/\/grippygripz.com\/sv\/#\/schema\/logo\/image\/","url":"https:\/\/grippygripz.com\/wp-content\/uploads\/2020\/10\/grippygripz-final-01.jpg","contentUrl":"https:\/\/grippygripz.com\/wp-content\/uploads\/2020\/10\/grippygripz-final-01.jpg","width":1485,"height":865,"caption":"GrippyGripz"},"image":{"@id":"https:\/\/grippygripz.com\/sv\/#\/schema\/logo\/image\/"},"sameAs":["https:\/\/www.facebook.com\/pages\/category\/Product-Service\/Vespadelarse-1915274088539804\/","https:\/\/www.instagram.com\/grippygripz.se\/"]}]}},"_links":{"self":[{"href":"https:\/\/grippygripz.com\/sv\/wp-json\/wp\/v2\/pages\/41147","targetHints":{"allow":["GET"]}}],"collection":[{"href":"https:\/\/grippygripz.com\/sv\/wp-json\/wp\/v2\/pages"}],"about":[{"href":"https:\/\/grippygripz.com\/sv\/wp-json\/wp\/v2\/types\/page"}],"author":[{"embeddable":true,"href":"https:\/\/grippygripz.com\/sv\/wp-json\/wp\/v2\/users\/1"}],"replies":[{"embeddable":true,"href":"https:\/\/grippygripz.com\/sv\/wp-json\/wp\/v2\/comments?post=41147"}],"version-history":[{"count":1,"href":"https:\/\/grippygripz.com\/sv\/wp-json\/wp\/v2\/pages\/41147\/revisions"}],"predecessor-version":[{"id":41148,"href":"https:\/\/grippygripz.com\/sv\/wp-json\/wp\/v2\/pages\/41147\/revisions\/41148"}],"wp:attachment":[{"href":"https:\/\/grippygripz.com\/sv\/wp-json\/wp\/v2\/media?parent=41147"}],"curies":[{"name":"wp","href":"https:\/\/api.w.org\/{rel}","templated":true}]}}