{"id":40800,"date":"2020-10-20T09:56:13","date_gmt":"2020-10-20T07:56:13","guid":{"rendered":"https:\/\/grippygripz.com\/varukorg\/"},"modified":"2020-10-20T09:56:13","modified_gmt":"2020-10-20T07:56:13","slug":"varukorg","status":"publish","type":"page","link":"https:\/\/grippygripz.com\/sv\/varukorg\/","title":{"rendered":"Varukorg"},"content":{"rendered":"\n","protected":false},"excerpt":{"rendered":"","protected":false},"author":1,"featured_media":0,"parent":0,"menu_order":0,"comment_status":"closed","ping_status":"closed","template":"","meta":{"_acf_changed":false,"footnotes":""},"class_list":["post-40800","page","type-page","status-publish","hentry"],"acf":[],"yoast_head":"<!-- This site is optimized with the Yoast SEO plugin v27.4 - https:\/\/yoast.com\/product\/yoast-seo-wordpress\/ -->\n<title>Varukorg - GrippyGripz<\/title>\n<meta name=\"description\" content=\"GrippyGripz - Varukorg. GrippyGripz produkter sl\u00e5r grepplindor och \u00f6vriga produkter. F\u00e5 b\u00e4ttre grepp i padel, tennis, gym med mera - Kundn\u00f6jdhet garanterat - Snabba leveranser - Utvecklad i Sverige.\" \/>\n<meta name=\"robots\" content=\"index, follow, max-snippet:-1, max-image-preview:large, max-video-preview:-1\" \/>\n<link rel=\"canonical\" href=\"https:\/\/grippygripz.com\/sv\/varukorg\/\" \/>\n<meta property=\"og:locale\" content=\"sv_SE\" \/>\n<meta property=\"og:type\" content=\"article\" \/>\n<meta property=\"og:title\" content=\"Varukorg - GrippyGripz\" \/>\n<meta property=\"og:description\" content=\"GrippyGripz - Varukorg. GrippyGripz produkter sl\u00e5r grepplindor och \u00f6vriga produkter. F\u00e5 b\u00e4ttre grepp i padel, tennis, gym med mera - Kundn\u00f6jdhet garanterat - Snabba leveranser - Utvecklad i Sverige.\" \/>\n<meta property=\"og:url\" content=\"https:\/\/grippygripz.com\/sv\/varukorg\/\" \/>\n<meta property=\"og:site_name\" content=\"GrippyGripz\" \/>\n<meta property=\"article:publisher\" content=\"https:\/\/www.facebook.com\/pages\/category\/Product-Service\/Vespadelarse-1915274088539804\/\" \/>\n<meta name=\"twitter:card\" content=\"summary_large_image\" \/>\n<script type=\"application\/ld+json\" class=\"yoast-schema-graph\">{\"@context\":\"https:\\\/\\\/schema.org\",\"@graph\":[{\"@type\":\"WebPage\",\"@id\":\"https:\\\/\\\/grippygripz.com\\\/sv\\\/varukorg\\\/\",\"url\":\"https:\\\/\\\/grippygripz.com\\\/sv\\\/varukorg\\\/\",\"name\":\"Varukorg - GrippyGripz\",\"isPartOf\":{\"@id\":\"https:\\\/\\\/grippygripz.com\\\/sv\\\/#website\"},\"datePublished\":\"2020-10-20T07:56:13+00:00\",\"description\":\"GrippyGripz - Varukorg. GrippyGripz produkter sl\u00e5r grepplindor och \u00f6vriga produkter. F\u00e5 b\u00e4ttre grepp i padel, tennis, gym med mera - Kundn\u00f6jdhet garanterat - Snabba leveranser - Utvecklad i Sverige.\",\"breadcrumb\":{\"@id\":\"https:\\\/\\\/grippygripz.com\\\/sv\\\/varukorg\\\/#breadcrumb\"},\"inLanguage\":\"sv-SE\",\"potentialAction\":[{\"@type\":\"ReadAction\",\"target\":[\"https:\\\/\\\/grippygripz.com\\\/sv\\\/varukorg\\\/\"]}]},{\"@type\":\"BreadcrumbList\",\"@id\":\"https:\\\/\\\/grippygripz.com\\\/sv\\\/varukorg\\\/#breadcrumb\",\"itemListElement\":[{\"@type\":\"ListItem\",\"position\":1,\"name\":\"Home\",\"item\":\"https:\\\/\\\/grippygripz.com\\\/sv\\\/\"},{\"@type\":\"ListItem\",\"position\":2,\"name\":\"Varukorg\"}]},{\"@type\":\"WebSite\",\"@id\":\"https:\\\/\\\/grippygripz.com\\\/sv\\\/#website\",\"url\":\"https:\\\/\\\/grippygripz.com\\\/sv\\\/\",\"name\":\"GrippyGripz\",\"description\":\"The winning GRIP\",\"publisher\":{\"@id\":\"https:\\\/\\\/grippygripz.com\\\/sv\\\/#organization\"},\"potentialAction\":[{\"@type\":\"SearchAction\",\"target\":{\"@type\":\"EntryPoint\",\"urlTemplate\":\"https:\\\/\\\/grippygripz.com\\\/sv\\\/?s={search_term_string}\"},\"query-input\":{\"@type\":\"PropertyValueSpecification\",\"valueRequired\":true,\"valueName\":\"search_term_string\"}}],\"inLanguage\":\"sv-SE\"},{\"@type\":\"Organization\",\"@id\":\"https:\\\/\\\/grippygripz.com\\\/sv\\\/#organization\",\"name\":\"GrippyGripz\",\"url\":\"https:\\\/\\\/grippygripz.com\\\/sv\\\/\",\"logo\":{\"@type\":\"ImageObject\",\"inLanguage\":\"sv-SE\",\"@id\":\"https:\\\/\\\/grippygripz.com\\\/sv\\\/#\\\/schema\\\/logo\\\/image\\\/\",\"url\":\"https:\\\/\\\/grippygripz.com\\\/wp-content\\\/uploads\\\/2020\\\/10\\\/grippygripz-final-01.jpg\",\"contentUrl\":\"https:\\\/\\\/grippygripz.com\\\/wp-content\\\/uploads\\\/2020\\\/10\\\/grippygripz-final-01.jpg\",\"width\":1485,\"height\":865,\"caption\":\"GrippyGripz\"},\"image\":{\"@id\":\"https:\\\/\\\/grippygripz.com\\\/sv\\\/#\\\/schema\\\/logo\\\/image\\\/\"},\"sameAs\":[\"https:\\\/\\\/www.facebook.com\\\/pages\\\/category\\\/Product-Service\\\/Vespadelarse-1915274088539804\\\/\",\"https:\\\/\\\/www.instagram.com\\\/grippygripz.se\\\/\"]}]}<\/script>\n<!-- \/ Yoast SEO plugin. -->","yoast_head_json":{"title":"Varukorg - GrippyGripz","description":"GrippyGripz - Varukorg. GrippyGripz produkter sl\u00e5r grepplindor och \u00f6vriga produkter. F\u00e5 b\u00e4ttre grepp i padel, tennis, gym med mera - Kundn\u00f6jdhet garanterat - Snabba leveranser - Utvecklad i Sverige.","robots":{"index":"index","follow":"follow","max-snippet":"max-snippet:-1","max-image-preview":"max-image-preview:large","max-video-preview":"max-video-preview:-1"},"canonical":"https:\/\/grippygripz.com\/sv\/varukorg\/","og_locale":"sv_SE","og_type":"article","og_title":"Varukorg - GrippyGripz","og_description":"GrippyGripz - Varukorg. GrippyGripz produkter sl\u00e5r grepplindor och \u00f6vriga produkter. F\u00e5 b\u00e4ttre grepp i padel, tennis, gym med mera - Kundn\u00f6jdhet garanterat - Snabba leveranser - Utvecklad i Sverige.","og_url":"https:\/\/grippygripz.com\/sv\/varukorg\/","og_site_name":"GrippyGripz","article_publisher":"https:\/\/www.facebook.com\/pages\/category\/Product-Service\/Vespadelarse-1915274088539804\/","twitter_card":"summary_large_image","schema":{"@context":"https:\/\/schema.org","@graph":[{"@type":"WebPage","@id":"https:\/\/grippygripz.com\/sv\/varukorg\/","url":"https:\/\/grippygripz.com\/sv\/varukorg\/","name":"Varukorg - GrippyGripz","isPartOf":{"@id":"https:\/\/grippygripz.com\/sv\/#website"},"datePublished":"2020-10-20T07:56:13+00:00","description":"GrippyGripz - Varukorg. GrippyGripz produkter sl\u00e5r grepplindor och \u00f6vriga produkter. F\u00e5 b\u00e4ttre grepp i padel, tennis, gym med mera - Kundn\u00f6jdhet garanterat - Snabba leveranser - Utvecklad i Sverige.","breadcrumb":{"@id":"https:\/\/grippygripz.com\/sv\/varukorg\/#breadcrumb"},"inLanguage":"sv-SE","potentialAction":[{"@type":"ReadAction","target":["https:\/\/grippygripz.com\/sv\/varukorg\/"]}]},{"@type":"BreadcrumbList","@id":"https:\/\/grippygripz.com\/sv\/varukorg\/#breadcrumb","itemListElement":[{"@type":"ListItem","position":1,"name":"Home","item":"https:\/\/grippygripz.com\/sv\/"},{"@type":"ListItem","position":2,"name":"Varukorg"}]},{"@type":"WebSite","@id":"https:\/\/grippygripz.com\/sv\/#website","url":"https:\/\/grippygripz.com\/sv\/","name":"GrippyGripz","description":"The winning GRIP","publisher":{"@id":"https:\/\/grippygripz.com\/sv\/#organization"},"potentialAction":[{"@type":"SearchAction","target":{"@type":"EntryPoint","urlTemplate":"https:\/\/grippygripz.com\/sv\/?s={search_term_string}"},"query-input":{"@type":"PropertyValueSpecification","valueRequired":true,"valueName":"search_term_string"}}],"inLanguage":"sv-SE"},{"@type":"Organization","@id":"https:\/\/grippygripz.com\/sv\/#organization","name":"GrippyGripz","url":"https:\/\/grippygripz.com\/sv\/","logo":{"@type":"ImageObject","inLanguage":"sv-SE","@id":"https:\/\/grippygripz.com\/sv\/#\/schema\/logo\/image\/","url":"https:\/\/grippygripz.com\/wp-content\/uploads\/2020\/10\/grippygripz-final-01.jpg","contentUrl":"https:\/\/grippygripz.com\/wp-content\/uploads\/2020\/10\/grippygripz-final-01.jpg","width":1485,"height":865,"caption":"GrippyGripz"},"image":{"@id":"https:\/\/grippygripz.com\/sv\/#\/schema\/logo\/image\/"},"sameAs":["https:\/\/www.facebook.com\/pages\/category\/Product-Service\/Vespadelarse-1915274088539804\/","https:\/\/www.instagram.com\/grippygripz.se\/"]}]}},"_links":{"self":[{"href":"https:\/\/grippygripz.com\/sv\/wp-json\/wp\/v2\/pages\/40800","targetHints":{"allow":["GET"]}}],"collection":[{"href":"https:\/\/grippygripz.com\/sv\/wp-json\/wp\/v2\/pages"}],"about":[{"href":"https:\/\/grippygripz.com\/sv\/wp-json\/wp\/v2\/types\/page"}],"author":[{"embeddable":true,"href":"https:\/\/grippygripz.com\/sv\/wp-json\/wp\/v2\/users\/1"}],"replies":[{"embeddable":true,"href":"https:\/\/grippygripz.com\/sv\/wp-json\/wp\/v2\/comments?post=40800"}],"version-history":[{"count":0,"href":"https:\/\/grippygripz.com\/sv\/wp-json\/wp\/v2\/pages\/40800\/revisions"}],"wp:attachment":[{"href":"https:\/\/grippygripz.com\/sv\/wp-json\/wp\/v2\/media?parent=40800"}],"curies":[{"name":"wp","href":"https:\/\/api.w.org\/{rel}","templated":true}]}}