{"id":1511,"date":"2018-07-27T14:24:33","date_gmt":"2018-07-27T14:24:33","guid":{"rendered":"https:\/\/grippygripz.com\/2018\/08\/20\/contact-us\/"},"modified":"2020-10-15T18:22:51","modified_gmt":"2020-10-15T16:22:51","slug":"header-types","status":"publish","type":"page","link":"https:\/\/grippygripz.com\/sv\/header-types\/","title":{"rendered":"Header Types"},"content":{"rendered":"<p>[vc_row css=&#8221;.vc_custom_1532594858395{padding-top: 40px !important;}&#8221;][vc_column][vc_column_text el_class=&#8221;text-center&#8221;]<\/p>\n<h2 class=\"text-uppercase font-weight-semibold mb-2\">Header Builder Presets<\/h2>\n<p>When you choose a header preset, porto loads resources for that header only not other header presets.[\/vc_column_text][\/vc_column][\/vc_row][vc_row el_class=&#8221;porto-header-types&#8221;][vc_column width=&#8221;1\/2&#8243;][vc_single_image source=&#8221;external_link&#8221; external_img_size=&#8221;540&#215;72&#8243; external_style=&#8221;vc_box_outline&#8221; onclick=&#8221;custom_link&#8221; custom_src=&#8221;\/\/sw-themes.com\/porto_dummy\/wp-content\/themes\/porto\/inc\/admin\/theme_options\/header_builder_presets\/header_preset1.jpg&#8221; caption=&#8221;Header Preset 1&#8243; link=&#8221;https:\/\/www.portotheme.com\/wordpress\/porto\/classic-color\/&#8221;][vc_single_image source=&#8221;external_link&#8221; external_img_size=&#8221;540&#215;72&#8243; external_style=&#8221;vc_box_outline&#8221; onclick=&#8221;custom_link&#8221; custom_src=&#8221;\/\/sw-themes.com\/porto_dummy\/wp-content\/themes\/porto\/inc\/admin\/theme_options\/header_builder_presets\/header_preset2.jpg&#8221; caption=&#8221;Header Preset 2&#8243; link=&#8221;https:\/\/www.portotheme.com\/wordpress\/porto\/classic-light\/&#8221;][vc_single_image source=&#8221;external_link&#8221; external_img_size=&#8221;540&#215;48&#8243; external_style=&#8221;vc_box_outline&#8221; onclick=&#8221;custom_link&#8221; custom_src=&#8221;\/\/sw-themes.com\/porto_dummy\/wp-content\/themes\/porto\/inc\/admin\/theme_options\/header_builder_presets\/header_preset3.jpg&#8221; caption=&#8221;Header Preset 3&#8243; link=&#8221;https:\/\/www.portotheme.com\/wordpress\/porto\/corporate6\/&#8221;][vc_single_image source=&#8221;external_link&#8221; external_img_size=&#8221;540&#215;48&#8243; external_style=&#8221;vc_box_outline&#8221; onclick=&#8221;custom_link&#8221; custom_src=&#8221;\/\/sw-themes.com\/porto_dummy\/wp-content\/themes\/porto\/inc\/admin\/theme_options\/header_builder_presets\/header_preset4.jpg&#8221; caption=&#8221;Header Preset 4&#8243; link=&#8221;https:\/\/www.portotheme.com\/wordpress\/porto\/corporate1\/&#8221;][vc_single_image source=&#8221;external_link&#8221; external_img_size=&#8221;540&#215;71&#8243; external_style=&#8221;vc_box_outline&#8221; onclick=&#8221;custom_link&#8221; custom_src=&#8221;\/\/sw-themes.com\/porto_dummy\/wp-content\/themes\/porto\/inc\/admin\/theme_options\/header_builder_presets\/header_preset5.jpg&#8221; caption=&#8221;Header Preset 5&#8243; link=&#8221;https:\/\/www.portotheme.com\/wordpress\/porto\/corporate2\/&#8221;][vc_single_image source=&#8221;external_link&#8221; external_img_size=&#8221;540&#215;71&#8243; external_style=&#8221;vc_box_outline&#8221; onclick=&#8221;custom_link&#8221; custom_src=&#8221;\/\/sw-themes.com\/porto_dummy\/wp-content\/themes\/porto\/inc\/admin\/theme_options\/header_builder_presets\/header_preset6.jpg&#8221; caption=&#8221;Header Preset 6&#8243; link=&#8221;https:\/\/www.portotheme.com\/wordpress\/porto\/corporate5\/&#8221;][\/vc_column][vc_column width=&#8221;1\/2&#8243;][vc_single_image source=&#8221;external_link&#8221; external_img_size=&#8221;540&#215;103&#8243; external_style=&#8221;vc_box_outline&#8221; onclick=&#8221;custom_link&#8221; custom_src=&#8221;\/\/sw-themes.com\/porto_dummy\/wp-content\/themes\/porto\/inc\/admin\/theme_options\/header_builder_presets\/header_preset7.jpg&#8221; caption=&#8221;Header Preset 7&#8243; link=&#8221;https:\/\/www.portotheme.com\/wordpress\/porto\/corporate8\/&#8221;][vc_single_image source=&#8221;external_link&#8221; external_img_size=&#8221;540&#215;39&#8243; external_style=&#8221;vc_box_outline&#8221; onclick=&#8221;custom_link&#8221; custom_src=&#8221;\/\/sw-themes.com\/porto_dummy\/wp-content\/themes\/porto\/inc\/admin\/theme_options\/header_builder_presets\/header_preset8.jpg&#8221; caption=&#8221;Header Preset 8&#8243; link=&#8221;https:\/\/www.portotheme.com\/wordpress\/porto\/corporate9\/&#8221;][vc_row_inner][vc_column_inner width=&#8221;1\/3&#8243;][vc_single_image source=&#8221;external_link&#8221; external_img_size=&#8221;150&#215;346&#8243; external_style=&#8221;vc_box_outline&#8221; onclick=&#8221;custom_link&#8221; custom_src=&#8221;\/\/sw-themes.com\/porto_dummy\/wp-content\/themes\/porto\/inc\/admin\/theme_options\/header_builder_presets\/header_preset_side1.jpg&#8221; caption=&#8221;Side header Preset 1&#8243; link=&#8221;https:\/\/www.portotheme.com\/wordpress\/porto\/corporate11\/&#8221;][\/vc_column_inner][vc_column_inner width=&#8221;1\/3&#8243;][vc_single_image source=&#8221;external_link&#8221; external_img_size=&#8221;150&#215;346&#8243; external_style=&#8221;vc_box_outline&#8221; onclick=&#8221;custom_link&#8221; custom_src=&#8221;\/\/sw-themes.com\/porto_dummy\/wp-content\/themes\/porto\/inc\/admin\/theme_options\/header_builder_presets\/header_preset_side2.png&#8221; caption=&#8221;Side header Preset 2&#8243; link=&#8221;https:\/\/www.portotheme.com\/wordpress\/porto\/corporate12\/&#8221;][\/vc_column_inner][vc_column_inner width=&#8221;1\/3&#8243;][vc_single_image source=&#8221;external_link&#8221; external_img_size=&#8221;150&#215;346&#8243; external_style=&#8221;vc_box_outline&#8221; onclick=&#8221;custom_link&#8221; custom_src=&#8221;\/\/sw-themes.com\/porto_dummy\/wp-content\/themes\/porto\/inc\/admin\/theme_options\/header_builder_presets\/header_preset_side3.png&#8221; caption=&#8221;Side header Preset 3&#8243; link=&#8221;https:\/\/www.portotheme.com\/wordpress\/porto\/corporate13\/&#8221;][\/vc_column_inner][\/vc_row_inner][\/vc_column][\/vc_row][vc_row css=&#8221;.vc_custom_1532594858395{padding-top: 40px !important;}&#8221;][vc_column][vc_column_text el_class=&#8221;text-center&#8221;]<\/p>\n<h2 class=\"text-uppercase font-weight-semibold mb-2\">Header Type Variations<\/h2>\n<p>When you choose a header type, porto loads resources for that header type only not other header types.<\/p>\n<p><b>Note<\/b>: We recommend to use header builder presets instead of header types.[\/vc_column_text][\/vc_column][\/vc_row][vc_row el_class=&#8221;porto-header-types&#8221;][vc_column width=&#8221;5\/12&#8243;][vc_single_image source=&#8221;external_link&#8221; external_img_size=&#8221;1174&#215;186&#8243; external_style=&#8221;vc_box_outline&#8221; onclick=&#8221;custom_link&#8221; custom_src=&#8221;\/\/sw-themes.com\/porto_dummy\/wp-content\/themes\/porto\/inc\/admin\/theme_options\/headers\/header_01.png&#8221; caption=&#8221;Header Type 1&#8243; link=&#8221;https:\/\/www.portotheme.com\/wordpress\/porto\/shop1\/&#8221; label=&#8221;&#8221;][vc_single_image source=&#8221;external_link&#8221; external_img_size=&#8221;1181&#215;135&#8243; external_style=&#8221;vc_box_outline&#8221; onclick=&#8221;custom_link&#8221; custom_src=&#8221;\/\/sw-themes.com\/porto_dummy\/wp-content\/themes\/porto\/inc\/admin\/theme_options\/headers\/header_02.png&#8221; caption=&#8221;Header Type 2&#8243; link=&#8221;https:\/\/www.portotheme.com\/wordpress\/porto\/shop7\/&#8221; label=&#8221;&#8221;][vc_single_image source=&#8221;external_link&#8221; external_img_size=&#8221;1161&#215;128&#8243; external_style=&#8221;vc_box_outline&#8221; onclick=&#8221;custom_link&#8221; custom_src=&#8221;\/\/sw-themes.com\/porto_dummy\/wp-content\/themes\/porto\/inc\/admin\/theme_options\/headers\/header_03.jpg&#8221; caption=&#8221;Header Type 3&#8243; link=&#8221;https:\/\/www.portotheme.com\/wordpress\/porto\/shop17\/&#8221; label=&#8221;&#8221;][vc_single_image source=&#8221;external_link&#8221; external_img_size=&#8221;1174&#215;178&#8243; external_style=&#8221;vc_box_outline&#8221; onclick=&#8221;custom_link&#8221; custom_src=&#8221;\/\/sw-themes.com\/porto_dummy\/wp-content\/themes\/porto\/inc\/admin\/theme_options\/headers\/header_04.png&#8221; caption=&#8221;Header Type 4&#8243; link=&#8221;https:\/\/www.portotheme.com\/wordpress\/porto\/shop8\/&#8221; label=&#8221;&#8221;][vc_single_image source=&#8221;external_link&#8221; external_img_size=&#8221;1170&#215;158&#8243; external_style=&#8221;vc_box_outline&#8221; onclick=&#8221;link_image&#8221; custom_src=&#8221;\/\/sw-themes.com\/porto_dummy\/wp-content\/themes\/porto\/inc\/admin\/theme_options\/headers\/header_05.jpg&#8221; caption=&#8221;Header Type 5&#8243;][vc_single_image source=&#8221;external_link&#8221; external_img_size=&#8221;1199&#215;103&#8243; external_style=&#8221;vc_box_outline&#8221; onclick=&#8221;custom_link&#8221; custom_src=&#8221;\/\/sw-themes.com\/porto_dummy\/wp-content\/themes\/porto\/inc\/admin\/theme_options\/headers\/header_06.jpg&#8221; caption=&#8221;Header Type 6&#8243; link=&#8221;https:\/\/www.portotheme.com\/wordpress\/porto\/shop11\/&#8221; label=&#8221;&#8221;][vc_single_image source=&#8221;external_link&#8221; external_img_size=&#8221;1350&#215;100&#8243; external_style=&#8221;vc_box_outline&#8221; onclick=&#8221;custom_link&#8221; custom_src=&#8221;\/\/sw-themes.com\/porto_dummy\/wp-content\/themes\/porto\/inc\/admin\/theme_options\/headers\/header_07.jpg&#8221; caption=&#8221;Header Type 7&#8243; link=&#8221;https:\/\/www.portotheme.com\/wordpress\/porto\/shop6\/&#8221;][vc_single_image source=&#8221;external_link&#8221; external_img_size=&#8221;800&#215;61&#8243; external_style=&#8221;vc_box_outline&#8221; onclick=&#8221;custom_link&#8221; custom_src=&#8221;\/\/sw-themes.com\/porto_dummy\/wp-content\/themes\/porto\/inc\/admin\/theme_options\/headers\/header_08.png&#8221; caption=&#8221;Header Type 8&#8243; link=&#8221;https:\/\/www.portotheme.com\/wordpress\/porto\/shop18\/&#8221;][vc_single_image source=&#8221;external_link&#8221; external_img_size=&#8221;800&#215;118&#8243; external_style=&#8221;vc_box_outline&#8221; onclick=&#8221;custom_link&#8221; custom_src=&#8221;\/\/sw-themes.com\/porto_dummy\/wp-content\/themes\/porto\/inc\/admin\/theme_options\/headers\/header_09.png&#8221; caption=&#8221;Header Type 9&#8243; link=&#8221;https:\/\/www.portotheme.com\/wordpress\/porto\/shop9\/&#8221;][vc_single_image source=&#8221;external_link&#8221; external_img_size=&#8221;800&#215;79&#8243; external_style=&#8221;vc_box_outline&#8221; onclick=&#8221;custom_link&#8221; custom_src=&#8221;\/\/sw-themes.com\/porto_dummy\/wp-content\/themes\/porto\/inc\/admin\/theme_options\/headers\/header_18.jpg&#8221; caption=&#8221;Header Type 18&#8243; link=&#8221;https:\/\/www.portotheme.com\/wordpress\/porto\/shop12\/&#8221;][vc_single_image source=&#8221;external_link&#8221; external_img_size=&#8221;1200&#215;166&#8243; external_style=&#8221;vc_box_outline&#8221; onclick=&#8221;custom_link&#8221; custom_src=&#8221;\/\/sw-themes.com\/porto_dummy\/wp-content\/themes\/porto\/inc\/admin\/theme_options\/headers\/header_19.png&#8221; caption=&#8221;Header Type 19&#8243; link=&#8221;https:\/\/www.portotheme.com\/wordpress\/porto\/shop20\/&#8221;][\/vc_column][vc_column width=&#8221;5\/12&#8243;][vc_single_image source=&#8221;external_link&#8221; external_img_size=&#8221;1186&#215;124&#8243; external_style=&#8221;vc_box_outline&#8221; onclick=&#8221;custom_link&#8221; custom_src=&#8221;\/\/sw-themes.com\/porto_dummy\/wp-content\/themes\/porto\/inc\/admin\/theme_options\/headers\/header_10.png&#8221; caption=&#8221;Header Type 10&#8243; link=&#8221;https:\/\/www.portotheme.com\/wordpress\/porto\/classic-original\/&#8221;][vc_single_image source=&#8221;external_link&#8221; external_img_size=&#8221;1158&#215;111&#8243; external_style=&#8221;vc_box_outline&#8221; onclick=&#8221;custom_link&#8221; custom_src=&#8221;\/\/sw-themes.com\/porto_dummy\/wp-content\/themes\/porto\/inc\/admin\/theme_options\/headers\/header_11.png&#8221; caption=&#8221;Header Type 11&#8243; link=&#8221;https:\/\/www.portotheme.com\/wordpress\/porto\/app-landing\/&#8221;][vc_single_image source=&#8221;external_link&#8221; external_img_size=&#8221;1170&#215;155&#8243; external_style=&#8221;vc_box_outline&#8221; onclick=&#8221;custom_link&#8221; custom_src=&#8221;\/\/sw-themes.com\/porto_dummy\/wp-content\/themes\/porto\/inc\/admin\/theme_options\/headers\/header_12.png&#8221; caption=&#8221;Header Type 12&#8243; link=&#8221;https:\/\/www.portotheme.com\/wordpress\/porto\/construction\/&#8221;][vc_single_image source=&#8221;external_link&#8221; external_img_size=&#8221;1170&#215;210&#8243; external_style=&#8221;vc_box_outline&#8221; onclick=&#8221;custom_link&#8221; custom_src=&#8221;\/\/sw-themes.com\/porto_dummy\/wp-content\/themes\/porto\/inc\/admin\/theme_options\/headers\/header_13.png&#8221; caption=&#8221;Header Type 13&#8243; link=&#8221;https:\/\/www.portotheme.com\/wordpress\/porto\/wedding\/&#8221;][vc_single_image source=&#8221;external_link&#8221; external_img_size=&#8221;1170&#215;212&#8243; external_style=&#8221;vc_box_outline&#8221; onclick=&#8221;custom_link&#8221; custom_src=&#8221;\/\/sw-themes.com\/porto_dummy\/wp-content\/themes\/porto\/inc\/admin\/theme_options\/headers\/header_14.png&#8221; caption=&#8221;Header Type 14&#8243; link=&#8221;https:\/\/www.portotheme.com\/wordpress\/porto\/corporate3\/&#8221;][vc_single_image source=&#8221;external_link&#8221; external_img_size=&#8221;1170&#215;139&#8243; external_style=&#8221;vc_box_outline&#8221; onclick=&#8221;custom_link&#8221; custom_src=&#8221;\/\/sw-themes.com\/porto_dummy\/wp-content\/themes\/porto\/inc\/admin\/theme_options\/headers\/header_15.png&#8221; caption=&#8221;Header Type 15&#8243; link=&#8221;https:\/\/www.portotheme.com\/wordpress\/porto\/classic-one-page\/&#8221;][vc_single_image source=&#8221;external_link&#8221; external_img_size=&#8221;1170&#215;125&#8243; external_style=&#8221;vc_box_outline&#8221; onclick=&#8221;custom_link&#8221; custom_src=&#8221;\/\/sw-themes.com\/porto_dummy\/wp-content\/themes\/porto\/inc\/admin\/theme_options\/headers\/header_16.png&#8221; caption=&#8221;Header Type 16&#8243; link=&#8221;https:\/\/www.portotheme.com\/wordpress\/porto\/medical\/&#8221;][vc_single_image source=&#8221;external_link&#8221; external_img_size=&#8221;1170&#215;173&#8243; external_style=&#8221;vc_box_outline&#8221; onclick=&#8221;custom_link&#8221; custom_src=&#8221;\/\/sw-themes.com\/porto_dummy\/wp-content\/themes\/porto\/inc\/admin\/theme_options\/headers\/header_17.png&#8221; caption=&#8221;Header Type 17&#8243; link=&#8221;https:\/\/www.portotheme.com\/wordpress\/porto\/law-firm\/&#8221;][\/vc_column][vc_column width=&#8221;1\/6&#8243;][vc_single_image source=&#8221;external_link&#8221; external_img_size=&#8221;298&#215;974&#8243; external_style=&#8221;vc_box_outline&#8221; onclick=&#8221;custom_link&#8221; custom_src=&#8221;\/\/sw-themes.com\/porto_dummy\/wp-content\/themes\/porto\/inc\/admin\/theme_options\/headers\/header_side_full.png&#8221; caption=&#8221;Header Type Side&#8221; link=&#8221;https:\/\/www.portotheme.com\/wordpress\/porto\/shop10\/&#8221; label=&#8221;&#8221;][\/vc_column][\/vc_row]<\/p>\n","protected":false},"excerpt":{"rendered":"<p>[vc_row css=&#8221;.vc_custom_1532594858395{padding-top: 40px !important;}&#8221;][vc_column][vc_column_text el_class=&#8221;text-center&#8221;] Header Builder Presets When you choose a header preset, porto loads resources for that header only not other header presets.[\/vc_column_text][\/vc_column][\/vc_row][vc_row el_class=&#8221;porto-header-types&#8221;][vc_column width=&#8221;1\/2&#8243;][vc_single_image source=&#8221;external_link&#8221; external_img_size=&#8221;540&#215;72&#8243; external_style=&#8221;vc_box_outline&#8221; onclick=&#8221;custom_link&#8221; custom_src=&#8221;\/\/sw-themes.com\/porto_dummy\/wp-content\/themes\/porto\/inc\/admin\/theme_options\/header_builder_presets\/header_preset1.jpg&#8221; caption=&#8221;Header Preset 1&#8243; link=&#8221;https:\/\/www.portotheme.com\/wordpress\/porto\/classic-color\/&#8221;][vc_single_image source=&#8221;external_link&#8221; external_img_size=&#8221;540&#215;72&#8243; external_style=&#8221;vc_box_outline&#8221; onclick=&#8221;custom_link&#8221; custom_src=&#8221;\/\/sw-themes.com\/porto_dummy\/wp-content\/themes\/porto\/inc\/admin\/theme_options\/header_builder_presets\/header_preset2.jpg&#8221; caption=&#8221;Header Preset 2&#8243; link=&#8221;https:\/\/www.portotheme.com\/wordpress\/porto\/classic-light\/&#8221;][vc_single_image source=&#8221;external_link&#8221; external_img_size=&#8221;540&#215;48&#8243; external_style=&#8221;vc_box_outline&#8221; onclick=&#8221;custom_link&#8221; custom_src=&#8221;\/\/sw-themes.com\/porto_dummy\/wp-content\/themes\/porto\/inc\/admin\/theme_options\/header_builder_presets\/header_preset3.jpg&#8221; caption=&#8221;Header Preset 3&#8243; link=&#8221;https:\/\/www.portotheme.com\/wordpress\/porto\/corporate6\/&#8221;][vc_single_image source=&#8221;external_link&#8221; [&hellip;]<\/p>\n","protected":false},"author":1,"featured_media":0,"parent":0,"menu_order":0,"comment_status":"closed","ping_status":"closed","template":"","meta":{"_acf_changed":false,"footnotes":""},"class_list":["post-1511","page","type-page","status-publish","hentry"],"acf":[],"yoast_head":"<!-- This site is optimized with the Yoast SEO plugin v27.4 - https:\/\/yoast.com\/product\/yoast-seo-wordpress\/ -->\n<title>Header Types - GrippyGripz<\/title>\n<meta name=\"description\" content=\"GrippyGripz - Header Types. GrippyGripz produkter sl\u00e5r grepplindor och \u00f6vriga produkter. F\u00e5 b\u00e4ttre grepp i padel, tennis, gym med mera - Kundn\u00f6jdhet garanterat - Snabba leveranser - Utvecklad i Sverige.\" \/>\n<meta name=\"robots\" content=\"index, follow, max-snippet:-1, max-image-preview:large, max-video-preview:-1\" \/>\n<link rel=\"canonical\" href=\"https:\/\/grippygripz.com\/sv\/header-types\/\" \/>\n<meta property=\"og:locale\" content=\"sv_SE\" \/>\n<meta property=\"og:type\" content=\"article\" \/>\n<meta property=\"og:title\" content=\"Header Types - GrippyGripz\" \/>\n<meta property=\"og:description\" content=\"GrippyGripz - Header Types. GrippyGripz produkter sl\u00e5r grepplindor och \u00f6vriga produkter. F\u00e5 b\u00e4ttre grepp i padel, tennis, gym med mera - Kundn\u00f6jdhet garanterat - Snabba leveranser - Utvecklad i Sverige.\" \/>\n<meta property=\"og:url\" content=\"https:\/\/grippygripz.com\/sv\/header-types\/\" \/>\n<meta property=\"og:site_name\" content=\"GrippyGripz\" \/>\n<meta property=\"article:publisher\" content=\"https:\/\/www.facebook.com\/pages\/category\/Product-Service\/Vespadelarse-1915274088539804\/\" \/>\n<meta property=\"article:modified_time\" content=\"2020-10-15T16:22:51+00:00\" \/>\n<meta name=\"twitter:card\" content=\"summary_large_image\" \/>\n<meta name=\"twitter:label1\" content=\"Est. reading time\" \/>\n\t<meta name=\"twitter:data1\" content=\"8 minutes\" \/>\n<script type=\"application\/ld+json\" class=\"yoast-schema-graph\">{\"@context\":\"https:\\\/\\\/schema.org\",\"@graph\":[{\"@type\":\"WebPage\",\"@id\":\"https:\\\/\\\/grippygripz.com\\\/sv\\\/header-types\\\/\",\"url\":\"https:\\\/\\\/grippygripz.com\\\/sv\\\/header-types\\\/\",\"name\":\"Header Types - GrippyGripz\",\"isPartOf\":{\"@id\":\"https:\\\/\\\/grippygripz.com\\\/sv\\\/#website\"},\"datePublished\":\"2018-07-27T14:24:33+00:00\",\"dateModified\":\"2020-10-15T16:22:51+00:00\",\"description\":\"GrippyGripz - Header Types. GrippyGripz produkter sl\u00e5r grepplindor och \u00f6vriga produkter. F\u00e5 b\u00e4ttre grepp i padel, tennis, gym med mera - Kundn\u00f6jdhet garanterat - Snabba leveranser - Utvecklad i Sverige.\",\"breadcrumb\":{\"@id\":\"https:\\\/\\\/grippygripz.com\\\/sv\\\/header-types\\\/#breadcrumb\"},\"inLanguage\":\"sv-SE\",\"potentialAction\":[{\"@type\":\"ReadAction\",\"target\":[\"https:\\\/\\\/grippygripz.com\\\/sv\\\/header-types\\\/\"]}]},{\"@type\":\"BreadcrumbList\",\"@id\":\"https:\\\/\\\/grippygripz.com\\\/sv\\\/header-types\\\/#breadcrumb\",\"itemListElement\":[{\"@type\":\"ListItem\",\"position\":1,\"name\":\"Home\",\"item\":\"https:\\\/\\\/grippygripz.com\\\/sv\\\/\"},{\"@type\":\"ListItem\",\"position\":2,\"name\":\"Header Types\"}]},{\"@type\":\"WebSite\",\"@id\":\"https:\\\/\\\/grippygripz.com\\\/sv\\\/#website\",\"url\":\"https:\\\/\\\/grippygripz.com\\\/sv\\\/\",\"name\":\"GrippyGripz\",\"description\":\"The winning GRIP\",\"publisher\":{\"@id\":\"https:\\\/\\\/grippygripz.com\\\/sv\\\/#organization\"},\"potentialAction\":[{\"@type\":\"SearchAction\",\"target\":{\"@type\":\"EntryPoint\",\"urlTemplate\":\"https:\\\/\\\/grippygripz.com\\\/sv\\\/?s={search_term_string}\"},\"query-input\":{\"@type\":\"PropertyValueSpecification\",\"valueRequired\":true,\"valueName\":\"search_term_string\"}}],\"inLanguage\":\"sv-SE\"},{\"@type\":\"Organization\",\"@id\":\"https:\\\/\\\/grippygripz.com\\\/sv\\\/#organization\",\"name\":\"GrippyGripz\",\"url\":\"https:\\\/\\\/grippygripz.com\\\/sv\\\/\",\"logo\":{\"@type\":\"ImageObject\",\"inLanguage\":\"sv-SE\",\"@id\":\"https:\\\/\\\/grippygripz.com\\\/sv\\\/#\\\/schema\\\/logo\\\/image\\\/\",\"url\":\"https:\\\/\\\/grippygripz.com\\\/wp-content\\\/uploads\\\/2020\\\/10\\\/grippygripz-final-01.jpg\",\"contentUrl\":\"https:\\\/\\\/grippygripz.com\\\/wp-content\\\/uploads\\\/2020\\\/10\\\/grippygripz-final-01.jpg\",\"width\":1485,\"height\":865,\"caption\":\"GrippyGripz\"},\"image\":{\"@id\":\"https:\\\/\\\/grippygripz.com\\\/sv\\\/#\\\/schema\\\/logo\\\/image\\\/\"},\"sameAs\":[\"https:\\\/\\\/www.facebook.com\\\/pages\\\/category\\\/Product-Service\\\/Vespadelarse-1915274088539804\\\/\",\"https:\\\/\\\/www.instagram.com\\\/grippygripz.se\\\/\"]}]}<\/script>\n<!-- \/ Yoast SEO plugin. -->","yoast_head_json":{"title":"Header Types - GrippyGripz","description":"GrippyGripz - Header Types. GrippyGripz produkter sl\u00e5r grepplindor och \u00f6vriga produkter. F\u00e5 b\u00e4ttre grepp i padel, tennis, gym med mera - Kundn\u00f6jdhet garanterat - Snabba leveranser - Utvecklad i Sverige.","robots":{"index":"index","follow":"follow","max-snippet":"max-snippet:-1","max-image-preview":"max-image-preview:large","max-video-preview":"max-video-preview:-1"},"canonical":"https:\/\/grippygripz.com\/sv\/header-types\/","og_locale":"sv_SE","og_type":"article","og_title":"Header Types - GrippyGripz","og_description":"GrippyGripz - Header Types. GrippyGripz produkter sl\u00e5r grepplindor och \u00f6vriga produkter. F\u00e5 b\u00e4ttre grepp i padel, tennis, gym med mera - Kundn\u00f6jdhet garanterat - Snabba leveranser - Utvecklad i Sverige.","og_url":"https:\/\/grippygripz.com\/sv\/header-types\/","og_site_name":"GrippyGripz","article_publisher":"https:\/\/www.facebook.com\/pages\/category\/Product-Service\/Vespadelarse-1915274088539804\/","article_modified_time":"2020-10-15T16:22:51+00:00","twitter_card":"summary_large_image","twitter_misc":{"Est. reading time":"8 minutes"},"schema":{"@context":"https:\/\/schema.org","@graph":[{"@type":"WebPage","@id":"https:\/\/grippygripz.com\/sv\/header-types\/","url":"https:\/\/grippygripz.com\/sv\/header-types\/","name":"Header Types - GrippyGripz","isPartOf":{"@id":"https:\/\/grippygripz.com\/sv\/#website"},"datePublished":"2018-07-27T14:24:33+00:00","dateModified":"2020-10-15T16:22:51+00:00","description":"GrippyGripz - Header Types. GrippyGripz produkter sl\u00e5r grepplindor och \u00f6vriga produkter. F\u00e5 b\u00e4ttre grepp i padel, tennis, gym med mera - Kundn\u00f6jdhet garanterat - Snabba leveranser - Utvecklad i Sverige.","breadcrumb":{"@id":"https:\/\/grippygripz.com\/sv\/header-types\/#breadcrumb"},"inLanguage":"sv-SE","potentialAction":[{"@type":"ReadAction","target":["https:\/\/grippygripz.com\/sv\/header-types\/"]}]},{"@type":"BreadcrumbList","@id":"https:\/\/grippygripz.com\/sv\/header-types\/#breadcrumb","itemListElement":[{"@type":"ListItem","position":1,"name":"Home","item":"https:\/\/grippygripz.com\/sv\/"},{"@type":"ListItem","position":2,"name":"Header Types"}]},{"@type":"WebSite","@id":"https:\/\/grippygripz.com\/sv\/#website","url":"https:\/\/grippygripz.com\/sv\/","name":"GrippyGripz","description":"The winning GRIP","publisher":{"@id":"https:\/\/grippygripz.com\/sv\/#organization"},"potentialAction":[{"@type":"SearchAction","target":{"@type":"EntryPoint","urlTemplate":"https:\/\/grippygripz.com\/sv\/?s={search_term_string}"},"query-input":{"@type":"PropertyValueSpecification","valueRequired":true,"valueName":"search_term_string"}}],"inLanguage":"sv-SE"},{"@type":"Organization","@id":"https:\/\/grippygripz.com\/sv\/#organization","name":"GrippyGripz","url":"https:\/\/grippygripz.com\/sv\/","logo":{"@type":"ImageObject","inLanguage":"sv-SE","@id":"https:\/\/grippygripz.com\/sv\/#\/schema\/logo\/image\/","url":"https:\/\/grippygripz.com\/wp-content\/uploads\/2020\/10\/grippygripz-final-01.jpg","contentUrl":"https:\/\/grippygripz.com\/wp-content\/uploads\/2020\/10\/grippygripz-final-01.jpg","width":1485,"height":865,"caption":"GrippyGripz"},"image":{"@id":"https:\/\/grippygripz.com\/sv\/#\/schema\/logo\/image\/"},"sameAs":["https:\/\/www.facebook.com\/pages\/category\/Product-Service\/Vespadelarse-1915274088539804\/","https:\/\/www.instagram.com\/grippygripz.se\/"]}]}},"_links":{"self":[{"href":"https:\/\/grippygripz.com\/sv\/wp-json\/wp\/v2\/pages\/1511","targetHints":{"allow":["GET"]}}],"collection":[{"href":"https:\/\/grippygripz.com\/sv\/wp-json\/wp\/v2\/pages"}],"about":[{"href":"https:\/\/grippygripz.com\/sv\/wp-json\/wp\/v2\/types\/page"}],"author":[{"embeddable":true,"href":"https:\/\/grippygripz.com\/sv\/wp-json\/wp\/v2\/users\/1"}],"replies":[{"embeddable":true,"href":"https:\/\/grippygripz.com\/sv\/wp-json\/wp\/v2\/comments?post=1511"}],"version-history":[{"count":2,"href":"https:\/\/grippygripz.com\/sv\/wp-json\/wp\/v2\/pages\/1511\/revisions"}],"predecessor-version":[{"id":40660,"href":"https:\/\/grippygripz.com\/sv\/wp-json\/wp\/v2\/pages\/1511\/revisions\/40660"}],"wp:attachment":[{"href":"https:\/\/grippygripz.com\/sv\/wp-json\/wp\/v2\/media?parent=1511"}],"curies":[{"name":"wp","href":"https:\/\/api.w.org\/{rel}","templated":true}]}}