{"id":57116,"date":"2023-04-11T21:21:34","date_gmt":"2023-04-11T19:21:34","guid":{"rendered":"https:\/\/grippygripz.com\/?post_type=product&#038;p=57116"},"modified":"2026-04-02T04:13:50","modified_gmt":"2026-04-02T02:13:50","slug":"gel-gym-maxi","status":"publish","type":"product","link":"https:\/\/grippygripz.com\/no\/gel-gym-maxi\/","title":{"rendered":"GEL &#8211; Gym MAXI"},"content":{"rendered":"<p><strong>Bedre grep<\/strong> betyr bedre resultater p\u00e5 treningssenteret. Vi vet at dette er tilfellet og vi har f\u00e5tt hjelp av eksperter til \u00e5 utvikle en <strong>unik<\/strong> variant av flytende magnesium. Med v\u00e5rt flytende magnesium til treningsstudioet \u00f8ker grepstyrken betraktelig og gir en rekke gode egenskaper. I samarbeid med <strong>SportScience i Sverige<\/strong>, mange tester og hjelp fra folk p\u00e5 treningssenteret, har vi laget et unikt produkt som holder hendene t\u00f8rre og gir deg et perfekt grep. Vi lover deg bedre grep.<\/p>\n","protected":false},"excerpt":{"rendered":"<p><strong>GrippyGripz grepforsterker<\/strong> for <strong>GYM<\/strong> vil virkelig forbedre grepet og resultatene dine. I tillegg til et bedre grep p\u00e5 treningssenteret, gir v\u00e5rt produkt ogs\u00e5 en svettebeskyttende effekt som virker lenge. Den er ogs\u00e5 antibakteriell. Dagene med st\u00f8vete kalk, kl\u00f8nete stropper og h\u00e5ndkl\u00e6r for \u00e5 motvirke d\u00e5rlig grep p\u00e5 grunn av svette er over. Vi har gitt v\u00e5r grepforbedrende gel akkurat passe klebrighet, uten \u00e5 g\u00e5 p\u00e5 bekostning av muligheten til \u00e5 vri p\u00e5 grepet. <strong>Bedre grep \u2013 Bedre resultater<\/strong>.<\/p>\n","protected":false},"featured_media":57127,"comment_status":"open","ping_status":"closed","template":"","meta":{"_acf_changed":false},"product_brand":[],"product_cat":[6248],"product_tag":[6252,6251,6250,6253],"class_list":{"0":"post-57116","1":"product","2":"type-product","3":"status-publish","4":"has-post-thumbnail","6":"product_cat-grepgel","7":"product_tag-grep-gel","8":"product_tag-grepgel","9":"product_tag-grepsforbedrer","10":"product_tag-grip-gel-no","11":"product_shipping_class-standard-no","13":"first","14":"instock","15":"taxable","16":"shipping-taxable","17":"purchasable","18":"product-type-simple"},"acf":[],"yoast_head":"<!-- This site is optimized with the Yoast SEO plugin v27.4 - https:\/\/yoast.com\/product\/yoast-seo-wordpress\/ -->\n<title>Bedre Grep GEL - Gym MAXI - GrippyGripz<\/title>\n<meta name=\"description\" content=\"Bedre grep p\u00e5 gymmet! V\u00e5r flytende GEL - Gym MAXI gir deg et bedre grep. Utviklet i Sverige - Brukt over hele verden.\" \/>\n<meta name=\"robots\" content=\"index, follow, max-snippet:-1, max-image-preview:large, max-video-preview:-1\" \/>\n<link rel=\"canonical\" href=\"https:\/\/grippygripz.com\/no\/gel-gym-maxi\/\" \/>\n<meta property=\"og:locale\" content=\"nb_NO\" \/>\n<meta property=\"og:type\" content=\"article\" \/>\n<meta property=\"og:title\" content=\"Bedre Grep GEL - Gym MAXI - GrippyGripz\" \/>\n<meta property=\"og:description\" content=\"Bedre grep p\u00e5 gymmet! V\u00e5r flytende GEL - Gym MAXI gir deg et bedre grep. Utviklet i Sverige - Brukt over hele verden.\" \/>\n<meta property=\"og:url\" content=\"https:\/\/grippygripz.com\/no\/gel-gym-maxi\/\" \/>\n<meta property=\"og:site_name\" content=\"GrippyGripz\" \/>\n<meta property=\"article:publisher\" content=\"https:\/\/www.facebook.com\/pages\/category\/Product-Service\/Vespadelarse-1915274088539804\/\" \/>\n<meta property=\"article:modified_time\" content=\"2026-04-02T02:13:50+00:00\" \/>\n<meta property=\"og:image\" content=\"https:\/\/grippygripz.com\/wp-content\/uploads\/2023\/04\/GrippyGripz-100-ml-GYM-Front.png\" \/>\n\t<meta property=\"og:image:width\" content=\"300\" \/>\n\t<meta property=\"og:image:height\" content=\"300\" \/>\n\t<meta property=\"og:image:type\" content=\"image\/png\" \/>\n<meta name=\"twitter:card\" content=\"summary_large_image\" \/>\n<script type=\"application\/ld+json\" class=\"yoast-schema-graph\">{\"@context\":\"https:\\\/\\\/schema.org\",\"@graph\":[{\"@type\":\"WebPage\",\"@id\":\"https:\\\/\\\/grippygripz.com\\\/no\\\/gel-gym-maxi\\\/\",\"url\":\"https:\\\/\\\/grippygripz.com\\\/no\\\/gel-gym-maxi\\\/\",\"name\":\"Bedre Grep GEL - Gym MAXI - GrippyGripz\",\"isPartOf\":{\"@id\":\"https:\\\/\\\/grippygripz.com\\\/no\\\/#website\"},\"primaryImageOfPage\":{\"@id\":\"https:\\\/\\\/grippygripz.com\\\/no\\\/gel-gym-maxi\\\/#primaryimage\"},\"image\":{\"@id\":\"https:\\\/\\\/grippygripz.com\\\/no\\\/gel-gym-maxi\\\/#primaryimage\"},\"thumbnailUrl\":\"https:\\\/\\\/grippygripz.com\\\/wp-content\\\/uploads\\\/2023\\\/04\\\/GrippyGripz-100-ml-GYM-Front.png\",\"datePublished\":\"2023-04-11T19:21:34+00:00\",\"dateModified\":\"2026-04-02T02:13:50+00:00\",\"description\":\"Bedre grep p\u00e5 gymmet! V\u00e5r flytende GEL - Gym MAXI gir deg et bedre grep. Utviklet i Sverige - Brukt over hele verden.\",\"breadcrumb\":{\"@id\":\"https:\\\/\\\/grippygripz.com\\\/no\\\/gel-gym-maxi\\\/#breadcrumb\"},\"inLanguage\":\"nb-NO\",\"potentialAction\":[{\"@type\":\"ReadAction\",\"target\":[\"https:\\\/\\\/grippygripz.com\\\/no\\\/gel-gym-maxi\\\/\"]}]},{\"@type\":\"ImageObject\",\"inLanguage\":\"nb-NO\",\"@id\":\"https:\\\/\\\/grippygripz.com\\\/no\\\/gel-gym-maxi\\\/#primaryimage\",\"url\":\"https:\\\/\\\/grippygripz.com\\\/wp-content\\\/uploads\\\/2023\\\/04\\\/GrippyGripz-100-ml-GYM-Front.png\",\"contentUrl\":\"https:\\\/\\\/grippygripz.com\\\/wp-content\\\/uploads\\\/2023\\\/04\\\/GrippyGripz-100-ml-GYM-Front.png\",\"width\":300,\"height\":300,\"caption\":\"En unik variant av flytende magnesium\"},{\"@type\":\"BreadcrumbList\",\"@id\":\"https:\\\/\\\/grippygripz.com\\\/no\\\/gel-gym-maxi\\\/#breadcrumb\",\"itemListElement\":[{\"@type\":\"ListItem\",\"position\":1,\"name\":\"Home\",\"item\":\"https:\\\/\\\/grippygripz.com\\\/no\\\/\"},{\"@type\":\"ListItem\",\"position\":2,\"name\":\"Butikk\",\"item\":\"https:\\\/\\\/grippygripz.com\\\/no\\\/butikk\\\/\"},{\"@type\":\"ListItem\",\"position\":3,\"name\":\"GEL &#8211; Gym MAXI\"}]},{\"@type\":\"WebSite\",\"@id\":\"https:\\\/\\\/grippygripz.com\\\/no\\\/#website\",\"url\":\"https:\\\/\\\/grippygripz.com\\\/no\\\/\",\"name\":\"GrippyGripz\",\"description\":\"The winning GRIP\",\"publisher\":{\"@id\":\"https:\\\/\\\/grippygripz.com\\\/no\\\/#organization\"},\"potentialAction\":[{\"@type\":\"SearchAction\",\"target\":{\"@type\":\"EntryPoint\",\"urlTemplate\":\"https:\\\/\\\/grippygripz.com\\\/no\\\/?s={search_term_string}\"},\"query-input\":{\"@type\":\"PropertyValueSpecification\",\"valueRequired\":true,\"valueName\":\"search_term_string\"}}],\"inLanguage\":\"nb-NO\"},{\"@type\":\"Organization\",\"@id\":\"https:\\\/\\\/grippygripz.com\\\/no\\\/#organization\",\"name\":\"GrippyGripz\",\"url\":\"https:\\\/\\\/grippygripz.com\\\/no\\\/\",\"logo\":{\"@type\":\"ImageObject\",\"inLanguage\":\"nb-NO\",\"@id\":\"https:\\\/\\\/grippygripz.com\\\/no\\\/#\\\/schema\\\/logo\\\/image\\\/\",\"url\":\"https:\\\/\\\/grippygripz.com\\\/wp-content\\\/uploads\\\/2020\\\/10\\\/grippygripz-final-01.jpg\",\"contentUrl\":\"https:\\\/\\\/grippygripz.com\\\/wp-content\\\/uploads\\\/2020\\\/10\\\/grippygripz-final-01.jpg\",\"width\":1485,\"height\":865,\"caption\":\"GrippyGripz\"},\"image\":{\"@id\":\"https:\\\/\\\/grippygripz.com\\\/no\\\/#\\\/schema\\\/logo\\\/image\\\/\"},\"sameAs\":[\"https:\\\/\\\/www.facebook.com\\\/pages\\\/category\\\/Product-Service\\\/Vespadelarse-1915274088539804\\\/\",\"https:\\\/\\\/www.instagram.com\\\/grippygripz.se\\\/\"]}]}<\/script>\n<!-- \/ Yoast SEO plugin. -->","yoast_head_json":{"title":"Bedre Grep GEL - Gym MAXI - GrippyGripz","description":"Bedre grep p\u00e5 gymmet! V\u00e5r flytende GEL - Gym MAXI gir deg et bedre grep. Utviklet i Sverige - Brukt over hele verden.","robots":{"index":"index","follow":"follow","max-snippet":"max-snippet:-1","max-image-preview":"max-image-preview:large","max-video-preview":"max-video-preview:-1"},"canonical":"https:\/\/grippygripz.com\/no\/gel-gym-maxi\/","og_locale":"nb_NO","og_type":"article","og_title":"Bedre Grep GEL - Gym MAXI - GrippyGripz","og_description":"Bedre grep p\u00e5 gymmet! V\u00e5r flytende GEL - Gym MAXI gir deg et bedre grep. Utviklet i Sverige - Brukt over hele verden.","og_url":"https:\/\/grippygripz.com\/no\/gel-gym-maxi\/","og_site_name":"GrippyGripz","article_publisher":"https:\/\/www.facebook.com\/pages\/category\/Product-Service\/Vespadelarse-1915274088539804\/","article_modified_time":"2026-04-02T02:13:50+00:00","og_image":[{"width":300,"height":300,"url":"https:\/\/grippygripz.com\/wp-content\/uploads\/2023\/04\/GrippyGripz-100-ml-GYM-Front.png","type":"image\/png"}],"twitter_card":"summary_large_image","schema":{"@context":"https:\/\/schema.org","@graph":[{"@type":"WebPage","@id":"https:\/\/grippygripz.com\/no\/gel-gym-maxi\/","url":"https:\/\/grippygripz.com\/no\/gel-gym-maxi\/","name":"Bedre Grep GEL - Gym MAXI - GrippyGripz","isPartOf":{"@id":"https:\/\/grippygripz.com\/no\/#website"},"primaryImageOfPage":{"@id":"https:\/\/grippygripz.com\/no\/gel-gym-maxi\/#primaryimage"},"image":{"@id":"https:\/\/grippygripz.com\/no\/gel-gym-maxi\/#primaryimage"},"thumbnailUrl":"https:\/\/grippygripz.com\/wp-content\/uploads\/2023\/04\/GrippyGripz-100-ml-GYM-Front.png","datePublished":"2023-04-11T19:21:34+00:00","dateModified":"2026-04-02T02:13:50+00:00","description":"Bedre grep p\u00e5 gymmet! V\u00e5r flytende GEL - Gym MAXI gir deg et bedre grep. Utviklet i Sverige - Brukt over hele verden.","breadcrumb":{"@id":"https:\/\/grippygripz.com\/no\/gel-gym-maxi\/#breadcrumb"},"inLanguage":"nb-NO","potentialAction":[{"@type":"ReadAction","target":["https:\/\/grippygripz.com\/no\/gel-gym-maxi\/"]}]},{"@type":"ImageObject","inLanguage":"nb-NO","@id":"https:\/\/grippygripz.com\/no\/gel-gym-maxi\/#primaryimage","url":"https:\/\/grippygripz.com\/wp-content\/uploads\/2023\/04\/GrippyGripz-100-ml-GYM-Front.png","contentUrl":"https:\/\/grippygripz.com\/wp-content\/uploads\/2023\/04\/GrippyGripz-100-ml-GYM-Front.png","width":300,"height":300,"caption":"En unik variant av flytende magnesium"},{"@type":"BreadcrumbList","@id":"https:\/\/grippygripz.com\/no\/gel-gym-maxi\/#breadcrumb","itemListElement":[{"@type":"ListItem","position":1,"name":"Home","item":"https:\/\/grippygripz.com\/no\/"},{"@type":"ListItem","position":2,"name":"Butikk","item":"https:\/\/grippygripz.com\/no\/butikk\/"},{"@type":"ListItem","position":3,"name":"GEL &#8211; Gym MAXI"}]},{"@type":"WebSite","@id":"https:\/\/grippygripz.com\/no\/#website","url":"https:\/\/grippygripz.com\/no\/","name":"GrippyGripz","description":"The winning GRIP","publisher":{"@id":"https:\/\/grippygripz.com\/no\/#organization"},"potentialAction":[{"@type":"SearchAction","target":{"@type":"EntryPoint","urlTemplate":"https:\/\/grippygripz.com\/no\/?s={search_term_string}"},"query-input":{"@type":"PropertyValueSpecification","valueRequired":true,"valueName":"search_term_string"}}],"inLanguage":"nb-NO"},{"@type":"Organization","@id":"https:\/\/grippygripz.com\/no\/#organization","name":"GrippyGripz","url":"https:\/\/grippygripz.com\/no\/","logo":{"@type":"ImageObject","inLanguage":"nb-NO","@id":"https:\/\/grippygripz.com\/no\/#\/schema\/logo\/image\/","url":"https:\/\/grippygripz.com\/wp-content\/uploads\/2020\/10\/grippygripz-final-01.jpg","contentUrl":"https:\/\/grippygripz.com\/wp-content\/uploads\/2020\/10\/grippygripz-final-01.jpg","width":1485,"height":865,"caption":"GrippyGripz"},"image":{"@id":"https:\/\/grippygripz.com\/no\/#\/schema\/logo\/image\/"},"sameAs":["https:\/\/www.facebook.com\/pages\/category\/Product-Service\/Vespadelarse-1915274088539804\/","https:\/\/www.instagram.com\/grippygripz.se\/"]}]}},"_links":{"self":[{"href":"https:\/\/grippygripz.com\/no\/wp-json\/wp\/v2\/product\/57116","targetHints":{"allow":["GET"]}}],"collection":[{"href":"https:\/\/grippygripz.com\/no\/wp-json\/wp\/v2\/product"}],"about":[{"href":"https:\/\/grippygripz.com\/no\/wp-json\/wp\/v2\/types\/product"}],"replies":[{"embeddable":true,"href":"https:\/\/grippygripz.com\/no\/wp-json\/wp\/v2\/comments?post=57116"}],"wp:featuredmedia":[{"embeddable":true,"href":"https:\/\/grippygripz.com\/no\/wp-json\/wp\/v2\/media\/57127"}],"wp:attachment":[{"href":"https:\/\/grippygripz.com\/no\/wp-json\/wp\/v2\/media?parent=57116"}],"wp:term":[{"taxonomy":"product_brand","embeddable":true,"href":"https:\/\/grippygripz.com\/no\/wp-json\/wp\/v2\/product_brand?post=57116"},{"taxonomy":"product_cat","embeddable":true,"href":"https:\/\/grippygripz.com\/no\/wp-json\/wp\/v2\/product_cat?post=57116"},{"taxonomy":"product_tag","embeddable":true,"href":"https:\/\/grippygripz.com\/no\/wp-json\/wp\/v2\/product_tag?post=57116"}],"curies":[{"name":"wp","href":"https:\/\/api.w.org\/{rel}","templated":true}]}}