{"id":52106,"date":"2020-11-27T11:29:50","date_gmt":"2020-11-27T10:29:50","guid":{"rendered":"https:\/\/grippygripz.com\/ukategorisert\/gel-tennis\/"},"modified":"2026-03-12T16:19:26","modified_gmt":"2026-03-12T15:19:26","slug":"gel-tennis","status":"publish","type":"product","link":"https:\/\/grippygripz.com\/no\/gel-tennis\/","title":{"rendered":"GEL &#8211; Tennis"},"content":{"rendered":"<p>Bedre grep betyr <strong>bedre resultater<\/strong> n\u00e5r du spiller <strong>TENNIS<\/strong>. Vi vet at dette er tilfellet og vi har f\u00e5tt hjelp fra SportScience.se og tennisspillere fra KLTK i Stockholm til \u00e5 gj\u00f8re tester og utvikle et unikt produkt for grepet n\u00e5r du spiller tennis. Med GrippyGripz GrepGel for Tennis \u00f8ker du grepstyrken og forhindrer svette. I tillegg er v\u00e5r gel antibakteriell og den verken flekker eller st\u00f8ver. Vi lover deg et bedre grep. Levering skjer gjennom postkassen (ved standardm\u00e5l).<\/p>\n","protected":false},"excerpt":{"rendered":"<p>GrippyGripz Grepgel for <strong>TENNIS<\/strong> gir bedre grep i tennis. Du vil virkelig forbedre grepet og dette vil igjen gi bedre resultater. Tidene med \u00e5 skifte overgrep ofte og ha d\u00e5rlig grep p\u00e5 grunn av svette er over. Vi har gitt v\u00e5r grepforbedrende GrepGel akkurat passe klebrighet, uten \u00e5 g\u00e5 p\u00e5 bekostning med muligheten til \u00e5 vri p\u00e5 grepet. Utviklet med eliten i tennis og <strong>Sportscience.se.<\/strong> Bedre grep \u2013 bedre resultater.<\/p>\n","protected":false},"featured_media":52110,"comment_status":"open","ping_status":"closed","template":"","meta":{"_acf_changed":false},"product_brand":[],"product_cat":[6248],"product_tag":[6252,6251,6250,6253,6260],"class_list":{"0":"post-52106","1":"product","2":"type-product","3":"status-publish","4":"has-post-thumbnail","6":"product_cat-grepgel","7":"product_tag-grep-gel","8":"product_tag-grepgel","9":"product_tag-grepsforbedrer","10":"product_tag-grip-gel-no","11":"product_tag-tennis-no","12":"product_shipping_class-standard-no","14":"first","15":"instock","16":"taxable","17":"shipping-taxable","18":"purchasable","19":"product-type-simple"},"acf":[],"yoast_head":"<!-- This site is optimized with the Yoast SEO plugin v27.4 - https:\/\/yoast.com\/product\/yoast-seo-wordpress\/ -->\n<title>Bedre grep GEL - Tennis - GrippyGripz<\/title>\n<meta name=\"description\" content=\"Bedre grep p\u00e5 tennisracket? V\u00e5r flytende GEL - Tennis gir deg bedre grep i tennis. Utviklet i Sverige - Brukt over hele verden.\" \/>\n<meta name=\"robots\" content=\"index, follow, max-snippet:-1, max-image-preview:large, max-video-preview:-1\" \/>\n<link rel=\"canonical\" href=\"https:\/\/grippygripz.com\/no\/gel-tennis\/\" \/>\n<meta property=\"og:locale\" content=\"nb_NO\" \/>\n<meta property=\"og:type\" content=\"article\" \/>\n<meta property=\"og:title\" content=\"Bedre grep GEL - Tennis - GrippyGripz\" \/>\n<meta property=\"og:description\" content=\"Bedre grep p\u00e5 tennisracket? V\u00e5r flytende GEL - Tennis gir deg bedre grep i tennis. Utviklet i Sverige - Brukt over hele verden.\" \/>\n<meta property=\"og:url\" content=\"https:\/\/grippygripz.com\/no\/gel-tennis\/\" \/>\n<meta property=\"og:site_name\" content=\"GrippyGripz\" \/>\n<meta property=\"article:publisher\" content=\"https:\/\/www.facebook.com\/pages\/category\/Product-Service\/Vespadelarse-1915274088539804\/\" \/>\n<meta property=\"article:modified_time\" content=\"2026-03-12T15:19:26+00:00\" \/>\n<meta property=\"og:image\" content=\"https:\/\/grippygripz.com\/wp-content\/uploads\/2020\/12\/tennis-gripgel-e1606986804210.png\" \/>\n\t<meta property=\"og:image:width\" content=\"800\" \/>\n\t<meta property=\"og:image:height\" content=\"784\" \/>\n\t<meta property=\"og:image:type\" content=\"image\/png\" \/>\n<meta name=\"twitter:card\" content=\"summary_large_image\" \/>\n<script type=\"application\/ld+json\" class=\"yoast-schema-graph\">{\"@context\":\"https:\\\/\\\/schema.org\",\"@graph\":[{\"@type\":\"WebPage\",\"@id\":\"https:\\\/\\\/grippygripz.com\\\/no\\\/gel-tennis\\\/\",\"url\":\"https:\\\/\\\/grippygripz.com\\\/no\\\/gel-tennis\\\/\",\"name\":\"Bedre grep GEL - Tennis - GrippyGripz\",\"isPartOf\":{\"@id\":\"https:\\\/\\\/grippygripz.com\\\/no\\\/#website\"},\"primaryImageOfPage\":{\"@id\":\"https:\\\/\\\/grippygripz.com\\\/no\\\/gel-tennis\\\/#primaryimage\"},\"image\":{\"@id\":\"https:\\\/\\\/grippygripz.com\\\/no\\\/gel-tennis\\\/#primaryimage\"},\"thumbnailUrl\":\"https:\\\/\\\/grippygripz.com\\\/wp-content\\\/uploads\\\/2020\\\/12\\\/tennis-gripgel-e1606986804210.png\",\"datePublished\":\"2020-11-27T10:29:50+00:00\",\"dateModified\":\"2026-03-12T15:19:26+00:00\",\"description\":\"Bedre grep p\u00e5 tennisracket? V\u00e5r flytende GEL - Tennis gir deg bedre grep i tennis. Utviklet i Sverige - Brukt over hele verden.\",\"breadcrumb\":{\"@id\":\"https:\\\/\\\/grippygripz.com\\\/no\\\/gel-tennis\\\/#breadcrumb\"},\"inLanguage\":\"nb-NO\",\"potentialAction\":[{\"@type\":\"ReadAction\",\"target\":[\"https:\\\/\\\/grippygripz.com\\\/no\\\/gel-tennis\\\/\"]}]},{\"@type\":\"ImageObject\",\"inLanguage\":\"nb-NO\",\"@id\":\"https:\\\/\\\/grippygripz.com\\\/no\\\/gel-tennis\\\/#primaryimage\",\"url\":\"https:\\\/\\\/grippygripz.com\\\/wp-content\\\/uploads\\\/2020\\\/12\\\/tennis-gripgel-e1606986804210.png\",\"contentUrl\":\"https:\\\/\\\/grippygripz.com\\\/wp-content\\\/uploads\\\/2020\\\/12\\\/tennis-gripgel-e1606986804210.png\",\"width\":800,\"height\":784,\"caption\":\"tennis-grepgel-\u00f8ker du grepstyrken og forhindrer svette\"},{\"@type\":\"BreadcrumbList\",\"@id\":\"https:\\\/\\\/grippygripz.com\\\/no\\\/gel-tennis\\\/#breadcrumb\",\"itemListElement\":[{\"@type\":\"ListItem\",\"position\":1,\"name\":\"Home\",\"item\":\"https:\\\/\\\/grippygripz.com\\\/no\\\/\"},{\"@type\":\"ListItem\",\"position\":2,\"name\":\"Butikk\",\"item\":\"https:\\\/\\\/grippygripz.com\\\/no\\\/butikk\\\/\"},{\"@type\":\"ListItem\",\"position\":3,\"name\":\"GEL &#8211; Tennis\"}]},{\"@type\":\"WebSite\",\"@id\":\"https:\\\/\\\/grippygripz.com\\\/no\\\/#website\",\"url\":\"https:\\\/\\\/grippygripz.com\\\/no\\\/\",\"name\":\"GrippyGripz\",\"description\":\"The winning GRIP\",\"publisher\":{\"@id\":\"https:\\\/\\\/grippygripz.com\\\/no\\\/#organization\"},\"potentialAction\":[{\"@type\":\"SearchAction\",\"target\":{\"@type\":\"EntryPoint\",\"urlTemplate\":\"https:\\\/\\\/grippygripz.com\\\/no\\\/?s={search_term_string}\"},\"query-input\":{\"@type\":\"PropertyValueSpecification\",\"valueRequired\":true,\"valueName\":\"search_term_string\"}}],\"inLanguage\":\"nb-NO\"},{\"@type\":\"Organization\",\"@id\":\"https:\\\/\\\/grippygripz.com\\\/no\\\/#organization\",\"name\":\"GrippyGripz\",\"url\":\"https:\\\/\\\/grippygripz.com\\\/no\\\/\",\"logo\":{\"@type\":\"ImageObject\",\"inLanguage\":\"nb-NO\",\"@id\":\"https:\\\/\\\/grippygripz.com\\\/no\\\/#\\\/schema\\\/logo\\\/image\\\/\",\"url\":\"https:\\\/\\\/grippygripz.com\\\/wp-content\\\/uploads\\\/2020\\\/10\\\/grippygripz-final-01.jpg\",\"contentUrl\":\"https:\\\/\\\/grippygripz.com\\\/wp-content\\\/uploads\\\/2020\\\/10\\\/grippygripz-final-01.jpg\",\"width\":1485,\"height\":865,\"caption\":\"GrippyGripz\"},\"image\":{\"@id\":\"https:\\\/\\\/grippygripz.com\\\/no\\\/#\\\/schema\\\/logo\\\/image\\\/\"},\"sameAs\":[\"https:\\\/\\\/www.facebook.com\\\/pages\\\/category\\\/Product-Service\\\/Vespadelarse-1915274088539804\\\/\",\"https:\\\/\\\/www.instagram.com\\\/grippygripz.se\\\/\"]}]}<\/script>\n<!-- \/ Yoast SEO plugin. -->","yoast_head_json":{"title":"Bedre grep GEL - Tennis - GrippyGripz","description":"Bedre grep p\u00e5 tennisracket? V\u00e5r flytende GEL - Tennis gir deg bedre grep i tennis. Utviklet i Sverige - Brukt over hele verden.","robots":{"index":"index","follow":"follow","max-snippet":"max-snippet:-1","max-image-preview":"max-image-preview:large","max-video-preview":"max-video-preview:-1"},"canonical":"https:\/\/grippygripz.com\/no\/gel-tennis\/","og_locale":"nb_NO","og_type":"article","og_title":"Bedre grep GEL - Tennis - GrippyGripz","og_description":"Bedre grep p\u00e5 tennisracket? V\u00e5r flytende GEL - Tennis gir deg bedre grep i tennis. Utviklet i Sverige - Brukt over hele verden.","og_url":"https:\/\/grippygripz.com\/no\/gel-tennis\/","og_site_name":"GrippyGripz","article_publisher":"https:\/\/www.facebook.com\/pages\/category\/Product-Service\/Vespadelarse-1915274088539804\/","article_modified_time":"2026-03-12T15:19:26+00:00","og_image":[{"width":800,"height":784,"url":"https:\/\/grippygripz.com\/wp-content\/uploads\/2020\/12\/tennis-gripgel-e1606986804210.png","type":"image\/png"}],"twitter_card":"summary_large_image","schema":{"@context":"https:\/\/schema.org","@graph":[{"@type":"WebPage","@id":"https:\/\/grippygripz.com\/no\/gel-tennis\/","url":"https:\/\/grippygripz.com\/no\/gel-tennis\/","name":"Bedre grep GEL - Tennis - GrippyGripz","isPartOf":{"@id":"https:\/\/grippygripz.com\/no\/#website"},"primaryImageOfPage":{"@id":"https:\/\/grippygripz.com\/no\/gel-tennis\/#primaryimage"},"image":{"@id":"https:\/\/grippygripz.com\/no\/gel-tennis\/#primaryimage"},"thumbnailUrl":"https:\/\/grippygripz.com\/wp-content\/uploads\/2020\/12\/tennis-gripgel-e1606986804210.png","datePublished":"2020-11-27T10:29:50+00:00","dateModified":"2026-03-12T15:19:26+00:00","description":"Bedre grep p\u00e5 tennisracket? V\u00e5r flytende GEL - Tennis gir deg bedre grep i tennis. Utviklet i Sverige - Brukt over hele verden.","breadcrumb":{"@id":"https:\/\/grippygripz.com\/no\/gel-tennis\/#breadcrumb"},"inLanguage":"nb-NO","potentialAction":[{"@type":"ReadAction","target":["https:\/\/grippygripz.com\/no\/gel-tennis\/"]}]},{"@type":"ImageObject","inLanguage":"nb-NO","@id":"https:\/\/grippygripz.com\/no\/gel-tennis\/#primaryimage","url":"https:\/\/grippygripz.com\/wp-content\/uploads\/2020\/12\/tennis-gripgel-e1606986804210.png","contentUrl":"https:\/\/grippygripz.com\/wp-content\/uploads\/2020\/12\/tennis-gripgel-e1606986804210.png","width":800,"height":784,"caption":"tennis-grepgel-\u00f8ker du grepstyrken og forhindrer svette"},{"@type":"BreadcrumbList","@id":"https:\/\/grippygripz.com\/no\/gel-tennis\/#breadcrumb","itemListElement":[{"@type":"ListItem","position":1,"name":"Home","item":"https:\/\/grippygripz.com\/no\/"},{"@type":"ListItem","position":2,"name":"Butikk","item":"https:\/\/grippygripz.com\/no\/butikk\/"},{"@type":"ListItem","position":3,"name":"GEL &#8211; Tennis"}]},{"@type":"WebSite","@id":"https:\/\/grippygripz.com\/no\/#website","url":"https:\/\/grippygripz.com\/no\/","name":"GrippyGripz","description":"The winning GRIP","publisher":{"@id":"https:\/\/grippygripz.com\/no\/#organization"},"potentialAction":[{"@type":"SearchAction","target":{"@type":"EntryPoint","urlTemplate":"https:\/\/grippygripz.com\/no\/?s={search_term_string}"},"query-input":{"@type":"PropertyValueSpecification","valueRequired":true,"valueName":"search_term_string"}}],"inLanguage":"nb-NO"},{"@type":"Organization","@id":"https:\/\/grippygripz.com\/no\/#organization","name":"GrippyGripz","url":"https:\/\/grippygripz.com\/no\/","logo":{"@type":"ImageObject","inLanguage":"nb-NO","@id":"https:\/\/grippygripz.com\/no\/#\/schema\/logo\/image\/","url":"https:\/\/grippygripz.com\/wp-content\/uploads\/2020\/10\/grippygripz-final-01.jpg","contentUrl":"https:\/\/grippygripz.com\/wp-content\/uploads\/2020\/10\/grippygripz-final-01.jpg","width":1485,"height":865,"caption":"GrippyGripz"},"image":{"@id":"https:\/\/grippygripz.com\/no\/#\/schema\/logo\/image\/"},"sameAs":["https:\/\/www.facebook.com\/pages\/category\/Product-Service\/Vespadelarse-1915274088539804\/","https:\/\/www.instagram.com\/grippygripz.se\/"]}]}},"_links":{"self":[{"href":"https:\/\/grippygripz.com\/no\/wp-json\/wp\/v2\/product\/52106","targetHints":{"allow":["GET"]}}],"collection":[{"href":"https:\/\/grippygripz.com\/no\/wp-json\/wp\/v2\/product"}],"about":[{"href":"https:\/\/grippygripz.com\/no\/wp-json\/wp\/v2\/types\/product"}],"replies":[{"embeddable":true,"href":"https:\/\/grippygripz.com\/no\/wp-json\/wp\/v2\/comments?post=52106"}],"wp:featuredmedia":[{"embeddable":true,"href":"https:\/\/grippygripz.com\/no\/wp-json\/wp\/v2\/media\/52110"}],"wp:attachment":[{"href":"https:\/\/grippygripz.com\/no\/wp-json\/wp\/v2\/media?parent=52106"}],"wp:term":[{"taxonomy":"product_brand","embeddable":true,"href":"https:\/\/grippygripz.com\/no\/wp-json\/wp\/v2\/product_brand?post=52106"},{"taxonomy":"product_cat","embeddable":true,"href":"https:\/\/grippygripz.com\/no\/wp-json\/wp\/v2\/product_cat?post=52106"},{"taxonomy":"product_tag","embeddable":true,"href":"https:\/\/grippygripz.com\/no\/wp-json\/wp\/v2\/product_tag?post=52106"}],"curies":[{"name":"wp","href":"https:\/\/api.w.org\/{rel}","templated":true}]}}