{"id":52099,"date":"2020-10-30T16:44:26","date_gmt":"2020-10-30T15:44:26","guid":{"rendered":"https:\/\/grippygripz.com\/ukategorisert\/rammebeskyttelse-padel-grippygripz\/"},"modified":"2023-09-12T20:17:58","modified_gmt":"2023-09-12T18:17:58","slug":"rammebeskyttelse-padel-grippygripz","status":"publish","type":"product","link":"https:\/\/grippygripz.com\/no\/rammebeskyttelse-padel-grippygripz\/","title":{"rendered":"Rammebeskyttelse Padel &#8211; GrippyGripz"},"content":{"rendered":"<p>V\u00e5r <strong>rammebeskyttelse<\/strong> for <strong>padelracket<\/strong> med 0,30 mm ruglete beskyttelsestape beskytter din padelracket mot riper og sprekker. Ruglete overflate er bedre enn vanlig flat overflate og gir bedre beskyttende egenskaper uten \u00e5 p\u00e5virke vekten s\u00e5 mye. Selv en liten sprekk kan ha stor innvirkning p\u00e5 prestasjonen til racketen din. En beskyttelse er en billig investering for \u00e5 opprettholde egenskapene og tilstanden til racketen din. <strong>To GrippyGripz-logoer med teksten GrippyGripz i hvitt i midten<\/strong>. Se instruksjonene v\u00e5re for hvordan du enkelt p\u00e5f\u00f8rer rammebeskyttelsen.<\/p>\n","protected":false},"excerpt":{"rendered":"<p>GrippyGripz <strong>rammebeskyttelse<\/strong> for padelracket, laget spesielt for PADEL-racketer, vil beskytte racketen din mot riper og sprekker. En padelracket er ikke billig, s\u00e5 pass p\u00e5 \u00e5 beskytte den akkurat som du gj\u00f8r med andre dyre gjenstander med v\u00e5r spesialruglete rammebeskyttelse.<\/p>\n","protected":false},"featured_media":52105,"comment_status":"open","ping_status":"closed","template":"","meta":{"_acf_changed":false},"product_brand":[],"product_cat":[6247,6255],"product_tag":[6257,6258,6259],"class_list":{"0":"post-52099","1":"product","2":"type-product","3":"status-publish","4":"has-post-thumbnail","6":"product_cat-favoriter-no","7":"product_cat-rammebeskyttelse","8":"product_tag-beskyttelse","9":"product_tag-beskyttende-tape","10":"product_tag-rammebeskyttelse","11":"product_shipping_class-standard-no","13":"first","14":"instock","15":"taxable","16":"shipping-taxable","17":"purchasable","18":"product-type-simple"},"acf":[],"yoast_head":"<!-- This site is optimized with the Yoast SEO plugin v27.4 - https:\/\/yoast.com\/product\/yoast-seo-wordpress\/ -->\n<title>Padel Rammebeskyttelse Padel - GrippyGripz Rammebeskyttelse<\/title>\n<meta name=\"description\" content=\"Rammebeskyttelse for Padel racket. Les mer om v\u00e5re Padel-racketbeskyttere. Utviklet i Sverige - Brukt over hele verden - Rask levering\" \/>\n<meta name=\"robots\" content=\"index, follow, max-snippet:-1, max-image-preview:large, max-video-preview:-1\" \/>\n<link rel=\"canonical\" href=\"https:\/\/grippygripz.com\/no\/rammebeskyttelse-padel-grippygripz\/\" \/>\n<meta property=\"og:locale\" content=\"nb_NO\" \/>\n<meta property=\"og:type\" content=\"article\" \/>\n<meta property=\"og:title\" content=\"Padel Rammebeskyttelse Padel - GrippyGripz Rammebeskyttelse\" \/>\n<meta property=\"og:description\" content=\"Rammebeskyttelse for Padel racket. Les mer om v\u00e5re Padel-racketbeskyttere. Utviklet i Sverige - Brukt over hele verden - Rask levering\" \/>\n<meta property=\"og:url\" content=\"https:\/\/grippygripz.com\/no\/rammebeskyttelse-padel-grippygripz\/\" \/>\n<meta property=\"og:site_name\" content=\"GrippyGripz\" \/>\n<meta property=\"article:publisher\" content=\"https:\/\/www.facebook.com\/pages\/category\/Product-Service\/Vespadelarse-1915274088539804\/\" \/>\n<meta property=\"article:modified_time\" content=\"2023-09-12T18:17:58+00:00\" \/>\n<meta property=\"og:image\" content=\"https:\/\/grippygripz.com\/wp-content\/uploads\/2020\/10\/grippygripz600x600.png\" \/>\n\t<meta property=\"og:image:width\" content=\"600\" \/>\n\t<meta property=\"og:image:height\" content=\"600\" \/>\n\t<meta property=\"og:image:type\" content=\"image\/png\" \/>\n<meta name=\"twitter:card\" content=\"summary_large_image\" \/>\n<script type=\"application\/ld+json\" class=\"yoast-schema-graph\">{\"@context\":\"https:\\\/\\\/schema.org\",\"@graph\":[{\"@type\":\"WebPage\",\"@id\":\"https:\\\/\\\/grippygripz.com\\\/no\\\/rammebeskyttelse-padel-grippygripz\\\/\",\"url\":\"https:\\\/\\\/grippygripz.com\\\/no\\\/rammebeskyttelse-padel-grippygripz\\\/\",\"name\":\"Padel Rammebeskyttelse Padel - GrippyGripz Rammebeskyttelse\",\"isPartOf\":{\"@id\":\"https:\\\/\\\/grippygripz.com\\\/no\\\/#website\"},\"primaryImageOfPage\":{\"@id\":\"https:\\\/\\\/grippygripz.com\\\/no\\\/rammebeskyttelse-padel-grippygripz\\\/#primaryimage\"},\"image\":{\"@id\":\"https:\\\/\\\/grippygripz.com\\\/no\\\/rammebeskyttelse-padel-grippygripz\\\/#primaryimage\"},\"thumbnailUrl\":\"https:\\\/\\\/grippygripz.com\\\/wp-content\\\/uploads\\\/2020\\\/10\\\/grippygripz600x600.png\",\"datePublished\":\"2020-10-30T15:44:26+00:00\",\"dateModified\":\"2023-09-12T18:17:58+00:00\",\"description\":\"Rammebeskyttelse for Padel racket. Les mer om v\u00e5re Padel-racketbeskyttere. Utviklet i Sverige - Brukt over hele verden - Rask levering\",\"breadcrumb\":{\"@id\":\"https:\\\/\\\/grippygripz.com\\\/no\\\/rammebeskyttelse-padel-grippygripz\\\/#breadcrumb\"},\"inLanguage\":\"nb-NO\",\"potentialAction\":[{\"@type\":\"ReadAction\",\"target\":[\"https:\\\/\\\/grippygripz.com\\\/no\\\/rammebeskyttelse-padel-grippygripz\\\/\"]}]},{\"@type\":\"ImageObject\",\"inLanguage\":\"nb-NO\",\"@id\":\"https:\\\/\\\/grippygripz.com\\\/no\\\/rammebeskyttelse-padel-grippygripz\\\/#primaryimage\",\"url\":\"https:\\\/\\\/grippygripz.com\\\/wp-content\\\/uploads\\\/2020\\\/10\\\/grippygripz600x600.png\",\"contentUrl\":\"https:\\\/\\\/grippygripz.com\\\/wp-content\\\/uploads\\\/2020\\\/10\\\/grippygripz600x600.png\",\"width\":600,\"height\":600,\"caption\":\"GrippyGripz rammebeskyttelse for padelracket,\"},{\"@type\":\"BreadcrumbList\",\"@id\":\"https:\\\/\\\/grippygripz.com\\\/no\\\/rammebeskyttelse-padel-grippygripz\\\/#breadcrumb\",\"itemListElement\":[{\"@type\":\"ListItem\",\"position\":1,\"name\":\"Home\",\"item\":\"https:\\\/\\\/grippygripz.com\\\/no\\\/\"},{\"@type\":\"ListItem\",\"position\":2,\"name\":\"Butikk\",\"item\":\"https:\\\/\\\/grippygripz.com\\\/no\\\/butikk\\\/\"},{\"@type\":\"ListItem\",\"position\":3,\"name\":\"Rammebeskyttelse Padel &#8211; GrippyGripz\"}]},{\"@type\":\"WebSite\",\"@id\":\"https:\\\/\\\/grippygripz.com\\\/no\\\/#website\",\"url\":\"https:\\\/\\\/grippygripz.com\\\/no\\\/\",\"name\":\"GrippyGripz\",\"description\":\"The winning GRIP\",\"publisher\":{\"@id\":\"https:\\\/\\\/grippygripz.com\\\/no\\\/#organization\"},\"potentialAction\":[{\"@type\":\"SearchAction\",\"target\":{\"@type\":\"EntryPoint\",\"urlTemplate\":\"https:\\\/\\\/grippygripz.com\\\/no\\\/?s={search_term_string}\"},\"query-input\":{\"@type\":\"PropertyValueSpecification\",\"valueRequired\":true,\"valueName\":\"search_term_string\"}}],\"inLanguage\":\"nb-NO\"},{\"@type\":\"Organization\",\"@id\":\"https:\\\/\\\/grippygripz.com\\\/no\\\/#organization\",\"name\":\"GrippyGripz\",\"url\":\"https:\\\/\\\/grippygripz.com\\\/no\\\/\",\"logo\":{\"@type\":\"ImageObject\",\"inLanguage\":\"nb-NO\",\"@id\":\"https:\\\/\\\/grippygripz.com\\\/no\\\/#\\\/schema\\\/logo\\\/image\\\/\",\"url\":\"https:\\\/\\\/grippygripz.com\\\/wp-content\\\/uploads\\\/2020\\\/10\\\/grippygripz-final-01.jpg\",\"contentUrl\":\"https:\\\/\\\/grippygripz.com\\\/wp-content\\\/uploads\\\/2020\\\/10\\\/grippygripz-final-01.jpg\",\"width\":1485,\"height\":865,\"caption\":\"GrippyGripz\"},\"image\":{\"@id\":\"https:\\\/\\\/grippygripz.com\\\/no\\\/#\\\/schema\\\/logo\\\/image\\\/\"},\"sameAs\":[\"https:\\\/\\\/www.facebook.com\\\/pages\\\/category\\\/Product-Service\\\/Vespadelarse-1915274088539804\\\/\",\"https:\\\/\\\/www.instagram.com\\\/grippygripz.se\\\/\"]}]}<\/script>\n<!-- \/ Yoast SEO plugin. -->","yoast_head_json":{"title":"Padel Rammebeskyttelse Padel - GrippyGripz Rammebeskyttelse","description":"Rammebeskyttelse for Padel racket. Les mer om v\u00e5re Padel-racketbeskyttere. Utviklet i Sverige - Brukt over hele verden - Rask levering","robots":{"index":"index","follow":"follow","max-snippet":"max-snippet:-1","max-image-preview":"max-image-preview:large","max-video-preview":"max-video-preview:-1"},"canonical":"https:\/\/grippygripz.com\/no\/rammebeskyttelse-padel-grippygripz\/","og_locale":"nb_NO","og_type":"article","og_title":"Padel Rammebeskyttelse Padel - GrippyGripz Rammebeskyttelse","og_description":"Rammebeskyttelse for Padel racket. Les mer om v\u00e5re Padel-racketbeskyttere. Utviklet i Sverige - Brukt over hele verden - Rask levering","og_url":"https:\/\/grippygripz.com\/no\/rammebeskyttelse-padel-grippygripz\/","og_site_name":"GrippyGripz","article_publisher":"https:\/\/www.facebook.com\/pages\/category\/Product-Service\/Vespadelarse-1915274088539804\/","article_modified_time":"2023-09-12T18:17:58+00:00","og_image":[{"width":600,"height":600,"url":"https:\/\/grippygripz.com\/wp-content\/uploads\/2020\/10\/grippygripz600x600.png","type":"image\/png"}],"twitter_card":"summary_large_image","schema":{"@context":"https:\/\/schema.org","@graph":[{"@type":"WebPage","@id":"https:\/\/grippygripz.com\/no\/rammebeskyttelse-padel-grippygripz\/","url":"https:\/\/grippygripz.com\/no\/rammebeskyttelse-padel-grippygripz\/","name":"Padel Rammebeskyttelse Padel - GrippyGripz Rammebeskyttelse","isPartOf":{"@id":"https:\/\/grippygripz.com\/no\/#website"},"primaryImageOfPage":{"@id":"https:\/\/grippygripz.com\/no\/rammebeskyttelse-padel-grippygripz\/#primaryimage"},"image":{"@id":"https:\/\/grippygripz.com\/no\/rammebeskyttelse-padel-grippygripz\/#primaryimage"},"thumbnailUrl":"https:\/\/grippygripz.com\/wp-content\/uploads\/2020\/10\/grippygripz600x600.png","datePublished":"2020-10-30T15:44:26+00:00","dateModified":"2023-09-12T18:17:58+00:00","description":"Rammebeskyttelse for Padel racket. Les mer om v\u00e5re Padel-racketbeskyttere. Utviklet i Sverige - Brukt over hele verden - Rask levering","breadcrumb":{"@id":"https:\/\/grippygripz.com\/no\/rammebeskyttelse-padel-grippygripz\/#breadcrumb"},"inLanguage":"nb-NO","potentialAction":[{"@type":"ReadAction","target":["https:\/\/grippygripz.com\/no\/rammebeskyttelse-padel-grippygripz\/"]}]},{"@type":"ImageObject","inLanguage":"nb-NO","@id":"https:\/\/grippygripz.com\/no\/rammebeskyttelse-padel-grippygripz\/#primaryimage","url":"https:\/\/grippygripz.com\/wp-content\/uploads\/2020\/10\/grippygripz600x600.png","contentUrl":"https:\/\/grippygripz.com\/wp-content\/uploads\/2020\/10\/grippygripz600x600.png","width":600,"height":600,"caption":"GrippyGripz rammebeskyttelse for padelracket,"},{"@type":"BreadcrumbList","@id":"https:\/\/grippygripz.com\/no\/rammebeskyttelse-padel-grippygripz\/#breadcrumb","itemListElement":[{"@type":"ListItem","position":1,"name":"Home","item":"https:\/\/grippygripz.com\/no\/"},{"@type":"ListItem","position":2,"name":"Butikk","item":"https:\/\/grippygripz.com\/no\/butikk\/"},{"@type":"ListItem","position":3,"name":"Rammebeskyttelse Padel &#8211; GrippyGripz"}]},{"@type":"WebSite","@id":"https:\/\/grippygripz.com\/no\/#website","url":"https:\/\/grippygripz.com\/no\/","name":"GrippyGripz","description":"The winning GRIP","publisher":{"@id":"https:\/\/grippygripz.com\/no\/#organization"},"potentialAction":[{"@type":"SearchAction","target":{"@type":"EntryPoint","urlTemplate":"https:\/\/grippygripz.com\/no\/?s={search_term_string}"},"query-input":{"@type":"PropertyValueSpecification","valueRequired":true,"valueName":"search_term_string"}}],"inLanguage":"nb-NO"},{"@type":"Organization","@id":"https:\/\/grippygripz.com\/no\/#organization","name":"GrippyGripz","url":"https:\/\/grippygripz.com\/no\/","logo":{"@type":"ImageObject","inLanguage":"nb-NO","@id":"https:\/\/grippygripz.com\/no\/#\/schema\/logo\/image\/","url":"https:\/\/grippygripz.com\/wp-content\/uploads\/2020\/10\/grippygripz-final-01.jpg","contentUrl":"https:\/\/grippygripz.com\/wp-content\/uploads\/2020\/10\/grippygripz-final-01.jpg","width":1485,"height":865,"caption":"GrippyGripz"},"image":{"@id":"https:\/\/grippygripz.com\/no\/#\/schema\/logo\/image\/"},"sameAs":["https:\/\/www.facebook.com\/pages\/category\/Product-Service\/Vespadelarse-1915274088539804\/","https:\/\/www.instagram.com\/grippygripz.se\/"]}]}},"_links":{"self":[{"href":"https:\/\/grippygripz.com\/no\/wp-json\/wp\/v2\/product\/52099","targetHints":{"allow":["GET"]}}],"collection":[{"href":"https:\/\/grippygripz.com\/no\/wp-json\/wp\/v2\/product"}],"about":[{"href":"https:\/\/grippygripz.com\/no\/wp-json\/wp\/v2\/types\/product"}],"replies":[{"embeddable":true,"href":"https:\/\/grippygripz.com\/no\/wp-json\/wp\/v2\/comments?post=52099"}],"wp:featuredmedia":[{"embeddable":true,"href":"https:\/\/grippygripz.com\/no\/wp-json\/wp\/v2\/media\/52105"}],"wp:attachment":[{"href":"https:\/\/grippygripz.com\/no\/wp-json\/wp\/v2\/media?parent=52099"}],"wp:term":[{"taxonomy":"product_brand","embeddable":true,"href":"https:\/\/grippygripz.com\/no\/wp-json\/wp\/v2\/product_brand?post=52099"},{"taxonomy":"product_cat","embeddable":true,"href":"https:\/\/grippygripz.com\/no\/wp-json\/wp\/v2\/product_cat?post=52099"},{"taxonomy":"product_tag","embeddable":true,"href":"https:\/\/grippygripz.com\/no\/wp-json\/wp\/v2\/product_tag?post=52099"}],"curies":[{"name":"wp","href":"https:\/\/api.w.org\/{rel}","templated":true}]}}