{"id":52081,"date":"2020-12-11T18:15:22","date_gmt":"2020-12-11T17:15:22","guid":{"rendered":"https:\/\/grippygripz.com\/ukategorisert\/gel-padel-3pcs\/"},"modified":"2026-03-01T02:22:15","modified_gmt":"2026-03-01T01:22:15","slug":"gel-padel-3pcs","status":"publish","type":"product","link":"https:\/\/grippygripz.com\/no\/gel-padel-3pcs\/","title":{"rendered":"GEL &#8211; Padel (3pcs)"},"content":{"rendered":"<p>Du er seri\u00f8s og \u00f8nsker virkelig \u00e5 forbedre spillet ditt. <strong>Du er en vinner<\/strong> som ikke lar noe stoppe prestasjonen din. Du er seri\u00f8s med padelen din og du vil ha best mulig forhold for padelgrepet ditt. Detta 3-pack gir deg bedre grep p\u00e5 padelracketen i lang tid fremover. Eller er det kompisen din som ogs\u00e5 trenger en flaske? Uansett hva, med v\u00e5r grepgel og denne 3-pakningen kan vi garantere at padelgrepet ditt blir optimalt.<\/p>\n","protected":false},"excerpt":{"rendered":"<p>GrippyGripz Gel gir bedre grep i PADEL. Med en spesialutviklet gel blir grepet ditt perfekt. V\u00e5r grepforsterker for PADELRACKET gj\u00f8r at du slipper klissete grep eller \u00e5 bytte overgrep hver femte gang du spiller. Det er en ny \u00e6re n\u00e5 hvor du f\u00e5r bedre grep om racketen hver gang du vil ha det. Svetter du noen ganger p\u00e5 hendene? Bra! Da vil kalken i produktet v\u00e5rt absorbere det og gi deg enda bedre grep. Vi har gitt den akkurat passe klebrighet, som fortsatt gir deg muligheten til \u00e5 vri og vende grepet. Flasken varer veldig lenge, en flaske er fullt og helt laget av resirkulert plast. Ditt grep \u2013 bare bedre.<\/p>\n<h4>Utviklet i<br \/>\n<img loading=\"lazy\" decoding=\"async\" class=\"size-full wp-image-40877 alignleft\" src=\"https:\/\/grippygripz.com\/wp-content\/uploads\/2020\/10\/1200px-Sweden_flag_orb_icon.svg-e1603291360560.png\" alt=\"\" width=\"100\" height=\"100\" \/><\/h4>\n<h4><style>.elementor-45084 .elementor-element.elementor-element-76736ec > .elementor-container > .elementor-column > .elementor-widget-wrap{align-content:center;align-items:center;}.elementor-45084 .elementor-element.elementor-element-76736ec:not(.elementor-motion-effects-element-type-background), .elementor-45084 .elementor-element.elementor-element-76736ec > .elementor-motion-effects-container > .elementor-motion-effects-layer{background-color:#FFFFFF;}.elementor-45084 .elementor-element.elementor-element-76736ec{transition:background 0.3s, border 0.3s, border-radius 0.3s, box-shadow 0.3s;padding:20px 0px 00px 0px;}.elementor-45084 .elementor-element.elementor-element-76736ec > .elementor-background-overlay{transition:background 0.3s, border-radius 0.3s, opacity 0.3s;}@media(max-width:767px){.elementor-45084 .elementor-element.elementor-element-76736ec{margin-top:0px;margin-bottom:0px;padding:0px 0px 0px 27px;}}sup { font-size: 50%; }\r\n.home-banner-slider .porto-ibanner img { width: auto; min-width: 0; left: 50%; transform: translateX(-50%); }\r\n.home-banner-slider .owl-nav [class*=\"owl-\"] { font-weight: 700; }\r\n.header-top-ads .porto-sicon-box { justify-content: center; padding: 1rem 0; margin-bottom: 0; }\r\n.home-sale-banner .elementor-widget-image-box .elementor-image-box-content { transform: translateY(-50%); margin-bottom: -10%; background: #222529; padding: 1.25rem 0; margin: 0 1.25rem; width: auto }\r\n.home-sale-banner .elementor-image-box-wrapper { margin-bottom: -10% }\r\n@media (max-width: 991px) {\r\n  .container-fluid .home-banner-slider .container  { padding-left: 0; padding-right: 0; }\r\n}\r\n@media (max-width: 767px) {\r\n  .home-sale-banner .elementor-image-box-wrapper { margin-bottom: -5% }\r\n}\r\n\r\n.brand-slider img { width: auto !important; margin-left: auto; margin-right: auto }\r\n\r\n.has-border .elementor-widget-container { display: flex; align-items: center }\r\n.has-border .elementor-widget-container:before, .has-border .elementor-widget-container:after { content: ''; border-top: 5px solid #222529; flex: 1 }\r\n.has-border .elementor-heading-title { padding: 0 .4em }.home-slider .porto-ibanner h3 { margin-left: -.05em; letter-spacing: -.05em }\r\n.home-slider .list { list-style: none; font-size: 1.0625rem; white-space: nowrap; font-weight: 600; padding: 0; color: #171f2f; }\r\n.home-slider .list li { position: relative; padding-right: 35px; margin-bottom: 15px; text-align: right; cursor: pointer; }\r\n.home-slider .list li.active { color: #ff6840; }\r\n.home-slider .list li:after { content: \"\"; position: absolute; right: 0; top: 50%; border-top: 2px solid; width: 16px; }<\/style><div class=\"porto-block\" data-id=\"45084\">\t\t<div data-elementor-type=\"wp-post\" data-elementor-id=\"45084\" class=\"elementor elementor-45084\">\n\t\t\t\t\t\t<section class=\"elementor-section elementor-top-section elementor-element elementor-element-76736ec header-top-ads elementor-section-content-middle animated-fast elementor-section-boxed elementor-section-height-default elementor-section-height-default\" data-id=\"76736ec\" data-element_type=\"section\" data-e-type=\"section\" data-settings=\"{&quot;background_background&quot;:&quot;classic&quot;,&quot;animation_mobile&quot;:&quot;none&quot;,&quot;animation&quot;:&quot;none&quot;,&quot;animation_delay&quot;:0}\">\r\n\t\t\r\n\t\t\t\t\t\t\t<div class=\"elementor-container elementor-column-gap-default\">\r\n\t\t\t\t\t\t\t\t\t\t\t<div class=\"elementor-column elementor-col-100 elementor-top-column elementor-element elementor-element-445acc0\" data-id=\"445acc0\" data-element_type=\"column\" data-e-type=\"column\">\r\n\t\t\t\t\t<div class=\"elementor-widget-wrap elementor-element-populated\">\r\n\t\t\t\t\t\t\t\t<div class=\"elementor-element elementor-element-5a49e3f elementor-widget elementor-widget-shortcode\" data-id=\"5a49e3f\" data-element_type=\"widget\" data-e-type=\"widget\" data-settings=\"{&quot;_animation&quot;:&quot;none&quot;}\" data-widget_type=\"shortcode.default\">\n\t\t\t\t<div class=\"elementor-widget-container\">\n\t\t\t\t\t\t\t<div class=\"elementor-shortcode\"><div class=\"wp-gr rpi wpac\" data-id=\"ChIJuc05ZAidX0YRdw6ng-4sK9Y\" data-layout=\"list\" data-exec=\"false\" data-options='{&quot;text_size&quot;:&quot;120&quot;,&quot;trans&quot;:{&quot;read more&quot;:&quot;read more&quot;}}'><svg xmlns=\"http:\/\/www.w3.org\/2000\/svg\" style=\"display:none!important\"><symbol id=\"grw-tripadvisor\" viewBox=\"0 0 713.496 713.496\"><g><circle fill=\"#34E0A1\" cx=\"356.749\" cy=\"356.748\" r=\"356.748\"\/><path d=\"M577.095,287.152l43.049-46.836h-95.465c-47.792-32.646-105.51-51.659-167.931-51.659   c-62.342,0-119.899,19.054-167.612,51.659H93.432l43.049,46.836c-26.387,24.075-42.929,58.754-42.929,97.259   c0,72.665,58.914,131.578,131.579,131.578c34.519,0,65.968-13.313,89.446-35.077l42.172,45.919l42.172-45.879   c23.478,21.764,54.887,35.037,89.406,35.037c72.665,0,131.658-58.913,131.658-131.578   C620.024,345.866,603.483,311.188,577.095,287.152z M225.17,473.458c-49.188,0-89.047-39.859-89.047-89.047   s39.86-89.048,89.047-89.048c49.187,0,89.047,39.86,89.047,89.048S274.357,473.458,225.17,473.458z M356.788,381.82   c0-58.595-42.61-108.898-98.853-130.383c30.413-12.716,63.776-19.771,98.813-19.771s68.439,7.055,98.853,19.771   C399.399,272.962,356.788,323.226,356.788,381.82z M488.367,473.458c-49.188,0-89.048-39.859-89.048-89.047   s39.86-89.048,89.048-89.048s89.047,39.86,89.047,89.048S537.554,473.458,488.367,473.458z M488.367,337.694   c-25.79,0-46.677,20.887-46.677,46.677c0,25.789,20.887,46.676,46.677,46.676c25.789,0,46.676-20.887,46.676-46.676   C535.042,358.621,514.156,337.694,488.367,337.694z M271.846,384.411c0,25.789-20.887,46.676-46.676,46.676   s-46.676-20.887-46.676-46.676c0-25.79,20.887-46.677,46.676-46.677C250.959,337.694,271.846,358.621,271.846,384.411z\"\/><\/g><\/symbol><symbol id=\"grw-google\" viewBox=\"0 0 512 512\"><g fill=\"none\" fill-rule=\"evenodd\"><path d=\"M482.56 261.36c0-16.73-1.5-32.83-4.29-48.27H256v91.29h127.01c-5.47 29.5-22.1 54.49-47.09 71.23v59.21h76.27c44.63-41.09 70.37-101.59 70.37-173.46z\" fill=\"#4285f4\"\/><path d=\"M256 492c63.72 0 117.14-21.13 156.19-57.18l-76.27-59.21c-21.13 14.16-48.17 22.53-79.92 22.53-61.47 0-113.49-41.51-132.05-97.3H45.1v61.15c38.83 77.13 118.64 130.01 210.9 130.01z\" fill=\"#34a853\"\/><path d=\"M123.95 300.84c-4.72-14.16-7.4-29.29-7.4-44.84s2.68-30.68 7.4-44.84V150.01H45.1C29.12 181.87 20 217.92 20 256c0 38.08 9.12 74.13 25.1 105.99l78.85-61.15z\" fill=\"#fbbc05\"\/><path d=\"M256 113.86c34.65 0 65.76 11.91 90.22 35.29l67.69-67.69C373.03 43.39 319.61 20 256 20c-92.25 0-172.07 52.89-210.9 130.01l78.85 61.15c18.56-55.78 70.59-97.3 132.05-97.3z\" fill=\"#ea4335\"\/><path d=\"M20 20h472v472H20V20z\"\/><\/g><\/symbol><\/svg><div class=\"wp-google-list\"><div class=\"grw-header\"><div class=\"grw-header-inner rpi-flx rpi-row12\"><div class=\"grw-img-wrap\"><img decoding=\"async\" class=\"grw-img\" src=\"https:\/\/grippygripz.com\/wp-content\/uploads\/2020\/10\/grippygripz-350w.png\" loading=\"lazy\" alt=\"GrippyGripz place picture\" width=\"50\" height=\"50\" onerror=\"if(this.src!='data:image\/gif;base64,R0lGODlhAQABAIAAAAAAAP\/\/\/yH5BAEAAAAALAAAAAABAAEAAAIBRAA7')this.src='data:image\/gif;base64,R0lGODlhAQABAIAAAAAAAP\/\/\/yH5BAEAAAAALAAAAAABAAEAAAIBRAA7';\" ><\/div><div class=\"rpi-flx rpi-col8\"><div class=\"wp-google-name\"><a href=\"https:\/\/maps.google.com\/?cid=15432477951037738615\" target=\"_blank\" rel=\"nofollow noopener\">GrippyGripz<\/a><\/div><span class=\"rpi-stars\" style=\"--rating:4.9\">4.9<\/span><div class=\"wp-google-powered\">powered by <span><span style=\"color:#3c6df0!important\">G<\/span><span style=\"color:#d93025!important\">o<\/span><span style=\"color:#fb8e28!important\">o<\/span><span style=\"color:#3c6df0!important\">g<\/span><span style=\"color:#188038!important\">l<\/span><span style=\"color:#d93025!important\">e<\/span><\/span><\/div><div class=\"wp-google-wr\"><a href=\"https:\/\/search.google.com\/local\/writereview?placeid=ChIJuc05ZAidX0YRdw6ng-4sK9Y\" target=\"_blank\" rel=\"nofollow noopener\" onclick=\"return rplg_leave_review_window.call(this)\">review us on<svg height=\"16\" width=\"16\" role=\"none\"><use href=\"#grw-google\"><\/use><\/svg><\/a><\/div><\/div><\/div><\/div><\/div><\/div><\/div>\n\t\t\t\t\t\t<\/div>\n\t\t\t\t<\/div>\n\t\t\t\t\t<\/div>\r\n\t\t\t\t<\/div>\r\n\t\t\t\t\t<\/div>\r\n\t\t\t\t<\/section>\r\n\t\t\t\t<\/div>\n\t\t<\/div><script>jQuery(document).ready(function($) {\r\n    $(\".home-slider .porto-carousel\").on(\"initialized.owl.carousel\", function(e) {\r\n        setTimeout(function() {\r\n            $(\".home-slider .owl-item:not(.active) .elementor-widget[data-settings]\").each(function() {\r\n                var settings = $(this).data(\"settings\");\r\n                if (settings._animation) {\r\n                    $(this).removeClass(settings._animation);\r\n                }\r\n            });\r\n        }, 1200);\r\n    }).on(\"change.owl.carousel\", function(event) {\r\n        var current = event.item.index;\r\n        $(event.target).find(\".owl-item\").eq(current).find(\".elementor-widget[data-settings]\").each(function() {\r\n            var settings = $(this).data(\"settings\");\r\n            if (settings._animation) {\r\n                $(this).removeClass(settings._animation);\r\n            }\r\n        });\r\n    }).on(\"changed.owl.carousel\", function(event) {\r\n        var current = event.item.index;\r\n        $(event.target).find(\".owl-item\").eq(current).find(\".elementor-widget[data-settings]\").each(function() {\r\n            var settings = $(this).data(\"settings\");\r\n            if (settings._animation) {\r\n                var $this = $(this), delay = settings._animation_delay;\r\n                if (delay) {\r\n                    $this.css(\"animation-delay\", delay + \"ms\");\r\n                }\r\n                $this.addClass(settings._animation);\r\n            }\r\n        });\r\n    });\r\n    $(\".home-slider .list li\").on(\"click\", function() {\r\n        if (!$(this).hasClass(\"active\")) {\r\n            var index = $(this).index();\r\n            $(\".home-slider .porto-carousel\").trigger(\"to.owl.carousel\", [index, 300, true]);\r\n        }\r\n    });\r\n});<\/script><\/h4>\n","protected":false},"featured_media":56000,"comment_status":"open","ping_status":"closed","template":"","meta":{"_acf_changed":false},"product_brand":[],"product_cat":[6247,6248],"product_tag":[6252,6251,6250,6253],"class_list":{"0":"post-52081","1":"product","2":"type-product","3":"status-publish","4":"has-post-thumbnail","6":"product_cat-favoriter-no","7":"product_cat-grepgel","8":"product_tag-grep-gel","9":"product_tag-grepgel","10":"product_tag-grepsforbedrer","11":"product_tag-grip-gel-no","12":"product_shipping_class-standard-no","14":"first","15":"instock","16":"taxable","17":"shipping-taxable","18":"purchasable","19":"product-type-simple"},"acf":[],"yoast_head":"<!-- This site is optimized with the Yoast SEO plugin v27.4 - https:\/\/yoast.com\/product\/yoast-seo-wordpress\/ -->\n<title>GEL - Padel (3pcs) - GrippyGripz - Grip Forbedrer Padel<\/title>\n<meta name=\"description\" content=\"GEL - Padel (3pcs). Tre padel GrepGel for best pris og best resultat. Utviklet i Sverige - Brukt over hele verden.\" \/>\n<meta name=\"robots\" content=\"index, follow, max-snippet:-1, max-image-preview:large, max-video-preview:-1\" \/>\n<link rel=\"canonical\" href=\"https:\/\/grippygripz.com\/no\/gel-padel-3pcs\/\" \/>\n<meta property=\"og:locale\" content=\"nb_NO\" \/>\n<meta property=\"og:type\" content=\"article\" \/>\n<meta property=\"og:title\" content=\"GEL - Padel (3pcs) - GrippyGripz - Grip Forbedrer Padel\" \/>\n<meta property=\"og:description\" content=\"GEL - Padel (3pcs). Tre padel GrepGel for best pris og best resultat. Utviklet i Sverige - Brukt over hele verden.\" \/>\n<meta property=\"og:url\" content=\"https:\/\/grippygripz.com\/no\/gel-padel-3pcs\/\" \/>\n<meta property=\"og:site_name\" content=\"GrippyGripz\" \/>\n<meta property=\"article:publisher\" content=\"https:\/\/www.facebook.com\/pages\/category\/Product-Service\/Vespadelarse-1915274088539804\/\" \/>\n<meta property=\"article:modified_time\" content=\"2026-03-01T01:22:15+00:00\" \/>\n<meta property=\"og:image\" content=\"https:\/\/grippygripz.com\/wp-content\/uploads\/2020\/12\/tre-grippygripz-50ml.png\" \/>\n\t<meta property=\"og:image:width\" content=\"800\" \/>\n\t<meta property=\"og:image:height\" content=\"800\" \/>\n\t<meta property=\"og:image:type\" content=\"image\/png\" \/>\n<meta name=\"twitter:card\" content=\"summary_large_image\" \/>\n<script type=\"application\/ld+json\" class=\"yoast-schema-graph\">{\"@context\":\"https:\\\/\\\/schema.org\",\"@graph\":[{\"@type\":\"WebPage\",\"@id\":\"https:\\\/\\\/grippygripz.com\\\/no\\\/gel-padel-3pcs\\\/\",\"url\":\"https:\\\/\\\/grippygripz.com\\\/no\\\/gel-padel-3pcs\\\/\",\"name\":\"GEL - Padel (3pcs) - GrippyGripz - Grip Forbedrer Padel\",\"isPartOf\":{\"@id\":\"https:\\\/\\\/grippygripz.com\\\/no\\\/#website\"},\"primaryImageOfPage\":{\"@id\":\"https:\\\/\\\/grippygripz.com\\\/no\\\/gel-padel-3pcs\\\/#primaryimage\"},\"image\":{\"@id\":\"https:\\\/\\\/grippygripz.com\\\/no\\\/gel-padel-3pcs\\\/#primaryimage\"},\"thumbnailUrl\":\"https:\\\/\\\/grippygripz.com\\\/wp-content\\\/uploads\\\/2020\\\/12\\\/tre-grippygripz-50ml.png\",\"datePublished\":\"2020-12-11T17:15:22+00:00\",\"dateModified\":\"2026-03-01T01:22:15+00:00\",\"description\":\"GEL - Padel (3pcs). Tre padel GrepGel for best pris og best resultat. Utviklet i Sverige - Brukt over hele verden.\",\"breadcrumb\":{\"@id\":\"https:\\\/\\\/grippygripz.com\\\/no\\\/gel-padel-3pcs\\\/#breadcrumb\"},\"inLanguage\":\"nb-NO\",\"potentialAction\":[{\"@type\":\"ReadAction\",\"target\":[\"https:\\\/\\\/grippygripz.com\\\/no\\\/gel-padel-3pcs\\\/\"]}]},{\"@type\":\"ImageObject\",\"inLanguage\":\"nb-NO\",\"@id\":\"https:\\\/\\\/grippygripz.com\\\/no\\\/gel-padel-3pcs\\\/#primaryimage\",\"url\":\"https:\\\/\\\/grippygripz.com\\\/wp-content\\\/uploads\\\/2020\\\/12\\\/tre-grippygripz-50ml.png\",\"contentUrl\":\"https:\\\/\\\/grippygripz.com\\\/wp-content\\\/uploads\\\/2020\\\/12\\\/tre-grippygripz-50ml.png\",\"width\":800,\"height\":800},{\"@type\":\"BreadcrumbList\",\"@id\":\"https:\\\/\\\/grippygripz.com\\\/no\\\/gel-padel-3pcs\\\/#breadcrumb\",\"itemListElement\":[{\"@type\":\"ListItem\",\"position\":1,\"name\":\"Home\",\"item\":\"https:\\\/\\\/grippygripz.com\\\/no\\\/\"},{\"@type\":\"ListItem\",\"position\":2,\"name\":\"Butikk\",\"item\":\"https:\\\/\\\/grippygripz.com\\\/no\\\/butikk\\\/\"},{\"@type\":\"ListItem\",\"position\":3,\"name\":\"GEL &#8211; Padel (3pcs)\"}]},{\"@type\":\"WebSite\",\"@id\":\"https:\\\/\\\/grippygripz.com\\\/no\\\/#website\",\"url\":\"https:\\\/\\\/grippygripz.com\\\/no\\\/\",\"name\":\"GrippyGripz\",\"description\":\"The winning GRIP\",\"publisher\":{\"@id\":\"https:\\\/\\\/grippygripz.com\\\/no\\\/#organization\"},\"potentialAction\":[{\"@type\":\"SearchAction\",\"target\":{\"@type\":\"EntryPoint\",\"urlTemplate\":\"https:\\\/\\\/grippygripz.com\\\/no\\\/?s={search_term_string}\"},\"query-input\":{\"@type\":\"PropertyValueSpecification\",\"valueRequired\":true,\"valueName\":\"search_term_string\"}}],\"inLanguage\":\"nb-NO\"},{\"@type\":\"Organization\",\"@id\":\"https:\\\/\\\/grippygripz.com\\\/no\\\/#organization\",\"name\":\"GrippyGripz\",\"url\":\"https:\\\/\\\/grippygripz.com\\\/no\\\/\",\"logo\":{\"@type\":\"ImageObject\",\"inLanguage\":\"nb-NO\",\"@id\":\"https:\\\/\\\/grippygripz.com\\\/no\\\/#\\\/schema\\\/logo\\\/image\\\/\",\"url\":\"https:\\\/\\\/grippygripz.com\\\/wp-content\\\/uploads\\\/2020\\\/10\\\/grippygripz-final-01.jpg\",\"contentUrl\":\"https:\\\/\\\/grippygripz.com\\\/wp-content\\\/uploads\\\/2020\\\/10\\\/grippygripz-final-01.jpg\",\"width\":1485,\"height\":865,\"caption\":\"GrippyGripz\"},\"image\":{\"@id\":\"https:\\\/\\\/grippygripz.com\\\/no\\\/#\\\/schema\\\/logo\\\/image\\\/\"},\"sameAs\":[\"https:\\\/\\\/www.facebook.com\\\/pages\\\/category\\\/Product-Service\\\/Vespadelarse-1915274088539804\\\/\",\"https:\\\/\\\/www.instagram.com\\\/grippygripz.se\\\/\"]}]}<\/script>\n<!-- \/ Yoast SEO plugin. -->","yoast_head_json":{"title":"GEL - Padel (3pcs) - GrippyGripz - Grip Forbedrer Padel","description":"GEL - Padel (3pcs). Tre padel GrepGel for best pris og best resultat. Utviklet i Sverige - Brukt over hele verden.","robots":{"index":"index","follow":"follow","max-snippet":"max-snippet:-1","max-image-preview":"max-image-preview:large","max-video-preview":"max-video-preview:-1"},"canonical":"https:\/\/grippygripz.com\/no\/gel-padel-3pcs\/","og_locale":"nb_NO","og_type":"article","og_title":"GEL - Padel (3pcs) - GrippyGripz - Grip Forbedrer Padel","og_description":"GEL - Padel (3pcs). Tre padel GrepGel for best pris og best resultat. Utviklet i Sverige - Brukt over hele verden.","og_url":"https:\/\/grippygripz.com\/no\/gel-padel-3pcs\/","og_site_name":"GrippyGripz","article_publisher":"https:\/\/www.facebook.com\/pages\/category\/Product-Service\/Vespadelarse-1915274088539804\/","article_modified_time":"2026-03-01T01:22:15+00:00","og_image":[{"width":800,"height":800,"url":"https:\/\/grippygripz.com\/wp-content\/uploads\/2020\/12\/tre-grippygripz-50ml.png","type":"image\/png"}],"twitter_card":"summary_large_image","schema":{"@context":"https:\/\/schema.org","@graph":[{"@type":"WebPage","@id":"https:\/\/grippygripz.com\/no\/gel-padel-3pcs\/","url":"https:\/\/grippygripz.com\/no\/gel-padel-3pcs\/","name":"GEL - Padel (3pcs) - GrippyGripz - Grip Forbedrer Padel","isPartOf":{"@id":"https:\/\/grippygripz.com\/no\/#website"},"primaryImageOfPage":{"@id":"https:\/\/grippygripz.com\/no\/gel-padel-3pcs\/#primaryimage"},"image":{"@id":"https:\/\/grippygripz.com\/no\/gel-padel-3pcs\/#primaryimage"},"thumbnailUrl":"https:\/\/grippygripz.com\/wp-content\/uploads\/2020\/12\/tre-grippygripz-50ml.png","datePublished":"2020-12-11T17:15:22+00:00","dateModified":"2026-03-01T01:22:15+00:00","description":"GEL - Padel (3pcs). Tre padel GrepGel for best pris og best resultat. Utviklet i Sverige - Brukt over hele verden.","breadcrumb":{"@id":"https:\/\/grippygripz.com\/no\/gel-padel-3pcs\/#breadcrumb"},"inLanguage":"nb-NO","potentialAction":[{"@type":"ReadAction","target":["https:\/\/grippygripz.com\/no\/gel-padel-3pcs\/"]}]},{"@type":"ImageObject","inLanguage":"nb-NO","@id":"https:\/\/grippygripz.com\/no\/gel-padel-3pcs\/#primaryimage","url":"https:\/\/grippygripz.com\/wp-content\/uploads\/2020\/12\/tre-grippygripz-50ml.png","contentUrl":"https:\/\/grippygripz.com\/wp-content\/uploads\/2020\/12\/tre-grippygripz-50ml.png","width":800,"height":800},{"@type":"BreadcrumbList","@id":"https:\/\/grippygripz.com\/no\/gel-padel-3pcs\/#breadcrumb","itemListElement":[{"@type":"ListItem","position":1,"name":"Home","item":"https:\/\/grippygripz.com\/no\/"},{"@type":"ListItem","position":2,"name":"Butikk","item":"https:\/\/grippygripz.com\/no\/butikk\/"},{"@type":"ListItem","position":3,"name":"GEL &#8211; Padel (3pcs)"}]},{"@type":"WebSite","@id":"https:\/\/grippygripz.com\/no\/#website","url":"https:\/\/grippygripz.com\/no\/","name":"GrippyGripz","description":"The winning GRIP","publisher":{"@id":"https:\/\/grippygripz.com\/no\/#organization"},"potentialAction":[{"@type":"SearchAction","target":{"@type":"EntryPoint","urlTemplate":"https:\/\/grippygripz.com\/no\/?s={search_term_string}"},"query-input":{"@type":"PropertyValueSpecification","valueRequired":true,"valueName":"search_term_string"}}],"inLanguage":"nb-NO"},{"@type":"Organization","@id":"https:\/\/grippygripz.com\/no\/#organization","name":"GrippyGripz","url":"https:\/\/grippygripz.com\/no\/","logo":{"@type":"ImageObject","inLanguage":"nb-NO","@id":"https:\/\/grippygripz.com\/no\/#\/schema\/logo\/image\/","url":"https:\/\/grippygripz.com\/wp-content\/uploads\/2020\/10\/grippygripz-final-01.jpg","contentUrl":"https:\/\/grippygripz.com\/wp-content\/uploads\/2020\/10\/grippygripz-final-01.jpg","width":1485,"height":865,"caption":"GrippyGripz"},"image":{"@id":"https:\/\/grippygripz.com\/no\/#\/schema\/logo\/image\/"},"sameAs":["https:\/\/www.facebook.com\/pages\/category\/Product-Service\/Vespadelarse-1915274088539804\/","https:\/\/www.instagram.com\/grippygripz.se\/"]}]}},"_links":{"self":[{"href":"https:\/\/grippygripz.com\/no\/wp-json\/wp\/v2\/product\/52081","targetHints":{"allow":["GET"]}}],"collection":[{"href":"https:\/\/grippygripz.com\/no\/wp-json\/wp\/v2\/product"}],"about":[{"href":"https:\/\/grippygripz.com\/no\/wp-json\/wp\/v2\/types\/product"}],"replies":[{"embeddable":true,"href":"https:\/\/grippygripz.com\/no\/wp-json\/wp\/v2\/comments?post=52081"}],"wp:featuredmedia":[{"embeddable":true,"href":"https:\/\/grippygripz.com\/no\/wp-json\/wp\/v2\/media\/56000"}],"wp:attachment":[{"href":"https:\/\/grippygripz.com\/no\/wp-json\/wp\/v2\/media?parent=52081"}],"wp:term":[{"taxonomy":"product_brand","embeddable":true,"href":"https:\/\/grippygripz.com\/no\/wp-json\/wp\/v2\/product_brand?post=52081"},{"taxonomy":"product_cat","embeddable":true,"href":"https:\/\/grippygripz.com\/no\/wp-json\/wp\/v2\/product_cat?post=52081"},{"taxonomy":"product_tag","embeddable":true,"href":"https:\/\/grippygripz.com\/no\/wp-json\/wp\/v2\/product_tag?post=52081"}],"curies":[{"name":"wp","href":"https:\/\/api.w.org\/{rel}","templated":true}]}}