{"id":57747,"date":"2023-11-20T17:21:55","date_gmt":"2023-11-20T16:21:55","guid":{"rendered":"https:\/\/grippygripz.com\/my-account\/"},"modified":"2023-11-20T17:21:55","modified_gmt":"2023-11-20T16:21:55","slug":"my-account","status":"publish","type":"page","link":"https:\/\/grippygripz.com\/no\/my-account\/","title":{"rendered":"My Account"},"content":{"rendered":"<div class=\"woocommerce\"><\/div>\n","protected":false},"excerpt":{"rendered":"","protected":false},"author":1,"featured_media":0,"parent":0,"menu_order":0,"comment_status":"closed","ping_status":"closed","template":"","meta":{"_acf_changed":false,"footnotes":""},"class_list":["post-57747","page","type-page","status-publish","hentry"],"acf":[],"yoast_head":"<!-- This site is optimized with the Yoast SEO plugin v27.4 - https:\/\/yoast.com\/product\/yoast-seo-wordpress\/ -->\n<title>My Account - GrippyGripz<\/title>\n<meta name=\"description\" content=\"GrippyGripz - My Account. GrippyGripz produkter sl\u00e5r grepplindor och \u00f6vriga produkter. F\u00e5 b\u00e4ttre grepp i padel, tennis, gym med mera - Kundn\u00f6jdhet garanterat - Snabba leveranser - Utvecklad i Sverige.\" \/>\n<meta name=\"robots\" content=\"index, follow, max-snippet:-1, max-image-preview:large, max-video-preview:-1\" \/>\n<link rel=\"canonical\" href=\"https:\/\/grippygripz.com\/no\/my-account\/\" \/>\n<meta property=\"og:locale\" content=\"nb_NO\" \/>\n<meta property=\"og:type\" content=\"article\" \/>\n<meta property=\"og:title\" content=\"My Account - GrippyGripz\" \/>\n<meta property=\"og:description\" content=\"GrippyGripz - My Account. GrippyGripz produkter sl\u00e5r grepplindor och \u00f6vriga produkter. F\u00e5 b\u00e4ttre grepp i padel, tennis, gym med mera - Kundn\u00f6jdhet garanterat - Snabba leveranser - Utvecklad i Sverige.\" \/>\n<meta property=\"og:url\" content=\"https:\/\/grippygripz.com\/no\/my-account\/\" \/>\n<meta property=\"og:site_name\" content=\"GrippyGripz\" \/>\n<meta property=\"article:publisher\" content=\"https:\/\/www.facebook.com\/pages\/category\/Product-Service\/Vespadelarse-1915274088539804\/\" \/>\n<meta name=\"twitter:card\" content=\"summary_large_image\" \/>\n<script type=\"application\/ld+json\" class=\"yoast-schema-graph\">{\"@context\":\"https:\\\/\\\/schema.org\",\"@graph\":[{\"@type\":\"WebPage\",\"@id\":\"https:\\\/\\\/grippygripz.com\\\/no\\\/my-account\\\/\",\"url\":\"https:\\\/\\\/grippygripz.com\\\/no\\\/my-account\\\/\",\"name\":\"My Account - GrippyGripz\",\"isPartOf\":{\"@id\":\"https:\\\/\\\/grippygripz.com\\\/no\\\/#website\"},\"datePublished\":\"2023-11-20T16:21:55+00:00\",\"description\":\"GrippyGripz - My Account. GrippyGripz produkter sl\u00e5r grepplindor och \u00f6vriga produkter. F\u00e5 b\u00e4ttre grepp i padel, tennis, gym med mera - Kundn\u00f6jdhet garanterat - Snabba leveranser - Utvecklad i Sverige.\",\"breadcrumb\":{\"@id\":\"https:\\\/\\\/grippygripz.com\\\/no\\\/my-account\\\/#breadcrumb\"},\"inLanguage\":\"nb-NO\",\"potentialAction\":[{\"@type\":\"ReadAction\",\"target\":[\"https:\\\/\\\/grippygripz.com\\\/no\\\/my-account\\\/\"]}]},{\"@type\":\"BreadcrumbList\",\"@id\":\"https:\\\/\\\/grippygripz.com\\\/no\\\/my-account\\\/#breadcrumb\",\"itemListElement\":[{\"@type\":\"ListItem\",\"position\":1,\"name\":\"Home\",\"item\":\"https:\\\/\\\/grippygripz.com\\\/no\\\/\"},{\"@type\":\"ListItem\",\"position\":2,\"name\":\"My Account\"}]},{\"@type\":\"WebSite\",\"@id\":\"https:\\\/\\\/grippygripz.com\\\/no\\\/#website\",\"url\":\"https:\\\/\\\/grippygripz.com\\\/no\\\/\",\"name\":\"GrippyGripz\",\"description\":\"The winning GRIP\",\"publisher\":{\"@id\":\"https:\\\/\\\/grippygripz.com\\\/no\\\/#organization\"},\"potentialAction\":[{\"@type\":\"SearchAction\",\"target\":{\"@type\":\"EntryPoint\",\"urlTemplate\":\"https:\\\/\\\/grippygripz.com\\\/no\\\/?s={search_term_string}\"},\"query-input\":{\"@type\":\"PropertyValueSpecification\",\"valueRequired\":true,\"valueName\":\"search_term_string\"}}],\"inLanguage\":\"nb-NO\"},{\"@type\":\"Organization\",\"@id\":\"https:\\\/\\\/grippygripz.com\\\/no\\\/#organization\",\"name\":\"GrippyGripz\",\"url\":\"https:\\\/\\\/grippygripz.com\\\/no\\\/\",\"logo\":{\"@type\":\"ImageObject\",\"inLanguage\":\"nb-NO\",\"@id\":\"https:\\\/\\\/grippygripz.com\\\/no\\\/#\\\/schema\\\/logo\\\/image\\\/\",\"url\":\"https:\\\/\\\/grippygripz.com\\\/wp-content\\\/uploads\\\/2020\\\/10\\\/grippygripz-final-01.jpg\",\"contentUrl\":\"https:\\\/\\\/grippygripz.com\\\/wp-content\\\/uploads\\\/2020\\\/10\\\/grippygripz-final-01.jpg\",\"width\":1485,\"height\":865,\"caption\":\"GrippyGripz\"},\"image\":{\"@id\":\"https:\\\/\\\/grippygripz.com\\\/no\\\/#\\\/schema\\\/logo\\\/image\\\/\"},\"sameAs\":[\"https:\\\/\\\/www.facebook.com\\\/pages\\\/category\\\/Product-Service\\\/Vespadelarse-1915274088539804\\\/\",\"https:\\\/\\\/www.instagram.com\\\/grippygripz.se\\\/\"]}]}<\/script>\n<!-- \/ Yoast SEO plugin. -->","yoast_head_json":{"title":"My Account - GrippyGripz","description":"GrippyGripz - My Account. GrippyGripz produkter sl\u00e5r grepplindor och \u00f6vriga produkter. F\u00e5 b\u00e4ttre grepp i padel, tennis, gym med mera - Kundn\u00f6jdhet garanterat - Snabba leveranser - Utvecklad i Sverige.","robots":{"index":"index","follow":"follow","max-snippet":"max-snippet:-1","max-image-preview":"max-image-preview:large","max-video-preview":"max-video-preview:-1"},"canonical":"https:\/\/grippygripz.com\/no\/my-account\/","og_locale":"nb_NO","og_type":"article","og_title":"My Account - GrippyGripz","og_description":"GrippyGripz - My Account. GrippyGripz produkter sl\u00e5r grepplindor och \u00f6vriga produkter. F\u00e5 b\u00e4ttre grepp i padel, tennis, gym med mera - Kundn\u00f6jdhet garanterat - Snabba leveranser - Utvecklad i Sverige.","og_url":"https:\/\/grippygripz.com\/no\/my-account\/","og_site_name":"GrippyGripz","article_publisher":"https:\/\/www.facebook.com\/pages\/category\/Product-Service\/Vespadelarse-1915274088539804\/","twitter_card":"summary_large_image","schema":{"@context":"https:\/\/schema.org","@graph":[{"@type":"WebPage","@id":"https:\/\/grippygripz.com\/no\/my-account\/","url":"https:\/\/grippygripz.com\/no\/my-account\/","name":"My Account - GrippyGripz","isPartOf":{"@id":"https:\/\/grippygripz.com\/no\/#website"},"datePublished":"2023-11-20T16:21:55+00:00","description":"GrippyGripz - My Account. GrippyGripz produkter sl\u00e5r grepplindor och \u00f6vriga produkter. F\u00e5 b\u00e4ttre grepp i padel, tennis, gym med mera - Kundn\u00f6jdhet garanterat - Snabba leveranser - Utvecklad i Sverige.","breadcrumb":{"@id":"https:\/\/grippygripz.com\/no\/my-account\/#breadcrumb"},"inLanguage":"nb-NO","potentialAction":[{"@type":"ReadAction","target":["https:\/\/grippygripz.com\/no\/my-account\/"]}]},{"@type":"BreadcrumbList","@id":"https:\/\/grippygripz.com\/no\/my-account\/#breadcrumb","itemListElement":[{"@type":"ListItem","position":1,"name":"Home","item":"https:\/\/grippygripz.com\/no\/"},{"@type":"ListItem","position":2,"name":"My Account"}]},{"@type":"WebSite","@id":"https:\/\/grippygripz.com\/no\/#website","url":"https:\/\/grippygripz.com\/no\/","name":"GrippyGripz","description":"The winning GRIP","publisher":{"@id":"https:\/\/grippygripz.com\/no\/#organization"},"potentialAction":[{"@type":"SearchAction","target":{"@type":"EntryPoint","urlTemplate":"https:\/\/grippygripz.com\/no\/?s={search_term_string}"},"query-input":{"@type":"PropertyValueSpecification","valueRequired":true,"valueName":"search_term_string"}}],"inLanguage":"nb-NO"},{"@type":"Organization","@id":"https:\/\/grippygripz.com\/no\/#organization","name":"GrippyGripz","url":"https:\/\/grippygripz.com\/no\/","logo":{"@type":"ImageObject","inLanguage":"nb-NO","@id":"https:\/\/grippygripz.com\/no\/#\/schema\/logo\/image\/","url":"https:\/\/grippygripz.com\/wp-content\/uploads\/2020\/10\/grippygripz-final-01.jpg","contentUrl":"https:\/\/grippygripz.com\/wp-content\/uploads\/2020\/10\/grippygripz-final-01.jpg","width":1485,"height":865,"caption":"GrippyGripz"},"image":{"@id":"https:\/\/grippygripz.com\/no\/#\/schema\/logo\/image\/"},"sameAs":["https:\/\/www.facebook.com\/pages\/category\/Product-Service\/Vespadelarse-1915274088539804\/","https:\/\/www.instagram.com\/grippygripz.se\/"]}]}},"_links":{"self":[{"href":"https:\/\/grippygripz.com\/no\/wp-json\/wp\/v2\/pages\/57747","targetHints":{"allow":["GET"]}}],"collection":[{"href":"https:\/\/grippygripz.com\/no\/wp-json\/wp\/v2\/pages"}],"about":[{"href":"https:\/\/grippygripz.com\/no\/wp-json\/wp\/v2\/types\/page"}],"author":[{"embeddable":true,"href":"https:\/\/grippygripz.com\/no\/wp-json\/wp\/v2\/users\/1"}],"replies":[{"embeddable":true,"href":"https:\/\/grippygripz.com\/no\/wp-json\/wp\/v2\/comments?post=57747"}],"version-history":[{"count":0,"href":"https:\/\/grippygripz.com\/no\/wp-json\/wp\/v2\/pages\/57747\/revisions"}],"wp:attachment":[{"href":"https:\/\/grippygripz.com\/no\/wp-json\/wp\/v2\/media?parent=57747"}],"curies":[{"name":"wp","href":"https:\/\/api.w.org\/{rel}","templated":true}]}}