{"id":50129,"date":"2020-11-25T20:44:57","date_gmt":"2020-11-25T19:44:57","guid":{"rendered":"https:\/\/grippygripz.com\/sin categor\u00eda\/protection-tape-grl-pwr\/"},"modified":"2025-06-24T14:35:25","modified_gmt":"2025-06-24T12:35:25","slug":"protection-tape-grl-pwr","status":"publish","type":"product","link":"https:\/\/grippygripz.com\/es\/protection-tape-grl-pwr\/","title":{"rendered":"Protection Tape &#8211; GRL PWR"},"content":{"rendered":"<p>Nuestra cinta nobbed de 0,30 mm protege tu pala de ara\u00f1azos y grietas. Incluso una peque\u00f1a grieta puede tener un gran impacto en el rendimiento de su raqueta.<\/p>\n<p>Dos logotipos GrippyGripz y texto GRL PWR en plateado en el medio. Vea las instrucciones sobre c\u00f3mo aplicarlo f\u00e1cilmente.<\/p>\n","protected":false},"excerpt":{"rendered":"<p>La cinta protectora de palas GrippyGripz est\u00e1 fabricada especialmente para palas de PADEL y proteger\u00e1 tu pala de ara\u00f1azos y marcas. Una pala no es barata, as\u00ed que aseg\u00farate de protegerla con nuestros protectores de p\u00e1del. \u00bfY por qu\u00e9 no hacerlo con estilo? Hemos confeccionado una cinta protectora personalizada para la pala de p\u00e1del que destaca. \u00a1Haz que la gente sepa de qu\u00e9 se trata en la cancha!<br \/>\nDos logotipos GrippyGripz y texto GRL PWR en plateado en el medio. Vea las instrucciones sobre c\u00f3mo aplicarlo f\u00e1cilmente.<\/p>\n<h4>Designed in<br \/>\n<img loading=\"lazy\" decoding=\"async\" class=\"size-full wp-image-40877 alignleft\" src=\"https:\/\/grippygripz.com\/wp-content\/uploads\/2020\/10\/1200px-Sweden_flag_orb_icon.svg-e1603291360560.png\" alt=\"\" width=\"100\" height=\"100\" \/><\/h4>\n","protected":false},"featured_media":50130,"comment_status":"open","ping_status":"closed","template":"","meta":{"_acf_changed":false},"product_brand":[],"product_cat":[6126],"product_tag":[6156,6128,6155,6154],"class_list":{"0":"post-50129","1":"product","2":"type-product","3":"status-publish","4":"has-post-thumbnail","6":"product_cat-padel-racket-protection","7":"product_tag-grl-pwr","8":"product_tag-protection","9":"product_tag-racket-protection","10":"product_tag-protection-tape","11":"product_shipping_class-standard-en","13":"first","14":"instock","15":"taxable","16":"shipping-taxable","17":"purchasable","18":"product-type-simple"},"acf":[],"yoast_head":"<!-- This site is optimized with the Yoast SEO plugin v27.4 - https:\/\/yoast.com\/product\/yoast-seo-wordpress\/ -->\n<title>Protectores Palas Padel - Grippygripz GRL PWR Padel<\/title>\n<meta name=\"description\" content=\"Protectores Palas GRL POWER para Padel. Go girls! Developed in Sweden - Used World wide - Fast Shipping\" \/>\n<meta name=\"robots\" content=\"index, follow, max-snippet:-1, max-image-preview:large, max-video-preview:-1\" \/>\n<link rel=\"canonical\" href=\"https:\/\/grippygripz.com\/es\/protection-tape-grl-pwr\/\" \/>\n<meta property=\"og:locale\" content=\"es_ES\" \/>\n<meta property=\"og:type\" content=\"article\" \/>\n<meta property=\"og:title\" content=\"Protectores Palas Padel - Grippygripz GRL PWR Padel\" \/>\n<meta property=\"og:description\" content=\"Protectores Palas GRL POWER para Padel. Go girls! Developed in Sweden - Used World wide - Fast Shipping\" \/>\n<meta property=\"og:url\" content=\"https:\/\/grippygripz.com\/es\/protection-tape-grl-pwr\/\" \/>\n<meta property=\"og:site_name\" content=\"GrippyGripz\" \/>\n<meta property=\"article:publisher\" content=\"https:\/\/www.facebook.com\/pages\/category\/Product-Service\/Vespadelarse-1915274088539804\/\" \/>\n<meta property=\"article:modified_time\" content=\"2025-06-24T12:35:25+00:00\" \/>\n<meta property=\"og:image\" content=\"https:\/\/grippygripz.com\/wp-content\/uploads\/2020\/11\/grl-pwr-600x600-1.png\" \/>\n\t<meta property=\"og:image:width\" content=\"600\" \/>\n\t<meta property=\"og:image:height\" content=\"600\" \/>\n\t<meta property=\"og:image:type\" content=\"image\/png\" \/>\n<meta name=\"twitter:card\" content=\"summary_large_image\" \/>\n<script type=\"application\/ld+json\" class=\"yoast-schema-graph\">{\"@context\":\"https:\\\/\\\/schema.org\",\"@graph\":[{\"@type\":\"WebPage\",\"@id\":\"https:\\\/\\\/grippygripz.com\\\/es\\\/protection-tape-grl-pwr\\\/\",\"url\":\"https:\\\/\\\/grippygripz.com\\\/es\\\/protection-tape-grl-pwr\\\/\",\"name\":\"Protectores Palas Padel - Grippygripz GRL PWR Padel\",\"isPartOf\":{\"@id\":\"https:\\\/\\\/grippygripz.com\\\/es\\\/#website\"},\"primaryImageOfPage\":{\"@id\":\"https:\\\/\\\/grippygripz.com\\\/es\\\/protection-tape-grl-pwr\\\/#primaryimage\"},\"image\":{\"@id\":\"https:\\\/\\\/grippygripz.com\\\/es\\\/protection-tape-grl-pwr\\\/#primaryimage\"},\"thumbnailUrl\":\"https:\\\/\\\/grippygripz.com\\\/wp-content\\\/uploads\\\/2020\\\/11\\\/grl-pwr-600x600-1.png\",\"datePublished\":\"2020-11-25T19:44:57+00:00\",\"dateModified\":\"2025-06-24T12:35:25+00:00\",\"description\":\"Protectores Palas GRL POWER para Padel. Go girls! Developed in Sweden - Used World wide - Fast Shipping\",\"breadcrumb\":{\"@id\":\"https:\\\/\\\/grippygripz.com\\\/es\\\/protection-tape-grl-pwr\\\/#breadcrumb\"},\"inLanguage\":\"es-ES\",\"potentialAction\":[{\"@type\":\"ReadAction\",\"target\":[\"https:\\\/\\\/grippygripz.com\\\/es\\\/protection-tape-grl-pwr\\\/\"]}]},{\"@type\":\"ImageObject\",\"inLanguage\":\"es-ES\",\"@id\":\"https:\\\/\\\/grippygripz.com\\\/es\\\/protection-tape-grl-pwr\\\/#primaryimage\",\"url\":\"https:\\\/\\\/grippygripz.com\\\/wp-content\\\/uploads\\\/2020\\\/11\\\/grl-pwr-600x600-1.png\",\"contentUrl\":\"https:\\\/\\\/grippygripz.com\\\/wp-content\\\/uploads\\\/2020\\\/11\\\/grl-pwr-600x600-1.png\",\"width\":600,\"height\":600},{\"@type\":\"BreadcrumbList\",\"@id\":\"https:\\\/\\\/grippygripz.com\\\/es\\\/protection-tape-grl-pwr\\\/#breadcrumb\",\"itemListElement\":[{\"@type\":\"ListItem\",\"position\":1,\"name\":\"Home\",\"item\":\"https:\\\/\\\/grippygripz.com\\\/es\\\/\"},{\"@type\":\"ListItem\",\"position\":2,\"name\":\"TIENDA\",\"item\":\"https:\\\/\\\/grippygripz.com\\\/es\\\/tienda\\\/\"},{\"@type\":\"ListItem\",\"position\":3,\"name\":\"Protection Tape &#8211; GRL PWR\"}]},{\"@type\":\"WebSite\",\"@id\":\"https:\\\/\\\/grippygripz.com\\\/es\\\/#website\",\"url\":\"https:\\\/\\\/grippygripz.com\\\/es\\\/\",\"name\":\"GrippyGripz\",\"description\":\"The winning GRIP\",\"publisher\":{\"@id\":\"https:\\\/\\\/grippygripz.com\\\/es\\\/#organization\"},\"potentialAction\":[{\"@type\":\"SearchAction\",\"target\":{\"@type\":\"EntryPoint\",\"urlTemplate\":\"https:\\\/\\\/grippygripz.com\\\/es\\\/?s={search_term_string}\"},\"query-input\":{\"@type\":\"PropertyValueSpecification\",\"valueRequired\":true,\"valueName\":\"search_term_string\"}}],\"inLanguage\":\"es-ES\"},{\"@type\":\"Organization\",\"@id\":\"https:\\\/\\\/grippygripz.com\\\/es\\\/#organization\",\"name\":\"GrippyGripz\",\"url\":\"https:\\\/\\\/grippygripz.com\\\/es\\\/\",\"logo\":{\"@type\":\"ImageObject\",\"inLanguage\":\"es-ES\",\"@id\":\"https:\\\/\\\/grippygripz.com\\\/es\\\/#\\\/schema\\\/logo\\\/image\\\/\",\"url\":\"https:\\\/\\\/grippygripz.com\\\/wp-content\\\/uploads\\\/2020\\\/10\\\/grippygripz-final-01.jpg\",\"contentUrl\":\"https:\\\/\\\/grippygripz.com\\\/wp-content\\\/uploads\\\/2020\\\/10\\\/grippygripz-final-01.jpg\",\"width\":1485,\"height\":865,\"caption\":\"GrippyGripz\"},\"image\":{\"@id\":\"https:\\\/\\\/grippygripz.com\\\/es\\\/#\\\/schema\\\/logo\\\/image\\\/\"},\"sameAs\":[\"https:\\\/\\\/www.facebook.com\\\/pages\\\/category\\\/Product-Service\\\/Vespadelarse-1915274088539804\\\/\",\"https:\\\/\\\/www.instagram.com\\\/grippygripz.se\\\/\"]}]}<\/script>\n<!-- \/ Yoast SEO plugin. -->","yoast_head_json":{"title":"Protectores Palas Padel - Grippygripz GRL PWR Padel","description":"Protectores Palas GRL POWER para Padel. Go girls! Developed in Sweden - Used World wide - Fast Shipping","robots":{"index":"index","follow":"follow","max-snippet":"max-snippet:-1","max-image-preview":"max-image-preview:large","max-video-preview":"max-video-preview:-1"},"canonical":"https:\/\/grippygripz.com\/es\/protection-tape-grl-pwr\/","og_locale":"es_ES","og_type":"article","og_title":"Protectores Palas Padel - Grippygripz GRL PWR Padel","og_description":"Protectores Palas GRL POWER para Padel. Go girls! Developed in Sweden - Used World wide - Fast Shipping","og_url":"https:\/\/grippygripz.com\/es\/protection-tape-grl-pwr\/","og_site_name":"GrippyGripz","article_publisher":"https:\/\/www.facebook.com\/pages\/category\/Product-Service\/Vespadelarse-1915274088539804\/","article_modified_time":"2025-06-24T12:35:25+00:00","og_image":[{"width":600,"height":600,"url":"https:\/\/grippygripz.com\/wp-content\/uploads\/2020\/11\/grl-pwr-600x600-1.png","type":"image\/png"}],"twitter_card":"summary_large_image","schema":{"@context":"https:\/\/schema.org","@graph":[{"@type":"WebPage","@id":"https:\/\/grippygripz.com\/es\/protection-tape-grl-pwr\/","url":"https:\/\/grippygripz.com\/es\/protection-tape-grl-pwr\/","name":"Protectores Palas Padel - Grippygripz GRL PWR Padel","isPartOf":{"@id":"https:\/\/grippygripz.com\/es\/#website"},"primaryImageOfPage":{"@id":"https:\/\/grippygripz.com\/es\/protection-tape-grl-pwr\/#primaryimage"},"image":{"@id":"https:\/\/grippygripz.com\/es\/protection-tape-grl-pwr\/#primaryimage"},"thumbnailUrl":"https:\/\/grippygripz.com\/wp-content\/uploads\/2020\/11\/grl-pwr-600x600-1.png","datePublished":"2020-11-25T19:44:57+00:00","dateModified":"2025-06-24T12:35:25+00:00","description":"Protectores Palas GRL POWER para Padel. Go girls! Developed in Sweden - Used World wide - Fast Shipping","breadcrumb":{"@id":"https:\/\/grippygripz.com\/es\/protection-tape-grl-pwr\/#breadcrumb"},"inLanguage":"es-ES","potentialAction":[{"@type":"ReadAction","target":["https:\/\/grippygripz.com\/es\/protection-tape-grl-pwr\/"]}]},{"@type":"ImageObject","inLanguage":"es-ES","@id":"https:\/\/grippygripz.com\/es\/protection-tape-grl-pwr\/#primaryimage","url":"https:\/\/grippygripz.com\/wp-content\/uploads\/2020\/11\/grl-pwr-600x600-1.png","contentUrl":"https:\/\/grippygripz.com\/wp-content\/uploads\/2020\/11\/grl-pwr-600x600-1.png","width":600,"height":600},{"@type":"BreadcrumbList","@id":"https:\/\/grippygripz.com\/es\/protection-tape-grl-pwr\/#breadcrumb","itemListElement":[{"@type":"ListItem","position":1,"name":"Home","item":"https:\/\/grippygripz.com\/es\/"},{"@type":"ListItem","position":2,"name":"TIENDA","item":"https:\/\/grippygripz.com\/es\/tienda\/"},{"@type":"ListItem","position":3,"name":"Protection Tape &#8211; GRL PWR"}]},{"@type":"WebSite","@id":"https:\/\/grippygripz.com\/es\/#website","url":"https:\/\/grippygripz.com\/es\/","name":"GrippyGripz","description":"The winning GRIP","publisher":{"@id":"https:\/\/grippygripz.com\/es\/#organization"},"potentialAction":[{"@type":"SearchAction","target":{"@type":"EntryPoint","urlTemplate":"https:\/\/grippygripz.com\/es\/?s={search_term_string}"},"query-input":{"@type":"PropertyValueSpecification","valueRequired":true,"valueName":"search_term_string"}}],"inLanguage":"es-ES"},{"@type":"Organization","@id":"https:\/\/grippygripz.com\/es\/#organization","name":"GrippyGripz","url":"https:\/\/grippygripz.com\/es\/","logo":{"@type":"ImageObject","inLanguage":"es-ES","@id":"https:\/\/grippygripz.com\/es\/#\/schema\/logo\/image\/","url":"https:\/\/grippygripz.com\/wp-content\/uploads\/2020\/10\/grippygripz-final-01.jpg","contentUrl":"https:\/\/grippygripz.com\/wp-content\/uploads\/2020\/10\/grippygripz-final-01.jpg","width":1485,"height":865,"caption":"GrippyGripz"},"image":{"@id":"https:\/\/grippygripz.com\/es\/#\/schema\/logo\/image\/"},"sameAs":["https:\/\/www.facebook.com\/pages\/category\/Product-Service\/Vespadelarse-1915274088539804\/","https:\/\/www.instagram.com\/grippygripz.se\/"]}]}},"_links":{"self":[{"href":"https:\/\/grippygripz.com\/es\/wp-json\/wp\/v2\/product\/50129","targetHints":{"allow":["GET"]}}],"collection":[{"href":"https:\/\/grippygripz.com\/es\/wp-json\/wp\/v2\/product"}],"about":[{"href":"https:\/\/grippygripz.com\/es\/wp-json\/wp\/v2\/types\/product"}],"replies":[{"embeddable":true,"href":"https:\/\/grippygripz.com\/es\/wp-json\/wp\/v2\/comments?post=50129"}],"wp:featuredmedia":[{"embeddable":true,"href":"https:\/\/grippygripz.com\/es\/wp-json\/wp\/v2\/media\/50130"}],"wp:attachment":[{"href":"https:\/\/grippygripz.com\/es\/wp-json\/wp\/v2\/media?parent=50129"}],"wp:term":[{"taxonomy":"product_brand","embeddable":true,"href":"https:\/\/grippygripz.com\/es\/wp-json\/wp\/v2\/product_brand?post=50129"},{"taxonomy":"product_cat","embeddable":true,"href":"https:\/\/grippygripz.com\/es\/wp-json\/wp\/v2\/product_cat?post=50129"},{"taxonomy":"product_tag","embeddable":true,"href":"https:\/\/grippygripz.com\/es\/wp-json\/wp\/v2\/product_tag?post=50129"}],"curies":[{"name":"wp","href":"https:\/\/api.w.org\/{rel}","templated":true}]}}