{"id":45745,"date":"2021-04-09T10:13:14","date_gmt":"2021-04-09T08:13:14","guid":{"rendered":"https:\/\/grippygripz.com\/envio-y-condiciones\/"},"modified":"2026-03-06T09:59:47","modified_gmt":"2026-03-06T08:59:47","slug":"envio-y-condiciones","status":"publish","type":"page","link":"https:\/\/grippygripz.com\/es\/envio-y-condiciones\/","title":{"rendered":"Envio y condiciones"},"content":{"rendered":"\t\t<div data-elementor-type=\"wp-page\" data-elementor-id=\"45745\" class=\"elementor elementor-45745 elementor-41922\">\n\t\t\t\t\t\t<section class=\"elementor-section elementor-top-section elementor-element elementor-element-9b9c4fb elementor-section-boxed elementor-section-height-default elementor-section-height-default\" data-id=\"9b9c4fb\" data-element_type=\"section\" data-e-type=\"section\">\r\n\t\t\r\n\t\t\t\t\t\t\t<div class=\"elementor-container elementor-column-gap-default\">\r\n\t\t\t\t\t\t\t\t\t\t\t<div class=\"elementor-column elementor-col-100 elementor-top-column elementor-element elementor-element-7ab9745\" data-id=\"7ab9745\" data-element_type=\"column\" data-e-type=\"column\">\r\n\t\t\t\t\t<div class=\"elementor-widget-wrap elementor-element-populated\">\r\n\t\t\t\t\t\t\t\t<div class=\"elementor-element elementor-element-800634c elementor-widget elementor-widget-text-editor\" data-id=\"800634c\" data-element_type=\"widget\" data-e-type=\"widget\" data-widget_type=\"text-editor.default\">\n\t\t\t\t<div class=\"elementor-widget-container\">\n\t\t\t\t\t\t\t\t\t<h1>Shipping &amp; Returns<\/h1>\n<h2>Shipping within Sweden<\/h2>\n<p>GrippyGripz (Fox &amp; Owl AB) uses Postnord for shipments within Sweden.<\/p>\n<p>Free shipping in Sweden on all orders over SEK 500. Regular shipping price within Sweden is SEK 29 with Postnord MyPack Collect or Postnord Varubrev Hemleverans &#8211; make your shipping choice at checkout.<\/p>\n<p>Postnord MyPack Collect &#8211; fill in your postcode and find the delivery point where you want to pick up your package. Close to home, gym or work does not matter.<\/p>\n<p>Postnord Consignment note with home delivery &#8211; Sent to your address and your mailbox. In the event that the item does not fit in your mailbox, the package will be picked up at the nearest delivery point.<\/p>\n<p>We process all orders as quickly as possible.<\/p>\n<p>\u00a0<\/p>\n<h2>Shipping international<\/h2>\n<p>For international shipping, GrippyGripz uses Postnord as a delivery partner. The price for international shipping varies from country to country. Your current shipping price appears at checkout when you enter the address and country. Can&#8217;t find your country in the list? Contact info@grippygripz.com and we will try to help you manually.<\/p>\n<h2>Return &amp; exchange management<\/h2>\n<p>As a customer, you have the right to return all or part of your order within 14 days of receiving the order. This right only applies if the product and original packaging can be returned in the same condition as upon receipt.<br \/>Make a return: email info@grippygripz.com with information (order number, goods to be exchanged or routes) about your return and you will receive a return label for printing by e-mail. Then follow the instructions on the return label depending on your chosen shipping method.<br \/>The return cost is paid by you as a consumer and may vary, standard for EU is 7\u20ac. For returns, the actual shipping cost is deducted before a refund is made.<br \/>Normally, all returns are processed within 10 days of receiving the return shipment.<br \/>As soon as a refund is made, you will receive an e-mail from Kustom.<br \/>Refund of returned item<br \/>Upon approved return, we use Kustom&#8217;s payment system to refund the part of your order that has been sent in return. Together with Kustom, we also send out electronic confirmation of your refund via e-mail.<\/p>\n<h2>Free return handling for exchanges<\/h2>\n<p>In case of exchanges, return shipping is included and any shipping costs are paid by GrippyGripz. Free shipping on exchanges only applies within Sweden.<\/p>\n\t\t\t\t\t\t\t\t<\/div>\n\t\t\t\t<\/div>\n\t\t\t\t\t<\/div>\r\n\t\t\t\t<\/div>\r\n\t\t\t\t\t<\/div>\r\n\t\t\t\t<\/section>\r\n\t\t\t\t<\/div>\n\t\t","protected":false},"excerpt":{"rendered":"<p>Shipping &amp; Returns Shipping within Sweden GrippyGripz (Fox &amp; Owl AB) uses Postnord for shipments within Sweden. Free shipping in Sweden on all orders over SEK 500. Regular shipping price within Sweden is SEK 29 with Postnord MyPack Collect or Postnord Varubrev Hemleverans &#8211; make your shipping choice at checkout. Postnord MyPack Collect &#8211; fill [&hellip;]<\/p>\n","protected":false},"author":1,"featured_media":0,"parent":0,"menu_order":0,"comment_status":"closed","ping_status":"closed","template":"","meta":{"_acf_changed":false,"footnotes":""},"class_list":["post-45745","page","type-page","status-publish","hentry"],"acf":[],"yoast_head":"<!-- This site is optimized with the Yoast SEO plugin v27.4 - https:\/\/yoast.com\/product\/yoast-seo-wordpress\/ -->\n<title>Envio y condiciones - GrippyGripz<\/title>\n<meta name=\"description\" content=\"Envio y condiciones GrippyGripz. Lea nuestra pol\u00edtica de env\u00edos y devoluciones aqu\u00ed\" \/>\n<meta name=\"robots\" content=\"index, follow, max-snippet:-1, max-image-preview:large, max-video-preview:-1\" \/>\n<link rel=\"canonical\" href=\"https:\/\/grippygripz.com\/es\/envio-y-condiciones\/\" \/>\n<meta property=\"og:locale\" content=\"es_ES\" \/>\n<meta property=\"og:type\" content=\"article\" \/>\n<meta property=\"og:title\" content=\"Envio y condiciones - GrippyGripz\" \/>\n<meta property=\"og:description\" content=\"Envio y condiciones GrippyGripz. Lea nuestra pol\u00edtica de env\u00edos y devoluciones aqu\u00ed\" \/>\n<meta property=\"og:url\" content=\"https:\/\/grippygripz.com\/es\/envio-y-condiciones\/\" \/>\n<meta property=\"og:site_name\" content=\"GrippyGripz\" \/>\n<meta property=\"article:publisher\" content=\"https:\/\/www.facebook.com\/pages\/category\/Product-Service\/Vespadelarse-1915274088539804\/\" \/>\n<meta property=\"article:modified_time\" content=\"2026-03-06T08:59:47+00:00\" \/>\n<meta name=\"twitter:card\" content=\"summary_large_image\" \/>\n<meta name=\"twitter:label1\" content=\"Est. reading time\" \/>\n\t<meta name=\"twitter:data1\" content=\"2 minutes\" \/>\n<script type=\"application\/ld+json\" class=\"yoast-schema-graph\">{\"@context\":\"https:\\\/\\\/schema.org\",\"@graph\":[{\"@type\":\"WebPage\",\"@id\":\"https:\\\/\\\/grippygripz.com\\\/es\\\/envio-y-condiciones\\\/\",\"url\":\"https:\\\/\\\/grippygripz.com\\\/es\\\/envio-y-condiciones\\\/\",\"name\":\"Envio y condiciones - GrippyGripz\",\"isPartOf\":{\"@id\":\"https:\\\/\\\/grippygripz.com\\\/es\\\/#website\"},\"datePublished\":\"2021-04-09T08:13:14+00:00\",\"dateModified\":\"2026-03-06T08:59:47+00:00\",\"description\":\"Envio y condiciones GrippyGripz. Lea nuestra pol\u00edtica de env\u00edos y devoluciones aqu\u00ed\",\"breadcrumb\":{\"@id\":\"https:\\\/\\\/grippygripz.com\\\/es\\\/envio-y-condiciones\\\/#breadcrumb\"},\"inLanguage\":\"es-ES\",\"potentialAction\":[{\"@type\":\"ReadAction\",\"target\":[\"https:\\\/\\\/grippygripz.com\\\/es\\\/envio-y-condiciones\\\/\"]}]},{\"@type\":\"BreadcrumbList\",\"@id\":\"https:\\\/\\\/grippygripz.com\\\/es\\\/envio-y-condiciones\\\/#breadcrumb\",\"itemListElement\":[{\"@type\":\"ListItem\",\"position\":1,\"name\":\"Home\",\"item\":\"https:\\\/\\\/grippygripz.com\\\/es\\\/\"},{\"@type\":\"ListItem\",\"position\":2,\"name\":\"Envio y condiciones\"}]},{\"@type\":\"WebSite\",\"@id\":\"https:\\\/\\\/grippygripz.com\\\/es\\\/#website\",\"url\":\"https:\\\/\\\/grippygripz.com\\\/es\\\/\",\"name\":\"GrippyGripz\",\"description\":\"The winning GRIP\",\"publisher\":{\"@id\":\"https:\\\/\\\/grippygripz.com\\\/es\\\/#organization\"},\"potentialAction\":[{\"@type\":\"SearchAction\",\"target\":{\"@type\":\"EntryPoint\",\"urlTemplate\":\"https:\\\/\\\/grippygripz.com\\\/es\\\/?s={search_term_string}\"},\"query-input\":{\"@type\":\"PropertyValueSpecification\",\"valueRequired\":true,\"valueName\":\"search_term_string\"}}],\"inLanguage\":\"es-ES\"},{\"@type\":\"Organization\",\"@id\":\"https:\\\/\\\/grippygripz.com\\\/es\\\/#organization\",\"name\":\"GrippyGripz\",\"url\":\"https:\\\/\\\/grippygripz.com\\\/es\\\/\",\"logo\":{\"@type\":\"ImageObject\",\"inLanguage\":\"es-ES\",\"@id\":\"https:\\\/\\\/grippygripz.com\\\/es\\\/#\\\/schema\\\/logo\\\/image\\\/\",\"url\":\"https:\\\/\\\/grippygripz.com\\\/wp-content\\\/uploads\\\/2020\\\/10\\\/grippygripz-final-01.jpg\",\"contentUrl\":\"https:\\\/\\\/grippygripz.com\\\/wp-content\\\/uploads\\\/2020\\\/10\\\/grippygripz-final-01.jpg\",\"width\":1485,\"height\":865,\"caption\":\"GrippyGripz\"},\"image\":{\"@id\":\"https:\\\/\\\/grippygripz.com\\\/es\\\/#\\\/schema\\\/logo\\\/image\\\/\"},\"sameAs\":[\"https:\\\/\\\/www.facebook.com\\\/pages\\\/category\\\/Product-Service\\\/Vespadelarse-1915274088539804\\\/\",\"https:\\\/\\\/www.instagram.com\\\/grippygripz.se\\\/\"]}]}<\/script>\n<!-- \/ Yoast SEO plugin. -->","yoast_head_json":{"title":"Envio y condiciones - GrippyGripz","description":"Envio y condiciones GrippyGripz. Lea nuestra pol\u00edtica de env\u00edos y devoluciones aqu\u00ed","robots":{"index":"index","follow":"follow","max-snippet":"max-snippet:-1","max-image-preview":"max-image-preview:large","max-video-preview":"max-video-preview:-1"},"canonical":"https:\/\/grippygripz.com\/es\/envio-y-condiciones\/","og_locale":"es_ES","og_type":"article","og_title":"Envio y condiciones - GrippyGripz","og_description":"Envio y condiciones GrippyGripz. Lea nuestra pol\u00edtica de env\u00edos y devoluciones aqu\u00ed","og_url":"https:\/\/grippygripz.com\/es\/envio-y-condiciones\/","og_site_name":"GrippyGripz","article_publisher":"https:\/\/www.facebook.com\/pages\/category\/Product-Service\/Vespadelarse-1915274088539804\/","article_modified_time":"2026-03-06T08:59:47+00:00","twitter_card":"summary_large_image","twitter_misc":{"Est. reading time":"2 minutes"},"schema":{"@context":"https:\/\/schema.org","@graph":[{"@type":"WebPage","@id":"https:\/\/grippygripz.com\/es\/envio-y-condiciones\/","url":"https:\/\/grippygripz.com\/es\/envio-y-condiciones\/","name":"Envio y condiciones - GrippyGripz","isPartOf":{"@id":"https:\/\/grippygripz.com\/es\/#website"},"datePublished":"2021-04-09T08:13:14+00:00","dateModified":"2026-03-06T08:59:47+00:00","description":"Envio y condiciones GrippyGripz. Lea nuestra pol\u00edtica de env\u00edos y devoluciones aqu\u00ed","breadcrumb":{"@id":"https:\/\/grippygripz.com\/es\/envio-y-condiciones\/#breadcrumb"},"inLanguage":"es-ES","potentialAction":[{"@type":"ReadAction","target":["https:\/\/grippygripz.com\/es\/envio-y-condiciones\/"]}]},{"@type":"BreadcrumbList","@id":"https:\/\/grippygripz.com\/es\/envio-y-condiciones\/#breadcrumb","itemListElement":[{"@type":"ListItem","position":1,"name":"Home","item":"https:\/\/grippygripz.com\/es\/"},{"@type":"ListItem","position":2,"name":"Envio y condiciones"}]},{"@type":"WebSite","@id":"https:\/\/grippygripz.com\/es\/#website","url":"https:\/\/grippygripz.com\/es\/","name":"GrippyGripz","description":"The winning GRIP","publisher":{"@id":"https:\/\/grippygripz.com\/es\/#organization"},"potentialAction":[{"@type":"SearchAction","target":{"@type":"EntryPoint","urlTemplate":"https:\/\/grippygripz.com\/es\/?s={search_term_string}"},"query-input":{"@type":"PropertyValueSpecification","valueRequired":true,"valueName":"search_term_string"}}],"inLanguage":"es-ES"},{"@type":"Organization","@id":"https:\/\/grippygripz.com\/es\/#organization","name":"GrippyGripz","url":"https:\/\/grippygripz.com\/es\/","logo":{"@type":"ImageObject","inLanguage":"es-ES","@id":"https:\/\/grippygripz.com\/es\/#\/schema\/logo\/image\/","url":"https:\/\/grippygripz.com\/wp-content\/uploads\/2020\/10\/grippygripz-final-01.jpg","contentUrl":"https:\/\/grippygripz.com\/wp-content\/uploads\/2020\/10\/grippygripz-final-01.jpg","width":1485,"height":865,"caption":"GrippyGripz"},"image":{"@id":"https:\/\/grippygripz.com\/es\/#\/schema\/logo\/image\/"},"sameAs":["https:\/\/www.facebook.com\/pages\/category\/Product-Service\/Vespadelarse-1915274088539804\/","https:\/\/www.instagram.com\/grippygripz.se\/"]}]}},"_links":{"self":[{"href":"https:\/\/grippygripz.com\/es\/wp-json\/wp\/v2\/pages\/45745","targetHints":{"allow":["GET"]}}],"collection":[{"href":"https:\/\/grippygripz.com\/es\/wp-json\/wp\/v2\/pages"}],"about":[{"href":"https:\/\/grippygripz.com\/es\/wp-json\/wp\/v2\/types\/page"}],"author":[{"embeddable":true,"href":"https:\/\/grippygripz.com\/es\/wp-json\/wp\/v2\/users\/1"}],"replies":[{"embeddable":true,"href":"https:\/\/grippygripz.com\/es\/wp-json\/wp\/v2\/comments?post=45745"}],"version-history":[{"count":2,"href":"https:\/\/grippygripz.com\/es\/wp-json\/wp\/v2\/pages\/45745\/revisions"}],"predecessor-version":[{"id":59050,"href":"https:\/\/grippygripz.com\/es\/wp-json\/wp\/v2\/pages\/45745\/revisions\/59050"}],"wp:attachment":[{"href":"https:\/\/grippygripz.com\/es\/wp-json\/wp\/v2\/media?parent=45745"}],"curies":[{"name":"wp","href":"https:\/\/api.w.org\/{rel}","templated":true}]}}