{"id":57114,"date":"2023-04-11T21:21:34","date_gmt":"2023-04-11T19:21:34","guid":{"rendered":"https:\/\/grippygripz.com\/?post_type=product&#038;p=57114"},"modified":"2026-04-02T04:13:49","modified_gmt":"2026-04-02T02:13:49","slug":"grebgel-gym-maxi","status":"publish","type":"product","link":"https:\/\/grippygripz.com\/da\/grebgel-gym-maxi\/","title":{"rendered":"GREBGEL &#8211; GYM MAXI"},"content":{"rendered":"<p>GrippyGripz Gym <strong>MAXI<\/strong> forbedrer dit greb markant og giver dig bedre resultater. Udover at give dig et bedre greb n\u00e5r du tr\u00e6ner, s\u00e5 har vores produkt anti sved effekt som holder l\u00e6nge. <strong>Den er endda antibakteriel.<\/strong><\/p>\n<p>Tiderne med st\u00f8vende kalk, irriterende straks og h\u00e5ndkl\u00e6der for at modvirke svedig h\u00e6nder er ovre. Vi har givet vores Grebsforbedrende gel den helt rigtige kl\u00e6brighed uden at g\u00e5 p\u00e5 kompromis med muligheden for at vride h\u00e6nderne. <strong>Bedre greb &#8211; Bedre Resultater.<\/strong><\/p>\n","protected":false},"excerpt":{"rendered":"<p><strong>Bedre greb giver bedre resultater<\/strong> n\u00e5r du tr\u00e6ner. Det ved vi. Og vi har f\u00e5et hj\u00e6lp af eksperter ti at udvikle en unik variant af <strong>flydende magnesium<\/strong>. Vores flydende kalk\/magnesium er et produkt der leverer det andre ikke g\u00f8r. Med <strong>GrippyGripz GripGel GYM<\/strong> f\u00e5r du markant \u00f8get grebsstyrke. I samarbejde med SportScience.se har vi testet produktet og skabt et unikt produkt som holder dine h\u00e6nder t\u00f8rre og giver dig perfekt greb. Vi lover dig et bedre greb end du f\u00e5r med andre typer flydende kalk. Du vil m\u00e6rke forskellen og f\u00e5 bedre resultater. Musklerne reagerer <strong>bedre med et bedre greb<\/strong>.<\/p>\n<h4>Developed in<br \/>\n<img loading=\"lazy\" decoding=\"async\" class=\"size-full wp-image-40877 alignleft\" src=\"https:\/\/grippygripz.com\/wp-content\/uploads\/2020\/10\/1200px-Sweden_flag_orb_icon.svg-e1603291360560.png\" alt=\"\" width=\"100\" height=\"100\" \/><\/h4>\n","protected":false},"featured_media":57126,"comment_status":"open","ping_status":"closed","template":"","meta":{"_acf_changed":false},"product_brand":[],"product_cat":[6170],"product_tag":[6172,6174,6173,6175],"class_list":{"0":"post-57114","1":"product","2":"type-product","3":"status-publish","4":"has-post-thumbnail","6":"product_cat-grebgel","7":"product_tag-greb-improver","8":"product_tag-grebgel-da","9":"product_tag-grebgel","10":"product_tag-grebsvaeske","11":"product_shipping_class-standard-da","13":"first","14":"instock","15":"taxable","16":"shipping-taxable","17":"purchasable","18":"product-type-simple"},"acf":[],"yoast_head":"<!-- This site is optimized with the Yoast SEO plugin v27.4 - https:\/\/yoast.com\/product\/yoast-seo-wordpress\/ -->\n<title>GREBGEL - GYM MAXI - GrippyGripz - Your Grip. Just Better<\/title>\n<meta name=\"description\" content=\"GREBGEL - GYM MAXI fra GrippyGripz. F\u00e5 et bedre greb. Unikt flydende magnesium for bedre greb og antisved. Udviklet i Sverige - Brugt over hele verden - Hurtige leverancer\" \/>\n<meta name=\"robots\" content=\"index, follow, max-snippet:-1, max-image-preview:large, max-video-preview:-1\" \/>\n<link rel=\"canonical\" href=\"https:\/\/grippygripz.com\/da\/grebgel-gym-maxi\/\" \/>\n<meta property=\"og:locale\" content=\"da_DK\" \/>\n<meta property=\"og:type\" content=\"article\" \/>\n<meta property=\"og:title\" content=\"GREBGEL - GYM MAXI - GrippyGripz - Your Grip. Just Better\" \/>\n<meta property=\"og:description\" content=\"GREBGEL - GYM MAXI fra GrippyGripz. F\u00e5 et bedre greb. Unikt flydende magnesium for bedre greb og antisved. Udviklet i Sverige - Brugt over hele verden - Hurtige leverancer\" \/>\n<meta property=\"og:url\" content=\"https:\/\/grippygripz.com\/da\/grebgel-gym-maxi\/\" \/>\n<meta property=\"og:site_name\" content=\"GrippyGripz\" \/>\n<meta property=\"article:publisher\" content=\"https:\/\/www.facebook.com\/pages\/category\/Product-Service\/Vespadelarse-1915274088539804\/\" \/>\n<meta property=\"article:modified_time\" content=\"2026-04-02T02:13:49+00:00\" \/>\n<meta property=\"og:image\" content=\"https:\/\/grippygripz.com\/wp-content\/uploads\/2023\/04\/GrippyGripz-100-ml-GYM-Front.png\" \/>\n\t<meta property=\"og:image:width\" content=\"300\" \/>\n\t<meta property=\"og:image:height\" content=\"300\" \/>\n\t<meta property=\"og:image:type\" content=\"image\/png\" \/>\n<meta name=\"twitter:card\" content=\"summary_large_image\" \/>\n<script type=\"application\/ld+json\" class=\"yoast-schema-graph\">{\"@context\":\"https:\\\/\\\/schema.org\",\"@graph\":[{\"@type\":\"WebPage\",\"@id\":\"https:\\\/\\\/grippygripz.com\\\/da\\\/grebgel-gym-maxi\\\/\",\"url\":\"https:\\\/\\\/grippygripz.com\\\/da\\\/grebgel-gym-maxi\\\/\",\"name\":\"GREBGEL - GYM MAXI - GrippyGripz - Your Grip. Just Better\",\"isPartOf\":{\"@id\":\"https:\\\/\\\/grippygripz.com\\\/da\\\/#website\"},\"primaryImageOfPage\":{\"@id\":\"https:\\\/\\\/grippygripz.com\\\/da\\\/grebgel-gym-maxi\\\/#primaryimage\"},\"image\":{\"@id\":\"https:\\\/\\\/grippygripz.com\\\/da\\\/grebgel-gym-maxi\\\/#primaryimage\"},\"thumbnailUrl\":\"https:\\\/\\\/grippygripz.com\\\/wp-content\\\/uploads\\\/2023\\\/04\\\/GrippyGripz-100-ml-GYM-Front.png\",\"datePublished\":\"2023-04-11T19:21:34+00:00\",\"dateModified\":\"2026-04-02T02:13:49+00:00\",\"description\":\"GREBGEL - GYM MAXI fra GrippyGripz. F\u00e5 et bedre greb. Unikt flydende magnesium for bedre greb og antisved. Udviklet i Sverige - Brugt over hele verden - Hurtige leverancer\",\"breadcrumb\":{\"@id\":\"https:\\\/\\\/grippygripz.com\\\/da\\\/grebgel-gym-maxi\\\/#breadcrumb\"},\"inLanguage\":\"da-DK\",\"potentialAction\":[{\"@type\":\"ReadAction\",\"target\":[\"https:\\\/\\\/grippygripz.com\\\/da\\\/grebgel-gym-maxi\\\/\"]}]},{\"@type\":\"ImageObject\",\"inLanguage\":\"da-DK\",\"@id\":\"https:\\\/\\\/grippygripz.com\\\/da\\\/grebgel-gym-maxi\\\/#primaryimage\",\"url\":\"https:\\\/\\\/grippygripz.com\\\/wp-content\\\/uploads\\\/2023\\\/04\\\/GrippyGripz-100-ml-GYM-Front.png\",\"contentUrl\":\"https:\\\/\\\/grippygripz.com\\\/wp-content\\\/uploads\\\/2023\\\/04\\\/GrippyGripz-100-ml-GYM-Front.png\",\"width\":300,\"height\":300,\"caption\":\"unik variant af flydende magnesium\"},{\"@type\":\"BreadcrumbList\",\"@id\":\"https:\\\/\\\/grippygripz.com\\\/da\\\/grebgel-gym-maxi\\\/#breadcrumb\",\"itemListElement\":[{\"@type\":\"ListItem\",\"position\":1,\"name\":\"Home\",\"item\":\"https:\\\/\\\/grippygripz.com\\\/da\\\/\"},{\"@type\":\"ListItem\",\"position\":2,\"name\":\"Butik\",\"item\":\"https:\\\/\\\/grippygripz.com\\\/da\\\/butik\\\/\"},{\"@type\":\"ListItem\",\"position\":3,\"name\":\"GREBGEL &#8211; GYM MAXI\"}]},{\"@type\":\"WebSite\",\"@id\":\"https:\\\/\\\/grippygripz.com\\\/da\\\/#website\",\"url\":\"https:\\\/\\\/grippygripz.com\\\/da\\\/\",\"name\":\"GrippyGripz\",\"description\":\"The winning GRIP\",\"publisher\":{\"@id\":\"https:\\\/\\\/grippygripz.com\\\/da\\\/#organization\"},\"potentialAction\":[{\"@type\":\"SearchAction\",\"target\":{\"@type\":\"EntryPoint\",\"urlTemplate\":\"https:\\\/\\\/grippygripz.com\\\/da\\\/?s={search_term_string}\"},\"query-input\":{\"@type\":\"PropertyValueSpecification\",\"valueRequired\":true,\"valueName\":\"search_term_string\"}}],\"inLanguage\":\"da-DK\"},{\"@type\":\"Organization\",\"@id\":\"https:\\\/\\\/grippygripz.com\\\/da\\\/#organization\",\"name\":\"GrippyGripz\",\"url\":\"https:\\\/\\\/grippygripz.com\\\/da\\\/\",\"logo\":{\"@type\":\"ImageObject\",\"inLanguage\":\"da-DK\",\"@id\":\"https:\\\/\\\/grippygripz.com\\\/da\\\/#\\\/schema\\\/logo\\\/image\\\/\",\"url\":\"https:\\\/\\\/grippygripz.com\\\/wp-content\\\/uploads\\\/2020\\\/10\\\/grippygripz-final-01.jpg\",\"contentUrl\":\"https:\\\/\\\/grippygripz.com\\\/wp-content\\\/uploads\\\/2020\\\/10\\\/grippygripz-final-01.jpg\",\"width\":1485,\"height\":865,\"caption\":\"GrippyGripz\"},\"image\":{\"@id\":\"https:\\\/\\\/grippygripz.com\\\/da\\\/#\\\/schema\\\/logo\\\/image\\\/\"},\"sameAs\":[\"https:\\\/\\\/www.facebook.com\\\/pages\\\/category\\\/Product-Service\\\/Vespadelarse-1915274088539804\\\/\",\"https:\\\/\\\/www.instagram.com\\\/grippygripz.se\\\/\"]}]}<\/script>\n<!-- \/ Yoast SEO plugin. -->","yoast_head_json":{"title":"GREBGEL - GYM MAXI - GrippyGripz - Your Grip. Just Better","description":"GREBGEL - GYM MAXI fra GrippyGripz. F\u00e5 et bedre greb. Unikt flydende magnesium for bedre greb og antisved. Udviklet i Sverige - Brugt over hele verden - Hurtige leverancer","robots":{"index":"index","follow":"follow","max-snippet":"max-snippet:-1","max-image-preview":"max-image-preview:large","max-video-preview":"max-video-preview:-1"},"canonical":"https:\/\/grippygripz.com\/da\/grebgel-gym-maxi\/","og_locale":"da_DK","og_type":"article","og_title":"GREBGEL - GYM MAXI - GrippyGripz - Your Grip. Just Better","og_description":"GREBGEL - GYM MAXI fra GrippyGripz. F\u00e5 et bedre greb. Unikt flydende magnesium for bedre greb og antisved. Udviklet i Sverige - Brugt over hele verden - Hurtige leverancer","og_url":"https:\/\/grippygripz.com\/da\/grebgel-gym-maxi\/","og_site_name":"GrippyGripz","article_publisher":"https:\/\/www.facebook.com\/pages\/category\/Product-Service\/Vespadelarse-1915274088539804\/","article_modified_time":"2026-04-02T02:13:49+00:00","og_image":[{"width":300,"height":300,"url":"https:\/\/grippygripz.com\/wp-content\/uploads\/2023\/04\/GrippyGripz-100-ml-GYM-Front.png","type":"image\/png"}],"twitter_card":"summary_large_image","schema":{"@context":"https:\/\/schema.org","@graph":[{"@type":"WebPage","@id":"https:\/\/grippygripz.com\/da\/grebgel-gym-maxi\/","url":"https:\/\/grippygripz.com\/da\/grebgel-gym-maxi\/","name":"GREBGEL - GYM MAXI - GrippyGripz - Your Grip. Just Better","isPartOf":{"@id":"https:\/\/grippygripz.com\/da\/#website"},"primaryImageOfPage":{"@id":"https:\/\/grippygripz.com\/da\/grebgel-gym-maxi\/#primaryimage"},"image":{"@id":"https:\/\/grippygripz.com\/da\/grebgel-gym-maxi\/#primaryimage"},"thumbnailUrl":"https:\/\/grippygripz.com\/wp-content\/uploads\/2023\/04\/GrippyGripz-100-ml-GYM-Front.png","datePublished":"2023-04-11T19:21:34+00:00","dateModified":"2026-04-02T02:13:49+00:00","description":"GREBGEL - GYM MAXI fra GrippyGripz. F\u00e5 et bedre greb. Unikt flydende magnesium for bedre greb og antisved. Udviklet i Sverige - Brugt over hele verden - Hurtige leverancer","breadcrumb":{"@id":"https:\/\/grippygripz.com\/da\/grebgel-gym-maxi\/#breadcrumb"},"inLanguage":"da-DK","potentialAction":[{"@type":"ReadAction","target":["https:\/\/grippygripz.com\/da\/grebgel-gym-maxi\/"]}]},{"@type":"ImageObject","inLanguage":"da-DK","@id":"https:\/\/grippygripz.com\/da\/grebgel-gym-maxi\/#primaryimage","url":"https:\/\/grippygripz.com\/wp-content\/uploads\/2023\/04\/GrippyGripz-100-ml-GYM-Front.png","contentUrl":"https:\/\/grippygripz.com\/wp-content\/uploads\/2023\/04\/GrippyGripz-100-ml-GYM-Front.png","width":300,"height":300,"caption":"unik variant af flydende magnesium"},{"@type":"BreadcrumbList","@id":"https:\/\/grippygripz.com\/da\/grebgel-gym-maxi\/#breadcrumb","itemListElement":[{"@type":"ListItem","position":1,"name":"Home","item":"https:\/\/grippygripz.com\/da\/"},{"@type":"ListItem","position":2,"name":"Butik","item":"https:\/\/grippygripz.com\/da\/butik\/"},{"@type":"ListItem","position":3,"name":"GREBGEL &#8211; GYM MAXI"}]},{"@type":"WebSite","@id":"https:\/\/grippygripz.com\/da\/#website","url":"https:\/\/grippygripz.com\/da\/","name":"GrippyGripz","description":"The winning GRIP","publisher":{"@id":"https:\/\/grippygripz.com\/da\/#organization"},"potentialAction":[{"@type":"SearchAction","target":{"@type":"EntryPoint","urlTemplate":"https:\/\/grippygripz.com\/da\/?s={search_term_string}"},"query-input":{"@type":"PropertyValueSpecification","valueRequired":true,"valueName":"search_term_string"}}],"inLanguage":"da-DK"},{"@type":"Organization","@id":"https:\/\/grippygripz.com\/da\/#organization","name":"GrippyGripz","url":"https:\/\/grippygripz.com\/da\/","logo":{"@type":"ImageObject","inLanguage":"da-DK","@id":"https:\/\/grippygripz.com\/da\/#\/schema\/logo\/image\/","url":"https:\/\/grippygripz.com\/wp-content\/uploads\/2020\/10\/grippygripz-final-01.jpg","contentUrl":"https:\/\/grippygripz.com\/wp-content\/uploads\/2020\/10\/grippygripz-final-01.jpg","width":1485,"height":865,"caption":"GrippyGripz"},"image":{"@id":"https:\/\/grippygripz.com\/da\/#\/schema\/logo\/image\/"},"sameAs":["https:\/\/www.facebook.com\/pages\/category\/Product-Service\/Vespadelarse-1915274088539804\/","https:\/\/www.instagram.com\/grippygripz.se\/"]}]}},"_links":{"self":[{"href":"https:\/\/grippygripz.com\/da\/wp-json\/wp\/v2\/product\/57114","targetHints":{"allow":["GET"]}}],"collection":[{"href":"https:\/\/grippygripz.com\/da\/wp-json\/wp\/v2\/product"}],"about":[{"href":"https:\/\/grippygripz.com\/da\/wp-json\/wp\/v2\/types\/product"}],"replies":[{"embeddable":true,"href":"https:\/\/grippygripz.com\/da\/wp-json\/wp\/v2\/comments?post=57114"}],"wp:featuredmedia":[{"embeddable":true,"href":"https:\/\/grippygripz.com\/da\/wp-json\/wp\/v2\/media\/57126"}],"wp:attachment":[{"href":"https:\/\/grippygripz.com\/da\/wp-json\/wp\/v2\/media?parent=57114"}],"wp:term":[{"taxonomy":"product_brand","embeddable":true,"href":"https:\/\/grippygripz.com\/da\/wp-json\/wp\/v2\/product_brand?post=57114"},{"taxonomy":"product_cat","embeddable":true,"href":"https:\/\/grippygripz.com\/da\/wp-json\/wp\/v2\/product_cat?post=57114"},{"taxonomy":"product_tag","embeddable":true,"href":"https:\/\/grippygripz.com\/da\/wp-json\/wp\/v2\/product_tag?post=57114"}],"curies":[{"name":"wp","href":"https:\/\/api.w.org\/{rel}","templated":true}]}}