{"id":46750,"date":"2021-05-13T21:07:08","date_gmt":"2021-05-13T19:07:08","guid":{"rendered":"https:\/\/grippygripz.com\/?post_type=product&#038;p=46750"},"modified":"2026-04-06T04:16:22","modified_gmt":"2026-04-06T02:16:22","slug":"grebgel-padel-less-sticky","status":"publish","type":"product","link":"https:\/\/grippygripz.com\/da\/grebgel-padel-less-sticky\/","title":{"rendered":"GREBGEL &#8211; Padel &#8211; Less Sticky"},"content":{"rendered":"<p>GrippyGripz giver dig et <strong>bedre greb i PADEL<\/strong>. Med en specielt udviklet gel, du sm\u00f8rer i h\u00e5ndfladerne, f\u00e5r du <strong>perfekt greb<\/strong>. Med vores Grip Improver til PADEL slipper du for fedtede h\u00e5ndkl\u00e6der og skifte grip tape hele tiden. Du f\u00e5r bedre greb p\u00e5 ketcheren hver gang du \u00f8nsker. Det er en gamechanger. D\u00f8jer du med svedige h\u00e5ndflader? Godt! Kalken i produktet suger sveder til sig og giver dig et endnu bedre greb. Vi har givet det det helt rigtige m\u00e6ngde kl\u00e6brighed, s\u00e5 du stadig nemt kan skifte greb n\u00e5r du \u00f8nsker. Desuden er den anti-bakteriel, pletter ikke, st\u00f8ver ikke og er let at vaske af. Flasken r\u00e6kker l\u00e6nge og er lavet af 100% genbrugsplast. Leveres direkte i postkassen. <strong>Your Grip \u2013 Just Better.<\/strong><\/p>\n","protected":false},"excerpt":{"rendered":"<p><strong>Bedre greb<\/strong> betyder <strong>bedre resultater<\/strong> n\u00e5r du spiller <strong>PADEL<\/strong>. Det ved vi, fordi vi selv spiller dagligt. Derfor allierede vi os med eksperter for at udvikle en gel som giver bedre greb. Vi ved ogs\u00e5 at det er tr\u00e6ttende og dyrt hele tiden at skifte grebstape, da det hurtigt bliver slidt. Vores produkt skiller sig ud fra andre lignende produkter. Med <strong>GrippyGripz GripGel til PADEL<\/strong> f\u00e5r du \u00f8get grebsstyrke og holder samtidig sveden borte. I samarbejde med SportScience i Sverige , mange tests og hj\u00e6lp fra en masse Padel spillere har vi skabt et unikt produkt der holder dine h\u00e6nder t\u00f8rre og giver et perfekt greb. <strong>M\u00e6rk forskellen \u2013 Se resultaterne.<\/strong><\/p>\n","protected":false},"featured_media":46754,"comment_status":"open","ping_status":"closed","template":"","meta":{"_acf_changed":false},"product_brand":[],"product_cat":[6169,6170],"product_tag":[6174],"class_list":{"0":"post-46750","1":"product","2":"type-product","3":"status-publish","4":"has-post-thumbnail","6":"product_cat-favoriter-da","7":"product_cat-grebgel","8":"product_tag-grebgel-da","10":"first","11":"instock","12":"taxable","13":"shipping-taxable","14":"purchasable","15":"product-type-variable"},"acf":[],"yoast_head":"<!-- This site is optimized with the Yoast SEO plugin v27.4 - https:\/\/yoast.com\/product\/yoast-seo-wordpress\/ -->\n<title>GREBGEL - Padel - Less Sticky - GrippyGripz - Bedre Greb Padel<\/title>\n<meta name=\"description\" content=\"GREBGEL - Padel - Less Sticky. PERFEKT GREB som HOLDER L\u00c6NGE og er ANTI SVE. Unik formular udviklet i Sverige\" \/>\n<meta name=\"robots\" content=\"index, follow, max-snippet:-1, max-image-preview:large, max-video-preview:-1\" \/>\n<link rel=\"canonical\" href=\"https:\/\/grippygripz.com\/da\/grebgel-padel-less-sticky\/\" \/>\n<meta property=\"og:locale\" content=\"da_DK\" \/>\n<meta property=\"og:type\" content=\"article\" \/>\n<meta property=\"og:title\" content=\"GREBGEL - Padel - Less Sticky - GrippyGripz - Bedre Greb Padel\" \/>\n<meta property=\"og:description\" content=\"GREBGEL - Padel - Less Sticky. PERFEKT GREB som HOLDER L\u00c6NGE og er ANTI SVE. Unik formular udviklet i Sverige\" \/>\n<meta property=\"og:url\" content=\"https:\/\/grippygripz.com\/da\/grebgel-padel-less-sticky\/\" \/>\n<meta property=\"og:site_name\" content=\"GrippyGripz\" \/>\n<meta property=\"article:publisher\" content=\"https:\/\/www.facebook.com\/pages\/category\/Product-Service\/Vespadelarse-1915274088539804\/\" \/>\n<meta property=\"article:modified_time\" content=\"2026-04-06T02:16:22+00:00\" \/>\n<meta property=\"og:image\" content=\"https:\/\/grippygripz.com\/wp-content\/uploads\/2021\/05\/padel-grip-less-sticky.png\" \/>\n\t<meta property=\"og:image:width\" content=\"800\" \/>\n\t<meta property=\"og:image:height\" content=\"800\" \/>\n\t<meta property=\"og:image:type\" content=\"image\/png\" \/>\n<meta name=\"twitter:card\" content=\"summary_large_image\" \/>\n<meta name=\"twitter:label1\" content=\"Est. reading time\" \/>\n\t<meta name=\"twitter:data1\" content=\"1 minute\" \/>\n<script type=\"application\/ld+json\" class=\"yoast-schema-graph\">{\"@context\":\"https:\\\/\\\/schema.org\",\"@graph\":[{\"@type\":\"WebPage\",\"@id\":\"https:\\\/\\\/grippygripz.com\\\/da\\\/grebgel-padel-less-sticky\\\/\",\"url\":\"https:\\\/\\\/grippygripz.com\\\/da\\\/grebgel-padel-less-sticky\\\/\",\"name\":\"GREBGEL - Padel - Less Sticky - GrippyGripz - Bedre Greb Padel\",\"isPartOf\":{\"@id\":\"https:\\\/\\\/grippygripz.com\\\/da\\\/#website\"},\"primaryImageOfPage\":{\"@id\":\"https:\\\/\\\/grippygripz.com\\\/da\\\/grebgel-padel-less-sticky\\\/#primaryimage\"},\"image\":{\"@id\":\"https:\\\/\\\/grippygripz.com\\\/da\\\/grebgel-padel-less-sticky\\\/#primaryimage\"},\"thumbnailUrl\":\"https:\\\/\\\/grippygripz.com\\\/wp-content\\\/uploads\\\/2021\\\/05\\\/padel-grip-less-sticky.png\",\"datePublished\":\"2021-05-13T19:07:08+00:00\",\"dateModified\":\"2026-04-06T02:16:22+00:00\",\"description\":\"GREBGEL - Padel - Less Sticky. PERFEKT GREB som HOLDER L\u00c6NGE og er ANTI SVE. Unik formular udviklet i Sverige\",\"breadcrumb\":{\"@id\":\"https:\\\/\\\/grippygripz.com\\\/da\\\/grebgel-padel-less-sticky\\\/#breadcrumb\"},\"inLanguage\":\"da-DK\",\"potentialAction\":[{\"@type\":\"ReadAction\",\"target\":[\"https:\\\/\\\/grippygripz.com\\\/da\\\/grebgel-padel-less-sticky\\\/\"]}]},{\"@type\":\"ImageObject\",\"inLanguage\":\"da-DK\",\"@id\":\"https:\\\/\\\/grippygripz.com\\\/da\\\/grebgel-padel-less-sticky\\\/#primaryimage\",\"url\":\"https:\\\/\\\/grippygripz.com\\\/wp-content\\\/uploads\\\/2021\\\/05\\\/padel-grip-less-sticky.png\",\"contentUrl\":\"https:\\\/\\\/grippygripz.com\\\/wp-content\\\/uploads\\\/2021\\\/05\\\/padel-grip-less-sticky.png\",\"width\":800,\"height\":800,\"caption\":\"Padel Grebgel Magnesium bedre greb\"},{\"@type\":\"BreadcrumbList\",\"@id\":\"https:\\\/\\\/grippygripz.com\\\/da\\\/grebgel-padel-less-sticky\\\/#breadcrumb\",\"itemListElement\":[{\"@type\":\"ListItem\",\"position\":1,\"name\":\"Home\",\"item\":\"https:\\\/\\\/grippygripz.com\\\/da\\\/\"},{\"@type\":\"ListItem\",\"position\":2,\"name\":\"Butik\",\"item\":\"https:\\\/\\\/grippygripz.com\\\/da\\\/butik\\\/\"},{\"@type\":\"ListItem\",\"position\":3,\"name\":\"GREBGEL &#8211; Padel &#8211; Less Sticky\"}]},{\"@type\":\"WebSite\",\"@id\":\"https:\\\/\\\/grippygripz.com\\\/da\\\/#website\",\"url\":\"https:\\\/\\\/grippygripz.com\\\/da\\\/\",\"name\":\"GrippyGripz\",\"description\":\"The winning GRIP\",\"publisher\":{\"@id\":\"https:\\\/\\\/grippygripz.com\\\/da\\\/#organization\"},\"potentialAction\":[{\"@type\":\"SearchAction\",\"target\":{\"@type\":\"EntryPoint\",\"urlTemplate\":\"https:\\\/\\\/grippygripz.com\\\/da\\\/?s={search_term_string}\"},\"query-input\":{\"@type\":\"PropertyValueSpecification\",\"valueRequired\":true,\"valueName\":\"search_term_string\"}}],\"inLanguage\":\"da-DK\"},{\"@type\":\"Organization\",\"@id\":\"https:\\\/\\\/grippygripz.com\\\/da\\\/#organization\",\"name\":\"GrippyGripz\",\"url\":\"https:\\\/\\\/grippygripz.com\\\/da\\\/\",\"logo\":{\"@type\":\"ImageObject\",\"inLanguage\":\"da-DK\",\"@id\":\"https:\\\/\\\/grippygripz.com\\\/da\\\/#\\\/schema\\\/logo\\\/image\\\/\",\"url\":\"https:\\\/\\\/grippygripz.com\\\/wp-content\\\/uploads\\\/2020\\\/10\\\/grippygripz-final-01.jpg\",\"contentUrl\":\"https:\\\/\\\/grippygripz.com\\\/wp-content\\\/uploads\\\/2020\\\/10\\\/grippygripz-final-01.jpg\",\"width\":1485,\"height\":865,\"caption\":\"GrippyGripz\"},\"image\":{\"@id\":\"https:\\\/\\\/grippygripz.com\\\/da\\\/#\\\/schema\\\/logo\\\/image\\\/\"},\"sameAs\":[\"https:\\\/\\\/www.facebook.com\\\/pages\\\/category\\\/Product-Service\\\/Vespadelarse-1915274088539804\\\/\",\"https:\\\/\\\/www.instagram.com\\\/grippygripz.se\\\/\"]}]}<\/script>\n<!-- \/ Yoast SEO plugin. -->","yoast_head_json":{"title":"GREBGEL - Padel - Less Sticky - GrippyGripz - Bedre Greb Padel","description":"GREBGEL - Padel - Less Sticky. PERFEKT GREB som HOLDER L\u00c6NGE og er ANTI SVE. Unik formular udviklet i Sverige","robots":{"index":"index","follow":"follow","max-snippet":"max-snippet:-1","max-image-preview":"max-image-preview:large","max-video-preview":"max-video-preview:-1"},"canonical":"https:\/\/grippygripz.com\/da\/grebgel-padel-less-sticky\/","og_locale":"da_DK","og_type":"article","og_title":"GREBGEL - Padel - Less Sticky - GrippyGripz - Bedre Greb Padel","og_description":"GREBGEL - Padel - Less Sticky. PERFEKT GREB som HOLDER L\u00c6NGE og er ANTI SVE. Unik formular udviklet i Sverige","og_url":"https:\/\/grippygripz.com\/da\/grebgel-padel-less-sticky\/","og_site_name":"GrippyGripz","article_publisher":"https:\/\/www.facebook.com\/pages\/category\/Product-Service\/Vespadelarse-1915274088539804\/","article_modified_time":"2026-04-06T02:16:22+00:00","og_image":[{"width":800,"height":800,"url":"https:\/\/grippygripz.com\/wp-content\/uploads\/2021\/05\/padel-grip-less-sticky.png","type":"image\/png"}],"twitter_card":"summary_large_image","twitter_misc":{"Est. reading time":"1 minute"},"schema":{"@context":"https:\/\/schema.org","@graph":[{"@type":"WebPage","@id":"https:\/\/grippygripz.com\/da\/grebgel-padel-less-sticky\/","url":"https:\/\/grippygripz.com\/da\/grebgel-padel-less-sticky\/","name":"GREBGEL - Padel - Less Sticky - GrippyGripz - Bedre Greb Padel","isPartOf":{"@id":"https:\/\/grippygripz.com\/da\/#website"},"primaryImageOfPage":{"@id":"https:\/\/grippygripz.com\/da\/grebgel-padel-less-sticky\/#primaryimage"},"image":{"@id":"https:\/\/grippygripz.com\/da\/grebgel-padel-less-sticky\/#primaryimage"},"thumbnailUrl":"https:\/\/grippygripz.com\/wp-content\/uploads\/2021\/05\/padel-grip-less-sticky.png","datePublished":"2021-05-13T19:07:08+00:00","dateModified":"2026-04-06T02:16:22+00:00","description":"GREBGEL - Padel - Less Sticky. PERFEKT GREB som HOLDER L\u00c6NGE og er ANTI SVE. Unik formular udviklet i Sverige","breadcrumb":{"@id":"https:\/\/grippygripz.com\/da\/grebgel-padel-less-sticky\/#breadcrumb"},"inLanguage":"da-DK","potentialAction":[{"@type":"ReadAction","target":["https:\/\/grippygripz.com\/da\/grebgel-padel-less-sticky\/"]}]},{"@type":"ImageObject","inLanguage":"da-DK","@id":"https:\/\/grippygripz.com\/da\/grebgel-padel-less-sticky\/#primaryimage","url":"https:\/\/grippygripz.com\/wp-content\/uploads\/2021\/05\/padel-grip-less-sticky.png","contentUrl":"https:\/\/grippygripz.com\/wp-content\/uploads\/2021\/05\/padel-grip-less-sticky.png","width":800,"height":800,"caption":"Padel Grebgel Magnesium bedre greb"},{"@type":"BreadcrumbList","@id":"https:\/\/grippygripz.com\/da\/grebgel-padel-less-sticky\/#breadcrumb","itemListElement":[{"@type":"ListItem","position":1,"name":"Home","item":"https:\/\/grippygripz.com\/da\/"},{"@type":"ListItem","position":2,"name":"Butik","item":"https:\/\/grippygripz.com\/da\/butik\/"},{"@type":"ListItem","position":3,"name":"GREBGEL &#8211; Padel &#8211; Less Sticky"}]},{"@type":"WebSite","@id":"https:\/\/grippygripz.com\/da\/#website","url":"https:\/\/grippygripz.com\/da\/","name":"GrippyGripz","description":"The winning GRIP","publisher":{"@id":"https:\/\/grippygripz.com\/da\/#organization"},"potentialAction":[{"@type":"SearchAction","target":{"@type":"EntryPoint","urlTemplate":"https:\/\/grippygripz.com\/da\/?s={search_term_string}"},"query-input":{"@type":"PropertyValueSpecification","valueRequired":true,"valueName":"search_term_string"}}],"inLanguage":"da-DK"},{"@type":"Organization","@id":"https:\/\/grippygripz.com\/da\/#organization","name":"GrippyGripz","url":"https:\/\/grippygripz.com\/da\/","logo":{"@type":"ImageObject","inLanguage":"da-DK","@id":"https:\/\/grippygripz.com\/da\/#\/schema\/logo\/image\/","url":"https:\/\/grippygripz.com\/wp-content\/uploads\/2020\/10\/grippygripz-final-01.jpg","contentUrl":"https:\/\/grippygripz.com\/wp-content\/uploads\/2020\/10\/grippygripz-final-01.jpg","width":1485,"height":865,"caption":"GrippyGripz"},"image":{"@id":"https:\/\/grippygripz.com\/da\/#\/schema\/logo\/image\/"},"sameAs":["https:\/\/www.facebook.com\/pages\/category\/Product-Service\/Vespadelarse-1915274088539804\/","https:\/\/www.instagram.com\/grippygripz.se\/"]}]}},"_links":{"self":[{"href":"https:\/\/grippygripz.com\/da\/wp-json\/wp\/v2\/product\/46750","targetHints":{"allow":["GET"]}}],"collection":[{"href":"https:\/\/grippygripz.com\/da\/wp-json\/wp\/v2\/product"}],"about":[{"href":"https:\/\/grippygripz.com\/da\/wp-json\/wp\/v2\/types\/product"}],"replies":[{"embeddable":true,"href":"https:\/\/grippygripz.com\/da\/wp-json\/wp\/v2\/comments?post=46750"}],"wp:featuredmedia":[{"embeddable":true,"href":"https:\/\/grippygripz.com\/da\/wp-json\/wp\/v2\/media\/46754"}],"wp:attachment":[{"href":"https:\/\/grippygripz.com\/da\/wp-json\/wp\/v2\/media?parent=46750"}],"wp:term":[{"taxonomy":"product_brand","embeddable":true,"href":"https:\/\/grippygripz.com\/da\/wp-json\/wp\/v2\/product_brand?post=46750"},{"taxonomy":"product_cat","embeddable":true,"href":"https:\/\/grippygripz.com\/da\/wp-json\/wp\/v2\/product_cat?post=46750"},{"taxonomy":"product_tag","embeddable":true,"href":"https:\/\/grippygripz.com\/da\/wp-json\/wp\/v2\/product_tag?post=46750"}],"curies":[{"name":"wp","href":"https:\/\/api.w.org\/{rel}","templated":true}]}}