{"id":43723,"date":"2020-10-30T16:44:26","date_gmt":"2020-10-30T15:44:26","guid":{"rendered":"https:\/\/grippygripz.com\/Ikke%20kategoriseret\/43723\/"},"modified":"2025-12-28T20:18:29","modified_gmt":"2025-12-28T19:18:29","slug":"rammebeskytter-padel-grippygripz","status":"publish","type":"product","link":"https:\/\/grippygripz.com\/da\/rammebeskytter-padel-grippygripz\/","title":{"rendered":"Rammebeskytter &#8211; GrippyGripz"},"content":{"rendered":"<p>Vores 0,30 mm\u00a0<strong>rammebeskytter<\/strong>\u00a0til padelbat mod ridser og revner. Selv en lille revne kan have stor indflydelse p\u00e5 dine ketsjers ydeevne.<\/p>\n<p>To GrippyGripz-logoer og <strong>GRIPPYGRIPZ<\/strong>-tekst i s\u00f8lv i midten. Se instruktioner om, hvordan du let anvender.<\/p>\n","protected":false},"excerpt":{"rendered":"<p>GrippyGripz <strong>rammebeskytter<\/strong> er lavet specielt til <strong>PADEL-bat<\/strong>\u00a0og beskytter din bat mod ridser og m\u00e6rker. En padelketcher er ikke billigt, s\u00e5 s\u00f8rg for at beskytte det med vores padelbeskyttere. Og hvorfor ikke g\u00f8re det med stil? Vi har lavet skr\u00e6ddersyet beskyttelsestape til padelketcher, der\u00a0<strong>skiller sig ud<\/strong>. F\u00e5 folk til at vide, hvad du handler om p\u00e5 banen!<\/p>\n","protected":false},"featured_media":43728,"comment_status":"open","ping_status":"closed","template":"","meta":{"_acf_changed":false},"product_brand":[],"product_cat":[6169,6176],"product_tag":[6177,6179,6178],"class_list":{"0":"post-43723","1":"product","2":"type-product","3":"status-publish","4":"has-post-thumbnail","6":"product_cat-favoriter-da","7":"product_cat-rammebeskytter-padel","8":"product_tag-beskytter","9":"product_tag-rammebeskytte","10":"product_tag-rammebeskyttetape","11":"product_shipping_class-standard-da","13":"first","14":"instock","15":"taxable","16":"shipping-taxable","17":"purchasable","18":"product-type-simple"},"acf":[],"yoast_head":"<!-- This site is optimized with the Yoast SEO plugin v27.4 - https:\/\/yoast.com\/product\/yoast-seo-wordpress\/ -->\n<title>Padel Rammebeskytter til Padelbat- Rammebeskytter - GrippyGripz<\/title>\n<meta name=\"description\" content=\"Rammebeskytter Padel. Den bedste Rammebeskytter. Udvikled i Sverige - Used World wide - Fast Shipping\" \/>\n<meta name=\"robots\" content=\"index, follow, max-snippet:-1, max-image-preview:large, max-video-preview:-1\" \/>\n<link rel=\"canonical\" href=\"https:\/\/grippygripz.com\/da\/rammebeskytter-padel-grippygripz\/\" \/>\n<meta property=\"og:locale\" content=\"da_DK\" \/>\n<meta property=\"og:type\" content=\"article\" \/>\n<meta property=\"og:title\" content=\"Padel Rammebeskytter til Padelbat- Rammebeskytter - GrippyGripz\" \/>\n<meta property=\"og:description\" content=\"Rammebeskytter Padel. Den bedste Rammebeskytter. Udvikled i Sverige - Used World wide - Fast Shipping\" \/>\n<meta property=\"og:url\" content=\"https:\/\/grippygripz.com\/da\/rammebeskytter-padel-grippygripz\/\" \/>\n<meta property=\"og:site_name\" content=\"GrippyGripz\" \/>\n<meta property=\"article:publisher\" content=\"https:\/\/www.facebook.com\/pages\/category\/Product-Service\/Vespadelarse-1915274088539804\/\" \/>\n<meta property=\"article:modified_time\" content=\"2025-12-28T19:18:29+00:00\" \/>\n<meta property=\"og:image\" content=\"https:\/\/grippygripz.com\/wp-content\/uploads\/2020\/10\/grippygripz600x600.png\" \/>\n\t<meta property=\"og:image:width\" content=\"600\" \/>\n\t<meta property=\"og:image:height\" content=\"600\" \/>\n\t<meta property=\"og:image:type\" content=\"image\/png\" \/>\n<meta name=\"twitter:card\" content=\"summary_large_image\" \/>\n<script type=\"application\/ld+json\" class=\"yoast-schema-graph\">{\"@context\":\"https:\\\/\\\/schema.org\",\"@graph\":[{\"@type\":\"WebPage\",\"@id\":\"https:\\\/\\\/grippygripz.com\\\/da\\\/rammebeskytter-padel-grippygripz\\\/\",\"url\":\"https:\\\/\\\/grippygripz.com\\\/da\\\/rammebeskytter-padel-grippygripz\\\/\",\"name\":\"Padel Rammebeskytter til Padelbat- Rammebeskytter - GrippyGripz\",\"isPartOf\":{\"@id\":\"https:\\\/\\\/grippygripz.com\\\/da\\\/#website\"},\"primaryImageOfPage\":{\"@id\":\"https:\\\/\\\/grippygripz.com\\\/da\\\/rammebeskytter-padel-grippygripz\\\/#primaryimage\"},\"image\":{\"@id\":\"https:\\\/\\\/grippygripz.com\\\/da\\\/rammebeskytter-padel-grippygripz\\\/#primaryimage\"},\"thumbnailUrl\":\"https:\\\/\\\/grippygripz.com\\\/wp-content\\\/uploads\\\/2020\\\/10\\\/grippygripz600x600.png\",\"datePublished\":\"2020-10-30T15:44:26+00:00\",\"dateModified\":\"2025-12-28T19:18:29+00:00\",\"description\":\"Rammebeskytter Padel. Den bedste Rammebeskytter. Udvikled i Sverige - Used World wide - Fast Shipping\",\"breadcrumb\":{\"@id\":\"https:\\\/\\\/grippygripz.com\\\/da\\\/rammebeskytter-padel-grippygripz\\\/#breadcrumb\"},\"inLanguage\":\"da-DK\",\"potentialAction\":[{\"@type\":\"ReadAction\",\"target\":[\"https:\\\/\\\/grippygripz.com\\\/da\\\/rammebeskytter-padel-grippygripz\\\/\"]}]},{\"@type\":\"ImageObject\",\"inLanguage\":\"da-DK\",\"@id\":\"https:\\\/\\\/grippygripz.com\\\/da\\\/rammebeskytter-padel-grippygripz\\\/#primaryimage\",\"url\":\"https:\\\/\\\/grippygripz.com\\\/wp-content\\\/uploads\\\/2020\\\/10\\\/grippygripz600x600.png\",\"contentUrl\":\"https:\\\/\\\/grippygripz.com\\\/wp-content\\\/uploads\\\/2020\\\/10\\\/grippygripz600x600.png\",\"width\":600,\"height\":600,\"caption\":\"Den bedste rammebeskytter til padel bat\"},{\"@type\":\"BreadcrumbList\",\"@id\":\"https:\\\/\\\/grippygripz.com\\\/da\\\/rammebeskytter-padel-grippygripz\\\/#breadcrumb\",\"itemListElement\":[{\"@type\":\"ListItem\",\"position\":1,\"name\":\"Home\",\"item\":\"https:\\\/\\\/grippygripz.com\\\/da\\\/\"},{\"@type\":\"ListItem\",\"position\":2,\"name\":\"Butik\",\"item\":\"https:\\\/\\\/grippygripz.com\\\/da\\\/butik\\\/\"},{\"@type\":\"ListItem\",\"position\":3,\"name\":\"Rammebeskytter &#8211; GrippyGripz\"}]},{\"@type\":\"WebSite\",\"@id\":\"https:\\\/\\\/grippygripz.com\\\/da\\\/#website\",\"url\":\"https:\\\/\\\/grippygripz.com\\\/da\\\/\",\"name\":\"GrippyGripz\",\"description\":\"The winning GRIP\",\"publisher\":{\"@id\":\"https:\\\/\\\/grippygripz.com\\\/da\\\/#organization\"},\"potentialAction\":[{\"@type\":\"SearchAction\",\"target\":{\"@type\":\"EntryPoint\",\"urlTemplate\":\"https:\\\/\\\/grippygripz.com\\\/da\\\/?s={search_term_string}\"},\"query-input\":{\"@type\":\"PropertyValueSpecification\",\"valueRequired\":true,\"valueName\":\"search_term_string\"}}],\"inLanguage\":\"da-DK\"},{\"@type\":\"Organization\",\"@id\":\"https:\\\/\\\/grippygripz.com\\\/da\\\/#organization\",\"name\":\"GrippyGripz\",\"url\":\"https:\\\/\\\/grippygripz.com\\\/da\\\/\",\"logo\":{\"@type\":\"ImageObject\",\"inLanguage\":\"da-DK\",\"@id\":\"https:\\\/\\\/grippygripz.com\\\/da\\\/#\\\/schema\\\/logo\\\/image\\\/\",\"url\":\"https:\\\/\\\/grippygripz.com\\\/wp-content\\\/uploads\\\/2020\\\/10\\\/grippygripz-final-01.jpg\",\"contentUrl\":\"https:\\\/\\\/grippygripz.com\\\/wp-content\\\/uploads\\\/2020\\\/10\\\/grippygripz-final-01.jpg\",\"width\":1485,\"height\":865,\"caption\":\"GrippyGripz\"},\"image\":{\"@id\":\"https:\\\/\\\/grippygripz.com\\\/da\\\/#\\\/schema\\\/logo\\\/image\\\/\"},\"sameAs\":[\"https:\\\/\\\/www.facebook.com\\\/pages\\\/category\\\/Product-Service\\\/Vespadelarse-1915274088539804\\\/\",\"https:\\\/\\\/www.instagram.com\\\/grippygripz.se\\\/\"]}]}<\/script>\n<!-- \/ Yoast SEO plugin. -->","yoast_head_json":{"title":"Padel Rammebeskytter til Padelbat- Rammebeskytter - GrippyGripz","description":"Rammebeskytter Padel. Den bedste Rammebeskytter. Udvikled i Sverige - Used World wide - Fast Shipping","robots":{"index":"index","follow":"follow","max-snippet":"max-snippet:-1","max-image-preview":"max-image-preview:large","max-video-preview":"max-video-preview:-1"},"canonical":"https:\/\/grippygripz.com\/da\/rammebeskytter-padel-grippygripz\/","og_locale":"da_DK","og_type":"article","og_title":"Padel Rammebeskytter til Padelbat- Rammebeskytter - GrippyGripz","og_description":"Rammebeskytter Padel. Den bedste Rammebeskytter. Udvikled i Sverige - Used World wide - Fast Shipping","og_url":"https:\/\/grippygripz.com\/da\/rammebeskytter-padel-grippygripz\/","og_site_name":"GrippyGripz","article_publisher":"https:\/\/www.facebook.com\/pages\/category\/Product-Service\/Vespadelarse-1915274088539804\/","article_modified_time":"2025-12-28T19:18:29+00:00","og_image":[{"width":600,"height":600,"url":"https:\/\/grippygripz.com\/wp-content\/uploads\/2020\/10\/grippygripz600x600.png","type":"image\/png"}],"twitter_card":"summary_large_image","schema":{"@context":"https:\/\/schema.org","@graph":[{"@type":"WebPage","@id":"https:\/\/grippygripz.com\/da\/rammebeskytter-padel-grippygripz\/","url":"https:\/\/grippygripz.com\/da\/rammebeskytter-padel-grippygripz\/","name":"Padel Rammebeskytter til Padelbat- Rammebeskytter - GrippyGripz","isPartOf":{"@id":"https:\/\/grippygripz.com\/da\/#website"},"primaryImageOfPage":{"@id":"https:\/\/grippygripz.com\/da\/rammebeskytter-padel-grippygripz\/#primaryimage"},"image":{"@id":"https:\/\/grippygripz.com\/da\/rammebeskytter-padel-grippygripz\/#primaryimage"},"thumbnailUrl":"https:\/\/grippygripz.com\/wp-content\/uploads\/2020\/10\/grippygripz600x600.png","datePublished":"2020-10-30T15:44:26+00:00","dateModified":"2025-12-28T19:18:29+00:00","description":"Rammebeskytter Padel. Den bedste Rammebeskytter. Udvikled i Sverige - Used World wide - Fast Shipping","breadcrumb":{"@id":"https:\/\/grippygripz.com\/da\/rammebeskytter-padel-grippygripz\/#breadcrumb"},"inLanguage":"da-DK","potentialAction":[{"@type":"ReadAction","target":["https:\/\/grippygripz.com\/da\/rammebeskytter-padel-grippygripz\/"]}]},{"@type":"ImageObject","inLanguage":"da-DK","@id":"https:\/\/grippygripz.com\/da\/rammebeskytter-padel-grippygripz\/#primaryimage","url":"https:\/\/grippygripz.com\/wp-content\/uploads\/2020\/10\/grippygripz600x600.png","contentUrl":"https:\/\/grippygripz.com\/wp-content\/uploads\/2020\/10\/grippygripz600x600.png","width":600,"height":600,"caption":"Den bedste rammebeskytter til padel bat"},{"@type":"BreadcrumbList","@id":"https:\/\/grippygripz.com\/da\/rammebeskytter-padel-grippygripz\/#breadcrumb","itemListElement":[{"@type":"ListItem","position":1,"name":"Home","item":"https:\/\/grippygripz.com\/da\/"},{"@type":"ListItem","position":2,"name":"Butik","item":"https:\/\/grippygripz.com\/da\/butik\/"},{"@type":"ListItem","position":3,"name":"Rammebeskytter &#8211; GrippyGripz"}]},{"@type":"WebSite","@id":"https:\/\/grippygripz.com\/da\/#website","url":"https:\/\/grippygripz.com\/da\/","name":"GrippyGripz","description":"The winning GRIP","publisher":{"@id":"https:\/\/grippygripz.com\/da\/#organization"},"potentialAction":[{"@type":"SearchAction","target":{"@type":"EntryPoint","urlTemplate":"https:\/\/grippygripz.com\/da\/?s={search_term_string}"},"query-input":{"@type":"PropertyValueSpecification","valueRequired":true,"valueName":"search_term_string"}}],"inLanguage":"da-DK"},{"@type":"Organization","@id":"https:\/\/grippygripz.com\/da\/#organization","name":"GrippyGripz","url":"https:\/\/grippygripz.com\/da\/","logo":{"@type":"ImageObject","inLanguage":"da-DK","@id":"https:\/\/grippygripz.com\/da\/#\/schema\/logo\/image\/","url":"https:\/\/grippygripz.com\/wp-content\/uploads\/2020\/10\/grippygripz-final-01.jpg","contentUrl":"https:\/\/grippygripz.com\/wp-content\/uploads\/2020\/10\/grippygripz-final-01.jpg","width":1485,"height":865,"caption":"GrippyGripz"},"image":{"@id":"https:\/\/grippygripz.com\/da\/#\/schema\/logo\/image\/"},"sameAs":["https:\/\/www.facebook.com\/pages\/category\/Product-Service\/Vespadelarse-1915274088539804\/","https:\/\/www.instagram.com\/grippygripz.se\/"]}]}},"_links":{"self":[{"href":"https:\/\/grippygripz.com\/da\/wp-json\/wp\/v2\/product\/43723","targetHints":{"allow":["GET"]}}],"collection":[{"href":"https:\/\/grippygripz.com\/da\/wp-json\/wp\/v2\/product"}],"about":[{"href":"https:\/\/grippygripz.com\/da\/wp-json\/wp\/v2\/types\/product"}],"replies":[{"embeddable":true,"href":"https:\/\/grippygripz.com\/da\/wp-json\/wp\/v2\/comments?post=43723"}],"wp:featuredmedia":[{"embeddable":true,"href":"https:\/\/grippygripz.com\/da\/wp-json\/wp\/v2\/media\/43728"}],"wp:attachment":[{"href":"https:\/\/grippygripz.com\/da\/wp-json\/wp\/v2\/media?parent=43723"}],"wp:term":[{"taxonomy":"product_brand","embeddable":true,"href":"https:\/\/grippygripz.com\/da\/wp-json\/wp\/v2\/product_brand?post=43723"},{"taxonomy":"product_cat","embeddable":true,"href":"https:\/\/grippygripz.com\/da\/wp-json\/wp\/v2\/product_cat?post=43723"},{"taxonomy":"product_tag","embeddable":true,"href":"https:\/\/grippygripz.com\/da\/wp-json\/wp\/v2\/product_tag?post=43723"}],"curies":[{"name":"wp","href":"https:\/\/api.w.org\/{rel}","templated":true}]}}