{"id":43719,"date":"2020-11-27T11:29:50","date_gmt":"2020-11-27T10:29:50","guid":{"rendered":"https:\/\/grippygripz.com\/Ikke kategoriseret\/grebgel-tennis\/"},"modified":"2026-03-12T16:19:25","modified_gmt":"2026-03-12T15:19:25","slug":"grebgel-tennis","status":"publish","type":"product","link":"https:\/\/grippygripz.com\/da\/grebgel-tennis\/","title":{"rendered":"GrebGEL &#8211; Tennis"},"content":{"rendered":"<p>Bedre greb betyder bedre resultater n\u00e5r du spiller tennis. Det ved vi og derfor har vi f\u00e5et hj\u00e6lp af SportScience.se og tennisspillere fra KLTK ( Kungliga Lawn Tennis Klub i Sverige ) for at teste og udvikle et unikt produkt til tennis.<\/p>\n<p>Med GrippyGripz GrebGel til tennis f\u00e5r du \u00f8get grebsstyrke og forebygger svedige h\u00e5ndflader.<\/p>\n<p>Desuden er vores produkt <strong>antibakterielt<\/strong>, <strong>pletter ikke<\/strong> og <strong>st\u00f8ver ikke<\/strong>. Vi garanterer et bedre greb. <strong>Levering i postkassen.<\/strong><\/p>\n","protected":false},"excerpt":{"rendered":"<p>GrippyGripz <strong>GrebGel<\/strong> til <strong>TENNIS<\/strong> giver dig bedre bedre n\u00e5r du spiller tennis. Du forbedrer dit greb markant og det giver bedre resultater. Det er slut med at skifte grebstape hele tiden og have d\u00e5rligt greb p\u00e5 grund af svedige h\u00e6nder. Vi har givet vores grebsforbedrende GrebGel pr\u00e6cis den rette kl\u00e6brighed uden at g\u00e5 p\u00e5 kompromis med muligheden for at skifte greb. Fremstillet i samarbejde med TENNIS eliten og SportScience.se. <strong>Bedre greb \u2013 Bedre resultater.<\/strong><\/p>\n","protected":false},"featured_media":43722,"comment_status":"open","ping_status":"closed","template":"","meta":{"_acf_changed":false},"product_brand":[],"product_cat":[6170],"product_tag":[6172,6174,6173,6175],"class_list":{"0":"post-43719","1":"product","2":"type-product","3":"status-publish","4":"has-post-thumbnail","6":"product_cat-grebgel","7":"product_tag-greb-improver","8":"product_tag-grebgel-da","9":"product_tag-grebgel","10":"product_tag-grebsvaeske","11":"product_shipping_class-standard-da","13":"first","14":"instock","15":"taxable","16":"shipping-taxable","17":"purchasable","18":"product-type-simple"},"acf":[],"yoast_head":"<!-- This site is optimized with the Yoast SEO plugin v27.4 - https:\/\/yoast.com\/product\/yoast-seo-wordpress\/ -->\n<title>GrebGEL - Tennis - GrippyGripz<\/title>\n<meta name=\"description\" content=\"K\u00f8b GrebGEL - Tennis her. GrippyGripz hj\u00e6lper dig med at f\u00e5 et bedre greb i padle, tennis, gym og mere - Du er garanteret tilfreds - Hurtige leverancer.\" \/>\n<meta name=\"robots\" content=\"index, follow, max-snippet:-1, max-image-preview:large, max-video-preview:-1\" \/>\n<link rel=\"canonical\" href=\"https:\/\/grippygripz.com\/da\/grebgel-tennis\/\" \/>\n<meta property=\"og:locale\" content=\"da_DK\" \/>\n<meta property=\"og:type\" content=\"article\" \/>\n<meta property=\"og:title\" content=\"GrebGEL - Tennis - GrippyGripz\" \/>\n<meta property=\"og:description\" content=\"K\u00f8b GrebGEL - Tennis her. GrippyGripz hj\u00e6lper dig med at f\u00e5 et bedre greb i padle, tennis, gym og mere - Du er garanteret tilfreds - Hurtige leverancer.\" \/>\n<meta property=\"og:url\" content=\"https:\/\/grippygripz.com\/da\/grebgel-tennis\/\" \/>\n<meta property=\"og:site_name\" content=\"GrippyGripz\" \/>\n<meta property=\"article:publisher\" content=\"https:\/\/www.facebook.com\/pages\/category\/Product-Service\/Vespadelarse-1915274088539804\/\" \/>\n<meta property=\"article:modified_time\" content=\"2026-03-12T15:19:25+00:00\" \/>\n<meta property=\"og:image\" content=\"https:\/\/grippygripz.com\/wp-content\/uploads\/2020\/12\/tennis-gripgel-e1606986804210.png\" \/>\n\t<meta property=\"og:image:width\" content=\"800\" \/>\n\t<meta property=\"og:image:height\" content=\"784\" \/>\n\t<meta property=\"og:image:type\" content=\"image\/png\" \/>\n<meta name=\"twitter:card\" content=\"summary_large_image\" \/>\n<script type=\"application\/ld+json\" class=\"yoast-schema-graph\">{\"@context\":\"https:\\\/\\\/schema.org\",\"@graph\":[{\"@type\":\"WebPage\",\"@id\":\"https:\\\/\\\/grippygripz.com\\\/da\\\/grebgel-tennis\\\/\",\"url\":\"https:\\\/\\\/grippygripz.com\\\/da\\\/grebgel-tennis\\\/\",\"name\":\"GrebGEL - Tennis - GrippyGripz\",\"isPartOf\":{\"@id\":\"https:\\\/\\\/grippygripz.com\\\/da\\\/#website\"},\"primaryImageOfPage\":{\"@id\":\"https:\\\/\\\/grippygripz.com\\\/da\\\/grebgel-tennis\\\/#primaryimage\"},\"image\":{\"@id\":\"https:\\\/\\\/grippygripz.com\\\/da\\\/grebgel-tennis\\\/#primaryimage\"},\"thumbnailUrl\":\"https:\\\/\\\/grippygripz.com\\\/wp-content\\\/uploads\\\/2020\\\/12\\\/tennis-gripgel-e1606986804210.png\",\"datePublished\":\"2020-11-27T10:29:50+00:00\",\"dateModified\":\"2026-03-12T15:19:25+00:00\",\"description\":\"K\u00f8b GrebGEL - Tennis her. GrippyGripz hj\u00e6lper dig med at f\u00e5 et bedre greb i padle, tennis, gym og mere - Du er garanteret tilfreds - Hurtige leverancer.\",\"breadcrumb\":{\"@id\":\"https:\\\/\\\/grippygripz.com\\\/da\\\/grebgel-tennis\\\/#breadcrumb\"},\"inLanguage\":\"da-DK\",\"potentialAction\":[{\"@type\":\"ReadAction\",\"target\":[\"https:\\\/\\\/grippygripz.com\\\/da\\\/grebgel-tennis\\\/\"]}]},{\"@type\":\"ImageObject\",\"inLanguage\":\"da-DK\",\"@id\":\"https:\\\/\\\/grippygripz.com\\\/da\\\/grebgel-tennis\\\/#primaryimage\",\"url\":\"https:\\\/\\\/grippygripz.com\\\/wp-content\\\/uploads\\\/2020\\\/12\\\/tennis-gripgel-e1606986804210.png\",\"contentUrl\":\"https:\\\/\\\/grippygripz.com\\\/wp-content\\\/uploads\\\/2020\\\/12\\\/tennis-gripgel-e1606986804210.png\",\"width\":800,\"height\":784},{\"@type\":\"BreadcrumbList\",\"@id\":\"https:\\\/\\\/grippygripz.com\\\/da\\\/grebgel-tennis\\\/#breadcrumb\",\"itemListElement\":[{\"@type\":\"ListItem\",\"position\":1,\"name\":\"Home\",\"item\":\"https:\\\/\\\/grippygripz.com\\\/da\\\/\"},{\"@type\":\"ListItem\",\"position\":2,\"name\":\"Butik\",\"item\":\"https:\\\/\\\/grippygripz.com\\\/da\\\/butik\\\/\"},{\"@type\":\"ListItem\",\"position\":3,\"name\":\"GrebGEL &#8211; Tennis\"}]},{\"@type\":\"WebSite\",\"@id\":\"https:\\\/\\\/grippygripz.com\\\/da\\\/#website\",\"url\":\"https:\\\/\\\/grippygripz.com\\\/da\\\/\",\"name\":\"GrippyGripz\",\"description\":\"The winning GRIP\",\"publisher\":{\"@id\":\"https:\\\/\\\/grippygripz.com\\\/da\\\/#organization\"},\"potentialAction\":[{\"@type\":\"SearchAction\",\"target\":{\"@type\":\"EntryPoint\",\"urlTemplate\":\"https:\\\/\\\/grippygripz.com\\\/da\\\/?s={search_term_string}\"},\"query-input\":{\"@type\":\"PropertyValueSpecification\",\"valueRequired\":true,\"valueName\":\"search_term_string\"}}],\"inLanguage\":\"da-DK\"},{\"@type\":\"Organization\",\"@id\":\"https:\\\/\\\/grippygripz.com\\\/da\\\/#organization\",\"name\":\"GrippyGripz\",\"url\":\"https:\\\/\\\/grippygripz.com\\\/da\\\/\",\"logo\":{\"@type\":\"ImageObject\",\"inLanguage\":\"da-DK\",\"@id\":\"https:\\\/\\\/grippygripz.com\\\/da\\\/#\\\/schema\\\/logo\\\/image\\\/\",\"url\":\"https:\\\/\\\/grippygripz.com\\\/wp-content\\\/uploads\\\/2020\\\/10\\\/grippygripz-final-01.jpg\",\"contentUrl\":\"https:\\\/\\\/grippygripz.com\\\/wp-content\\\/uploads\\\/2020\\\/10\\\/grippygripz-final-01.jpg\",\"width\":1485,\"height\":865,\"caption\":\"GrippyGripz\"},\"image\":{\"@id\":\"https:\\\/\\\/grippygripz.com\\\/da\\\/#\\\/schema\\\/logo\\\/image\\\/\"},\"sameAs\":[\"https:\\\/\\\/www.facebook.com\\\/pages\\\/category\\\/Product-Service\\\/Vespadelarse-1915274088539804\\\/\",\"https:\\\/\\\/www.instagram.com\\\/grippygripz.se\\\/\"]}]}<\/script>\n<!-- \/ Yoast SEO plugin. -->","yoast_head_json":{"title":"GrebGEL - Tennis - GrippyGripz","description":"K\u00f8b GrebGEL - Tennis her. GrippyGripz hj\u00e6lper dig med at f\u00e5 et bedre greb i padle, tennis, gym og mere - Du er garanteret tilfreds - Hurtige leverancer.","robots":{"index":"index","follow":"follow","max-snippet":"max-snippet:-1","max-image-preview":"max-image-preview:large","max-video-preview":"max-video-preview:-1"},"canonical":"https:\/\/grippygripz.com\/da\/grebgel-tennis\/","og_locale":"da_DK","og_type":"article","og_title":"GrebGEL - Tennis - GrippyGripz","og_description":"K\u00f8b GrebGEL - Tennis her. GrippyGripz hj\u00e6lper dig med at f\u00e5 et bedre greb i padle, tennis, gym og mere - Du er garanteret tilfreds - Hurtige leverancer.","og_url":"https:\/\/grippygripz.com\/da\/grebgel-tennis\/","og_site_name":"GrippyGripz","article_publisher":"https:\/\/www.facebook.com\/pages\/category\/Product-Service\/Vespadelarse-1915274088539804\/","article_modified_time":"2026-03-12T15:19:25+00:00","og_image":[{"width":800,"height":784,"url":"https:\/\/grippygripz.com\/wp-content\/uploads\/2020\/12\/tennis-gripgel-e1606986804210.png","type":"image\/png"}],"twitter_card":"summary_large_image","schema":{"@context":"https:\/\/schema.org","@graph":[{"@type":"WebPage","@id":"https:\/\/grippygripz.com\/da\/grebgel-tennis\/","url":"https:\/\/grippygripz.com\/da\/grebgel-tennis\/","name":"GrebGEL - Tennis - GrippyGripz","isPartOf":{"@id":"https:\/\/grippygripz.com\/da\/#website"},"primaryImageOfPage":{"@id":"https:\/\/grippygripz.com\/da\/grebgel-tennis\/#primaryimage"},"image":{"@id":"https:\/\/grippygripz.com\/da\/grebgel-tennis\/#primaryimage"},"thumbnailUrl":"https:\/\/grippygripz.com\/wp-content\/uploads\/2020\/12\/tennis-gripgel-e1606986804210.png","datePublished":"2020-11-27T10:29:50+00:00","dateModified":"2026-03-12T15:19:25+00:00","description":"K\u00f8b GrebGEL - Tennis her. GrippyGripz hj\u00e6lper dig med at f\u00e5 et bedre greb i padle, tennis, gym og mere - Du er garanteret tilfreds - Hurtige leverancer.","breadcrumb":{"@id":"https:\/\/grippygripz.com\/da\/grebgel-tennis\/#breadcrumb"},"inLanguage":"da-DK","potentialAction":[{"@type":"ReadAction","target":["https:\/\/grippygripz.com\/da\/grebgel-tennis\/"]}]},{"@type":"ImageObject","inLanguage":"da-DK","@id":"https:\/\/grippygripz.com\/da\/grebgel-tennis\/#primaryimage","url":"https:\/\/grippygripz.com\/wp-content\/uploads\/2020\/12\/tennis-gripgel-e1606986804210.png","contentUrl":"https:\/\/grippygripz.com\/wp-content\/uploads\/2020\/12\/tennis-gripgel-e1606986804210.png","width":800,"height":784},{"@type":"BreadcrumbList","@id":"https:\/\/grippygripz.com\/da\/grebgel-tennis\/#breadcrumb","itemListElement":[{"@type":"ListItem","position":1,"name":"Home","item":"https:\/\/grippygripz.com\/da\/"},{"@type":"ListItem","position":2,"name":"Butik","item":"https:\/\/grippygripz.com\/da\/butik\/"},{"@type":"ListItem","position":3,"name":"GrebGEL &#8211; Tennis"}]},{"@type":"WebSite","@id":"https:\/\/grippygripz.com\/da\/#website","url":"https:\/\/grippygripz.com\/da\/","name":"GrippyGripz","description":"The winning GRIP","publisher":{"@id":"https:\/\/grippygripz.com\/da\/#organization"},"potentialAction":[{"@type":"SearchAction","target":{"@type":"EntryPoint","urlTemplate":"https:\/\/grippygripz.com\/da\/?s={search_term_string}"},"query-input":{"@type":"PropertyValueSpecification","valueRequired":true,"valueName":"search_term_string"}}],"inLanguage":"da-DK"},{"@type":"Organization","@id":"https:\/\/grippygripz.com\/da\/#organization","name":"GrippyGripz","url":"https:\/\/grippygripz.com\/da\/","logo":{"@type":"ImageObject","inLanguage":"da-DK","@id":"https:\/\/grippygripz.com\/da\/#\/schema\/logo\/image\/","url":"https:\/\/grippygripz.com\/wp-content\/uploads\/2020\/10\/grippygripz-final-01.jpg","contentUrl":"https:\/\/grippygripz.com\/wp-content\/uploads\/2020\/10\/grippygripz-final-01.jpg","width":1485,"height":865,"caption":"GrippyGripz"},"image":{"@id":"https:\/\/grippygripz.com\/da\/#\/schema\/logo\/image\/"},"sameAs":["https:\/\/www.facebook.com\/pages\/category\/Product-Service\/Vespadelarse-1915274088539804\/","https:\/\/www.instagram.com\/grippygripz.se\/"]}]}},"_links":{"self":[{"href":"https:\/\/grippygripz.com\/da\/wp-json\/wp\/v2\/product\/43719","targetHints":{"allow":["GET"]}}],"collection":[{"href":"https:\/\/grippygripz.com\/da\/wp-json\/wp\/v2\/product"}],"about":[{"href":"https:\/\/grippygripz.com\/da\/wp-json\/wp\/v2\/types\/product"}],"replies":[{"embeddable":true,"href":"https:\/\/grippygripz.com\/da\/wp-json\/wp\/v2\/comments?post=43719"}],"wp:featuredmedia":[{"embeddable":true,"href":"https:\/\/grippygripz.com\/da\/wp-json\/wp\/v2\/media\/43722"}],"wp:attachment":[{"href":"https:\/\/grippygripz.com\/da\/wp-json\/wp\/v2\/media?parent=43719"}],"wp:term":[{"taxonomy":"product_brand","embeddable":true,"href":"https:\/\/grippygripz.com\/da\/wp-json\/wp\/v2\/product_brand?post=43719"},{"taxonomy":"product_cat","embeddable":true,"href":"https:\/\/grippygripz.com\/da\/wp-json\/wp\/v2\/product_cat?post=43719"},{"taxonomy":"product_tag","embeddable":true,"href":"https:\/\/grippygripz.com\/da\/wp-json\/wp\/v2\/product_tag?post=43719"}],"curies":[{"name":"wp","href":"https:\/\/api.w.org\/{rel}","templated":true}]}}