{"id":43588,"date":"2020-11-25T20:44:57","date_gmt":"2020-11-25T19:44:57","guid":{"rendered":"https:\/\/grippygripz.com\/Ikke%20kategoriseret\/padel-rammebeskyttelse-grl-pwr\/"},"modified":"2025-06-24T14:35:25","modified_gmt":"2025-06-24T12:35:25","slug":"padel-rammebeskytter-grl-pwr","status":"publish","type":"product","link":"https:\/\/grippygripz.com\/da\/padel-rammebeskytter-grl-pwr\/","title":{"rendered":"PADEL RAMMEBESKYTTER &#8211; GRL PWR"},"content":{"rendered":"<p>Vores 0,30 mm <strong>rammebeskytter<\/strong> til padelbat mod ridser og revner. Selv en lille revne kan have stor indflydelse p\u00e5 dine ketsjers ydeevne.<\/p>\n<p>To GrippyGripz-logoer og GRL PWR-tekst i s\u00f8lv i midten. Se instruktioner om, hvordan du let anvender.<\/p>\n","protected":false},"excerpt":{"rendered":"<p>GrippyGripz padel bat beskyttelsestape er lavet specielt til <strong>PADEL-bat<\/strong> og beskytter din bat mod ridser og m\u00e6rker. En padelketcher er ikke billigt, s\u00e5 s\u00f8rg for at beskytte det med vores padelbeskyttere. Og hvorfor ikke g\u00f8re det med stil? Vi har lavet skr\u00e6ddersyet beskyttelsestape til padelketcher, der <strong>skiller sig ud<\/strong>. F\u00e5 folk til at vide, hvad du handler om p\u00e5 banen!<\/p>\n","protected":false},"featured_media":43589,"comment_status":"open","ping_status":"closed","template":"","meta":{"_acf_changed":false},"product_brand":[],"product_cat":[6126],"product_tag":[6128,6156,6155,6154],"class_list":{"0":"post-43588","1":"product","2":"type-product","3":"status-publish","4":"has-post-thumbnail","6":"product_cat-padel-racket-protection","7":"product_tag-protection","8":"product_tag-grl-pwr","9":"product_tag-racket-protection","10":"product_tag-protection-tape","11":"product_shipping_class-standard-en","13":"first","14":"instock","15":"taxable","16":"shipping-taxable","17":"purchasable","18":"product-type-simple"},"acf":[],"yoast_head":"<!-- This site is optimized with the Yoast SEO plugin v27.4 - https:\/\/yoast.com\/product\/yoast-seo-wordpress\/ -->\n<title>PADEL RAMMEBESKYTTER - GRL PWR - Grippygripz Padel<\/title>\n<meta name=\"description\" content=\"Rammebeskytter til Padelbat - Developed in Sweden - Used World wide - Fast Shipping\" \/>\n<meta name=\"robots\" content=\"index, follow, max-snippet:-1, max-image-preview:large, max-video-preview:-1\" \/>\n<link rel=\"canonical\" href=\"https:\/\/grippygripz.com\/da\/padel-rammebeskytter-grl-pwr\/\" \/>\n<meta property=\"og:locale\" content=\"da_DK\" \/>\n<meta property=\"og:type\" content=\"article\" \/>\n<meta property=\"og:title\" content=\"PADEL RAMMEBESKYTTER - GRL PWR - Grippygripz Padel\" \/>\n<meta property=\"og:description\" content=\"Rammebeskytter til Padelbat - Developed in Sweden - Used World wide - Fast Shipping\" \/>\n<meta property=\"og:url\" content=\"https:\/\/grippygripz.com\/da\/padel-rammebeskytter-grl-pwr\/\" \/>\n<meta property=\"og:site_name\" content=\"GrippyGripz\" \/>\n<meta property=\"article:publisher\" content=\"https:\/\/www.facebook.com\/pages\/category\/Product-Service\/Vespadelarse-1915274088539804\/\" \/>\n<meta property=\"article:modified_time\" content=\"2025-06-24T12:35:25+00:00\" \/>\n<meta property=\"og:image\" content=\"https:\/\/grippygripz.com\/wp-content\/uploads\/2020\/11\/grl-pwr-600x600-1.png\" \/>\n\t<meta property=\"og:image:width\" content=\"600\" \/>\n\t<meta property=\"og:image:height\" content=\"600\" \/>\n\t<meta property=\"og:image:type\" content=\"image\/png\" \/>\n<meta name=\"twitter:card\" content=\"summary_large_image\" \/>\n<meta name=\"twitter:label1\" content=\"Est. reading time\" \/>\n\t<meta name=\"twitter:data1\" content=\"1 minute\" \/>\n<script type=\"application\/ld+json\" class=\"yoast-schema-graph\">{\"@context\":\"https:\\\/\\\/schema.org\",\"@graph\":[{\"@type\":\"WebPage\",\"@id\":\"https:\\\/\\\/grippygripz.com\\\/da\\\/padel-rammebeskytter-grl-pwr\\\/\",\"url\":\"https:\\\/\\\/grippygripz.com\\\/da\\\/padel-rammebeskytter-grl-pwr\\\/\",\"name\":\"PADEL RAMMEBESKYTTER - GRL PWR - Grippygripz Padel\",\"isPartOf\":{\"@id\":\"https:\\\/\\\/grippygripz.com\\\/da\\\/#website\"},\"primaryImageOfPage\":{\"@id\":\"https:\\\/\\\/grippygripz.com\\\/da\\\/padel-rammebeskytter-grl-pwr\\\/#primaryimage\"},\"image\":{\"@id\":\"https:\\\/\\\/grippygripz.com\\\/da\\\/padel-rammebeskytter-grl-pwr\\\/#primaryimage\"},\"thumbnailUrl\":\"https:\\\/\\\/grippygripz.com\\\/wp-content\\\/uploads\\\/2020\\\/11\\\/grl-pwr-600x600-1.png\",\"datePublished\":\"2020-11-25T19:44:57+00:00\",\"dateModified\":\"2025-06-24T12:35:25+00:00\",\"description\":\"Rammebeskytter til Padelbat - Developed in Sweden - Used World wide - Fast Shipping\",\"breadcrumb\":{\"@id\":\"https:\\\/\\\/grippygripz.com\\\/da\\\/padel-rammebeskytter-grl-pwr\\\/#breadcrumb\"},\"inLanguage\":\"da-DK\",\"potentialAction\":[{\"@type\":\"ReadAction\",\"target\":[\"https:\\\/\\\/grippygripz.com\\\/da\\\/padel-rammebeskytter-grl-pwr\\\/\"]}]},{\"@type\":\"ImageObject\",\"inLanguage\":\"da-DK\",\"@id\":\"https:\\\/\\\/grippygripz.com\\\/da\\\/padel-rammebeskytter-grl-pwr\\\/#primaryimage\",\"url\":\"https:\\\/\\\/grippygripz.com\\\/wp-content\\\/uploads\\\/2020\\\/11\\\/grl-pwr-600x600-1.png\",\"contentUrl\":\"https:\\\/\\\/grippygripz.com\\\/wp-content\\\/uploads\\\/2020\\\/11\\\/grl-pwr-600x600-1.png\",\"width\":600,\"height\":600,\"caption\":\"rammebeskyttelse-padel-girl-power 30 mm\"},{\"@type\":\"BreadcrumbList\",\"@id\":\"https:\\\/\\\/grippygripz.com\\\/da\\\/padel-rammebeskytter-grl-pwr\\\/#breadcrumb\",\"itemListElement\":[{\"@type\":\"ListItem\",\"position\":1,\"name\":\"Home\",\"item\":\"https:\\\/\\\/grippygripz.com\\\/da\\\/\"},{\"@type\":\"ListItem\",\"position\":2,\"name\":\"Butik\",\"item\":\"https:\\\/\\\/grippygripz.com\\\/da\\\/butik\\\/\"},{\"@type\":\"ListItem\",\"position\":3,\"name\":\"PADEL RAMMEBESKYTTER &#8211; GRL PWR\"}]},{\"@type\":\"WebSite\",\"@id\":\"https:\\\/\\\/grippygripz.com\\\/da\\\/#website\",\"url\":\"https:\\\/\\\/grippygripz.com\\\/da\\\/\",\"name\":\"GrippyGripz\",\"description\":\"The winning GRIP\",\"publisher\":{\"@id\":\"https:\\\/\\\/grippygripz.com\\\/da\\\/#organization\"},\"potentialAction\":[{\"@type\":\"SearchAction\",\"target\":{\"@type\":\"EntryPoint\",\"urlTemplate\":\"https:\\\/\\\/grippygripz.com\\\/da\\\/?s={search_term_string}\"},\"query-input\":{\"@type\":\"PropertyValueSpecification\",\"valueRequired\":true,\"valueName\":\"search_term_string\"}}],\"inLanguage\":\"da-DK\"},{\"@type\":\"Organization\",\"@id\":\"https:\\\/\\\/grippygripz.com\\\/da\\\/#organization\",\"name\":\"GrippyGripz\",\"url\":\"https:\\\/\\\/grippygripz.com\\\/da\\\/\",\"logo\":{\"@type\":\"ImageObject\",\"inLanguage\":\"da-DK\",\"@id\":\"https:\\\/\\\/grippygripz.com\\\/da\\\/#\\\/schema\\\/logo\\\/image\\\/\",\"url\":\"https:\\\/\\\/grippygripz.com\\\/wp-content\\\/uploads\\\/2020\\\/10\\\/grippygripz-final-01.jpg\",\"contentUrl\":\"https:\\\/\\\/grippygripz.com\\\/wp-content\\\/uploads\\\/2020\\\/10\\\/grippygripz-final-01.jpg\",\"width\":1485,\"height\":865,\"caption\":\"GrippyGripz\"},\"image\":{\"@id\":\"https:\\\/\\\/grippygripz.com\\\/da\\\/#\\\/schema\\\/logo\\\/image\\\/\"},\"sameAs\":[\"https:\\\/\\\/www.facebook.com\\\/pages\\\/category\\\/Product-Service\\\/Vespadelarse-1915274088539804\\\/\",\"https:\\\/\\\/www.instagram.com\\\/grippygripz.se\\\/\"]}]}<\/script>\n<!-- \/ Yoast SEO plugin. -->","yoast_head_json":{"title":"PADEL RAMMEBESKYTTER - GRL PWR - Grippygripz Padel","description":"Rammebeskytter til Padelbat - Developed in Sweden - Used World wide - Fast Shipping","robots":{"index":"index","follow":"follow","max-snippet":"max-snippet:-1","max-image-preview":"max-image-preview:large","max-video-preview":"max-video-preview:-1"},"canonical":"https:\/\/grippygripz.com\/da\/padel-rammebeskytter-grl-pwr\/","og_locale":"da_DK","og_type":"article","og_title":"PADEL RAMMEBESKYTTER - GRL PWR - Grippygripz Padel","og_description":"Rammebeskytter til Padelbat - Developed in Sweden - Used World wide - Fast Shipping","og_url":"https:\/\/grippygripz.com\/da\/padel-rammebeskytter-grl-pwr\/","og_site_name":"GrippyGripz","article_publisher":"https:\/\/www.facebook.com\/pages\/category\/Product-Service\/Vespadelarse-1915274088539804\/","article_modified_time":"2025-06-24T12:35:25+00:00","og_image":[{"width":600,"height":600,"url":"https:\/\/grippygripz.com\/wp-content\/uploads\/2020\/11\/grl-pwr-600x600-1.png","type":"image\/png"}],"twitter_card":"summary_large_image","twitter_misc":{"Est. reading time":"1 minute"},"schema":{"@context":"https:\/\/schema.org","@graph":[{"@type":"WebPage","@id":"https:\/\/grippygripz.com\/da\/padel-rammebeskytter-grl-pwr\/","url":"https:\/\/grippygripz.com\/da\/padel-rammebeskytter-grl-pwr\/","name":"PADEL RAMMEBESKYTTER - GRL PWR - Grippygripz Padel","isPartOf":{"@id":"https:\/\/grippygripz.com\/da\/#website"},"primaryImageOfPage":{"@id":"https:\/\/grippygripz.com\/da\/padel-rammebeskytter-grl-pwr\/#primaryimage"},"image":{"@id":"https:\/\/grippygripz.com\/da\/padel-rammebeskytter-grl-pwr\/#primaryimage"},"thumbnailUrl":"https:\/\/grippygripz.com\/wp-content\/uploads\/2020\/11\/grl-pwr-600x600-1.png","datePublished":"2020-11-25T19:44:57+00:00","dateModified":"2025-06-24T12:35:25+00:00","description":"Rammebeskytter til Padelbat - Developed in Sweden - Used World wide - Fast Shipping","breadcrumb":{"@id":"https:\/\/grippygripz.com\/da\/padel-rammebeskytter-grl-pwr\/#breadcrumb"},"inLanguage":"da-DK","potentialAction":[{"@type":"ReadAction","target":["https:\/\/grippygripz.com\/da\/padel-rammebeskytter-grl-pwr\/"]}]},{"@type":"ImageObject","inLanguage":"da-DK","@id":"https:\/\/grippygripz.com\/da\/padel-rammebeskytter-grl-pwr\/#primaryimage","url":"https:\/\/grippygripz.com\/wp-content\/uploads\/2020\/11\/grl-pwr-600x600-1.png","contentUrl":"https:\/\/grippygripz.com\/wp-content\/uploads\/2020\/11\/grl-pwr-600x600-1.png","width":600,"height":600,"caption":"rammebeskyttelse-padel-girl-power 30 mm"},{"@type":"BreadcrumbList","@id":"https:\/\/grippygripz.com\/da\/padel-rammebeskytter-grl-pwr\/#breadcrumb","itemListElement":[{"@type":"ListItem","position":1,"name":"Home","item":"https:\/\/grippygripz.com\/da\/"},{"@type":"ListItem","position":2,"name":"Butik","item":"https:\/\/grippygripz.com\/da\/butik\/"},{"@type":"ListItem","position":3,"name":"PADEL RAMMEBESKYTTER &#8211; GRL PWR"}]},{"@type":"WebSite","@id":"https:\/\/grippygripz.com\/da\/#website","url":"https:\/\/grippygripz.com\/da\/","name":"GrippyGripz","description":"The winning GRIP","publisher":{"@id":"https:\/\/grippygripz.com\/da\/#organization"},"potentialAction":[{"@type":"SearchAction","target":{"@type":"EntryPoint","urlTemplate":"https:\/\/grippygripz.com\/da\/?s={search_term_string}"},"query-input":{"@type":"PropertyValueSpecification","valueRequired":true,"valueName":"search_term_string"}}],"inLanguage":"da-DK"},{"@type":"Organization","@id":"https:\/\/grippygripz.com\/da\/#organization","name":"GrippyGripz","url":"https:\/\/grippygripz.com\/da\/","logo":{"@type":"ImageObject","inLanguage":"da-DK","@id":"https:\/\/grippygripz.com\/da\/#\/schema\/logo\/image\/","url":"https:\/\/grippygripz.com\/wp-content\/uploads\/2020\/10\/grippygripz-final-01.jpg","contentUrl":"https:\/\/grippygripz.com\/wp-content\/uploads\/2020\/10\/grippygripz-final-01.jpg","width":1485,"height":865,"caption":"GrippyGripz"},"image":{"@id":"https:\/\/grippygripz.com\/da\/#\/schema\/logo\/image\/"},"sameAs":["https:\/\/www.facebook.com\/pages\/category\/Product-Service\/Vespadelarse-1915274088539804\/","https:\/\/www.instagram.com\/grippygripz.se\/"]}]}},"_links":{"self":[{"href":"https:\/\/grippygripz.com\/da\/wp-json\/wp\/v2\/product\/43588","targetHints":{"allow":["GET"]}}],"collection":[{"href":"https:\/\/grippygripz.com\/da\/wp-json\/wp\/v2\/product"}],"about":[{"href":"https:\/\/grippygripz.com\/da\/wp-json\/wp\/v2\/types\/product"}],"replies":[{"embeddable":true,"href":"https:\/\/grippygripz.com\/da\/wp-json\/wp\/v2\/comments?post=43588"}],"wp:featuredmedia":[{"embeddable":true,"href":"https:\/\/grippygripz.com\/da\/wp-json\/wp\/v2\/media\/43589"}],"wp:attachment":[{"href":"https:\/\/grippygripz.com\/da\/wp-json\/wp\/v2\/media?parent=43588"}],"wp:term":[{"taxonomy":"product_brand","embeddable":true,"href":"https:\/\/grippygripz.com\/da\/wp-json\/wp\/v2\/product_brand?post=43588"},{"taxonomy":"product_cat","embeddable":true,"href":"https:\/\/grippygripz.com\/da\/wp-json\/wp\/v2\/product_cat?post=43588"},{"taxonomy":"product_tag","embeddable":true,"href":"https:\/\/grippygripz.com\/da\/wp-json\/wp\/v2\/product_tag?post=43588"}],"curies":[{"name":"wp","href":"https:\/\/api.w.org\/{rel}","templated":true}]}}